{"id":9286,"date":"2025-01-21T09:07:49","date_gmt":"2025-01-21T08:07:49","guid":{"rendered":"https:\/\/trailbarcelona.com\/?page_id=9286"},"modified":"2025-02-26T09:02:42","modified_gmt":"2025-02-26T08:02:42","slug":"justrail-2025-mitjans-comunicacio","status":"publish","type":"page","link":"https:\/\/trailbarcelona.com\/es\/justrail-2025-mitjans-comunicacio","title":{"rendered":"JUSTRAIL 2025 &#8211; Mitjans Comunicacio"},"content":{"rendered":"\t\t<div data-elementor-type=\"wp-post\" data-elementor-id=\"9286\" class=\"elementor elementor-9286\" data-elementor-post-type=\"page\">\n\t\t\t\t\t\t<section class=\"elementor-section elementor-top-section elementor-element elementor-element-2a66e550 elementor-section-boxed elementor-section-height-default elementor-section-height-default\" data-id=\"2a66e550\" data-element_type=\"section\" data-e-type=\"section\">\n\t\t\t\t\t\t<div class=\"elementor-container elementor-column-gap-default\">\n\t\t\t\t\t<div class=\"elementor-column elementor-col-100 elementor-top-column elementor-element elementor-element-74c113b8\" data-id=\"74c113b8\" data-element_type=\"column\" data-e-type=\"column\">\n\t\t\t<div class=\"elementor-widget-wrap elementor-element-populated\">\n\t\t\t\t\t\t<div class=\"elementor-element elementor-element-3f66d58 elementor-widget elementor-widget-image\" data-id=\"3f66d58\" data-element_type=\"widget\" data-e-type=\"widget\" data-widget_type=\"image.default\">\n\t\t\t\t<div class=\"elementor-widget-container\">\n\t\t\t\t\t\t\t\t\t\t\t\t\t\t\t<img fetchpriority=\"high\" decoding=\"async\" width=\"2048\" height=\"943\" src=\"https:\/\/trailbarcelona.com\/wp-content\/uploads\/2025\/01\/Banner-CATALA.jpg\" class=\"attachment-2048x2048 size-2048x2048 wp-image-9247\" alt=\"\" \/>\t\t\t\t\t\t\t\t\t\t\t\t\t\t\t<\/div>\n\t\t\t\t<\/div>\n\t\t\t\t<div class=\"elementor-element elementor-element-5cec77b1 elementor-widget elementor-widget-text-editor\" data-id=\"5cec77b1\" data-element_type=\"widget\" data-e-type=\"widget\" data-widget_type=\"text-editor.default\">\n\t\t\t\t<div class=\"elementor-widget-container\">\n\t\t\t\t\t\t\t\t\t\n<h2 style=\"text-align: center;\"><strong>MITJANS DE COMUNICACI\u00d3\n<\/strong><\/h2>\n<h3 style=\"text-align: center;\"><strong>JUSTRAIL &#8211; DIUMENGE 30 de MAR\u00c7 de 2025, <\/strong><strong>10:00 h<\/strong><\/h3>\n<h5 style=\"text-align: center;\"><strong>Pla\u00e7a Mireia (Sant Just Desvern &#8211; Collserola)\n<\/strong><\/h5>\n<a href=\"https:\/\/www.radiodesvern.com\/programs\/entrevistes-de-la-rambla\/radiodesvern_podcast_35625?ref=wa\" target=\"_blank\" rel=\"noopener\">\n<img decoding=\"async\" src=\"https:\/\/trailbarcelona.com\/wp-content\/uploads\/2024\/03\/radio_desvern_JUSTRAIL.jpg\" sizes=\"(max-width: 292px) 100vw, 292px\" srcset=\"https:\/\/trailbarcelona.com\/wp-content\/uploads\/2024\/03\/radio_desvern_JUSTRAIL.jpg 292w, https:\/\/trailbarcelona.com\/wp-content\/uploads\/2024\/03\/radio_desvern_JUSTRAIL-150x150.jpg 150w\" alt=\"\" width=\"292\" height=\"293\" \/> <\/a>\n<h4><a href=\"https:\/\/www.radiodesvern.com\/programs\/entrevistes-de-la-rambla\/radiodesvern_podcast_35625?ref=wa\">Entrevista a Radio Desvern<\/a><\/h4>\n<em>03\/02\/2025<\/em>\n<p id=\"part4470843\"><a href=\"https:\/\/www.radiodesvern.com\/programs\/entrevistes-de-la-rambla\/radiodesvern_podcast_35625?ref=wa\">Entrevista JUSTRAIL a l\u2019Escola Trail Running Barcelona de Sant Just<\/a><\/p>\nL\u2019entrevista del dia a l&#8217;emissora la fem als responsables de l\u2019Escola Trail Running Barcelona de Sant Just, al David Buenacasa i a la Cristina S\u00e0nchez-Sierra. Ens parlen de la segona edici\u00f3 de la \u2018JUSTRAIL\u2019, una cursa de muntanya que organitza l\u2019Escola de Trail per a infants i joves el 30 de mar\u00e7.\t\t\t\t\t\t\t\t<\/div>\n\t\t\t\t<\/div>\n\t\t\t\t<div class=\"elementor-element elementor-element-db949e7 elementor-widget-divider--view-line elementor-widget elementor-widget-divider\" data-id=\"db949e7\" data-element_type=\"widget\" data-e-type=\"widget\" data-widget_type=\"divider.default\">\n\t\t\t\t<div class=\"elementor-widget-container\">\n\t\t\t\t\t\t\t<div class=\"elementor-divider\">\n\t\t\t<span class=\"elementor-divider-separator\">\n\t\t\t\t\t\t<\/span>\n\t\t<\/div>\n\t\t\t\t\t\t<\/div>\n\t\t\t\t<\/div>\n\t\t\t\t<section class=\"elementor-section elementor-inner-section elementor-element elementor-element-78f142c elementor-section-boxed elementor-section-height-default elementor-section-height-default\" data-id=\"78f142c\" data-element_type=\"section\" data-e-type=\"section\">\n\t\t\t\t\t\t<div class=\"elementor-container elementor-column-gap-default\">\n\t\t\t\t\t<div class=\"elementor-column elementor-col-100 elementor-inner-column elementor-element elementor-element-eccdff1\" data-id=\"eccdff1\" data-element_type=\"column\" data-e-type=\"column\">\n\t\t\t<div class=\"elementor-widget-wrap elementor-element-populated\">\n\t\t\t\t\t\t<div class=\"elementor-element elementor-element-9679619 elementor-widget elementor-widget-image\" data-id=\"9679619\" data-element_type=\"widget\" data-e-type=\"widget\" data-widget_type=\"image.default\">\n\t\t\t\t<div class=\"elementor-widget-container\">\n\t\t\t\t\t\t\t\t\t\t\t\t\t\t\t\t<a href=\"https:\/\/www.mundodeportivo.com\/running\/carreras\/20250225\/1002414815\/justrail-2025-carrera-solidaria-une-deporte-inclusion-apoyo-mayores.html\" target=\"_blank\">\n\t\t\t\t\t\t\t<img decoding=\"async\" width=\"1024\" height=\"522\" src=\"https:\/\/trailbarcelona.com\/wp-content\/uploads\/2025\/02\/Captura-de-pantalla-2025-02-25-a-las-22.30.18-1024x522.png\" class=\"attachment-large size-large wp-image-9576\" alt=\"\" srcset=\"https:\/\/trailbarcelona.com\/wp-content\/uploads\/2025\/02\/Captura-de-pantalla-2025-02-25-a-las-22.30.18-1024x522.png 1024w, https:\/\/trailbarcelona.com\/wp-content\/uploads\/2025\/02\/Captura-de-pantalla-2025-02-25-a-las-22.30.18-300x153.png 300w, https:\/\/trailbarcelona.com\/wp-content\/uploads\/2025\/02\/Captura-de-pantalla-2025-02-25-a-las-22.30.18-768x392.png 768w, https:\/\/trailbarcelona.com\/wp-content\/uploads\/2025\/02\/Captura-de-pantalla-2025-02-25-a-las-22.30.18-1536x783.png 1536w, https:\/\/trailbarcelona.com\/wp-content\/uploads\/2025\/02\/Captura-de-pantalla-2025-02-25-a-las-22.30.18-2048x1044.png 2048w\" sizes=\"(max-width: 1024px) 100vw, 1024px\" \/>\t\t\t\t\t\t\t\t<\/a>\n\t\t\t\t\t\t\t\t\t\t\t\t\t\t\t<\/div>\n\t\t\t\t<\/div>\n\t\t\t\t<div class=\"elementor-element elementor-element-daa168a elementor-widget elementor-widget-text-editor\" data-id=\"daa168a\" data-element_type=\"widget\" data-e-type=\"widget\" data-widget_type=\"text-editor.default\">\n\t\t\t\t<div class=\"elementor-widget-container\">\n\t\t\t\t\t\t\t\t\t<p><a href=\"https:\/\/www.mundodeportivo.com\/running\/carreras\/20250225\/1002414815\/justrail-2025-carrera-solidaria-une-deporte-inclusion-apoyo-mayores.html\" target=\"_blank\" rel=\"noopener\">JUSTRAIL a El Mundo Deportivo<\/a><\/p><p><em>25\/02\/2025<\/em><\/p><p><br \/>La segunda edici\u00f3n de la <strong>JUSTRAIL<\/strong>, que se celebrar\u00e1 el pr\u00f3ximo 30 de marzo en el<strong> Parque Natural de Collserola<\/strong>, destaca por su car\u00e1cter solidario e inclusivo. Esta carrera de monta\u00f1a infantil y juvenil, organizada por Trail Barcelona, no solo promueve el deporte y el contacto con la naturaleza, sino que tambi\u00e9n se compromete con causas sociales.<\/p>\t\t\t\t\t\t\t\t<\/div>\n\t\t\t\t<\/div>\n\t\t\t\t\t<\/div>\n\t\t<\/div>\n\t\t\t\t\t<\/div>\n\t\t<\/section>\n\t\t\t\t\t<\/div>\n\t\t<\/div>\n\t\t\t\t\t<\/div>\n\t\t<\/section>\n\t\t\t\t<\/div>\n\t\t","protected":false},"excerpt":{"rendered":"<p>MITJANS DE COMUNICACI\u00d3 JUSTRAIL &#8211; DIUMENGE 30 de MAR\u00c7 de 2025, 10:00 h Pla\u00e7a Mireia (Sant Just Desvern &#8211; Collserola) Entrevista a Radio Desvern 03\/02\/2025 Entrevista JUSTRAIL a l\u2019Escola Trail Running Barcelona de Sant Just L\u2019entrevista del dia a l&#8217;emissora la fem als responsables de l\u2019Escola Trail Running Barcelona de Sant Just, al David Buenacasa [&hellip;]<\/p>\n","protected":false},"author":1,"featured_media":7429,"parent":0,"menu_order":0,"comment_status":"closed","ping_status":"closed","template":"","meta":{"_acf_changed":false,"site-sidebar-layout":"no-sidebar","site-content-layout":"page-builder","ast-site-content-layout":"full-width-container","site-content-style":"unboxed","site-sidebar-style":"unboxed","ast-global-header-display":"","ast-banner-title-visibility":"","ast-main-header-display":"","ast-hfb-above-header-display":"","ast-hfb-below-header-display":"","ast-hfb-mobile-header-display":"","site-post-title":"disabled","ast-breadcrumbs-content":"","ast-featured-img":"disabled","footer-sml-layout":"","ast-disable-related-posts":"","theme-transparent-header-meta":"enabled","adv-header-id-meta":"","stick-header-meta":"","header-above-stick-meta":"","header-main-stick-meta":"","header-below-stick-meta":"","astra-migrate-meta-layouts":"set","ast-page-background-enabled":"default","ast-page-background-meta":{"desktop":{"background-color":"","background-image":"","background-repeat":"repeat","background-position":"center center","background-size":"auto","background-attachment":"scroll","background-type":"","background-media":"","overlay-type":"","overlay-color":"","overlay-opacity":"","overlay-gradient":""},"tablet":{"background-color":"","background-image":"","background-repeat":"repeat","background-position":"center center","background-size":"auto","background-attachment":"scroll","background-type":"","background-media":"","overlay-type":"","overlay-color":"","overlay-opacity":"","overlay-gradient":""},"mobile":{"background-color":"","background-image":"","background-repeat":"repeat","background-position":"center center","background-size":"auto","background-attachment":"scroll","background-type":"","background-media":"","overlay-type":"","overlay-color":"","overlay-opacity":"","overlay-gradient":""}},"ast-content-background-meta":{"desktop":{"background-color":"var(--ast-global-color-5)","background-image":"","background-repeat":"repeat","background-position":"center center","background-size":"auto","background-attachment":"scroll","background-type":"","background-media":"","overlay-type":"","overlay-color":"","overlay-opacity":"","overlay-gradient":""},"tablet":{"background-color":"var(--ast-global-color-5)","background-image":"","background-repeat":"repeat","background-position":"center center","background-size":"auto","background-attachment":"scroll","background-type":"","background-media":"","overlay-type":"","overlay-color":"","overlay-opacity":"","overlay-gradient":""},"mobile":{"background-color":"var(--ast-global-color-5)","background-image":"","background-repeat":"repeat","background-position":"center center","background-size":"auto","background-attachment":"scroll","background-type":"","background-media":"","overlay-type":"","overlay-color":"","overlay-opacity":"","overlay-gradient":""}},"footnotes":""},"class_list":["post-9286","page","type-page","status-publish","has-post-thumbnail","hentry"],"acf":[],"_links":{"self":[{"href":"https:\/\/trailbarcelona.com\/es\/wp-json\/wp\/v2\/pages\/9286","targetHints":{"allow":["GET"]}}],"collection":[{"href":"https:\/\/trailbarcelona.com\/es\/wp-json\/wp\/v2\/pages"}],"about":[{"href":"https:\/\/trailbarcelona.com\/es\/wp-json\/wp\/v2\/types\/page"}],"author":[{"embeddable":true,"href":"https:\/\/trailbarcelona.com\/es\/wp-json\/wp\/v2\/users\/1"}],"replies":[{"embeddable":true,"href":"https:\/\/trailbarcelona.com\/es\/wp-json\/wp\/v2\/comments?post=9286"}],"version-history":[{"count":7,"href":"https:\/\/trailbarcelona.com\/es\/wp-json\/wp\/v2\/pages\/9286\/revisions"}],"predecessor-version":[{"id":9580,"href":"https:\/\/trailbarcelona.com\/es\/wp-json\/wp\/v2\/pages\/9286\/revisions\/9580"}],"wp:featuredmedia":[{"embeddable":true,"href":"https:\/\/trailbarcelona.com\/es\/wp-json\/wp\/v2\/media\/7429"}],"wp:attachment":[{"href":"https:\/\/trailbarcelona.com\/es\/wp-json\/wp\/v2\/media?parent=9286"}],"curies":[{"name":"wp","href":"https:\/\/api.w.org\/{rel}","templated":true}]}}