{"id":8637,"date":"2024-06-06T11:47:11","date_gmt":"2024-06-06T09:47:11","guid":{"rendered":"https:\/\/trailbarcelona.com\/?page_id=8637"},"modified":"2024-10-25T20:24:29","modified_gmt":"2024-10-25T18:24:29","slug":"inscripcio-2024-post-inscripcio","status":"publish","type":"page","link":"https:\/\/trailbarcelona.com\/es\/inscripcio-2024-post-inscripcio","title":{"rendered":"Inscripcio 2024 Post Inscripcio"},"content":{"rendered":"\t\t<div data-elementor-type=\"wp-post\" data-elementor-id=\"8637\" class=\"elementor elementor-8637\" data-elementor-post-type=\"page\">\n\t\t\t\t\t\t<section class=\"elementor-section elementor-top-section elementor-element elementor-element-6f4868d elementor-section-boxed elementor-section-height-default elementor-section-height-default\" data-id=\"6f4868d\" data-element_type=\"section\" data-e-type=\"section\" data-settings=\"{&quot;background_background&quot;:&quot;classic&quot;}\">\n\t\t\t\t\t\t\t<div class=\"elementor-background-overlay\"><\/div>\n\t\t\t\t\t\t\t<div class=\"elementor-container elementor-column-gap-default\">\n\t\t\t\t\t<div class=\"elementor-column elementor-col-33 elementor-top-column elementor-element elementor-element-9491375\" data-id=\"9491375\" data-element_type=\"column\" data-e-type=\"column\">\n\t\t\t<div class=\"elementor-widget-wrap\">\n\t\t\t\t\t\t\t<\/div>\n\t\t<\/div>\n\t\t\t\t<div class=\"elementor-column elementor-col-33 elementor-top-column elementor-element elementor-element-7845130\" data-id=\"7845130\" data-element_type=\"column\" data-e-type=\"column\">\n\t\t\t<div class=\"elementor-widget-wrap elementor-element-populated\">\n\t\t\t\t\t\t<div class=\"elementor-element elementor-element-899310c elementor-widget__width-initial elementor-widget elementor-widget-heading\" data-id=\"899310c\" data-element_type=\"widget\" data-e-type=\"widget\" data-widget_type=\"heading.default\">\n\t\t\t\t<div class=\"elementor-widget-container\">\n\t\t\t\t\t<h1 class=\"elementor-heading-title elementor-size-default\">FORMULARIO DE INSCRIPCI\u00d3N RECIBIDO<\/h1>\t\t\t\t<\/div>\n\t\t\t\t<\/div>\n\t\t\t\t\t<\/div>\n\t\t<\/div>\n\t\t\t\t<div class=\"elementor-column elementor-col-33 elementor-top-column elementor-element elementor-element-346beb8\" data-id=\"346beb8\" data-element_type=\"column\" data-e-type=\"column\">\n\t\t\t<div class=\"elementor-widget-wrap\">\n\t\t\t\t\t\t\t<\/div>\n\t\t<\/div>\n\t\t\t\t\t<\/div>\n\t\t<\/section>\n\t\t\t\t<section class=\"elementor-section elementor-top-section elementor-element elementor-element-b5cc62f elementor-section-boxed elementor-section-height-default elementor-section-height-default\" data-id=\"b5cc62f\" data-element_type=\"section\" data-e-type=\"section\">\n\t\t\t\t\t\t<div class=\"elementor-container elementor-column-gap-default\">\n\t\t\t\t\t<div class=\"elementor-column elementor-col-100 elementor-top-column elementor-element elementor-element-6c9f10a\" data-id=\"6c9f10a\" data-element_type=\"column\" data-e-type=\"column\">\n\t\t\t<div class=\"elementor-widget-wrap elementor-element-populated\">\n\t\t\t\t\t\t<div class=\"elementor-element elementor-element-ce47c3d elementor-widget elementor-widget-text-editor\" data-id=\"ce47c3d\" data-element_type=\"widget\" data-e-type=\"widget\" data-widget_type=\"text-editor.default\">\n\t\t\t\t<div class=\"elementor-widget-container\">\n\t\t\t\t\t\t\t\t\t<h3>Para acabar de formalizar la inscripci\u00f3n hace falta enviar por correo electr\u00f3nico la siguiente documentaci\u00f3n:<\/h3><h3>1) Documentaci\u00f3n<\/h3><p>Recuerda enviar a <a href=\"mailto:info@trailbarcelona.com\">info@trailbarcelona.com<\/a> copia del<\/p><p>&#8211; DNI<br \/>&#8211; Tarjeta sanit\u00e0ria<br \/>&#8211; Cartilla de vacunaci\u00f3n<\/p><h3>2) Autoritzaci\u00f3n<\/h3><p>Envianos por email uno de estos documentos rellenados y firmados:<\/p><h3><a href=\"https:\/\/trailbarcelona.com\/wp-content\/uploads\/2024\/10\/FULL-AUTORITZACIO-ADULTS-2024-2025.pdf\" target=\"_blank\" rel=\"noopener\"><strong><a href=\"https:\/\/trailbarcelona.com\/wp-content\/uploads\/2024\/10\/FULL-AUTORITZACIO-ADULTS-2024-2025.pdf\"><img decoding=\"async\" class=\"alignnone wp-image-5460 size-full\" src=\"https:\/\/trailbarcelona.com\/wp-content\/uploads\/2023\/08\/pdf.png\" alt=\"\" width=\"128\" height=\"128\" \/><\/a>AUTORITZACI\u00d3N ADULTOS<\/strong><\/a><\/h3><h3><a href=\"https:\/\/trailbarcelona.com\/wp-content\/uploads\/2024\/10\/FULL-AUTORITZACIO-MENORS-2024-2025.pdf\" target=\"_blank\" rel=\"noopener\"><img decoding=\"async\" class=\"alignnone wp-image-5460 size-full\" src=\"https:\/\/trailbarcelona.com\/wp-content\/uploads\/2023\/08\/pdf.png\" alt=\"\" width=\"128\" height=\"128\" \/><\/a><a href=\"https:\/\/trailbarcelona.com\/wp-content\/uploads\/2024\/10\/FULL-AUTORITZACIO-MENORS-2024-2025.pdf\" target=\"_blank\" rel=\"noopener\"><strong>AUTORITZACI\u00d3N MENORES<\/strong><\/a><\/h3><h3>\u00a0<\/h3><h3>3) Pago<\/h3><p><strong><br \/><\/strong>Se pasar\u00e1 recibo de la matr\u00edcula + primera cuota de setiembre a trav\u00e9s de domiciliaci\u00f3n bancaria para garantizar la plaza.<\/p><p>El resto de cuotas se cobraran mediante domiciliaci\u00f3n bancaria trimestral (octubre-enero-abril).<br \/>En caso de darse de baja o cualquier modificaci\u00f3n, har\u00e1 falta avisar 15 d\u00edas antes del comienzo de cada trimestre. <br \/>Los gastos de la devoluci\u00f3n de recibos corre a cargo del cliente.<\/p><div>\u00a0<\/div>\t\t\t\t\t\t\t\t<\/div>\n\t\t\t\t<\/div>\n\t\t\t\t\t<\/div>\n\t\t<\/div>\n\t\t\t\t\t<\/div>\n\t\t<\/section>\n\t\t\t\t<\/div>\n\t\t","protected":false},"excerpt":{"rendered":"<p>FORMULARIO DE INSCRIPCI\u00d3N RECIBIDO Para acabar de formalizar la inscripci\u00f3n hace falta enviar por correo electr\u00f3nico la siguiente documentaci\u00f3n: 1) Documentaci\u00f3n Recuerda enviar a info@trailbarcelona.com copia del &#8211; DNI&#8211; Tarjeta sanit\u00e0ria&#8211; Cartilla de vacunaci\u00f3n 2) Autoritzaci\u00f3n Envianos por email uno de estos documentos rellenados y firmados: AUTORITZACI\u00d3N ADULTOS AUTORITZACI\u00d3N MENORES \u00a0 3) Pago Se pasar\u00e1 [&hellip;]<\/p>\n","protected":false},"author":1,"featured_media":0,"parent":0,"menu_order":0,"comment_status":"closed","ping_status":"closed","template":"","meta":{"_acf_changed":false,"site-sidebar-layout":"no-sidebar","site-content-layout":"page-builder","ast-site-content-layout":"default","site-content-style":"default","site-sidebar-style":"default","ast-global-header-display":"","ast-banner-title-visibility":"","ast-main-header-display":"","ast-hfb-above-header-display":"","ast-hfb-below-header-display":"","ast-hfb-mobile-header-display":"","site-post-title":"disabled","ast-breadcrumbs-content":"","ast-featured-img":"disabled","footer-sml-layout":"","ast-disable-related-posts":"","theme-transparent-header-meta":"enabled","adv-header-id-meta":"","stick-header-meta":"","header-above-stick-meta":"","header-main-stick-meta":"","header-below-stick-meta":"","astra-migrate-meta-layouts":"set","ast-page-background-enabled":"default","ast-page-background-meta":{"desktop":{"background-color":"","background-image":"","background-repeat":"repeat","background-position":"center center","background-size":"auto","background-attachment":"scroll","background-type":"","background-media":"","overlay-type":"","overlay-color":"","overlay-opacity":"","overlay-gradient":""},"tablet":{"background-color":"","background-image":"","background-repeat":"repeat","background-position":"center center","background-size":"auto","background-attachment":"scroll","background-type":"","background-media":"","overlay-type":"","overlay-color":"","overlay-opacity":"","overlay-gradient":""},"mobile":{"background-color":"","background-image":"","background-repeat":"repeat","background-position":"center center","background-size":"auto","background-attachment":"scroll","background-type":"","background-media":"","overlay-type":"","overlay-color":"","overlay-opacity":"","overlay-gradient":""}},"ast-content-background-meta":{"desktop":{"background-color":"var(--ast-global-color-5)","background-image":"","background-repeat":"repeat","background-position":"center center","background-size":"auto","background-attachment":"scroll","background-type":"","background-media":"","overlay-type":"","overlay-color":"","overlay-opacity":"","overlay-gradient":""},"tablet":{"background-color":"var(--ast-global-color-5)","background-image":"","background-repeat":"repeat","background-position":"center center","background-size":"auto","background-attachment":"scroll","background-type":"","background-media":"","overlay-type":"","overlay-color":"","overlay-opacity":"","overlay-gradient":""},"mobile":{"background-color":"var(--ast-global-color-5)","background-image":"","background-repeat":"repeat","background-position":"center center","background-size":"auto","background-attachment":"scroll","background-type":"","background-media":"","overlay-type":"","overlay-color":"","overlay-opacity":"","overlay-gradient":""}},"footnotes":""},"class_list":["post-8637","page","type-page","status-publish","hentry"],"acf":[],"_links":{"self":[{"href":"https:\/\/trailbarcelona.com\/es\/wp-json\/wp\/v2\/pages\/8637","targetHints":{"allow":["GET"]}}],"collection":[{"href":"https:\/\/trailbarcelona.com\/es\/wp-json\/wp\/v2\/pages"}],"about":[{"href":"https:\/\/trailbarcelona.com\/es\/wp-json\/wp\/v2\/types\/page"}],"author":[{"embeddable":true,"href":"https:\/\/trailbarcelona.com\/es\/wp-json\/wp\/v2\/users\/1"}],"replies":[{"embeddable":true,"href":"https:\/\/trailbarcelona.com\/es\/wp-json\/wp\/v2\/comments?post=8637"}],"version-history":[{"count":8,"href":"https:\/\/trailbarcelona.com\/es\/wp-json\/wp\/v2\/pages\/8637\/revisions"}],"predecessor-version":[{"id":8853,"href":"https:\/\/trailbarcelona.com\/es\/wp-json\/wp\/v2\/pages\/8637\/revisions\/8853"}],"wp:attachment":[{"href":"https:\/\/trailbarcelona.com\/es\/wp-json\/wp\/v2\/media?parent=8637"}],"curies":[{"name":"wp","href":"https:\/\/api.w.org\/{rel}","templated":true}]}}