{"id":8338,"date":"2024-04-06T16:27:21","date_gmt":"2024-04-06T14:27:21","guid":{"rendered":"https:\/\/trailbarcelona.com\/casal-estiu-2024-informacio-post-inscripcioo"},"modified":"2026-04-09T09:02:14","modified_gmt":"2026-04-09T07:02:14","slug":"casal-estiu-2025-informacio-post-inscripcioo","status":"publish","type":"page","link":"https:\/\/trailbarcelona.com\/es\/casal-estiu-2025-informacio-post-inscripcioo","title":{"rendered":"Casal Estiu 2025 &#8211; Informaci\u00f3 post inscripci\u00f3"},"content":{"rendered":"\t\t<div data-elementor-type=\"wp-post\" data-elementor-id=\"8338\" class=\"elementor elementor-8338\" data-elementor-post-type=\"page\">\n\t\t\t\t\t\t<section class=\"elementor-section elementor-top-section elementor-element elementor-element-6f4868d elementor-section-boxed elementor-section-height-default elementor-section-height-default\" data-id=\"6f4868d\" data-element_type=\"section\" data-e-type=\"section\" data-settings=\"{&quot;background_background&quot;:&quot;classic&quot;}\">\n\t\t\t\t\t\t\t<div class=\"elementor-background-overlay\"><\/div>\n\t\t\t\t\t\t\t<div class=\"elementor-container elementor-column-gap-default\">\n\t\t\t\t\t<div class=\"elementor-column elementor-col-33 elementor-top-column elementor-element elementor-element-9491375\" data-id=\"9491375\" data-element_type=\"column\" data-e-type=\"column\">\n\t\t\t<div class=\"elementor-widget-wrap\">\n\t\t\t\t\t\t\t<\/div>\n\t\t<\/div>\n\t\t\t\t<div class=\"elementor-column elementor-col-33 elementor-top-column elementor-element elementor-element-7845130\" data-id=\"7845130\" data-element_type=\"column\" data-e-type=\"column\">\n\t\t\t<div class=\"elementor-widget-wrap elementor-element-populated\">\n\t\t\t\t\t\t\t<\/div>\n\t\t<\/div>\n\t\t\t\t<div class=\"elementor-column elementor-col-33 elementor-top-column elementor-element elementor-element-346beb8\" data-id=\"346beb8\" data-element_type=\"column\" data-e-type=\"column\">\n\t\t\t<div class=\"elementor-widget-wrap\">\n\t\t\t\t\t\t\t<\/div>\n\t\t<\/div>\n\t\t\t\t\t<\/div>\n\t\t<\/section>\n\t\t\t\t<section class=\"elementor-section elementor-top-section elementor-element elementor-element-b5cc62f elementor-section-boxed elementor-section-height-default elementor-section-height-default\" data-id=\"b5cc62f\" data-element_type=\"section\" data-e-type=\"section\">\n\t\t\t\t\t\t<div class=\"elementor-container elementor-column-gap-default\">\n\t\t\t\t\t<div class=\"elementor-column elementor-col-100 elementor-top-column elementor-element elementor-element-6c9f10a\" data-id=\"6c9f10a\" data-element_type=\"column\" data-e-type=\"column\">\n\t\t\t<div class=\"elementor-widget-wrap elementor-element-populated\">\n\t\t\t\t\t\t<div class=\"elementor-element elementor-element-ce47c3d elementor-widget elementor-widget-text-editor\" data-id=\"ce47c3d\" data-element_type=\"widget\" data-e-type=\"widget\" data-widget_type=\"text-editor.default\">\n\t\t\t\t<div class=\"elementor-widget-container\">\n\t\t\t\t\t\t\t\t\t<p><strong>GRACIAS<\/strong>.<\/p><p><br \/>La inscripci\u00f3n se ha recibido correctamente.<\/p><p><br \/>Recuerda que para hacer efectiva la inscripci\u00f3n hace falta hacer el <strong>ingreso de el importe correspondiente durante los pr\u00f3ximos 4 d\u00edas<\/strong> y enviar a <strong>info@trailbarcelona.com<\/strong> :<br \/><br \/><\/p><p>&#8211; DNI o libro de familia<br \/>&#8211; Tarjeta sanitaria\u00a0<br \/>&#8211; <a href=\"https:\/\/trailbarcelona.com\/wp-content\/uploads\/2025\/04\/Autoritzacio_casal_2025_Trail_Barcelona_CAST.pdf\" target=\"_blank\" rel=\"noopener\">Hoja de autorizaci\u00f3n<\/a><\/p><p><br \/>Transferencia:<\/p><p><strong>Titular: <\/strong>David Buenacasa<br \/><strong>Cuenta bancaria<\/strong>: ES0900493828692714029268<br \/><strong>Concepto<\/strong>: Inscripci\u00f3n Casal + Nombre Alumno\/a<\/p><p><br \/>Bizum:<\/p><p>David Buenacasa<\/p><p>646 34 46 57<\/p><div>\u00a0<\/div><div>\u00a0<\/div>\t\t\t\t\t\t\t\t<\/div>\n\t\t\t\t<\/div>\n\t\t\t\t\t<\/div>\n\t\t<\/div>\n\t\t\t\t\t<\/div>\n\t\t<\/section>\n\t\t\t\t<\/div>\n\t\t","protected":false},"excerpt":{"rendered":"<p>GRACIAS. La inscripci\u00f3n se ha recibido correctamente. Recuerda que para hacer efectiva la inscripci\u00f3n hace falta hacer el ingreso de el importe correspondiente durante los pr\u00f3ximos 4 d\u00edas y enviar a info@trailbarcelona.com : &#8211; DNI o libro de familia&#8211; Tarjeta sanitaria\u00a0&#8211; Hoja de autorizaci\u00f3n Transferencia: Titular: David BuenacasaCuenta bancaria: ES0900493828692714029268Concepto: Inscripci\u00f3n Casal + Nombre Alumno\/a [&hellip;]<\/p>\n","protected":false},"author":1,"featured_media":0,"parent":0,"menu_order":0,"comment_status":"closed","ping_status":"closed","template":"","meta":{"_acf_changed":false,"site-sidebar-layout":"no-sidebar","site-content-layout":"page-builder","ast-site-content-layout":"full-width-container","site-content-style":"unboxed","site-sidebar-style":"unboxed","ast-global-header-display":"","ast-banner-title-visibility":"","ast-main-header-display":"","ast-hfb-above-header-display":"","ast-hfb-below-header-display":"","ast-hfb-mobile-header-display":"","site-post-title":"disabled","ast-breadcrumbs-content":"","ast-featured-img":"disabled","footer-sml-layout":"","ast-disable-related-posts":"","theme-transparent-header-meta":"enabled","adv-header-id-meta":"","stick-header-meta":"","header-above-stick-meta":"","header-main-stick-meta":"","header-below-stick-meta":"","astra-migrate-meta-layouts":"set","ast-page-background-enabled":"default","ast-page-background-meta":{"desktop":{"background-color":"","background-image":"","background-repeat":"repeat","background-position":"center center","background-size":"auto","background-attachment":"scroll","background-type":"","background-media":"","overlay-type":"","overlay-color":"","overlay-opacity":"","overlay-gradient":""},"tablet":{"background-color":"","background-image":"","background-repeat":"repeat","background-position":"center center","background-size":"auto","background-attachment":"scroll","background-type":"","background-media":"","overlay-type":"","overlay-color":"","overlay-opacity":"","overlay-gradient":""},"mobile":{"background-color":"","background-image":"","background-repeat":"repeat","background-position":"center center","background-size":"auto","background-attachment":"scroll","background-type":"","background-media":"","overlay-type":"","overlay-color":"","overlay-opacity":"","overlay-gradient":""}},"ast-content-background-meta":{"desktop":{"background-color":"var(--ast-global-color-5)","background-image":"","background-repeat":"repeat","background-position":"center center","background-size":"auto","background-attachment":"scroll","background-type":"","background-media":"","overlay-type":"","overlay-color":"","overlay-opacity":"","overlay-gradient":""},"tablet":{"background-color":"var(--ast-global-color-5)","background-image":"","background-repeat":"repeat","background-position":"center center","background-size":"auto","background-attachment":"scroll","background-type":"","background-media":"","overlay-type":"","overlay-color":"","overlay-opacity":"","overlay-gradient":""},"mobile":{"background-color":"var(--ast-global-color-5)","background-image":"","background-repeat":"repeat","background-position":"center center","background-size":"auto","background-attachment":"scroll","background-type":"","background-media":"","overlay-type":"","overlay-color":"","overlay-opacity":"","overlay-gradient":""}},"footnotes":""},"class_list":["post-8338","page","type-page","status-publish","hentry"],"acf":[],"_links":{"self":[{"href":"https:\/\/trailbarcelona.com\/es\/wp-json\/wp\/v2\/pages\/8338","targetHints":{"allow":["GET"]}}],"collection":[{"href":"https:\/\/trailbarcelona.com\/es\/wp-json\/wp\/v2\/pages"}],"about":[{"href":"https:\/\/trailbarcelona.com\/es\/wp-json\/wp\/v2\/types\/page"}],"author":[{"embeddable":true,"href":"https:\/\/trailbarcelona.com\/es\/wp-json\/wp\/v2\/users\/1"}],"replies":[{"embeddable":true,"href":"https:\/\/trailbarcelona.com\/es\/wp-json\/wp\/v2\/comments?post=8338"}],"version-history":[{"count":17,"href":"https:\/\/trailbarcelona.com\/es\/wp-json\/wp\/v2\/pages\/8338\/revisions"}],"predecessor-version":[{"id":12242,"href":"https:\/\/trailbarcelona.com\/es\/wp-json\/wp\/v2\/pages\/8338\/revisions\/12242"}],"wp:attachment":[{"href":"https:\/\/trailbarcelona.com\/es\/wp-json\/wp\/v2\/media?parent=8338"}],"curies":[{"name":"wp","href":"https:\/\/api.w.org\/{rel}","templated":true}]}}