{"id":8334,"date":"2024-04-06T16:11:49","date_gmt":"2024-04-06T14:11:49","guid":{"rendered":"https:\/\/trailbarcelona.com\/inscripcio-casal-2024"},"modified":"2026-04-17T10:24:06","modified_gmt":"2026-04-17T08:24:06","slug":"inscripcio-casal-2025","status":"publish","type":"page","link":"https:\/\/trailbarcelona.com\/es\/inscripcio-casal-2025","title":{"rendered":"Inscripcio casal 2026"},"content":{"rendered":"\t\t<div data-elementor-type=\"wp-post\" data-elementor-id=\"8334\" class=\"elementor elementor-8334\" data-elementor-post-type=\"page\">\n\t\t\t\t\t\t<section class=\"elementor-section elementor-top-section elementor-element elementor-element-3906703 elementor-section-boxed elementor-section-height-default elementor-section-height-default\" data-id=\"3906703\" data-element_type=\"section\" data-e-type=\"section\" data-settings=\"{&quot;background_background&quot;:&quot;classic&quot;}\">\n\t\t\t\t\t\t\t<div class=\"elementor-background-overlay\"><\/div>\n\t\t\t\t\t\t\t<div class=\"elementor-container elementor-column-gap-default\">\n\t\t\t\t\t<div class=\"elementor-column elementor-col-33 elementor-top-column elementor-element elementor-element-5b80d24\" data-id=\"5b80d24\" data-element_type=\"column\" data-e-type=\"column\">\n\t\t\t<div class=\"elementor-widget-wrap\">\n\t\t\t\t\t\t\t<\/div>\n\t\t<\/div>\n\t\t\t\t<div class=\"elementor-column elementor-col-33 elementor-top-column elementor-element elementor-element-24c9f1f\" data-id=\"24c9f1f\" data-element_type=\"column\" data-e-type=\"column\">\n\t\t\t<div class=\"elementor-widget-wrap elementor-element-populated\">\n\t\t\t\t\t\t\t<\/div>\n\t\t<\/div>\n\t\t\t\t<div class=\"elementor-column elementor-col-33 elementor-top-column elementor-element elementor-element-9a08ab1\" data-id=\"9a08ab1\" data-element_type=\"column\" data-e-type=\"column\">\n\t\t\t<div class=\"elementor-widget-wrap\">\n\t\t\t\t\t\t\t<\/div>\n\t\t<\/div>\n\t\t\t\t\t<\/div>\n\t\t<\/section>\n\t\t\t\t<section class=\"elementor-section elementor-top-section elementor-element elementor-element-154ec35 elementor-section-boxed elementor-section-height-default elementor-section-height-default\" data-id=\"154ec35\" data-element_type=\"section\" data-e-type=\"section\" data-settings=\"{&quot;background_background&quot;:&quot;classic&quot;}\">\n\t\t\t\t\t\t<div class=\"elementor-container elementor-column-gap-default\">\n\t\t\t\t\t<div class=\"elementor-column elementor-col-100 elementor-top-column elementor-element elementor-element-36d865f\" data-id=\"36d865f\" data-element_type=\"column\" data-e-type=\"column\">\n\t\t\t<div class=\"elementor-widget-wrap elementor-element-populated\">\n\t\t\t\t\t\t<section class=\"elementor-section elementor-inner-section elementor-element elementor-element-ddfe8e9 elementor-section-boxed elementor-section-height-default elementor-section-height-default\" data-id=\"ddfe8e9\" data-element_type=\"section\" data-e-type=\"section\">\n\t\t\t\t\t\t<div class=\"elementor-container elementor-column-gap-default\">\n\t\t\t\t\t<div class=\"elementor-column elementor-col-100 elementor-inner-column elementor-element elementor-element-a19cd4e\" data-id=\"a19cd4e\" data-element_type=\"column\" data-e-type=\"column\" data-settings=\"{&quot;background_background&quot;:&quot;classic&quot;}\">\n\t\t\t<div class=\"elementor-widget-wrap elementor-element-populated\">\n\t\t\t\t\t<div class=\"elementor-background-overlay\"><\/div>\n\t\t\t\t\t\t<div class=\"elementor-element elementor-element-f6cb6cf elementor-widget elementor-widget-text-editor\" data-id=\"f6cb6cf\" data-element_type=\"widget\" data-e-type=\"widget\" data-widget_type=\"text-editor.default\">\n\t\t\t\t<div class=\"elementor-widget-container\">\n\t\t\t\t\t\t\t\t\t<div><strong>Inscripciones por fases<\/strong><\/div><ul><li>13 y 14 de abril: alumnado durante todo el a\u00f1o de la escuela Trail Barcelona<\/li><li>15 y 16 de abril: residentes o escolarizados en Sant Just<\/li><li>A partir del 17 de abril: abierto a todos<\/li><\/ul>\t\t\t\t\t\t\t\t<\/div>\n\t\t\t\t<\/div>\n\t\t\t\t<div class=\"elementor-element elementor-element-ec0e2b7 elementor-widget elementor-widget-heading\" data-id=\"ec0e2b7\" data-element_type=\"widget\" data-e-type=\"widget\" data-widget_type=\"heading.default\">\n\t\t\t\t<div class=\"elementor-widget-container\">\n\t\t\t\t\t<h2 class=\"elementor-heading-title elementor-size-default\">Formulario de inscripci\u00f3n Casal 2026<\/h2>\t\t\t\t<\/div>\n\t\t\t\t<\/div>\n\t\t\t\t<div class=\"elementor-element elementor-element-7162f0a elementor-widget-divider--view-line elementor-widget elementor-widget-divider\" data-id=\"7162f0a\" data-element_type=\"widget\" data-e-type=\"widget\" data-widget_type=\"divider.default\">\n\t\t\t\t<div class=\"elementor-widget-container\">\n\t\t\t\t\t\t\t<div class=\"elementor-divider\">\n\t\t\t<span class=\"elementor-divider-separator\">\n\t\t\t\t\t\t<\/span>\n\t\t<\/div>\n\t\t\t\t\t\t<\/div>\n\t\t\t\t<\/div>\n\t\t\t\t<div class=\"elementor-element elementor-element-c5c6377 elementor-widget elementor-widget-form\" data-id=\"c5c6377\" data-element_type=\"widget\" data-e-type=\"widget\" data-settings=\"{&quot;button_width&quot;:&quot;20&quot;,&quot;step_next_label&quot;:&quot;Next&quot;,&quot;step_previous_label&quot;:&quot;Previous&quot;,&quot;step_type&quot;:&quot;number_text&quot;,&quot;step_icon_shape&quot;:&quot;circle&quot;}\" data-widget_type=\"form.default\">\n\t\t\t\t<div class=\"elementor-widget-container\">\n\t\t\t\t\t\t\t<form class=\"elementor-form\" method=\"post\" name=\"Inscripcio casals\" aria-label=\"Inscripcio casals\">\n\t\t\t<input type=\"hidden\" name=\"post_id\" value=\"8334\"\/>\n\t\t\t<input type=\"hidden\" name=\"form_id\" value=\"c5c6377\"\/>\n\t\t\t<input type=\"hidden\" name=\"referer_title\" value=\"Inscripcio casal 2026\" \/>\n\n\t\t\t\t\t\t\t<input type=\"hidden\" name=\"queried_id\" value=\"8334\"\/>\n\t\t\t\n\t\t\t<div class=\"elementor-form-fields-wrapper elementor-labels-above\">\n\t\t\t\t\t\t\t\t<div class=\"elementor-field-type-html elementor-field-group elementor-column elementor-field-group-name elementor-col-60\">\n\t\t\t\t\t<h4><b>1 . DATOS DEL NI\u00d1O\/A<\/b><\/h4>\t\t\t\t<\/div>\n\t\t\t\t\t\t\t\t<div class=\"elementor-field-type-text elementor-field-group elementor-column elementor-field-group-field_90a5a62 elementor-col-60 elementor-field-required\">\n\t\t\t\t\t\t\t\t\t\t\t\t<label for=\"form-field-field_90a5a62\" class=\"elementor-field-label\">\n\t\t\t\t\t\t\t\tNombre y apellidos\t\t\t\t\t\t\t<\/label>\n\t\t\t\t\t\t\t\t\t\t\t\t\t\t<input size=\"1\" type=\"text\" name=\"form_fields[field_90a5a62]\" id=\"form-field-field_90a5a62\" class=\"elementor-field elementor-size-sm  elementor-field-textual\" placeholder=\"Nombre y apellidos\" required=\"required\">\n\t\t\t\t\t\t\t\t\t\t\t<\/div>\n\t\t\t\t\t\t\t\t<div class=\"elementor-field-type-text elementor-field-group elementor-column elementor-field-group-field_7d3005c elementor-col-20\">\n\t\t\t\t\t\t\t\t\t\t\t\t<label for=\"form-field-field_7d3005c\" class=\"elementor-field-label\">\n\t\t\t\t\t\t\t\tDNI \/NIE (si tiene)\t\t\t\t\t\t\t<\/label>\n\t\t\t\t\t\t\t\t\t\t\t\t\t\t<input size=\"1\" type=\"text\" name=\"form_fields[field_7d3005c]\" id=\"form-field-field_7d3005c\" class=\"elementor-field elementor-size-sm  elementor-field-textual\" placeholder=\"DNI \/ NIE\">\n\t\t\t\t\t\t\t\t\t\t\t<\/div>\n\t\t\t\t\t\t\t\t<div class=\"elementor-field-type-date elementor-field-group elementor-column elementor-field-group-field_2177049 elementor-col-20 elementor-field-required\">\n\t\t\t\t\t\t\t\t\t\t\t\t<label for=\"form-field-field_2177049\" class=\"elementor-field-label\">\n\t\t\t\t\t\t\t\tFecha nacimiento\t\t\t\t\t\t\t<\/label>\n\t\t\t\t\t\t\n\t\t<input type=\"date\" name=\"form_fields[field_2177049]\" id=\"form-field-field_2177049\" class=\"elementor-field elementor-size-sm  elementor-field-textual elementor-date-field\" placeholder=\"Fecha nacimiento\" required=\"required\" pattern=\"[0-9]{4}-[0-9]{2}-[0-9]{2}\">\n\t\t\t\t\t\t<\/div>\n\t\t\t\t\t\t\t\t<div class=\"elementor-field-type-text elementor-field-group elementor-column elementor-field-group-field_a94ee8d elementor-col-50 elementor-field-required\">\n\t\t\t\t\t\t\t\t\t\t\t\t<label for=\"form-field-field_a94ee8d\" class=\"elementor-field-label\">\n\t\t\t\t\t\t\t\tMunicipio de residencia\t\t\t\t\t\t\t<\/label>\n\t\t\t\t\t\t\t\t\t\t\t\t\t\t<input size=\"1\" type=\"text\" name=\"form_fields[field_a94ee8d]\" id=\"form-field-field_a94ee8d\" class=\"elementor-field elementor-size-sm  elementor-field-textual\" placeholder=\"Municipio\" required=\"required\">\n\t\t\t\t\t\t\t\t\t\t\t<\/div>\n\t\t\t\t\t\t\t\t<div class=\"elementor-field-type-text elementor-field-group elementor-column elementor-field-group-field_1fb2074 elementor-col-40 elementor-field-required\">\n\t\t\t\t\t\t\t\t\t\t\t\t<label for=\"form-field-field_1fb2074\" class=\"elementor-field-label\">\n\t\t\t\t\t\t\t\tEscuela\t\t\t\t\t\t\t<\/label>\n\t\t\t\t\t\t\t\t\t\t\t\t\t\t<input size=\"1\" type=\"text\" name=\"form_fields[field_1fb2074]\" id=\"form-field-field_1fb2074\" class=\"elementor-field elementor-size-sm  elementor-field-textual\" placeholder=\"Escuela\" required=\"required\">\n\t\t\t\t\t\t\t\t\t\t\t<\/div>\n\t\t\t\t\t\t\t\t<div class=\"elementor-field-type-html elementor-field-group elementor-column elementor-field-group-field_b67f88d elementor-col-60\">\n\t\t\t\t\t<br>\n<h4><b>2 . DATOS DEL PADRE\/MADRE\/TUTOR\/A<\/b><\/h4>\t\t\t\t<\/div>\n\t\t\t\t\t\t\t\t<div class=\"elementor-field-type-text elementor-field-group elementor-column elementor-field-group-field_75855cf elementor-col-60 elementor-field-required\">\n\t\t\t\t\t\t\t\t\t\t\t\t<label for=\"form-field-field_75855cf\" class=\"elementor-field-label\">\n\t\t\t\t\t\t\t\tNombre y apellidos\t\t\t\t\t\t\t<\/label>\n\t\t\t\t\t\t\t\t\t\t\t\t\t\t<input size=\"1\" type=\"text\" name=\"form_fields[field_75855cf]\" id=\"form-field-field_75855cf\" class=\"elementor-field elementor-size-sm  elementor-field-textual\" placeholder=\"Nombre y apellidos\" required=\"required\">\n\t\t\t\t\t\t\t\t\t\t\t<\/div>\n\t\t\t\t\t\t\t\t<div class=\"elementor-field-type-text elementor-field-group elementor-column elementor-field-group-field_a3aff0d elementor-col-40 elementor-field-required\">\n\t\t\t\t\t\t\t\t\t\t\t\t<label for=\"form-field-field_a3aff0d\" class=\"elementor-field-label\">\n\t\t\t\t\t\t\t\tDNI \/NIE\t\t\t\t\t\t\t<\/label>\n\t\t\t\t\t\t\t\t\t\t\t\t\t\t<input size=\"1\" type=\"text\" name=\"form_fields[field_a3aff0d]\" id=\"form-field-field_a3aff0d\" class=\"elementor-field elementor-size-sm  elementor-field-textual\" placeholder=\"DNI \/ NIE\" required=\"required\">\n\t\t\t\t\t\t\t\t\t\t\t<\/div>\n\t\t\t\t\t\t\t\t<div class=\"elementor-field-type-text elementor-field-group elementor-column elementor-field-group-field_e8d9789 elementor-col-40 elementor-field-required\">\n\t\t\t\t\t\t\t\t\t\t\t\t<label for=\"form-field-field_e8d9789\" class=\"elementor-field-label\">\n\t\t\t\t\t\t\t\tTel\u00e9fono de contacto\t\t\t\t\t\t\t<\/label>\n\t\t\t\t\t\t\t\t\t\t\t\t\t\t<input size=\"1\" type=\"text\" name=\"form_fields[field_e8d9789]\" id=\"form-field-field_e8d9789\" class=\"elementor-field elementor-size-sm  elementor-field-textual\" required=\"required\">\n\t\t\t\t\t\t\t\t\t\t\t<\/div>\n\t\t\t\t\t\t\t\t<div class=\"elementor-field-type-email elementor-field-group elementor-column elementor-field-group-email elementor-col-60 elementor-field-required\">\n\t\t\t\t\t\t\t\t\t\t\t\t<label for=\"form-field-email\" class=\"elementor-field-label\">\n\t\t\t\t\t\t\t\tCorreo electr\u00f3nico\t\t\t\t\t\t\t<\/label>\n\t\t\t\t\t\t\t\t\t\t\t\t\t\t<input size=\"1\" type=\"email\" name=\"form_fields[email]\" id=\"form-field-email\" class=\"elementor-field elementor-size-sm  elementor-field-textual\" placeholder=\"Correo electr\u00f3nico\" required=\"required\">\n\t\t\t\t\t\t\t\t\t\t\t<\/div>\n\t\t\t\t\t\t\t\t<div class=\"elementor-field-type-html elementor-field-group elementor-column elementor-field-group-field_bfd6698 elementor-col-100\">\n\t\t\t\t\t<br>\n<h4><b>3 . SEMANAS Y SERVICIOS<\/b><\/h4>\t\t\t\t<\/div>\n\t\t\t\t\t\t\t\t<div class=\"elementor-field-type-html elementor-field-group elementor-column elementor-field-group-field_61419ca elementor-col-100\">\n\t\t\t\t\t<b>Semanas:<\/b>\t\t\t\t<\/div>\n\t\t\t\t\t\t\t\t<div class=\"elementor-field-type-html elementor-field-group elementor-column elementor-field-group-field_39412c4 elementor-col-100\">\n\t\t\t\t\t\n<font color=\"red\"><b>Semana 1 (29 junio al 3 julio) \u2013 COMPLETA<\/b><br><\/font>\t\t\t\t<\/div>\n\t\t\t\t\t\t\t\t<div class=\"elementor-field-type-html elementor-field-group elementor-column elementor-field-group-field_1ec27f2 elementor-col-100\">\n\t\t\t\t\t\n<font color=\"red\"><b>Semana 2 (6 julio al 10 julio) \u2013 COMPLETA<\/b><br><\/font>\t\t\t\t<\/div>\n\t\t\t\t\t\t\t\t<div class=\"elementor-field-type-checkbox elementor-field-group elementor-column elementor-field-group-field_9b52480 elementor-col-100\">\n\t\t\t\t\t<div class=\"elementor-field-subgroup  \"><span class=\"elementor-field-option\"><input type=\"checkbox\" value=\"Semana 3 (13 junio al 17 julio)\" id=\"form-field-field_9b52480-0\" name=\"form_fields[field_9b52480][]\"> <label for=\"form-field-field_9b52480-0\">Semana 3 (13 junio al 17 julio)<\/label><\/span><span class=\"elementor-field-option\"><input type=\"checkbox\" value=\"Semana 4 (20 junio al 24 julio)\" id=\"form-field-field_9b52480-1\" name=\"form_fields[field_9b52480][]\"> <label for=\"form-field-field_9b52480-1\">Semana 4 (20 junio al 24 julio)<\/label><\/span><span class=\"elementor-field-option\"><input type=\"checkbox\" value=\"Semana 5 (27 junio al 31 julio)\" id=\"form-field-field_9b52480-2\" name=\"form_fields[field_9b52480][]\"> <label for=\"form-field-field_9b52480-2\">Semana 5 (27 junio al 31 julio)<\/label><\/span><\/div>\t\t\t\t<\/div>\n\t\t\t\t\t\t\t\t<div class=\"elementor-field-type-radio elementor-field-group elementor-column elementor-field-group-field_d032fd9 elementor-col-100 elementor-field-required\">\n\t\t\t\t\t\t\t\t\t\t\t\t<label for=\"form-field-field_d032fd9\" class=\"elementor-field-label\">\n\t\t\t\t\t\t\t\t<b>Modalidad:<\/b>\t\t\t\t\t\t\t<\/label>\n\t\t\t\t\t\t<div class=\"elementor-field-subgroup  \"><span class=\"elementor-field-option\"><input type=\"radio\" value=\"Ma\u00f1anas\" id=\"form-field-field_d032fd9-0\" name=\"form_fields[field_d032fd9]\" required=\"required\"> <label for=\"form-field-field_d032fd9-0\">Ma\u00f1anas<\/label><\/span><span class=\"elementor-field-option\"><input type=\"radio\" value=\"Dia completo (comida de fiambrera)\" id=\"form-field-field_d032fd9-1\" name=\"form_fields[field_d032fd9]\" required=\"required\"> <label for=\"form-field-field_d032fd9-1\">Dia completo (comida de fiambrera)<\/label><\/span><\/div>\t\t\t\t<\/div>\n\t\t\t\t\t\t\t\t<div class=\"elementor-field-type-radio elementor-field-group elementor-column elementor-field-group-field_c3ccee3 elementor-col-100 elementor-field-required\">\n\t\t\t\t\t\t\t\t\t\t\t\t<label for=\"form-field-field_c3ccee3\" class=\"elementor-field-label\">\n\t\t\t\t\t\t\t\t<b>Servicio de acogida:<\/b>\t\t\t\t\t\t\t<\/label>\n\t\t\t\t\t\t<div class=\"elementor-field-subgroup  \"><span class=\"elementor-field-option\"><input type=\"radio\" value=\"Si\" id=\"form-field-field_c3ccee3-0\" name=\"form_fields[field_c3ccee3]\" required=\"required\"> <label for=\"form-field-field_c3ccee3-0\">Si<\/label><\/span><span class=\"elementor-field-option\"><input type=\"radio\" value=\"No\" id=\"form-field-field_c3ccee3-1\" name=\"form_fields[field_c3ccee3]\" required=\"required\"> <label for=\"form-field-field_c3ccee3-1\">No<\/label><\/span><\/div>\t\t\t\t<\/div>\n\t\t\t\t\t\t\t\t<div class=\"elementor-field-type-html elementor-field-group elementor-column elementor-field-group-field_fce929e elementor-col-100\">\n\t\t\t\t\t<br>\n<h4><b>4 . SALUD E INFORMACI\u00d3N RELEVANTE<\/b><\/h4>\t\t\t\t<\/div>\n\t\t\t\t\t\t\t\t<div class=\"elementor-field-type-textarea elementor-field-group elementor-column elementor-field-group-message elementor-col-100\">\n\t\t\t\t\t\t\t\t\t\t\t\t<label for=\"form-field-message\" class=\"elementor-field-label\">\n\t\t\t\t\t\t\t\tT\u00e9 alguna al\u00b7l\u00e8rgia, intoler\u00e0ncia, pren medicaci\u00f3 o hi ha alguna informaci\u00f3 m\u00e8dica\/emocional que haur\u00edem de con\u00e8ixer?\t\t\t\t\t\t\t<\/label>\n\t\t\t\t\t\t<textarea class=\"elementor-field-textual elementor-field  elementor-size-sm\" name=\"form_fields[message]\" id=\"form-field-message\" rows=\"4\"><\/textarea>\t\t\t\t<\/div>\n\t\t\t\t\t\t\t\t<div class=\"elementor-field-type-radio elementor-field-group elementor-column elementor-field-group-field_f5aee87 elementor-col-100 elementor-field-required\">\n\t\t\t\t\t\t\t\t\t\t\t\t<label for=\"form-field-field_f5aee87\" class=\"elementor-field-label\">\n\t\t\t\t\t\t\t\t<b>Sabe nadar:<\/b>\t\t\t\t\t\t\t<\/label>\n\t\t\t\t\t\t<div class=\"elementor-field-subgroup  \"><span class=\"elementor-field-option\"><input type=\"radio\" value=\"Si\" id=\"form-field-field_f5aee87-0\" name=\"form_fields[field_f5aee87]\" required=\"required\"> <label for=\"form-field-field_f5aee87-0\">Si<\/label><\/span><span class=\"elementor-field-option\"><input type=\"radio\" value=\"Un poco\" id=\"form-field-field_f5aee87-1\" name=\"form_fields[field_f5aee87]\" required=\"required\"> <label for=\"form-field-field_f5aee87-1\">Un poco<\/label><\/span><span class=\"elementor-field-option\"><input type=\"radio\" value=\"No\" id=\"form-field-field_f5aee87-2\" name=\"form_fields[field_f5aee87]\" required=\"required\"> <label for=\"form-field-field_f5aee87-2\">No<\/label><\/span><\/div>\t\t\t\t<\/div>\n\t\t\t\t\t\t\t\t<div class=\"elementor-field-type-radio elementor-field-group elementor-column elementor-field-group-field_f64cd0d elementor-col-25 elementor-field-required\">\n\t\t\t\t\t\t\t\t\t\t\t\t<label for=\"form-field-field_f64cd0d\" class=\"elementor-field-label\">\n\t\t\t\t\t\t\t\t<b>Puede irse sol\/a:<\/b>\t\t\t\t\t\t\t<\/label>\n\t\t\t\t\t\t<div class=\"elementor-field-subgroup  \"><span class=\"elementor-field-option\"><input type=\"radio\" value=\"Si\" id=\"form-field-field_f64cd0d-0\" name=\"form_fields[field_f64cd0d]\" required=\"required\"> <label for=\"form-field-field_f64cd0d-0\">Si<\/label><\/span><span class=\"elementor-field-option\"><input type=\"radio\" value=\"No\" id=\"form-field-field_f64cd0d-1\" name=\"form_fields[field_f64cd0d]\" required=\"required\"> <label for=\"form-field-field_f64cd0d-1\">No<\/label><\/span><\/div>\t\t\t\t<\/div>\n\t\t\t\t\t\t\t\t<div class=\"elementor-field-type-html elementor-field-group elementor-column elementor-field-group-field_6f0e709 elementor-col-100\">\n\t\t\t\t\t<br>\n<h4><b>5 . ACCEPTACI\u00d3N DE CONDICIONES<\/b><\/h4>\t\t\t\t<\/div>\n\t\t\t\t\t\t\t\t<div class=\"elementor-field-type-acceptance elementor-field-group elementor-column elementor-field-group-field_90c6d6b elementor-col-100 elementor-field-required\">\n\t\t\t\t\t\t\t<div class=\"elementor-field-subgroup\">\n\t\t\t<span class=\"elementor-field-option\">\n\t\t\t\t<input type=\"checkbox\" name=\"form_fields[field_90c6d6b]\" id=\"form-field-field_90c6d6b\" class=\"elementor-field elementor-size-sm  elementor-acceptance-field\" required=\"required\">\n\t\t\t\t<label for=\"form-field-field_90c6d6b\">Declaro que he le\u00eddo y acepto las condiciones del casal y la autorizaci\u00f3n correspondiente<\/label>\t\t\t<\/span>\n\t\t<\/div>\n\t\t\t\t\t\t<\/div>\n\t\t\t\t\t\t\t\t<div class=\"elementor-field-type-acceptance elementor-field-group elementor-column elementor-field-group-field_7ecbaab elementor-col-100 elementor-field-required\">\n\t\t\t\t\t\t\t<div class=\"elementor-field-subgroup\">\n\t\t\t<span class=\"elementor-field-option\">\n\t\t\t\t<input type=\"checkbox\" name=\"form_fields[field_7ecbaab]\" id=\"form-field-field_7ecbaab\" class=\"elementor-field elementor-size-sm  elementor-acceptance-field\" required=\"required\">\n\t\t\t\t<label for=\"form-field-field_7ecbaab\">Entiendo que el casal est\u00e1 condicionado a la posibilidad de realizar la actividad en Collserola y que, en caso contrario, se devolver\u00e1 \u00edntegramente el importe abonado<\/label>\t\t\t<\/span>\n\t\t<\/div>\n\t\t\t\t\t\t<\/div>\n\t\t\t\t\t\t\t\t<div class=\"elementor-field-type-html elementor-field-group elementor-column elementor-field-group-field_3e50e16 elementor-col-100\">\n\t\t\t\t\t<br>\n<h4><b>6 . OBSERVACIONES<\/b><\/h4>\t\t\t\t<\/div>\n\t\t\t\t\t\t\t\t<div class=\"elementor-field-type-textarea elementor-field-group elementor-column elementor-field-group-field_ff8fb23 elementor-col-100\">\n\t\t\t\t\t<textarea class=\"elementor-field-textual elementor-field  elementor-size-sm\" name=\"form_fields[field_ff8fb23]\" id=\"form-field-field_ff8fb23\" rows=\"4\"><\/textarea>\t\t\t\t<\/div>\n\t\t\t\t\t\t\t\t<div class=\"elementor-field-type-html elementor-field-group elementor-column elementor-field-group-field_07d7619 elementor-col-100\">\n\t\t\t\t\t<br><h4><b>Para hacer efectiva la inscripci\u00f3n:<\/h4><\/b><br>\n\nHay que completar los siguientes pasos en un plazo m\u00e1ximo de 48 horas:<br><br>\n\t<b>1.\tRealizar el pago<\/b><br>\n\t\u2022\tTransferencia: ES09 0049 3828 6927 1402 9268<br>\n\ud83d\udc49 Concepto: Inscripci\u00f3n Casal + Nombre del ni\u00f1o\/a<br><br>\n\t<b>2.\tEnviar la documentaci\u00f3n<\/b> a: info@trailbarcelona.com <br>\n\t\u2022\tDNI del ni\u00f1o\/a (si tiene) por las dos caras  o libro de familia<br>\n\t\u2022\tTarjeta sanitaria<br>\n\t\u2022\t<a href=\"https:\/\/trailbarcelona.com\/wp-content\/uploads\/2026\/04\/Autoritzacio_casal_2026_Trail_Barcelona_CAT.pdf\" target=\"_blank\">Full d'autoritzaci\u00f3 signat<\/a><br>\n\t\u2022\tJustificante de pago<br>\n\n<br><br>\n\n<b>Importante:<\/b><br>\n\t\u2022\tLa plaza quedar\u00e1 confirmada una vez recibido el pago y la documentaci\u00f3n, y revisada por la organizaci\u00f3n.<br>\n\t\u2022\tEn caso de no completar el proceso dentro del plazo indicado, la plaza podr\u00e1 ser asignada a otro participante.<br>\n\t\u2022\tEn caso de baja o cancelaci\u00f3n, no se har\u00e1 devoluci\u00f3n del importe abonado.<br>\n\t\u2022\tEn caso que el casal no se pueda hacer por imposibilidad e \u2019acceso a Collserola, se devolver\u00e1 \u00edntegramente el importe.<br>\n\t\u2022\tEn caso de inscripci\u00f3n en fase prioritaria, se podr\u00e1 solicitar documentaci\u00f3n acreditativa de residencia o escolarizaci\u00f3n en Sant Just.\t\t\t\t<\/div>\n\t\t\t\t\t\t\t\t<div class=\"elementor-field-type-html elementor-field-group elementor-column elementor-field-group-field_75fe529 elementor-col-100\">\n\t\t\t\t\t<br><hr><br>\t\t\t\t<\/div>\n\t\t\t\t\t\t\t\t<div class=\"elementor-field-group elementor-column elementor-field-type-submit elementor-col-20 e-form__buttons\">\n\t\t\t\t\t<button class=\"elementor-button elementor-size-sm\" type=\"submit\">\n\t\t\t\t\t\t<span class=\"elementor-button-content-wrapper\">\n\t\t\t\t\t\t\t\t\t\t\t\t\t\t\t\t\t\t\t\t\t\t<span class=\"elementor-button-text\">Enviar<\/span>\n\t\t\t\t\t\t\t\t\t\t\t\t\t<\/span>\n\t\t\t\t\t<\/button>\n\t\t\t\t<\/div>\n\t\t\t<\/div>\n\t\t<\/form>\n\t\t\t\t\t\t<\/div>\n\t\t\t\t<\/div>\n\t\t\t\t\t<\/div>\n\t\t<\/div>\n\t\t\t\t\t<\/div>\n\t\t<\/section>\n\t\t\t\t\t<\/div>\n\t\t<\/div>\n\t\t\t\t\t<\/div>\n\t\t<\/section>\n\t\t\t\t<\/div>\n\t\t","protected":false},"excerpt":{"rendered":"<p>Inscripciones por fases 13 y 14 de abril: alumnado durante todo el a\u00f1o de la escuela Trail Barcelona 15 y 16 de abril: residentes o escolarizados en Sant Just A partir del 17 de abril: abierto a todos Formulario de inscripci\u00f3n Casal 2026<\/p>\n","protected":false},"author":1,"featured_media":0,"parent":0,"menu_order":0,"comment_status":"closed","ping_status":"closed","template":"","meta":{"_acf_changed":false,"site-sidebar-layout":"no-sidebar","site-content-layout":"page-builder","ast-site-content-layout":"full-width-container","site-content-style":"unboxed","site-sidebar-style":"unboxed","ast-global-header-display":"","ast-banner-title-visibility":"","ast-main-header-display":"","ast-hfb-above-header-display":"","ast-hfb-below-header-display":"","ast-hfb-mobile-header-display":"","site-post-title":"disabled","ast-breadcrumbs-content":"","ast-featured-img":"disabled","footer-sml-layout":"","ast-disable-related-posts":"","theme-transparent-header-meta":"enabled","adv-header-id-meta":"","stick-header-meta":"","header-above-stick-meta":"","header-main-stick-meta":"","header-below-stick-meta":"","astra-migrate-meta-layouts":"set","ast-page-background-enabled":"default","ast-page-background-meta":{"desktop":{"background-color":"","background-image":"","background-repeat":"repeat","background-position":"center center","background-size":"auto","background-attachment":"scroll","background-type":"","background-media":"","overlay-type":"","overlay-color":"","overlay-opacity":"","overlay-gradient":""},"tablet":{"background-color":"","background-image":"","background-repeat":"repeat","background-position":"center center","background-size":"auto","background-attachment":"scroll","background-type":"","background-media":"","overlay-type":"","overlay-color":"","overlay-opacity":"","overlay-gradient":""},"mobile":{"background-color":"","background-image":"","background-repeat":"repeat","background-position":"center center","background-size":"auto","background-attachment":"scroll","background-type":"","background-media":"","overlay-type":"","overlay-color":"","overlay-opacity":"","overlay-gradient":""}},"ast-content-background-meta":{"desktop":{"background-color":"var(--ast-global-color-5)","background-image":"","background-repeat":"repeat","background-position":"center center","background-size":"auto","background-attachment":"scroll","background-type":"","background-media":"","overlay-type":"","overlay-color":"","overlay-opacity":"","overlay-gradient":""},"tablet":{"background-color":"var(--ast-global-color-5)","background-image":"","background-repeat":"repeat","background-position":"center center","background-size":"auto","background-attachment":"scroll","background-type":"","background-media":"","overlay-type":"","overlay-color":"","overlay-opacity":"","overlay-gradient":""},"mobile":{"background-color":"var(--ast-global-color-5)","background-image":"","background-repeat":"repeat","background-position":"center center","background-size":"auto","background-attachment":"scroll","background-type":"","background-media":"","overlay-type":"","overlay-color":"","overlay-opacity":"","overlay-gradient":""}},"footnotes":""},"class_list":["post-8334","page","type-page","status-publish","hentry"],"acf":[],"_links":{"self":[{"href":"https:\/\/trailbarcelona.com\/es\/wp-json\/wp\/v2\/pages\/8334","targetHints":{"allow":["GET"]}}],"collection":[{"href":"https:\/\/trailbarcelona.com\/es\/wp-json\/wp\/v2\/pages"}],"about":[{"href":"https:\/\/trailbarcelona.com\/es\/wp-json\/wp\/v2\/types\/page"}],"author":[{"embeddable":true,"href":"https:\/\/trailbarcelona.com\/es\/wp-json\/wp\/v2\/users\/1"}],"replies":[{"embeddable":true,"href":"https:\/\/trailbarcelona.com\/es\/wp-json\/wp\/v2\/comments?post=8334"}],"version-history":[{"count":102,"href":"https:\/\/trailbarcelona.com\/es\/wp-json\/wp\/v2\/pages\/8334\/revisions"}],"predecessor-version":[{"id":12518,"href":"https:\/\/trailbarcelona.com\/es\/wp-json\/wp\/v2\/pages\/8334\/revisions\/12518"}],"wp:attachment":[{"href":"https:\/\/trailbarcelona.com\/es\/wp-json\/wp\/v2\/media?parent=8334"}],"curies":[{"name":"wp","href":"https:\/\/api.w.org\/{rel}","templated":true}]}}