{"id":702,"date":"2021-07-12T17:19:16","date_gmt":"2021-07-12T15:19:16","guid":{"rendered":"https:\/\/trailbarcelona.com\/?page_id=702"},"modified":"2021-07-19T23:01:12","modified_gmt":"2021-07-19T21:01:12","slug":"salida-luna-llena","status":"publish","type":"page","link":"https:\/\/trailbarcelona.com\/es\/salida-luna-llena","title":{"rendered":"Salida luna llena"},"content":{"rendered":"<h1 style=\"text-align: left;\"><span style=\"color: #4654a3;\">SALIDA LUNA LLENA<\/span><\/h1>\n<h4 style=\"text-align: left;\"><\/h4>\n<h4 style=\"text-align: left;\"><strong>\u00a1Ven a correr por Collserola, bajo la luna llena y sin frontal!<\/strong><\/h4>\n<div style=\"text-align: left;\"><img fetchpriority=\"high\" decoding=\"async\" class=\"wp-image-667 alignleft\" src=\"https:\/\/trailbarcelona.com\/wp-content\/uploads\/2021\/07\/sortida_lluna_plena-1.jpg\" alt=\"\" width=\"673\" height=\"233\" srcset=\"https:\/\/trailbarcelona.com\/wp-content\/uploads\/2021\/07\/sortida_lluna_plena-1.jpg 1200w, https:\/\/trailbarcelona.com\/wp-content\/uploads\/2021\/07\/sortida_lluna_plena-1-600x208.jpg 600w, https:\/\/trailbarcelona.com\/wp-content\/uploads\/2021\/07\/sortida_lluna_plena-1-300x104.jpg 300w, https:\/\/trailbarcelona.com\/wp-content\/uploads\/2021\/07\/sortida_lluna_plena-1-1024x354.jpg 1024w, https:\/\/trailbarcelona.com\/wp-content\/uploads\/2021\/07\/sortida_lluna_plena-1-768x266.jpg 768w\" sizes=\"(max-width: 673px) 100vw, 673px\" \/><\/div>\n<h1 style=\"text-align: left;\"><span style=\"color: #4654a3;\">Jueves 22 julio 21:30 h <\/span><\/h1>\n<h3 style=\"text-align: left;\"><span style=\"color: #4654a3;\">Lugar: p\u00e1rquing detr\u00e1s del instituto de St Just<br \/>\n<\/span><\/h3>\n<p class=\"example\"><strong>Plazas agotadas<\/strong><\/p>\n<p><em>Actividad gratuita (incluye seguro).<br \/>\nSe necesita inscripci\u00f3n previa (fecha l\u00edmite martes 20 de julio).<br \/>\nPlazas limitadas.<\/em><\/p>\n<h6 style=\"text-align: left;\"><span style=\"color: #4654a3;\">Grupos:<\/span><\/h6>\n<ul style=\"text-align: left;\">\n<li><strong>Iniciaci\u00f3n <\/strong>(5 km ritmo suave).<\/li>\n<li><strong>Avanzado<\/strong> (9 km ritmo medio-r\u00e1pido).<\/li>\n<\/ul>\n<h6 style=\"text-align: left;\"><span style=\"color: #4654a3;\">Material necesario:<\/span><\/h6>\n<ul style=\"text-align: left;\">\n<li>Ropa y calzado para correr por monta\u00f1a.<\/li>\n<li>Tel\u00e9fono m\u00f3vil.<\/li>\n<li>Frontal (no se utilizar\u00e1, pero se tendr\u00e1 que llevar por seguridad).<\/li>\n<li>Hidrataci\u00f3n (opcional).<\/li>\n<\/ul>\n<div><\/div>\n<p><iframe src=\"https:\/\/www.google.com\/maps\/d\/u\/0\/embed?mid=1dhS-Mc0XcvbpbQrAAJ63NQwKPg_EZ3Zk\" width=\"890\" height=\"480\" align=\"center\"><\/iframe><\/p>\n","protected":false},"excerpt":{"rendered":"<p>SALIDA LUNA LLENA \u00a1Ven a correr por Collserola, bajo la luna llena y sin frontal! Jueves 22 julio 21:30 h Lugar: p\u00e1rquing detr\u00e1s del instituto de St Just Plazas agotadas Actividad gratuita (incluye seguro). Se necesita inscripci\u00f3n previa (fecha l\u00edmite martes 20 de julio). Plazas limitadas. Grupos: Iniciaci\u00f3n (5 km ritmo suave). Avanzado (9 km [&hellip;]<\/p>\n","protected":false},"author":1,"featured_media":0,"parent":0,"menu_order":0,"comment_status":"closed","ping_status":"closed","template":"","meta":{"_acf_changed":false,"site-sidebar-layout":"default","site-content-layout":"default","ast-site-content-layout":"default","site-content-style":"default","site-sidebar-style":"default","ast-global-header-display":"","ast-banner-title-visibility":"","ast-main-header-display":"","ast-hfb-above-header-display":"","ast-hfb-below-header-display":"","ast-hfb-mobile-header-display":"","site-post-title":"disabled","ast-breadcrumbs-content":"","ast-featured-img":"","footer-sml-layout":"","ast-disable-related-posts":"","theme-transparent-header-meta":"default","adv-header-id-meta":"","stick-header-meta":"","header-above-stick-meta":"","header-main-stick-meta":"","header-below-stick-meta":"","astra-migrate-meta-layouts":"default","ast-page-background-enabled":"default","ast-page-background-meta":{"desktop":{"background-color":"","background-image":"","background-repeat":"repeat","background-position":"center center","background-size":"auto","background-attachment":"scroll","background-type":"","background-media":"","overlay-type":"","overlay-color":"","overlay-opacity":"","overlay-gradient":""},"tablet":{"background-color":"","background-image":"","background-repeat":"repeat","background-position":"center center","background-size":"auto","background-attachment":"scroll","background-type":"","background-media":"","overlay-type":"","overlay-color":"","overlay-opacity":"","overlay-gradient":""},"mobile":{"background-color":"","background-image":"","background-repeat":"repeat","background-position":"center center","background-size":"auto","background-attachment":"scroll","background-type":"","background-media":"","overlay-type":"","overlay-color":"","overlay-opacity":"","overlay-gradient":""}},"ast-content-background-meta":{"desktop":{"background-color":"var(--ast-global-color-5)","background-image":"","background-repeat":"repeat","background-position":"center center","background-size":"auto","background-attachment":"scroll","background-type":"","background-media":"","overlay-type":"","overlay-color":"","overlay-opacity":"","overlay-gradient":""},"tablet":{"background-color":"var(--ast-global-color-5)","background-image":"","background-repeat":"repeat","background-position":"center center","background-size":"auto","background-attachment":"scroll","background-type":"","background-media":"","overlay-type":"","overlay-color":"","overlay-opacity":"","overlay-gradient":""},"mobile":{"background-color":"var(--ast-global-color-5)","background-image":"","background-repeat":"repeat","background-position":"center center","background-size":"auto","background-attachment":"scroll","background-type":"","background-media":"","overlay-type":"","overlay-color":"","overlay-opacity":"","overlay-gradient":""}},"footnotes":""},"class_list":["post-702","page","type-page","status-publish","hentry"],"acf":[],"_links":{"self":[{"href":"https:\/\/trailbarcelona.com\/es\/wp-json\/wp\/v2\/pages\/702","targetHints":{"allow":["GET"]}}],"collection":[{"href":"https:\/\/trailbarcelona.com\/es\/wp-json\/wp\/v2\/pages"}],"about":[{"href":"https:\/\/trailbarcelona.com\/es\/wp-json\/wp\/v2\/types\/page"}],"author":[{"embeddable":true,"href":"https:\/\/trailbarcelona.com\/es\/wp-json\/wp\/v2\/users\/1"}],"replies":[{"embeddable":true,"href":"https:\/\/trailbarcelona.com\/es\/wp-json\/wp\/v2\/comments?post=702"}],"version-history":[{"count":10,"href":"https:\/\/trailbarcelona.com\/es\/wp-json\/wp\/v2\/pages\/702\/revisions"}],"predecessor-version":[{"id":776,"href":"https:\/\/trailbarcelona.com\/es\/wp-json\/wp\/v2\/pages\/702\/revisions\/776"}],"wp:attachment":[{"href":"https:\/\/trailbarcelona.com\/es\/wp-json\/wp\/v2\/media?parent=702"}],"curies":[{"name":"wp","href":"https:\/\/api.w.org\/{rel}","templated":true}]}}