{"id":7012,"date":"2024-01-03T09:50:14","date_gmt":"2024-01-03T08:50:14","guid":{"rendered":"https:\/\/trailbarcelona.com\/?page_id=7012"},"modified":"2025-12-09T13:07:15","modified_gmt":"2025-12-09T12:07:15","slug":"club","status":"publish","type":"page","link":"https:\/\/trailbarcelona.com\/es\/club","title":{"rendered":"Club"},"content":{"rendered":"\t\t<div data-elementor-type=\"wp-post\" data-elementor-id=\"7012\" class=\"elementor elementor-7012\" data-elementor-post-type=\"page\">\n\t\t\t\t\t\t<section class=\"elementor-section elementor-top-section elementor-element elementor-element-6f4868d elementor-section-boxed elementor-section-height-default elementor-section-height-default\" data-id=\"6f4868d\" data-element_type=\"section\" data-e-type=\"section\" data-settings=\"{&quot;background_background&quot;:&quot;classic&quot;}\">\n\t\t\t\t\t\t\t<div class=\"elementor-background-overlay\"><\/div>\n\t\t\t\t\t\t\t<div class=\"elementor-container elementor-column-gap-default\">\n\t\t\t\t\t<div class=\"elementor-column elementor-col-33 elementor-top-column elementor-element elementor-element-9491375\" data-id=\"9491375\" data-element_type=\"column\" data-e-type=\"column\">\n\t\t\t<div class=\"elementor-widget-wrap\">\n\t\t\t\t\t\t\t<\/div>\n\t\t<\/div>\n\t\t\t\t<div class=\"elementor-column elementor-col-33 elementor-top-column elementor-element elementor-element-7845130\" data-id=\"7845130\" data-element_type=\"column\" data-e-type=\"column\">\n\t\t\t<div class=\"elementor-widget-wrap elementor-element-populated\">\n\t\t\t\t\t\t<div class=\"elementor-element elementor-element-899310c elementor-widget elementor-widget-heading\" data-id=\"899310c\" data-element_type=\"widget\" data-e-type=\"widget\" data-widget_type=\"heading.default\">\n\t\t\t\t<div class=\"elementor-widget-container\">\n\t\t\t\t\t<h1 class=\"elementor-heading-title elementor-size-default\">FED\u00c9RATE<\/h1>\t\t\t\t<\/div>\n\t\t\t\t<\/div>\n\t\t\t\t\t<\/div>\n\t\t<\/div>\n\t\t\t\t<div class=\"elementor-column elementor-col-33 elementor-top-column elementor-element elementor-element-346beb8\" data-id=\"346beb8\" data-element_type=\"column\" data-e-type=\"column\">\n\t\t\t<div class=\"elementor-widget-wrap\">\n\t\t\t\t\t\t\t<\/div>\n\t\t<\/div>\n\t\t\t\t\t<\/div>\n\t\t<\/section>\n\t\t\t\t<section class=\"elementor-section elementor-top-section elementor-element elementor-element-7c72bd3 elementor-section-boxed elementor-section-height-default elementor-section-height-default\" data-id=\"7c72bd3\" data-element_type=\"section\" data-e-type=\"section\">\n\t\t\t\t\t\t<div class=\"elementor-container elementor-column-gap-default\">\n\t\t\t\t\t<div class=\"elementor-column elementor-col-100 elementor-top-column elementor-element elementor-element-58cac60\" data-id=\"58cac60\" data-element_type=\"column\" data-e-type=\"column\">\n\t\t\t<div class=\"elementor-widget-wrap elementor-element-populated\">\n\t\t\t\t\t\t<div class=\"elementor-element elementor-element-6630f34 elementor-widget elementor-widget-text-editor\" data-id=\"6630f34\" data-element_type=\"widget\" data-e-type=\"widget\" data-widget_type=\"text-editor.default\">\n\t\t\t\t<div class=\"elementor-widget-container\">\n\t\t\t\t\t\t\t\t\t<p>Como entidad miembro de la Federaci\u00f3 d&#8217;Entitats Excursionistes de Catalunya, Trail Barcelona ofrece el servicio de tramitaci\u00f3n de la lic\u00e9ncia federativa de la FEEC.<\/p><p>\u00a0<\/p><h3>Por qu\u00e9 federarse?<\/h3><p>La obtenci\u00f3n de la licencia federativa da derecho a un seguro que cubre las diferentes modalidades deportivas. <br \/>Adem\u00e1s, facilita poder participar en actividades que requieren estar federados, como competiciones en carreras de monta\u00f1a.<\/p><p>Al mateix temps, es pot gaudir d&#8217;altres avantatges com preus especials o descomptes en:<\/p><ul><li>Refugios<\/li><li>Alojamientos i transportes<\/li><li>Estaciones de esqu\u00ed<\/li><li>Fotografias i librerias especialiazadas<\/li><li>Roc\u00f3dromos y otras instalaciones deportivas<\/li><li>Centros de formaci\u00f3n<\/li><li>Seguro por la participaci\u00f3n en competiciones<\/li><li>Tiendas de deporte y comercios especializados en monta\u00f1a<\/li><li>Servicios m\u00e9dicos y de salud<\/li><li>Pruebas de esfuerzo y estudios de biomec\u00e1nica<\/li><li>Otros (ferias, viages, revistas, museos, etc.)<\/li><\/ul><p>En Trail Barcelona consideramos que no solo hay que hacer las actividades con la m\u00e1xima seguridad, si no que tambien somos partidarios de estar asegurados para hacerlas.<\/p><h3>Modalidades y precios<\/h3><p>Consulta las modalidades y precios en el <a href=\"https:\/\/trailbarcelona.com\/wp-content\/uploads\/2025\/12\/LLicencies-FEEC-FEDME-2026.pdf\" target=\"_blank\" rel=\"noopener\">siguiente enlace<\/a><br \/>Para poder solicitar la lic\u00e9ncia federativa, es necesario ser socio o alumne de nuestro club. En caso de no serlo, se tendr\u00e1 que pagar una cuota anual de 20,00 \u20ac, teniendo acceso a las actividades organizadas por el club.<\/p><h3>Vigencia<\/h3><p>La vigencia de la lic\u00e9ncia es de un a\u00f1o natural y finaliza el 31 de diciembre del a\u00f1o de la lic\u00e9ncia.<\/p>\t\t\t\t\t\t\t\t<\/div>\n\t\t\t\t<\/div>\n\t\t\t\t\t<\/div>\n\t\t<\/div>\n\t\t\t\t\t<\/div>\n\t\t<\/section>\n\t\t\t\t<section class=\"elementor-section elementor-top-section elementor-element elementor-element-d39baa5 elementor-section-boxed elementor-section-height-default elementor-section-height-default\" data-id=\"d39baa5\" data-element_type=\"section\" data-e-type=\"section\">\n\t\t\t\t\t\t<div class=\"elementor-container elementor-column-gap-default\">\n\t\t\t\t\t<div class=\"elementor-column elementor-col-100 elementor-top-column elementor-element elementor-element-6189bf1\" data-id=\"6189bf1\" data-element_type=\"column\" data-e-type=\"column\">\n\t\t\t<div class=\"elementor-widget-wrap elementor-element-populated\">\n\t\t\t\t\t\t<div class=\"elementor-element elementor-element-9a929ad elementor-widget elementor-widget-heading\" data-id=\"9a929ad\" data-element_type=\"widget\" data-e-type=\"widget\" data-widget_type=\"heading.default\">\n\t\t\t\t<div class=\"elementor-widget-container\">\n\t\t\t\t\t<h2 class=\"elementor-heading-title elementor-size-default\">SOLICITUD LICENCIA FEDERATIVA 2026<\/h2>\t\t\t\t<\/div>\n\t\t\t\t<\/div>\n\t\t\t\t<div class=\"elementor-element elementor-element-793f761 elementor-button-align-start elementor-widget elementor-widget-form\" data-id=\"793f761\" data-element_type=\"widget\" data-e-type=\"widget\" data-settings=\"{&quot;button_width&quot;:&quot;100&quot;,&quot;step_type&quot;:&quot;number_text&quot;,&quot;step_icon_shape&quot;:&quot;circle&quot;}\" data-widget_type=\"form.default\">\n\t\t\t\t<div class=\"elementor-widget-container\">\n\t\t\t\t\t\t\t<form class=\"elementor-form\" method=\"post\" id=\"INSCRIPCIONS\" name=\"Formulari inscripcio CAT\" aria-label=\"Formulari inscripcio CAT\">\n\t\t\t<input type=\"hidden\" name=\"post_id\" value=\"7012\"\/>\n\t\t\t<input type=\"hidden\" name=\"form_id\" value=\"793f761\"\/>\n\t\t\t<input type=\"hidden\" name=\"referer_title\" value=\"Club\" \/>\n\n\t\t\t\t\t\t\t<input type=\"hidden\" name=\"queried_id\" value=\"7012\"\/>\n\t\t\t\n\t\t\t<div class=\"elementor-form-fields-wrapper elementor-labels-above\">\n\t\t\t\t\t\t\t\t<div class=\"elementor-field-type-text elementor-field-group elementor-column elementor-field-group-name elementor-col-70 elementor-field-required elementor-mark-required\">\n\t\t\t\t\t\t\t\t\t\t\t\t<label for=\"form-field-name\" class=\"elementor-field-label\">\n\t\t\t\t\t\t\t\tNombre y apellidos\t\t\t\t\t\t\t<\/label>\n\t\t\t\t\t\t\t\t\t\t\t\t\t\t<input size=\"1\" type=\"text\" name=\"form_fields[name]\" id=\"form-field-name\" class=\"elementor-field elementor-size-sm  elementor-field-textual\" placeholder=\"Nom\" required=\"required\">\n\t\t\t\t\t\t\t\t\t\t\t<\/div>\n\t\t\t\t\t\t\t\t<div class=\"elementor-field-type-date elementor-field-group elementor-column elementor-field-group-field_3fd4a90 elementor-col-30 elementor-field-required elementor-mark-required\">\n\t\t\t\t\t\t\t\t\t\t\t\t<label for=\"form-field-field_3fd4a90\" class=\"elementor-field-label\">\n\t\t\t\t\t\t\t\tFecha nacimiento\t\t\t\t\t\t\t<\/label>\n\t\t\t\t\t\t\n\t\t<input type=\"date\" name=\"form_fields[field_3fd4a90]\" id=\"form-field-field_3fd4a90\" class=\"elementor-field elementor-size-sm  elementor-field-textual elementor-date-field\" placeholder=\"DD-MM-AAAA\" required=\"required\" pattern=\"[0-9]{4}-[0-9]{2}-[0-9]{2}\">\n\t\t\t\t\t\t<\/div>\n\t\t\t\t\t\t\t\t<div class=\"elementor-field-type-text elementor-field-group elementor-column elementor-field-group-field_61a5373 elementor-col-30 elementor-field-required elementor-mark-required\">\n\t\t\t\t\t\t\t\t\t\t\t\t<label for=\"form-field-field_61a5373\" class=\"elementor-field-label\">\n\t\t\t\t\t\t\t\tDNI\/NIE\t\t\t\t\t\t\t<\/label>\n\t\t\t\t\t\t\t\t\t\t\t\t\t\t<input size=\"1\" type=\"text\" name=\"form_fields[field_61a5373]\" id=\"form-field-field_61a5373\" class=\"elementor-field elementor-size-sm  elementor-field-textual\" placeholder=\"DNI\/NIE\" required=\"required\">\n\t\t\t\t\t\t\t\t\t\t\t<\/div>\n\t\t\t\t\t\t\t\t<div class=\"elementor-field-type-text elementor-field-group elementor-column elementor-field-group-field_27a16aa elementor-col-70 elementor-field-required elementor-mark-required\">\n\t\t\t\t\t\t\t\t\t\t\t\t<label for=\"form-field-field_27a16aa\" class=\"elementor-field-label\">\n\t\t\t\t\t\t\t\tDireccion\t\t\t\t\t\t\t<\/label>\n\t\t\t\t\t\t\t\t\t\t\t\t\t\t<input size=\"1\" type=\"text\" name=\"form_fields[field_27a16aa]\" id=\"form-field-field_27a16aa\" class=\"elementor-field elementor-size-sm  elementor-field-textual\" placeholder=\"Direccion\" required=\"required\">\n\t\t\t\t\t\t\t\t\t\t\t<\/div>\n\t\t\t\t\t\t\t\t<div class=\"elementor-field-type-text elementor-field-group elementor-column elementor-field-group-field_1f0c8ec elementor-col-40 elementor-field-required elementor-mark-required\">\n\t\t\t\t\t\t\t\t\t\t\t\t<label for=\"form-field-field_1f0c8ec\" class=\"elementor-field-label\">\n\t\t\t\t\t\t\t\tC\u00f3digo postal\t\t\t\t\t\t\t<\/label>\n\t\t\t\t\t\t\t\t\t\t\t\t\t\t<input size=\"1\" type=\"text\" name=\"form_fields[field_1f0c8ec]\" id=\"form-field-field_1f0c8ec\" class=\"elementor-field elementor-size-sm  elementor-field-textual\" placeholder=\"C\u00f3digo postal\" required=\"required\">\n\t\t\t\t\t\t\t\t\t\t\t<\/div>\n\t\t\t\t\t\t\t\t<div class=\"elementor-field-type-text elementor-field-group elementor-column elementor-field-group-field_8268a65 elementor-col-60 elementor-field-required elementor-mark-required\">\n\t\t\t\t\t\t\t\t\t\t\t\t<label for=\"form-field-field_8268a65\" class=\"elementor-field-label\">\n\t\t\t\t\t\t\t\tPoblaci\u00f3n\t\t\t\t\t\t\t<\/label>\n\t\t\t\t\t\t\t\t\t\t\t\t\t\t<input size=\"1\" type=\"text\" name=\"form_fields[field_8268a65]\" id=\"form-field-field_8268a65\" class=\"elementor-field elementor-size-sm  elementor-field-textual\" placeholder=\"Poblaci\u00f3n\" required=\"required\">\n\t\t\t\t\t\t\t\t\t\t\t<\/div>\n\t\t\t\t\t\t\t\t<div class=\"elementor-field-type-tel elementor-field-group elementor-column elementor-field-group-field_18ac24c elementor-col-40 elementor-field-required elementor-mark-required\">\n\t\t\t\t\t\t\t\t\t\t\t\t<label for=\"form-field-field_18ac24c\" class=\"elementor-field-label\">\n\t\t\t\t\t\t\t\tTel\u00e9fono\t\t\t\t\t\t\t<\/label>\n\t\t\t\t\t\t\t\t<input size=\"1\" type=\"tel\" name=\"form_fields[field_18ac24c]\" id=\"form-field-field_18ac24c\" class=\"elementor-field elementor-size-sm  elementor-field-textual\" placeholder=\"Tel\u00e9fono\" required=\"required\" pattern=\"[0-9()#&amp;+*-=.]+\" title=\"Solo se aceptan n\u00fameros y caracteres de tel\u00e9fono (#,-,*,etc).\">\n\n\t\t\t\t\t\t<\/div>\n\t\t\t\t\t\t\t\t<div class=\"elementor-field-type-email elementor-field-group elementor-column elementor-field-group-email elementor-col-60 elementor-field-required elementor-mark-required\">\n\t\t\t\t\t\t\t\t\t\t\t\t<label for=\"form-field-email\" class=\"elementor-field-label\">\n\t\t\t\t\t\t\t\tEmail\t\t\t\t\t\t\t<\/label>\n\t\t\t\t\t\t\t\t\t\t\t\t\t\t<input size=\"1\" type=\"email\" name=\"form_fields[email]\" id=\"form-field-email\" class=\"elementor-field elementor-size-sm  elementor-field-textual\" placeholder=\"Email\" required=\"required\">\n\t\t\t\t\t\t\t\t\t\t\t<\/div>\n\t\t\t\t\t\t\t\t<div class=\"elementor-field-type-text elementor-field-group elementor-column elementor-field-group-field_d88d913 elementor-col-100 elementor-field-required elementor-mark-required\">\n\t\t\t\t\t\t\t\t\t\t\t\t<label for=\"form-field-field_d88d913\" class=\"elementor-field-label\">\n\t\t\t\t\t\t\t\tIndica el tipo de lic\u00e9ncia deseada\t\t\t\t\t\t\t<\/label>\n\t\t\t\t\t\t\t\t\t\t\t\t\t\t<input size=\"1\" type=\"text\" name=\"form_fields[field_d88d913]\" id=\"form-field-field_d88d913\" class=\"elementor-field elementor-size-sm  elementor-field-textual\" required=\"required\">\n\t\t\t\t\t\t\t\t\t\t\t<\/div>\n\t\t\t\t\t\t\t\t<div class=\"elementor-field-type-html elementor-field-group elementor-column elementor-field-group-field_aad73e8 elementor-col-100\">\n\t\t\t\t\t<a href=\"https:\/\/trailbarcelona.com\/wp-content\/uploads\/2025\/12\/LLicencies-FEEC-FEDME-2026.pdf\" target=\"_blank\">Ver tipos de licencias<\/a>\t\t\t\t<\/div>\n\t\t\t\t\t\t\t\t<div class=\"elementor-field-type-textarea elementor-field-group elementor-column elementor-field-group-field_a36a0d7 elementor-col-100\">\n\t\t\t\t\t\t\t\t\t\t\t\t<label for=\"form-field-field_a36a0d7\" class=\"elementor-field-label\">\n\t\t\t\t\t\t\t\tObservaciones\t\t\t\t\t\t\t<\/label>\n\t\t\t\t\t\t<textarea class=\"elementor-field-textual elementor-field  elementor-size-sm\" name=\"form_fields[field_a36a0d7]\" id=\"form-field-field_a36a0d7\" rows=\"2\"><\/textarea>\t\t\t\t<\/div>\n\t\t\t\t\t\t\t\t<div class=\"elementor-field-type-html elementor-field-group elementor-column elementor-field-group-field_ea233f1 elementor-col-100\">\n\t\t\t\t\t<br>\n<h3>PAGO<\/h3>\n\n\nPara poder tramitar la licencia har\u00e1 falta realizar una transferencia a:\n<br>\nC.E. TRAIL BARCELONA SANT JUST\n<br>\nES49 2100 0277 6702 0066 9354\n<br>\nConcepto: Nombre y apellidos<br>\nImporte: precio licencia + cuota socio 20 \u20ac  (en caso de no serlo)\n<br><br>\t\t\t\t<\/div>\n\t\t\t\t\t\t\t\t<div class=\"elementor-field-group elementor-column elementor-field-type-submit elementor-col-100 e-form__buttons\">\n\t\t\t\t\t<button class=\"elementor-button elementor-size-sm\" type=\"submit\">\n\t\t\t\t\t\t<span class=\"elementor-button-content-wrapper\">\n\t\t\t\t\t\t\t\t\t\t\t\t\t\t\t\t\t\t\t\t\t\t<span class=\"elementor-button-text\">Enviar<\/span>\n\t\t\t\t\t\t\t\t\t\t\t\t\t<\/span>\n\t\t\t\t\t<\/button>\n\t\t\t\t<\/div>\n\t\t\t<\/div>\n\t\t<\/form>\n\t\t\t\t\t\t<\/div>\n\t\t\t\t<\/div>\n\t\t\t\t\t<\/div>\n\t\t<\/div>\n\t\t\t\t\t<\/div>\n\t\t<\/section>\n\t\t\t\t<\/div>\n\t\t","protected":false},"excerpt":{"rendered":"<p>FED\u00c9RATE Como entidad miembro de la Federaci\u00f3 d&#8217;Entitats Excursionistes de Catalunya, Trail Barcelona ofrece el servicio de tramitaci\u00f3n de la lic\u00e9ncia federativa de la FEEC. \u00a0 Por qu\u00e9 federarse? La obtenci\u00f3n de la licencia federativa da derecho a un seguro que cubre las diferentes modalidades deportivas. Adem\u00e1s, facilita poder participar en actividades que requieren estar [&hellip;]<\/p>\n","protected":false},"author":1,"featured_media":0,"parent":0,"menu_order":0,"comment_status":"closed","ping_status":"closed","template":"","meta":{"_acf_changed":false,"site-sidebar-layout":"no-sidebar","site-content-layout":"page-builder","ast-site-content-layout":"full-width-container","site-content-style":"unboxed","site-sidebar-style":"unboxed","ast-global-header-display":"","ast-banner-title-visibility":"","ast-main-header-display":"","ast-hfb-above-header-display":"","ast-hfb-below-header-display":"","ast-hfb-mobile-header-display":"","site-post-title":"disabled","ast-breadcrumbs-content":"","ast-featured-img":"disabled","footer-sml-layout":"","ast-disable-related-posts":"","theme-transparent-header-meta":"enabled","adv-header-id-meta":"","stick-header-meta":"","header-above-stick-meta":"","header-main-stick-meta":"","header-below-stick-meta":"","astra-migrate-meta-layouts":"set","ast-page-background-enabled":"default","ast-page-background-meta":{"desktop":{"background-color":"","background-image":"","background-repeat":"repeat","background-position":"center center","background-size":"auto","background-attachment":"scroll","background-type":"","background-media":"","overlay-type":"","overlay-color":"","overlay-opacity":"","overlay-gradient":""},"tablet":{"background-color":"","background-image":"","background-repeat":"repeat","background-position":"center center","background-size":"auto","background-attachment":"scroll","background-type":"","background-media":"","overlay-type":"","overlay-color":"","overlay-opacity":"","overlay-gradient":""},"mobile":{"background-color":"","background-image":"","background-repeat":"repeat","background-position":"center center","background-size":"auto","background-attachment":"scroll","background-type":"","background-media":"","overlay-type":"","overlay-color":"","overlay-opacity":"","overlay-gradient":""}},"ast-content-background-meta":{"desktop":{"background-color":"var(--ast-global-color-5)","background-image":"","background-repeat":"repeat","background-position":"center center","background-size":"auto","background-attachment":"scroll","background-type":"","background-media":"","overlay-type":"","overlay-color":"","overlay-opacity":"","overlay-gradient":""},"tablet":{"background-color":"var(--ast-global-color-5)","background-image":"","background-repeat":"repeat","background-position":"center center","background-size":"auto","background-attachment":"scroll","background-type":"","background-media":"","overlay-type":"","overlay-color":"","overlay-opacity":"","overlay-gradient":""},"mobile":{"background-color":"var(--ast-global-color-5)","background-image":"","background-repeat":"repeat","background-position":"center center","background-size":"auto","background-attachment":"scroll","background-type":"","background-media":"","overlay-type":"","overlay-color":"","overlay-opacity":"","overlay-gradient":""}},"footnotes":""},"class_list":["post-7012","page","type-page","status-publish","hentry"],"acf":[],"_links":{"self":[{"href":"https:\/\/trailbarcelona.com\/es\/wp-json\/wp\/v2\/pages\/7012","targetHints":{"allow":["GET"]}}],"collection":[{"href":"https:\/\/trailbarcelona.com\/es\/wp-json\/wp\/v2\/pages"}],"about":[{"href":"https:\/\/trailbarcelona.com\/es\/wp-json\/wp\/v2\/types\/page"}],"author":[{"embeddable":true,"href":"https:\/\/trailbarcelona.com\/es\/wp-json\/wp\/v2\/users\/1"}],"replies":[{"embeddable":true,"href":"https:\/\/trailbarcelona.com\/es\/wp-json\/wp\/v2\/comments?post=7012"}],"version-history":[{"count":16,"href":"https:\/\/trailbarcelona.com\/es\/wp-json\/wp\/v2\/pages\/7012\/revisions"}],"predecessor-version":[{"id":11762,"href":"https:\/\/trailbarcelona.com\/es\/wp-json\/wp\/v2\/pages\/7012\/revisions\/11762"}],"wp:attachment":[{"href":"https:\/\/trailbarcelona.com\/es\/wp-json\/wp\/v2\/media?parent=7012"}],"curies":[{"name":"wp","href":"https:\/\/api.w.org\/{rel}","templated":true}]}}