{"id":5597,"date":"2023-08-21T09:04:20","date_gmt":"2023-08-21T07:04:20","guid":{"rendered":"https:\/\/trailbarcelona.com\/?page_id=5597"},"modified":"2023-08-29T12:44:04","modified_gmt":"2023-08-29T10:44:04","slug":"inscripcio-2023-post-inscripcio","status":"publish","type":"page","link":"https:\/\/trailbarcelona.com\/es\/inscripcio-2023-post-inscripcio","title":{"rendered":"Inscripcio 2023 &#8211; Post inscripcio"},"content":{"rendered":"\t\t<div data-elementor-type=\"wp-post\" data-elementor-id=\"5597\" class=\"elementor elementor-5597\" data-elementor-post-type=\"page\">\n\t\t\t\t\t\t<section class=\"elementor-section elementor-top-section elementor-element elementor-element-6f4868d elementor-section-boxed elementor-section-height-default elementor-section-height-default\" data-id=\"6f4868d\" data-element_type=\"section\" data-e-type=\"section\" data-settings=\"{&quot;background_background&quot;:&quot;classic&quot;}\">\n\t\t\t\t\t\t\t<div class=\"elementor-background-overlay\"><\/div>\n\t\t\t\t\t\t\t<div class=\"elementor-container elementor-column-gap-default\">\n\t\t\t\t\t<div class=\"elementor-column elementor-col-33 elementor-top-column elementor-element elementor-element-9491375\" data-id=\"9491375\" data-element_type=\"column\" data-e-type=\"column\">\n\t\t\t<div class=\"elementor-widget-wrap\">\n\t\t\t\t\t\t\t<\/div>\n\t\t<\/div>\n\t\t\t\t<div class=\"elementor-column elementor-col-33 elementor-top-column elementor-element elementor-element-7845130\" data-id=\"7845130\" data-element_type=\"column\" data-e-type=\"column\">\n\t\t\t<div class=\"elementor-widget-wrap elementor-element-populated\">\n\t\t\t\t\t\t<div class=\"elementor-element elementor-element-899310c elementor-widget__width-initial elementor-widget elementor-widget-heading\" data-id=\"899310c\" data-element_type=\"widget\" data-e-type=\"widget\" data-widget_type=\"heading.default\">\n\t\t\t\t<div class=\"elementor-widget-container\">\n\t\t\t\t\t<h1 class=\"elementor-heading-title elementor-size-default\">FORMULARIo DE INSCRIPCI\u00f3N RECIBIDO<\/h1>\t\t\t\t<\/div>\n\t\t\t\t<\/div>\n\t\t\t\t\t<\/div>\n\t\t<\/div>\n\t\t\t\t<div class=\"elementor-column elementor-col-33 elementor-top-column elementor-element elementor-element-346beb8\" data-id=\"346beb8\" data-element_type=\"column\" data-e-type=\"column\">\n\t\t\t<div class=\"elementor-widget-wrap\">\n\t\t\t\t\t\t\t<\/div>\n\t\t<\/div>\n\t\t\t\t\t<\/div>\n\t\t<\/section>\n\t\t\t\t<section class=\"elementor-section elementor-top-section elementor-element elementor-element-b5cc62f elementor-section-boxed elementor-section-height-default elementor-section-height-default\" data-id=\"b5cc62f\" data-element_type=\"section\" data-e-type=\"section\">\n\t\t\t\t\t\t<div class=\"elementor-container elementor-column-gap-default\">\n\t\t\t\t\t<div class=\"elementor-column elementor-col-100 elementor-top-column elementor-element elementor-element-6c9f10a\" data-id=\"6c9f10a\" data-element_type=\"column\" data-e-type=\"column\">\n\t\t\t<div class=\"elementor-widget-wrap elementor-element-populated\">\n\t\t\t\t\t\t<div class=\"elementor-element elementor-element-ce47c3d elementor-widget elementor-widget-text-editor\" data-id=\"ce47c3d\" data-element_type=\"widget\" data-e-type=\"widget\" data-widget_type=\"text-editor.default\">\n\t\t\t\t<div class=\"elementor-widget-container\">\n\t\t\t\t\t\t\t\t\t<h3>Para acabar de formalizar la inscripci\u00f3n hay\u00a0 que enviar por correo electr\u00f3nico la siguiente documentaci\u00f3n:<\/h3><h3>1) Documentos<\/h3><p>Recuerda enviar a <a href=\"mailto:info@trailbarcelona.com\">info@trailbarcelona.com<\/a> copia del<\/p><p>&#8211; DNI<br \/>&#8211; Tarjeta sanitaria<br \/>&#8211; Cartilla de vacunaci\u00f3n (solo menores)<\/p><h3>2) Autorizaci\u00f3n<\/h3><p>Devu\u00e9lvenos por email este documento rellenado y firmado:<\/p><h3><a href=\"https:\/\/trailbarcelona.com\/wp-content\/uploads\/2023\/08\/FULL-AUTORITZACIO-ADULTS.pdf\" target=\"_blank\" rel=\"noopener\"><strong><img decoding=\"async\" class=\"alignnone size-full wp-image-5460\" src=\"https:\/\/trailbarcelona.com\/wp-content\/uploads\/2023\/08\/pdf.png\" alt=\"\" width=\"128\" height=\"128\" \/> AUTORIZACI\u00d3N ADULTOS<\/strong><\/a><\/h3><h3><a href=\"https:\/\/trailbarcelona.com\/wp-content\/uploads\/2023\/08\/FULL-AUTORITZACIO-MENORS.pdf\" target=\"_blank\" rel=\"noopener\"><img decoding=\"async\" class=\"alignnone size-full wp-image-5461\" src=\"https:\/\/trailbarcelona.com\/wp-content\/uploads\/2023\/08\/pdf.png\" alt=\"\" width=\"128\" height=\"128\" \/><strong>AUTORIZACION MENORES<\/strong><\/a><\/h3><h3>\u00a0<\/h3><h3>3) Pago<\/h3><p><strong><br \/><\/strong>Se pasar\u00e1 recibo de la matr\u00edcula + primera cuota de septiembre para garantizar la plaza.<\/p><p>El resto de cotas se cobrar\u00e1n a trav\u00e9s de domiciliaci\u00f3n bancaria trimestral (octubre-enero-abril).<br \/>En caso de darse de baja o cualquier modificaci\u00f3n, habr\u00e1 que avisar 15 d\u00edas antes del comienzo de cada trimestre. <br \/>Los gastos por retorno de recibos correr\u00e1n a cuenta del alumno.<\/p><div>\u00a0<\/div>\t\t\t\t\t\t\t\t<\/div>\n\t\t\t\t<\/div>\n\t\t\t\t\t<\/div>\n\t\t<\/div>\n\t\t\t\t\t<\/div>\n\t\t<\/section>\n\t\t\t\t<\/div>\n\t\t","protected":false},"excerpt":{"rendered":"<p>FORMULARIo DE INSCRIPCI\u00f3N RECIBIDO Para acabar de formalizar la inscripci\u00f3n hay\u00a0 que enviar por correo electr\u00f3nico la siguiente documentaci\u00f3n: 1) Documentos Recuerda enviar a info@trailbarcelona.com copia del &#8211; DNI&#8211; Tarjeta sanitaria&#8211; Cartilla de vacunaci\u00f3n (solo menores) 2) Autorizaci\u00f3n Devu\u00e9lvenos por email este documento rellenado y firmado: AUTORIZACI\u00d3N ADULTOS AUTORIZACION MENORES \u00a0 3) Pago Se pasar\u00e1 [&hellip;]<\/p>\n","protected":false},"author":1,"featured_media":0,"parent":0,"menu_order":0,"comment_status":"closed","ping_status":"closed","template":"","meta":{"_acf_changed":false,"site-sidebar-layout":"no-sidebar","site-content-layout":"page-builder","ast-site-content-layout":"default","site-content-style":"default","site-sidebar-style":"default","ast-global-header-display":"","ast-banner-title-visibility":"","ast-main-header-display":"","ast-hfb-above-header-display":"","ast-hfb-below-header-display":"","ast-hfb-mobile-header-display":"","site-post-title":"disabled","ast-breadcrumbs-content":"","ast-featured-img":"disabled","footer-sml-layout":"","ast-disable-related-posts":"","theme-transparent-header-meta":"enabled","adv-header-id-meta":"","stick-header-meta":"","header-above-stick-meta":"","header-main-stick-meta":"","header-below-stick-meta":"","astra-migrate-meta-layouts":"set","ast-page-background-enabled":"default","ast-page-background-meta":{"desktop":{"background-color":"","background-image":"","background-repeat":"repeat","background-position":"center center","background-size":"auto","background-attachment":"scroll","background-type":"","background-media":"","overlay-type":"","overlay-color":"","overlay-opacity":"","overlay-gradient":""},"tablet":{"background-color":"","background-image":"","background-repeat":"repeat","background-position":"center center","background-size":"auto","background-attachment":"scroll","background-type":"","background-media":"","overlay-type":"","overlay-color":"","overlay-opacity":"","overlay-gradient":""},"mobile":{"background-color":"","background-image":"","background-repeat":"repeat","background-position":"center center","background-size":"auto","background-attachment":"scroll","background-type":"","background-media":"","overlay-type":"","overlay-color":"","overlay-opacity":"","overlay-gradient":""}},"ast-content-background-meta":{"desktop":{"background-color":"var(--ast-global-color-5)","background-image":"","background-repeat":"repeat","background-position":"center center","background-size":"auto","background-attachment":"scroll","background-type":"","background-media":"","overlay-type":"","overlay-color":"","overlay-opacity":"","overlay-gradient":""},"tablet":{"background-color":"var(--ast-global-color-5)","background-image":"","background-repeat":"repeat","background-position":"center center","background-size":"auto","background-attachment":"scroll","background-type":"","background-media":"","overlay-type":"","overlay-color":"","overlay-opacity":"","overlay-gradient":""},"mobile":{"background-color":"var(--ast-global-color-5)","background-image":"","background-repeat":"repeat","background-position":"center center","background-size":"auto","background-attachment":"scroll","background-type":"","background-media":"","overlay-type":"","overlay-color":"","overlay-opacity":"","overlay-gradient":""}},"footnotes":""},"class_list":["post-5597","page","type-page","status-publish","hentry"],"acf":[],"_links":{"self":[{"href":"https:\/\/trailbarcelona.com\/es\/wp-json\/wp\/v2\/pages\/5597","targetHints":{"allow":["GET"]}}],"collection":[{"href":"https:\/\/trailbarcelona.com\/es\/wp-json\/wp\/v2\/pages"}],"about":[{"href":"https:\/\/trailbarcelona.com\/es\/wp-json\/wp\/v2\/types\/page"}],"author":[{"embeddable":true,"href":"https:\/\/trailbarcelona.com\/es\/wp-json\/wp\/v2\/users\/1"}],"replies":[{"embeddable":true,"href":"https:\/\/trailbarcelona.com\/es\/wp-json\/wp\/v2\/comments?post=5597"}],"version-history":[{"count":10,"href":"https:\/\/trailbarcelona.com\/es\/wp-json\/wp\/v2\/pages\/5597\/revisions"}],"predecessor-version":[{"id":5694,"href":"https:\/\/trailbarcelona.com\/es\/wp-json\/wp\/v2\/pages\/5597\/revisions\/5694"}],"wp:attachment":[{"href":"https:\/\/trailbarcelona.com\/es\/wp-json\/wp\/v2\/media?parent=5597"}],"curies":[{"name":"wp","href":"https:\/\/api.w.org\/{rel}","templated":true}]}}