{"id":538,"date":"2021-06-18T10:57:05","date_gmt":"2021-06-18T08:57:05","guid":{"rendered":"https:\/\/trailbarcelona.com\/?page_id=538"},"modified":"2023-10-18T22:42:44","modified_gmt":"2023-10-18T20:42:44","slug":"politica-de-privacitat","status":"publish","type":"page","link":"https:\/\/trailbarcelona.com\/es\/politica-de-privacitat","title":{"rendered":"Pol\u00edtica de privacidad"},"content":{"rendered":"\n<h2 class=\"wp-block-heading\"><span style=\"color: #4654a3;\">Pol\u00edtica de privacidad<\/span><\/h2>\r\n<h4><span style=\"color: #4654a3;\">Qui\u00e9nes somos<\/span><\/h4>\n\n\n\n<p>Nuestra direcci\u00f3n web es: https:\/\/trailbarcelona.com. Trail Barcelona es un entidad deportiva registrada como CLUB ESPORTIU DE TRAIL-RUNNIG TRAIL BARCELONA SANT JUST y CIF G56198138,, con direcci\u00f3n Creu 100, 2-2, 08960 Sant Just Desvern, Barcelona.<\/p>\n\n\n\n<h4 class=\"wp-block-heading\"><span style=\"color: #4654a3;\">Comentarios<\/span><\/h4>\n\n\n\n<p>Cuando los visitantes dejan comentarios en la web, recogemos los datos que se muestran en el formulario de contacto, as\u00ed como la direcci\u00f3n IP del visitante y la cadena del agente de usuario del navegador para ayudar a la detecci\u00f3n de mensajes basura. Una cadena anonimizada creada a partir del correo electr\u00f3nico (tambi\u00e9n llamado un hash) puede proporcionarse el servicio Gravatar para ver si la ha usado. La pol\u00edtica de privacidad del servicio Gravatar est\u00e1 disponible en https:\/\/automattic.com\/privacy\/. Una vez aprobado el comentario, la imagen de su perfil es visible al p\u00fablico en el contexto del comentario.<\/p>\n\n\n\n<h4 class=\"wp-block-heading\"><span style=\"color: #4654a3;\">Media<\/span><\/h4>\n\n\n\n<p>Si sube im\u00e1genes en el sitio web, debe evitar subir im\u00e1genes que incluyan datos de geolocalizaci\u00f3n (EXIF GPS) incrustadas. Los visitantes del sitio web pueden descargar y extraer cualquier informaci\u00f3n de las im\u00e1genes de la web.<\/p>\n\n\n\n<h4 class=\"wp-block-heading\"><span style=\"color: #4654a3;\">Galletas<\/span><\/h4>\n\n\n\n<p>Si deja un comentario en la p\u00e1gina web, puede optar por guardar el nombre, la direcci\u00f3n de correo electr\u00f3nico y la p\u00e1gina web en las galletas. Esto es para su comodidad para que no tenga que rellenar los datos de nuevo al hacer otro comentario. Estas galletas durar\u00e1n un a\u00f1o. Si tiene una cuenta y acceda en esta p\u00e1gina web, se definir\u00e1 una cookie temporal para determinar si el navegador acepta cookies. Esta cookie no contiene datos personales y se descartar\u00e1 al cerrar el navegador. Cuando inicie sesi\u00f3n, tambi\u00e9n se configurar\u00e1n varias galletas para guardar la informaci\u00f3n de inicio de sesi\u00f3n y las opciones de visualizaci\u00f3n de la pantalla. Las cookies de inicio de sesi\u00f3n duran dos d\u00edas, y las galletas de las opciones de pantalla duran un a\u00f1o. Si selecciona &#8220;Recordarme&#8221;, el inicio de sesi\u00f3n persistir\u00e1 durante dos semanas. Si finaliza la sesi\u00f3n, las cookies de inicio de sesi\u00f3n ser\u00e1n suprimidas. Si edita o publica un art\u00edculo, una galleta adicional se guardar\u00e1 en el navegador. Esta cookie no incluye datos personales y simplemente indica el identificador de la entrada que acaba de editar. Expira despu\u00e9s de un d\u00eda.<\/p>\n\n\n\n<h4 class=\"wp-block-heading\"><span style=\"color: #4654a3;\">Contenido incrustado de otros sitios web<\/span><\/h4>\n\n\n\n<p>Los art\u00edculos en esta p\u00e1gina web incluyen contenido integrado (por ejemplo, v\u00eddeos, im\u00e1genes, art\u00edculos, etc.). El contenido incrustado desde otras p\u00e1ginas web se comporta exactamente de la misma manera que si el visitante estuviera visitando la otra p\u00e1gina web. Estas p\u00e1ginas web pueden recoger datos sobre usted, usar cookies, incrustar seguimiento adicional de terceras partes, y monitorizar la interacci\u00f3n con el contenido integrado, incluyendo la traza de la interacci\u00f3n con el contenido incrustado si tiene una cuenta y est\u00e1 conectado en esta p\u00e1gina web.<\/p>\n\n\n\n<h4 class=\"wp-block-heading\"><span style=\"color: #4654a3;\">Con quien compartimos vuestros datos<\/span><\/h4>\n\n\n\n<p>Si solicita un reinicio de contrase\u00f1a, la direcci\u00f3n UP se incluir\u00e1 en el correo electr\u00f3nico de restablecimiento.<\/p>\n\n\n\n<h4 class=\"wp-block-heading\"><span style=\"color: #4654a3;\">Cuanto tiempo retenemos los datos<\/span><\/h4>\n\n\n\n<p>Si deja un comentario, el comentario y sus datos se retienen indefinidamente. Esto es para poder reconocer y aprobar autom\u00e1ticamente cualquier comentario de seguimiento en lugar de mantenerlos en la cola de moderaci\u00f3n. Para los usuarios que se registran en la web (si hay), tambi\u00e9n almacenamos la informaci\u00f3n personal que proporcionan a su perfil de usuario. Todos los usuarios pueden ver, editar o eliminar su informaci\u00f3n personal en cualquier momento (excepto que no pueden cambiar su nombre de usuario). Los administradores de la p\u00e1gina web pueden tambi\u00e9n editar esta informaci\u00f3n.<\/p>\n\n\n\n<h4 class=\"wp-block-heading\"><span style=\"color: #4654a3;\">Que derechos ten\u00e9is sobre vuestros datos<\/span><\/h4>\n\n\n\n<p>Si tiene una cuenta en este sitio web o ha dejado comentarios, puede solicitar que le env\u00eden un fichero de exportaci\u00f3n de sus datos personales, incluyendo todos los datos que nos haya proporcionado. Tambi\u00e9n puede pedir que borremos cualquier dato personal vuestro que tengamos. Esto no incluye los datos que estemos obligados a conservar con prop\u00f3sitos administrativos, legales o de seguridad.<\/p>\n\n\n\n<h4 class=\"wp-block-heading\"><span style=\"color: #4654a3;\">Donde enviamos vuestros datos<\/span><\/h4>\n\n\n\n<p>Los comentarios de los visitantes deben ser comprobados mediante un servicio de detecci\u00f3n de basura automatizado.<\/p>\n","protected":false},"excerpt":{"rendered":"<p>Pol\u00edtica de privacidad Qui\u00e9nes somos Nuestra direcci\u00f3n web es: https:\/\/trailbarcelona.com. Trail Barcelona es un entidad deportiva registrada como CLUB ESPORTIU DE TRAIL-RUNNIG TRAIL BARCELONA SANT JUST y CIF G56198138,, con direcci\u00f3n Creu 100, 2-2, 08960 Sant Just Desvern, Barcelona. Comentarios Cuando los visitantes dejan comentarios en la web, recogemos los datos que se muestran en [&hellip;]<\/p>\n","protected":false},"author":1,"featured_media":0,"parent":0,"menu_order":0,"comment_status":"closed","ping_status":"closed","template":"","meta":{"_acf_changed":false,"site-sidebar-layout":"default","site-content-layout":"default","ast-site-content-layout":"default","site-content-style":"default","site-sidebar-style":"default","ast-global-header-display":"","ast-banner-title-visibility":"","ast-main-header-display":"","ast-hfb-above-header-display":"","ast-hfb-below-header-display":"","ast-hfb-mobile-header-display":"","site-post-title":"disabled","ast-breadcrumbs-content":"","ast-featured-img":"","footer-sml-layout":"","ast-disable-related-posts":"","theme-transparent-header-meta":"default","adv-header-id-meta":"","stick-header-meta":"","header-above-stick-meta":"","header-main-stick-meta":"","header-below-stick-meta":"","astra-migrate-meta-layouts":"default","ast-page-background-enabled":"default","ast-page-background-meta":{"desktop":{"background-color":"","background-image":"","background-repeat":"repeat","background-position":"center center","background-size":"auto","background-attachment":"scroll","background-type":"","background-media":"","overlay-type":"","overlay-color":"","overlay-opacity":"","overlay-gradient":""},"tablet":{"background-color":"","background-image":"","background-repeat":"repeat","background-position":"center center","background-size":"auto","background-attachment":"scroll","background-type":"","background-media":"","overlay-type":"","overlay-color":"","overlay-opacity":"","overlay-gradient":""},"mobile":{"background-color":"","background-image":"","background-repeat":"repeat","background-position":"center center","background-size":"auto","background-attachment":"scroll","background-type":"","background-media":"","overlay-type":"","overlay-color":"","overlay-opacity":"","overlay-gradient":""}},"ast-content-background-meta":{"desktop":{"background-color":"var(--ast-global-color-5)","background-image":"","background-repeat":"repeat","background-position":"center center","background-size":"auto","background-attachment":"scroll","background-type":"","background-media":"","overlay-type":"","overlay-color":"","overlay-opacity":"","overlay-gradient":""},"tablet":{"background-color":"var(--ast-global-color-5)","background-image":"","background-repeat":"repeat","background-position":"center center","background-size":"auto","background-attachment":"scroll","background-type":"","background-media":"","overlay-type":"","overlay-color":"","overlay-opacity":"","overlay-gradient":""},"mobile":{"background-color":"var(--ast-global-color-5)","background-image":"","background-repeat":"repeat","background-position":"center center","background-size":"auto","background-attachment":"scroll","background-type":"","background-media":"","overlay-type":"","overlay-color":"","overlay-opacity":"","overlay-gradient":""}},"footnotes":""},"class_list":["post-538","page","type-page","status-publish","hentry"],"acf":[],"_links":{"self":[{"href":"https:\/\/trailbarcelona.com\/es\/wp-json\/wp\/v2\/pages\/538","targetHints":{"allow":["GET"]}}],"collection":[{"href":"https:\/\/trailbarcelona.com\/es\/wp-json\/wp\/v2\/pages"}],"about":[{"href":"https:\/\/trailbarcelona.com\/es\/wp-json\/wp\/v2\/types\/page"}],"author":[{"embeddable":true,"href":"https:\/\/trailbarcelona.com\/es\/wp-json\/wp\/v2\/users\/1"}],"replies":[{"embeddable":true,"href":"https:\/\/trailbarcelona.com\/es\/wp-json\/wp\/v2\/comments?post=538"}],"version-history":[{"count":7,"href":"https:\/\/trailbarcelona.com\/es\/wp-json\/wp\/v2\/pages\/538\/revisions"}],"predecessor-version":[{"id":6225,"href":"https:\/\/trailbarcelona.com\/es\/wp-json\/wp\/v2\/pages\/538\/revisions\/6225"}],"wp:attachment":[{"href":"https:\/\/trailbarcelona.com\/es\/wp-json\/wp\/v2\/media?parent=538"}],"curies":[{"name":"wp","href":"https:\/\/api.w.org\/{rel}","templated":true}]}}