{"id":5356,"date":"2023-07-12T17:56:04","date_gmt":"2023-07-12T15:56:04","guid":{"rendered":"https:\/\/trailbarcelona.com\/inscripcions-2023-24"},"modified":"2023-10-10T10:06:13","modified_gmt":"2023-10-10T08:06:13","slug":"inscripcions-2023-24","status":"publish","type":"page","link":"https:\/\/trailbarcelona.com\/es\/inscripcions-2023-24","title":{"rendered":"Inscripcions 2023"},"content":{"rendered":"\t\t<div data-elementor-type=\"wp-post\" data-elementor-id=\"5356\" class=\"elementor elementor-5356\" data-elementor-post-type=\"page\">\n\t\t\t\t\t\t<section class=\"elementor-section elementor-top-section elementor-element elementor-element-6f4868d elementor-section-boxed elementor-section-height-default elementor-section-height-default\" data-id=\"6f4868d\" data-element_type=\"section\" data-e-type=\"section\" data-settings=\"{&quot;background_background&quot;:&quot;classic&quot;}\">\n\t\t\t\t\t\t\t<div class=\"elementor-background-overlay\"><\/div>\n\t\t\t\t\t\t\t<div class=\"elementor-container elementor-column-gap-default\">\n\t\t\t\t\t<div class=\"elementor-column elementor-col-33 elementor-top-column elementor-element elementor-element-9491375\" data-id=\"9491375\" data-element_type=\"column\" data-e-type=\"column\">\n\t\t\t<div class=\"elementor-widget-wrap\">\n\t\t\t\t\t\t\t<\/div>\n\t\t<\/div>\n\t\t\t\t<div class=\"elementor-column elementor-col-33 elementor-top-column elementor-element elementor-element-7845130\" data-id=\"7845130\" data-element_type=\"column\" data-e-type=\"column\">\n\t\t\t<div class=\"elementor-widget-wrap elementor-element-populated\">\n\t\t\t\t\t\t<div class=\"elementor-element elementor-element-899310c elementor-widget elementor-widget-heading\" data-id=\"899310c\" data-element_type=\"widget\" data-e-type=\"widget\" data-widget_type=\"heading.default\">\n\t\t\t\t<div class=\"elementor-widget-container\">\n\t\t\t\t\t<h1 class=\"elementor-heading-title elementor-size-default\">FORMULARI D'Inscripci\u00d3<br>CURS 2023-2024<\/h1>\t\t\t\t<\/div>\n\t\t\t\t<\/div>\n\t\t\t\t\t<\/div>\n\t\t<\/div>\n\t\t\t\t<div class=\"elementor-column elementor-col-33 elementor-top-column elementor-element elementor-element-346beb8\" data-id=\"346beb8\" data-element_type=\"column\" data-e-type=\"column\">\n\t\t\t<div class=\"elementor-widget-wrap\">\n\t\t\t\t\t\t\t<\/div>\n\t\t<\/div>\n\t\t\t\t\t<\/div>\n\t\t<\/section>\n\t\t\t\t<section class=\"elementor-section elementor-top-section elementor-element elementor-element-b5cc62f elementor-section-boxed elementor-section-height-default elementor-section-height-default\" data-id=\"b5cc62f\" data-element_type=\"section\" data-e-type=\"section\">\n\t\t\t\t\t\t<div class=\"elementor-container elementor-column-gap-default\">\n\t\t\t\t\t<div class=\"elementor-column elementor-col-100 elementor-top-column elementor-element elementor-element-6c9f10a\" data-id=\"6c9f10a\" data-element_type=\"column\" data-e-type=\"column\">\n\t\t\t<div class=\"elementor-widget-wrap elementor-element-populated\">\n\t\t\t\t\t\t<div class=\"elementor-element elementor-element-b34782d elementor-button-align-start elementor-widget elementor-widget-form\" data-id=\"b34782d\" data-element_type=\"widget\" data-e-type=\"widget\" data-settings=\"{&quot;button_width&quot;:&quot;100&quot;,&quot;step_type&quot;:&quot;number_text&quot;,&quot;step_icon_shape&quot;:&quot;circle&quot;}\" data-widget_type=\"form.default\">\n\t\t\t\t<div class=\"elementor-widget-container\">\n\t\t\t\t\t\t\t<form class=\"elementor-form\" method=\"post\" id=\"INSCRIPCIONS\" name=\"Formulari inscripcio CAT\" aria-label=\"Formulari inscripcio CAT\">\n\t\t\t<input type=\"hidden\" name=\"post_id\" value=\"5356\"\/>\n\t\t\t<input type=\"hidden\" name=\"form_id\" value=\"b34782d\"\/>\n\t\t\t<input type=\"hidden\" name=\"referer_title\" value=\"Inscripcions 2023\" \/>\n\n\t\t\t\t\t\t\t<input type=\"hidden\" name=\"queried_id\" value=\"5356\"\/>\n\t\t\t\n\t\t\t<div class=\"elementor-form-fields-wrapper elementor-labels-above\">\n\t\t\t\t\t\t\t\t<div class=\"elementor-field-type-html elementor-field-group elementor-column elementor-field-group-field_7c4e42c elementor-col-100\">\n\t\t\t\t\t<h3>Alumne\/a<\/h3>\t\t\t\t<\/div>\n\t\t\t\t\t\t\t\t<div class=\"elementor-field-type-text elementor-field-group elementor-column elementor-field-group-name elementor-col-70 elementor-field-required elementor-mark-required\">\n\t\t\t\t\t\t\t\t\t\t\t\t<label for=\"form-field-name\" class=\"elementor-field-label\">\n\t\t\t\t\t\t\t\tNom i cognoms\t\t\t\t\t\t\t<\/label>\n\t\t\t\t\t\t\t\t\t\t\t\t\t\t<input size=\"1\" type=\"text\" name=\"form_fields[name]\" id=\"form-field-name\" class=\"elementor-field elementor-size-sm  elementor-field-textual\" placeholder=\"Nom\" required=\"required\">\n\t\t\t\t\t\t\t\t\t\t\t<\/div>\n\t\t\t\t\t\t\t\t<div class=\"elementor-field-type-date elementor-field-group elementor-column elementor-field-group-field_3fd4a90 elementor-col-30 elementor-field-required elementor-mark-required\">\n\t\t\t\t\t\t\t\t\t\t\t\t<label for=\"form-field-field_3fd4a90\" class=\"elementor-field-label\">\n\t\t\t\t\t\t\t\tData naixement\t\t\t\t\t\t\t<\/label>\n\t\t\t\t\t\t\n\t\t<input type=\"date\" name=\"form_fields[field_3fd4a90]\" id=\"form-field-field_3fd4a90\" class=\"elementor-field elementor-size-sm  elementor-field-textual elementor-date-field\" placeholder=\"DD-MM-AAAA\" required=\"required\" pattern=\"[0-9]{4}-[0-9]{2}-[0-9]{2}\">\n\t\t\t\t\t\t<\/div>\n\t\t\t\t\t\t\t\t<div class=\"elementor-field-type-text elementor-field-group elementor-column elementor-field-group-field_61a5373 elementor-col-30\">\n\t\t\t\t\t\t\t\t\t\t\t\t<label for=\"form-field-field_61a5373\" class=\"elementor-field-label\">\n\t\t\t\t\t\t\t\tDNI\/NIE (si disposa)\t\t\t\t\t\t\t<\/label>\n\t\t\t\t\t\t\t\t\t\t\t\t\t\t<input size=\"1\" type=\"text\" name=\"form_fields[field_61a5373]\" id=\"form-field-field_61a5373\" class=\"elementor-field elementor-size-sm  elementor-field-textual\" placeholder=\"DNI\/NIE\">\n\t\t\t\t\t\t\t\t\t\t\t<\/div>\n\t\t\t\t\t\t\t\t<div class=\"elementor-field-type-text elementor-field-group elementor-column elementor-field-group-field_27a16aa elementor-col-70 elementor-field-required elementor-mark-required\">\n\t\t\t\t\t\t\t\t\t\t\t\t<label for=\"form-field-field_27a16aa\" class=\"elementor-field-label\">\n\t\t\t\t\t\t\t\tAdre\u00e7a\t\t\t\t\t\t\t<\/label>\n\t\t\t\t\t\t\t\t\t\t\t\t\t\t<input size=\"1\" type=\"text\" name=\"form_fields[field_27a16aa]\" id=\"form-field-field_27a16aa\" class=\"elementor-field elementor-size-sm  elementor-field-textual\" placeholder=\"Adre\u00e7a\" required=\"required\">\n\t\t\t\t\t\t\t\t\t\t\t<\/div>\n\t\t\t\t\t\t\t\t<div class=\"elementor-field-type-text elementor-field-group elementor-column elementor-field-group-field_1f0c8ec elementor-col-40 elementor-field-required elementor-mark-required\">\n\t\t\t\t\t\t\t\t\t\t\t\t<label for=\"form-field-field_1f0c8ec\" class=\"elementor-field-label\">\n\t\t\t\t\t\t\t\tCodi postal\t\t\t\t\t\t\t<\/label>\n\t\t\t\t\t\t\t\t\t\t\t\t\t\t<input size=\"1\" type=\"text\" name=\"form_fields[field_1f0c8ec]\" id=\"form-field-field_1f0c8ec\" class=\"elementor-field elementor-size-sm  elementor-field-textual\" placeholder=\"Codi postal\" required=\"required\">\n\t\t\t\t\t\t\t\t\t\t\t<\/div>\n\t\t\t\t\t\t\t\t<div class=\"elementor-field-type-text elementor-field-group elementor-column elementor-field-group-field_8268a65 elementor-col-60 elementor-field-required elementor-mark-required\">\n\t\t\t\t\t\t\t\t\t\t\t\t<label for=\"form-field-field_8268a65\" class=\"elementor-field-label\">\n\t\t\t\t\t\t\t\tPoblaci\u00f3\t\t\t\t\t\t\t<\/label>\n\t\t\t\t\t\t\t\t\t\t\t\t\t\t<input size=\"1\" type=\"text\" name=\"form_fields[field_8268a65]\" id=\"form-field-field_8268a65\" class=\"elementor-field elementor-size-sm  elementor-field-textual\" placeholder=\"Poblaci\u00f3\" required=\"required\">\n\t\t\t\t\t\t\t\t\t\t\t<\/div>\n\t\t\t\t\t\t\t\t<div class=\"elementor-field-type-tel elementor-field-group elementor-column elementor-field-group-field_18ac24c elementor-col-40 elementor-field-required elementor-mark-required\">\n\t\t\t\t\t\t\t\t\t\t\t\t<label for=\"form-field-field_18ac24c\" class=\"elementor-field-label\">\n\t\t\t\t\t\t\t\tTel\u00e8fon\t\t\t\t\t\t\t<\/label>\n\t\t\t\t\t\t\t\t<input size=\"1\" type=\"tel\" name=\"form_fields[field_18ac24c]\" id=\"form-field-field_18ac24c\" class=\"elementor-field elementor-size-sm  elementor-field-textual\" placeholder=\"Tel\u00e8fon\" required=\"required\" pattern=\"[0-9()#&amp;+*-=.]+\" title=\"Solo se aceptan n\u00fameros y caracteres de tel\u00e9fono (#,-,*,etc).\">\n\n\t\t\t\t\t\t<\/div>\n\t\t\t\t\t\t\t\t<div class=\"elementor-field-type-email elementor-field-group elementor-column elementor-field-group-email elementor-col-60 elementor-field-required elementor-mark-required\">\n\t\t\t\t\t\t\t\t\t\t\t\t<label for=\"form-field-email\" class=\"elementor-field-label\">\n\t\t\t\t\t\t\t\tEmail\t\t\t\t\t\t\t<\/label>\n\t\t\t\t\t\t\t\t\t\t\t\t\t\t<input size=\"1\" type=\"email\" name=\"form_fields[email]\" id=\"form-field-email\" class=\"elementor-field elementor-size-sm  elementor-field-textual\" placeholder=\"Email\" required=\"required\">\n\t\t\t\t\t\t\t\t\t\t\t<\/div>\n\t\t\t\t\t\t\t\t<div class=\"elementor-field-type-select elementor-field-group elementor-column elementor-field-group-field_3062f89 elementor-col-50 elementor-field-required elementor-mark-required\">\n\t\t\t\t\t\t\t\t\t\t\t\t<label for=\"form-field-field_3062f89\" class=\"elementor-field-label\">\n\t\t\t\t\t\t\t\tGrup:\t\t\t\t\t\t\t<\/label>\n\t\t\t\t\t\t\t\t<div class=\"elementor-field elementor-select-wrapper remove-before \">\n\t\t\t<div class=\"select-caret-down-wrapper\">\n\t\t\t\t<i aria-hidden=\"true\" class=\"eicon-caret-down\"><\/i>\t\t\t<\/div>\n\t\t\t<select name=\"form_fields[field_3062f89]\" id=\"form-field-field_3062f89\" class=\"elementor-field-textual elementor-size-sm\" required=\"required\">\n\t\t\t\t\t\t\t\t\t<option value=\"\">Grup <\/option>\n\t\t\t\t\t\t\t\t\t<option value=\"4 - 6 anys (dimarts i dijous de 17:15 a 18:30 h)\">4 - 6 anys (dimarts i dijous de 17:15 a 18:30 h)<\/option>\n\t\t\t\t\t\t\t\t\t<option value=\"7 - 10 anys (dimarts i dijous de 17:15 a 18:30 h)\">7 - 10 anys (dimarts i dijous de 17:15 a 18:30 h)<\/option>\n\t\t\t\t\t\t\t\t\t<option value=\"11 - 17 anys (dimarts i dijous de 18:30 a 20:00 h)\">11 - 17 anys (dimarts i dijous de 18:30 a 20:00 h)<\/option>\n\t\t\t\t\t\t\t\t\t<option value=\"Trail Adults Mitj\u00e0 (dilluns i dimecres de 19:30 a 21:00 h)\">Trail Adults Mitj\u00e0 (dilluns i dimecres de 19:30 a 21:00 h)<\/option>\n\t\t\t\t\t\t\t\t\t<option value=\"Trail Adults Avan\u00e7at (dilluns i dimecres de 19:30 a 21:00 h)\">Trail Adults Avan\u00e7at (dilluns i dimecres de 19:30 a 21:00 h)<\/option>\n\t\t\t\t\t\t\t\t\t<option value=\"Fast Hiking Adults (dimarts i dijous de 19:00 a 20:30 h)\">Fast Hiking Adults (dimarts i dijous de 19:00 a 20:30 h)<\/option>\n\t\t\t\t\t\t\t<\/select>\n\t\t<\/div>\n\t\t\t\t\t\t<\/div>\n\t\t\t\t\t\t\t\t<div class=\"elementor-field-type-select elementor-field-group elementor-column elementor-field-group-field_c9848cc elementor-col-50\">\n\t\t\t\t\t\t\t\t\t\t\t\t<label for=\"form-field-field_c9848cc\" class=\"elementor-field-label\">\n\t\t\t\t\t\t\t\tEn cas d'un dia\/setmana, tria el dia\t\t\t\t\t\t\t<\/label>\n\t\t\t\t\t\t\t\t<div class=\"elementor-field elementor-select-wrapper remove-before \">\n\t\t\t<div class=\"select-caret-down-wrapper\">\n\t\t\t\t<i aria-hidden=\"true\" class=\"eicon-caret-down\"><\/i>\t\t\t<\/div>\n\t\t\t<select name=\"form_fields[field_c9848cc]\" id=\"form-field-field_c9848cc\" class=\"elementor-field-textual elementor-size-sm\">\n\t\t\t\t\t\t\t\t\t<option value=\"\">Seleccionar dia <\/option>\n\t\t\t\t\t\t\t\t\t<option value=\"Dilluns\">Dilluns<\/option>\n\t\t\t\t\t\t\t\t\t<option value=\"Dimarts\">Dimarts<\/option>\n\t\t\t\t\t\t\t\t\t<option value=\"Dimecres\">Dimecres<\/option>\n\t\t\t\t\t\t\t\t\t<option value=\"Dijous\">Dijous<\/option>\n\t\t\t\t\t\t\t<\/select>\n\t\t<\/div>\n\t\t\t\t\t\t<\/div>\n\t\t\t\t\t\t\t\t<div class=\"elementor-field-type-html elementor-field-group elementor-column elementor-field-group-field_e69a2a2 elementor-col-100\">\n\t\t\t\t\t* La selecci\u00f3 de grup \u00e9s orientativa i ser\u00e0 l'equip t\u00e8cnic qui valorar\u00e0 els possibles canvis.<br>\n* L'alumnat que s'inscrigui 2 dies\/setmana tindr\u00e0 prioritat en l'assignaci\u00f3 de places.  \t\t\t\t<\/div>\n\t\t\t\t\t\t\t\t<div class=\"elementor-field-type-select elementor-field-group elementor-column elementor-field-group-field_2821602 elementor-col-50 elementor-field-required elementor-mark-required\">\n\t\t\t\t\t\t\t\t\t\t\t\t<label for=\"form-field-field_2821602\" class=\"elementor-field-label\">\n\t\t\t\t\t\t\t\tTalla samarreta\t\t\t\t\t\t\t<\/label>\n\t\t\t\t\t\t\t\t<div class=\"elementor-field elementor-select-wrapper remove-before \">\n\t\t\t<div class=\"select-caret-down-wrapper\">\n\t\t\t\t<i aria-hidden=\"true\" class=\"eicon-caret-down\"><\/i>\t\t\t<\/div>\n\t\t\t<select name=\"form_fields[field_2821602]\" id=\"form-field-field_2821602\" class=\"elementor-field-textual elementor-size-sm\" required=\"required\">\n\t\t\t\t\t\t\t\t\t<option value=\"\">Talla <\/option>\n\t\t\t\t\t\t\t\t\t<option value=\"4 anys\">4 anys<\/option>\n\t\t\t\t\t\t\t\t\t<option value=\"6 anys\">6 anys<\/option>\n\t\t\t\t\t\t\t\t\t<option value=\"8 anys\">8 anys<\/option>\n\t\t\t\t\t\t\t\t\t<option value=\"10 anys\">10 anys<\/option>\n\t\t\t\t\t\t\t\t\t<option value=\"12 anys\">12 anys<\/option>\n\t\t\t\t\t\t\t\t\t<option value=\"14 anys\">14 anys<\/option>\n\t\t\t\t\t\t\t\t\t<option value=\"Dona XS\">Dona XS<\/option>\n\t\t\t\t\t\t\t\t\t<option value=\"Dona S \">Dona S <\/option>\n\t\t\t\t\t\t\t\t\t<option value=\"Dona M \">Dona M <\/option>\n\t\t\t\t\t\t\t\t\t<option value=\"Dona L\">Dona L<\/option>\n\t\t\t\t\t\t\t\t\t<option value=\"Dona XL\">Dona XL<\/option>\n\t\t\t\t\t\t\t\t\t<option value=\"Home XS\">Home XS<\/option>\n\t\t\t\t\t\t\t\t\t<option value=\"Home S \">Home S <\/option>\n\t\t\t\t\t\t\t\t\t<option value=\"Home M\">Home M<\/option>\n\t\t\t\t\t\t\t\t\t<option value=\"Home L\">Home L<\/option>\n\t\t\t\t\t\t\t\t\t<option value=\"Home XL\">Home XL<\/option>\n\t\t\t\t\t\t\t\t\t<option value=\"Home XXL\">Home XXL<\/option>\n\t\t\t\t\t\t\t<\/select>\n\t\t<\/div>\n\t\t\t\t\t\t<\/div>\n\t\t\t\t\t\t\t\t<div class=\"elementor-field-type-select elementor-field-group elementor-column elementor-field-group-field_d88d913 elementor-col-50 elementor-field-required elementor-mark-required\">\n\t\t\t\t\t\t\t\t\t\t\t\t<label for=\"form-field-field_d88d913\" class=\"elementor-field-label\">\n\t\t\t\t\t\t\t\tCom ens has conegut?\t\t\t\t\t\t\t<\/label>\n\t\t\t\t\t\t\t\t<div class=\"elementor-field elementor-select-wrapper remove-before \">\n\t\t\t<div class=\"select-caret-down-wrapper\">\n\t\t\t\t<i aria-hidden=\"true\" class=\"eicon-caret-down\"><\/i>\t\t\t<\/div>\n\t\t\t<select name=\"form_fields[field_d88d913]\" id=\"form-field-field_d88d913\" class=\"elementor-field-textual elementor-size-sm\" required=\"required\">\n\t\t\t\t\t\t\t\t\t<option value=\"\">Com ens has conegut? <\/option>\n\t\t\t\t\t\t\t\t\t<option value=\"Internet\">Internet<\/option>\n\t\t\t\t\t\t\t\t\t<option value=\"Xarxes socials\">Xarxes socials<\/option>\n\t\t\t\t\t\t\t\t\t<option value=\"Amic\/ga \">Amic\/ga <\/option>\n\t\t\t\t\t\t\t\t\t<option value=\"Publicitat \">Publicitat <\/option>\n\t\t\t\t\t\t\t\t\t<option value=\"Mitjans de comunicaci\u00f3\">Mitjans de comunicaci\u00f3<\/option>\n\t\t\t\t\t\t\t\t\t<option value=\"Altres\">Altres<\/option>\n\t\t\t\t\t\t\t<\/select>\n\t\t<\/div>\n\t\t\t\t\t\t<\/div>\n\t\t\t\t\t\t\t\t<div class=\"elementor-field-type-textarea elementor-field-group elementor-column elementor-field-group-field_a36a0d7 elementor-col-100\">\n\t\t\t\t\t\t\t\t\t\t\t\t<label for=\"form-field-field_a36a0d7\" class=\"elementor-field-label\">\n\t\t\t\t\t\t\t\tObservacions\t\t\t\t\t\t\t<\/label>\n\t\t\t\t\t\t<textarea class=\"elementor-field-textual elementor-field  elementor-size-sm\" name=\"form_fields[field_a36a0d7]\" id=\"form-field-field_a36a0d7\" rows=\"2\"><\/textarea>\t\t\t\t<\/div>\n\t\t\t\t\t\t\t\t<div class=\"elementor-field-type-html elementor-field-group elementor-column elementor-field-group-field_d714de6 elementor-col-100\">\n\t\t\t\t\t<h3>Pare, mare o tutor\/a legal (en cas de menors)<\/h3>\t\t\t\t<\/div>\n\t\t\t\t\t\t\t\t<div class=\"elementor-field-type-text elementor-field-group elementor-column elementor-field-group-field_50a2741 elementor-col-70\">\n\t\t\t\t\t\t\t\t\t\t\t\t<label for=\"form-field-field_50a2741\" class=\"elementor-field-label\">\n\t\t\t\t\t\t\t\tNom i cognoms\t\t\t\t\t\t\t<\/label>\n\t\t\t\t\t\t\t\t\t\t\t\t\t\t<input size=\"1\" type=\"text\" name=\"form_fields[field_50a2741]\" id=\"form-field-field_50a2741\" class=\"elementor-field elementor-size-sm  elementor-field-textual\" placeholder=\"Nom\">\n\t\t\t\t\t\t\t\t\t\t\t<\/div>\n\t\t\t\t\t\t\t\t<div class=\"elementor-field-type-text elementor-field-group elementor-column elementor-field-group-field_0dd74a6 elementor-col-30\">\n\t\t\t\t\t\t\t\t\t\t\t\t<label for=\"form-field-field_0dd74a6\" class=\"elementor-field-label\">\n\t\t\t\t\t\t\t\tDNI\/NIE\t\t\t\t\t\t\t<\/label>\n\t\t\t\t\t\t\t\t\t\t\t\t\t\t<input size=\"1\" type=\"text\" name=\"form_fields[field_0dd74a6]\" id=\"form-field-field_0dd74a6\" class=\"elementor-field elementor-size-sm  elementor-field-textual\" placeholder=\"DNI\/NIE\">\n\t\t\t\t\t\t\t\t\t\t\t<\/div>\n\t\t\t\t\t\t\t\t<div class=\"elementor-field-type-tel elementor-field-group elementor-column elementor-field-group-field_ecf3c0b elementor-col-40\">\n\t\t\t\t\t\t\t\t\t\t\t\t<label for=\"form-field-field_ecf3c0b\" class=\"elementor-field-label\">\n\t\t\t\t\t\t\t\tTel\u00e8fon\t\t\t\t\t\t\t<\/label>\n\t\t\t\t\t\t\t\t<input size=\"1\" type=\"tel\" name=\"form_fields[field_ecf3c0b]\" id=\"form-field-field_ecf3c0b\" class=\"elementor-field elementor-size-sm  elementor-field-textual\" placeholder=\"Tel\u00e8fon\" pattern=\"[0-9()#&amp;+*-=.]+\" title=\"Solo se aceptan n\u00fameros y caracteres de tel\u00e9fono (#,-,*,etc).\">\n\n\t\t\t\t\t\t<\/div>\n\t\t\t\t\t\t\t\t<div class=\"elementor-field-type-email elementor-field-group elementor-column elementor-field-group-field_0168d89 elementor-col-60\">\n\t\t\t\t\t\t\t\t\t\t\t\t<label for=\"form-field-field_0168d89\" class=\"elementor-field-label\">\n\t\t\t\t\t\t\t\tEmail\t\t\t\t\t\t\t<\/label>\n\t\t\t\t\t\t\t\t\t\t\t\t\t\t<input size=\"1\" type=\"email\" name=\"form_fields[field_0168d89]\" id=\"form-field-field_0168d89\" class=\"elementor-field elementor-size-sm  elementor-field-textual\" placeholder=\"Email\">\n\t\t\t\t\t\t\t\t\t\t\t<\/div>\n\t\t\t\t\t\t\t\t<div class=\"elementor-field-type-html elementor-field-group elementor-column elementor-field-group-field_d9cfef0 elementor-col-100\">\n\t\t\t\t\t<h3>Dades banc\u00e0ries<\/h3>\t\t\t\t<\/div>\n\t\t\t\t\t\t\t\t<div class=\"elementor-field-type-text elementor-field-group elementor-column elementor-field-group-field_8378740 elementor-col-50 elementor-field-required elementor-mark-required\">\n\t\t\t\t\t\t\t\t\t\t\t\t<label for=\"form-field-field_8378740\" class=\"elementor-field-label\">\n\t\t\t\t\t\t\t\tTitular del compte bancari\t\t\t\t\t\t\t<\/label>\n\t\t\t\t\t\t\t\t\t\t\t\t\t\t<input size=\"1\" type=\"text\" name=\"form_fields[field_8378740]\" id=\"form-field-field_8378740\" class=\"elementor-field elementor-size-sm  elementor-field-textual\" placeholder=\"Nom i Cognoms\" required=\"required\">\n\t\t\t\t\t\t\t\t\t\t\t<\/div>\n\t\t\t\t\t\t\t\t<div class=\"elementor-field-type-text elementor-field-group elementor-column elementor-field-group-field_435f329 elementor-col-50 elementor-field-required elementor-mark-required\">\n\t\t\t\t\t\t\t\t\t\t\t\t<label for=\"form-field-field_435f329\" class=\"elementor-field-label\">\n\t\t\t\t\t\t\t\tN\u00famero de compte bancari (IBAN)\t\t\t\t\t\t\t<\/label>\n\t\t\t\t\t\t\t\t\t\t\t\t\t\t<input size=\"1\" type=\"text\" name=\"form_fields[field_435f329]\" id=\"form-field-field_435f329\" class=\"elementor-field elementor-size-sm  elementor-field-textual\" placeholder=\"ES\" required=\"required\">\n\t\t\t\t\t\t\t\t\t\t\t<\/div>\n\t\t\t\t\t\t\t\t<div class=\"elementor-field-type-html elementor-field-group elementor-column elementor-field-group-field_ea233f1 elementor-col-100\">\n\t\t\t\t\t* No es far\u00e0 devoluci\u00f3 de l'import de la matr\u00edcula ni de les quotes cobrades.<br>\n* Les despeses de rebuts retornats pel banc les pagar\u00e0 el client.<br>\n* El pagament de les quotes es far\u00e0 mitjan\u00e7ant domiciliaci\u00f3 banc\u00e0ria.<br>\n* L\u2019import del curs consta de matr\u00edcula i 10 quotes (de setembre a juny) del mateix import, independentment dels dies de classe o festius que es faci cada mes.<br>\n* El primer rebut es cobrar\u00e0 al setembre (matr\u00edcula + quota setembre) i la resta de quotes mitjan\u00e7ant rebuts trimestrals (octubre, gener i abril).<br>\n* S\u2019aplicar\u00e0 un 5% descompte en la quota a partir del segon familiar (nom\u00e9s en cas de quota 2 dies\/setmana).<br>\n* En cas de donar-se de baixa s'ha de comunicar per escrit amb una antelaci\u00f3 m\u00ednima de 15 dies abans del comen\u00e7ament del trimestre.\t\t\t\t<\/div>\n\t\t\t\t\t\t\t\t<div class=\"elementor-field-group elementor-column elementor-field-type-submit elementor-col-100 e-form__buttons\">\n\t\t\t\t\t<button class=\"elementor-button elementor-size-sm\" type=\"submit\">\n\t\t\t\t\t\t<span class=\"elementor-button-content-wrapper\">\n\t\t\t\t\t\t\t\t\t\t\t\t\t\t\t\t\t\t\t\t\t\t<span class=\"elementor-button-text\">Enviar<\/span>\n\t\t\t\t\t\t\t\t\t\t\t\t\t<\/span>\n\t\t\t\t\t<\/button>\n\t\t\t\t<\/div>\n\t\t\t<\/div>\n\t\t<\/form>\n\t\t\t\t\t\t<\/div>\n\t\t\t\t<\/div>\n\t\t\t\t\t<\/div>\n\t\t<\/div>\n\t\t\t\t\t<\/div>\n\t\t<\/section>\n\t\t\t\t<\/div>\n\t\t","protected":false},"excerpt":{"rendered":"<p>FORMULARI D&#8217;Inscripci\u00d3CURS 2023-2024<\/p>\n","protected":false},"author":1,"featured_media":0,"parent":0,"menu_order":0,"comment_status":"closed","ping_status":"closed","template":"","meta":{"_acf_changed":false,"site-sidebar-layout":"no-sidebar","site-content-layout":"page-builder","ast-site-content-layout":"full-width-container","site-content-style":"unboxed","site-sidebar-style":"unboxed","ast-global-header-display":"","ast-banner-title-visibility":"","ast-main-header-display":"","ast-hfb-above-header-display":"","ast-hfb-below-header-display":"","ast-hfb-mobile-header-display":"","site-post-title":"disabled","ast-breadcrumbs-content":"","ast-featured-img":"disabled","footer-sml-layout":"","ast-disable-related-posts":"","theme-transparent-header-meta":"enabled","adv-header-id-meta":"","stick-header-meta":"","header-above-stick-meta":"","header-main-stick-meta":"","header-below-stick-meta":"","astra-migrate-meta-layouts":"set","ast-page-background-enabled":"default","ast-page-background-meta":{"desktop":{"background-color":"","background-image":"","background-repeat":"repeat","background-position":"center center","background-size":"auto","background-attachment":"scroll","background-type":"","background-media":"","overlay-type":"","overlay-color":"","overlay-opacity":"","overlay-gradient":""},"tablet":{"background-color":"","background-image":"","background-repeat":"repeat","background-position":"center center","background-size":"auto","background-attachment":"scroll","background-type":"","background-media":"","overlay-type":"","overlay-color":"","overlay-opacity":"","overlay-gradient":""},"mobile":{"background-color":"","background-image":"","background-repeat":"repeat","background-position":"center center","background-size":"auto","background-attachment":"scroll","background-type":"","background-media":"","overlay-type":"","overlay-color":"","overlay-opacity":"","overlay-gradient":""}},"ast-content-background-meta":{"desktop":{"background-color":"var(--ast-global-color-5)","background-image":"","background-repeat":"repeat","background-position":"center center","background-size":"auto","background-attachment":"scroll","background-type":"","background-media":"","overlay-type":"","overlay-color":"","overlay-opacity":"","overlay-gradient":""},"tablet":{"background-color":"var(--ast-global-color-5)","background-image":"","background-repeat":"repeat","background-position":"center center","background-size":"auto","background-attachment":"scroll","background-type":"","background-media":"","overlay-type":"","overlay-color":"","overlay-opacity":"","overlay-gradient":""},"mobile":{"background-color":"var(--ast-global-color-5)","background-image":"","background-repeat":"repeat","background-position":"center center","background-size":"auto","background-attachment":"scroll","background-type":"","background-media":"","overlay-type":"","overlay-color":"","overlay-opacity":"","overlay-gradient":""}},"footnotes":""},"class_list":["post-5356","page","type-page","status-publish","hentry"],"acf":[],"_links":{"self":[{"href":"https:\/\/trailbarcelona.com\/es\/wp-json\/wp\/v2\/pages\/5356","targetHints":{"allow":["GET"]}}],"collection":[{"href":"https:\/\/trailbarcelona.com\/es\/wp-json\/wp\/v2\/pages"}],"about":[{"href":"https:\/\/trailbarcelona.com\/es\/wp-json\/wp\/v2\/types\/page"}],"author":[{"embeddable":true,"href":"https:\/\/trailbarcelona.com\/es\/wp-json\/wp\/v2\/users\/1"}],"replies":[{"embeddable":true,"href":"https:\/\/trailbarcelona.com\/es\/wp-json\/wp\/v2\/comments?post=5356"}],"version-history":[{"count":158,"href":"https:\/\/trailbarcelona.com\/es\/wp-json\/wp\/v2\/pages\/5356\/revisions"}],"predecessor-version":[{"id":6043,"href":"https:\/\/trailbarcelona.com\/es\/wp-json\/wp\/v2\/pages\/5356\/revisions\/6043"}],"wp:attachment":[{"href":"https:\/\/trailbarcelona.com\/es\/wp-json\/wp\/v2\/media?parent=5356"}],"curies":[{"name":"wp","href":"https:\/\/api.w.org\/{rel}","templated":true}]}}