{"id":531,"date":"2021-06-18T10:49:13","date_gmt":"2021-06-18T08:49:13","guid":{"rendered":"https:\/\/trailbarcelona.com\/?page_id=531"},"modified":"2021-07-08T21:39:12","modified_gmt":"2021-07-08T19:39:12","slug":"protocol-covid-19","status":"publish","type":"page","link":"https:\/\/trailbarcelona.com\/es\/protocol-covid-19","title":{"rendered":"Protocolo COVID-19"},"content":{"rendered":"<h2><span style=\"color: #4654a3;\">Protocolo COVID-19<\/span><\/h2>\n<h4><span style=\"color: #4654a3;\">Uso de mascarillas<\/span><\/h4>\n<p>El uso de las mascarillas ser\u00e1 obligatorio a partir de 6 a\u00f1os, excepto cuando la pr\u00e1ctica deportiva lo haga incompatible o cuando el monitor\/a haga explicaciones, siempre y cuando se mantenga una distancia superior a 1,5 metros con el resto de participantes.<\/p>\n<h4><span style=\"color: #4654a3;\">Grupo estable<\/span><\/h4>\n<p>Cada grupo de alumnos\/as actuar\u00e1 como grupo estable, de manera que se evitar\u00e1n interacciones con otros grupos o monitores\/as siempre que sea posible.<\/p>\n<h4><span style=\"color: #4654a3;\">Entradas y salidas<\/span><\/h4>\n<p>Las familias entregar\u00e1n y recoger\u00e1n los\/as ni\u00f1os\/as en el punto de encuentro acordado, donde esperar\u00e1n a iniciar la actividad con su monitor manteniendo la distancia de seguridad con el resto de compa\u00f1eros\/as.<br \/>\nEvitar\u00e1n la formaci\u00f3n de aglomeraciones y recoger ni\u00f1os de otros entornos familiares.<\/p>\n<h4><span style=\"color: #4654a3;\">Normas de higiene y prevenci\u00f3n<\/span><\/h4>\n<ul>\n<li>Antes de comenzar cada entrenamiento, se medir\u00e1 la temperatura corporal de cada uno de los participantes. En caso de registrar valores superiores a 37&#8217;5\u00ba se llamar\u00e1 a las familias y estas deber\u00e1n proceder a la recogida inmediata del ni\u00f1o\/a en cuesti\u00f3n.<\/li>\n<li>Los\/as alumnos\/as se lavar\u00e1n las manos con gel hidroalcoh\u00f3lico al empezar y al finalizar la actividad.<\/li>\n<li>Los\/as alumnos\/as deber\u00e1n traer sus cosas en una mochila, para que sea f\u00e1cil gestionar d\u00f3nde dejarlo todo organizado y controlado. Cada deportista deber\u00e1 llevar su propia botella de agua y no podr\u00e1 compartirla. Es recomendable llevar una toalla peque\u00f1a y un paquete de pa\u00f1uelos.<\/li>\n<\/ul>\n<h4><span style=\"color: #4654a3;\">Material<\/span><\/h4>\n<p>Al comenzar y finalizar la actividad los\/as monitores\/as proceder\u00e1n a la desinfecci\u00f3n de todo el material empleado.<\/p>\n<h4><span style=\"color: #4654a3;\">Gesti\u00f3n de casos<\/span><\/h4>\n<p>Si en el transcurso de la actividad un\/a alumno\/a empieza a desarrollar s\u00edntomas compatibles con\u00a0 COVID-19, se contactar\u00e1 inmediatamente con la familia del ni\u00f1o\/a o adolescente para que lo venga a buscar. Hasta que no llegue, se mantendr\u00e1 al\/la alumno\/a aislado y acompa\u00f1ado por un adulto y se le colocar\u00e1 una mascarilla quir\u00fargica. La familia deber\u00e1 contactar con su centro de atenci\u00f3n primaria de referencia, que valorar\u00e1 la situaci\u00f3n y las actuaciones necesarias.<\/p>\n<h4><span style=\"color: #4654a3;\">Requisitos de acceso<\/span><\/h4>\n<p>Ning\u00fan\/a alumno\/a podr\u00e1 asistir a la actividad si:<\/p>\n<ul>\n<li>Presenta sintomatolog\u00eda compatible con COVID-19.<\/li>\n<li>Est\u00e1 en aislamiento por ser positivo de COVID-19.<\/li>\n<li>Est\u00e1 en espera del resultado de una PCR u otra prueba de diagn\u00f3stico de COVID-19.<\/li>\n<li>Convive con una persona diagnosticada de COVID-19.<\/li>\n<li>Est\u00e1 en aislamiento preventivo por ser contacto estrecho de un positivo por COVID-19.<\/li>\n<\/ul>\n","protected":false},"excerpt":{"rendered":"<p>Protocolo COVID-19 Uso de mascarillas El uso de las mascarillas ser\u00e1 obligatorio a partir de 6 a\u00f1os, excepto cuando la pr\u00e1ctica deportiva lo haga incompatible o cuando el monitor\/a haga explicaciones, siempre y cuando se mantenga una distancia superior a 1,5 metros con el resto de participantes. Grupo estable Cada grupo de alumnos\/as actuar\u00e1 como [&hellip;]<\/p>\n","protected":false},"author":1,"featured_media":0,"parent":0,"menu_order":0,"comment_status":"closed","ping_status":"closed","template":"","meta":{"_acf_changed":false,"site-sidebar-layout":"default","site-content-layout":"default","ast-site-content-layout":"default","site-content-style":"default","site-sidebar-style":"default","ast-global-header-display":"","ast-banner-title-visibility":"","ast-main-header-display":"","ast-hfb-above-header-display":"","ast-hfb-below-header-display":"","ast-hfb-mobile-header-display":"","site-post-title":"disabled","ast-breadcrumbs-content":"","ast-featured-img":"","footer-sml-layout":"","ast-disable-related-posts":"","theme-transparent-header-meta":"default","adv-header-id-meta":"","stick-header-meta":"","header-above-stick-meta":"","header-main-stick-meta":"","header-below-stick-meta":"","astra-migrate-meta-layouts":"default","ast-page-background-enabled":"default","ast-page-background-meta":{"desktop":{"background-color":"","background-image":"","background-repeat":"repeat","background-position":"center center","background-size":"auto","background-attachment":"scroll","background-type":"","background-media":"","overlay-type":"","overlay-color":"","overlay-opacity":"","overlay-gradient":""},"tablet":{"background-color":"","background-image":"","background-repeat":"repeat","background-position":"center center","background-size":"auto","background-attachment":"scroll","background-type":"","background-media":"","overlay-type":"","overlay-color":"","overlay-opacity":"","overlay-gradient":""},"mobile":{"background-color":"","background-image":"","background-repeat":"repeat","background-position":"center center","background-size":"auto","background-attachment":"scroll","background-type":"","background-media":"","overlay-type":"","overlay-color":"","overlay-opacity":"","overlay-gradient":""}},"ast-content-background-meta":{"desktop":{"background-color":"var(--ast-global-color-5)","background-image":"","background-repeat":"repeat","background-position":"center center","background-size":"auto","background-attachment":"scroll","background-type":"","background-media":"","overlay-type":"","overlay-color":"","overlay-opacity":"","overlay-gradient":""},"tablet":{"background-color":"var(--ast-global-color-5)","background-image":"","background-repeat":"repeat","background-position":"center center","background-size":"auto","background-attachment":"scroll","background-type":"","background-media":"","overlay-type":"","overlay-color":"","overlay-opacity":"","overlay-gradient":""},"mobile":{"background-color":"var(--ast-global-color-5)","background-image":"","background-repeat":"repeat","background-position":"center center","background-size":"auto","background-attachment":"scroll","background-type":"","background-media":"","overlay-type":"","overlay-color":"","overlay-opacity":"","overlay-gradient":""}},"footnotes":""},"class_list":["post-531","page","type-page","status-publish","hentry"],"acf":[],"_links":{"self":[{"href":"https:\/\/trailbarcelona.com\/es\/wp-json\/wp\/v2\/pages\/531","targetHints":{"allow":["GET"]}}],"collection":[{"href":"https:\/\/trailbarcelona.com\/es\/wp-json\/wp\/v2\/pages"}],"about":[{"href":"https:\/\/trailbarcelona.com\/es\/wp-json\/wp\/v2\/types\/page"}],"author":[{"embeddable":true,"href":"https:\/\/trailbarcelona.com\/es\/wp-json\/wp\/v2\/users\/1"}],"replies":[{"embeddable":true,"href":"https:\/\/trailbarcelona.com\/es\/wp-json\/wp\/v2\/comments?post=531"}],"version-history":[{"count":10,"href":"https:\/\/trailbarcelona.com\/es\/wp-json\/wp\/v2\/pages\/531\/revisions"}],"predecessor-version":[{"id":681,"href":"https:\/\/trailbarcelona.com\/es\/wp-json\/wp\/v2\/pages\/531\/revisions\/681"}],"wp:attachment":[{"href":"https:\/\/trailbarcelona.com\/es\/wp-json\/wp\/v2\/media?parent=531"}],"curies":[{"name":"wp","href":"https:\/\/api.w.org\/{rel}","templated":true}]}}