{"id":513,"date":"2021-06-18T10:35:40","date_gmt":"2021-06-18T08:35:40","guid":{"rendered":"https:\/\/trailbarcelona.com\/?page_id=513"},"modified":"2022-10-21T09:54:06","modified_gmt":"2022-10-21T07:54:06","slug":"quienes-somos","status":"publish","type":"page","link":"https:\/\/trailbarcelona.com\/es\/quienes-somos","title":{"rendered":"Qui\u00e9nes somos"},"content":{"rendered":"\t\t<div data-elementor-type=\"wp-page\" data-elementor-id=\"513\" class=\"elementor elementor-513\" data-elementor-post-type=\"page\">\n\t\t\t\t\t\t<section class=\"elementor-section elementor-top-section elementor-element elementor-element-4124c0e2 elementor-section-boxed elementor-section-height-default elementor-section-height-default\" data-id=\"4124c0e2\" data-element_type=\"section\" data-e-type=\"section\">\n\t\t\t\t\t\t<div class=\"elementor-container elementor-column-gap-default\">\n\t\t\t\t\t<div class=\"elementor-column elementor-col-100 elementor-top-column elementor-element elementor-element-5bf16156\" data-id=\"5bf16156\" data-element_type=\"column\" data-e-type=\"column\">\n\t\t\t<div class=\"elementor-widget-wrap elementor-element-populated\">\n\t\t\t\t\t\t<div class=\"elementor-element elementor-element-dc0de87 elementor-widget elementor-widget-text-editor\" data-id=\"dc0de87\" data-element_type=\"widget\" data-e-type=\"widget\" data-widget_type=\"text-editor.default\">\n\t\t\t\t<div class=\"elementor-widget-container\">\n\t\t\t\t\t\t\t\t\t<h2><span style=\"color: #4654a3;\">Qui\u00e9nes somos<\/span><\/h2><div><img fetchpriority=\"high\" decoding=\"async\" class=\"alignright wp-image-3286\" src=\"https:\/\/trailbarcelona.com\/wp-content\/uploads\/2022\/07\/image00003-1024x576.jpeg\" sizes=\"(max-width: 600px) 100vw, 600px\" srcset=\"https:\/\/trailbarcelona.com\/wp-content\/uploads\/2022\/07\/image00003-1024x576.jpeg 1024w, https:\/\/trailbarcelona.com\/wp-content\/uploads\/2022\/07\/image00003-300x169.jpeg 300w, https:\/\/trailbarcelona.com\/wp-content\/uploads\/2022\/07\/image00003-768x432.jpeg 768w, https:\/\/trailbarcelona.com\/wp-content\/uploads\/2022\/07\/image00003-1536x864.jpeg 1536w, https:\/\/trailbarcelona.com\/wp-content\/uploads\/2022\/07\/image00003-600x338.jpeg 600w, https:\/\/trailbarcelona.com\/wp-content\/uploads\/2022\/07\/image00003.jpeg 1920w\" alt=\"\" width=\"600\" height=\"338\" \/><\/div><p>Trail Barcelona es una escuela de trail dirigida por David Buenacasa, inform\u00e1tico, monitor de ocio, corredor, monta\u00f1ero desde los 14 a\u00f1os, y autor de cuatro libros sobre monta\u00f1a.<\/p><p>Junto a su pareja Cristina, trabajadora del \u00e1mbito financiero, graduada en Educaci\u00f3n Infantil, con formaci\u00f3n en nutrici\u00f3n deportiva y entrenamiento personal, y aficionada al running, crearon una Escuela de Trail en su pueblo Sant Just Desvern, situado a los pies de Collserola.<\/p><h2><span style=\"color: #4654a3;\">Qu\u00e9 hacemos<\/span><\/h2><p>Trail Barcelona imparte cursos de trail running y Fast Hiking para ni\u00f1os, j\u00f3venes y adultos.<\/p><p>Durante el per\u00edodo de vacaciones escolares organiza casales infantiles.<\/p><p>Tambi\u00e9n participa en la organizaci\u00f3n de eventos para empresas, actividades para colegios, fiestas de cumplea\u00f1os y fiestas populares.<\/p><p>Paralelamente, organiza charlas, talleres, salidas y dirige entrenamientos personales.<\/p><h2>\u00a0<\/h2><h2><span style=\"color: #4654a3;\">C\u00f3mo lo hacemos<\/span><\/h2><div id=\"ts-body\"><div class=\"css-52 ts-pivot-container\"><div id=\"ContentContainer\"><div role=\"tabpanel\" aria-labelledby=\"Pivot2-Tab0\"><div class=\"ts-lookup-pivot\"><div id=\"Lookup\" class=\"ts-pivot-lookup-component\"><div class=\"ms-Grid ts-grid\"><div class=\"ms-Grid-row\"><div class=\"ts-textfield-container \" lang=\"es\"><div class=\"ts-alignment-view-container\"><div id=\"ts-alignment-view-idtgt\" class=\"ts-alignment-view ms-font-m ts-alignment-view-tgt ts-ltr-left-zero\" tabindex=\"0\" aria-hidden=\"false\"><div tabindex=\"0\" role=\"label\"><div tabindex=\"0\" role=\"label\"><p>Desde la escuela de Trail Barcelona no se fomenta la competici\u00f3n, nuestra intenci\u00f3n es formar deportistas completos, motivados por la pr\u00e1ctica de deporte saludable, respetuosos con el entorno natural, y con los compa\u00f1eros, conscientes de sus capacidades, con esp\u00edritu de superaci\u00f3n personal, aut\u00f3nomos\u2026\u00a0<\/p><p>No obstante, disponemos de un calendario de competiciones opcionales para todo el que quiera participar.<\/p><p>A lo largo de la temporada se van estableciendo retos deportivos para aumentar la motivaci\u00f3n y autoconfianza de los alumnos, con planes de entrenamiento donde se trabaja tanto la parte f\u00edsica como psicol\u00f3gica.<\/p><p>Nuestros <strong>objetivos<\/strong> son:<\/p><ul><li>Disfrutar del deporte y la naturaleza a trav\u00e9s del juego y la preparaci\u00f3n f\u00edsica-mental.<\/li><li aria-level=\"1\">Adquirir nociones b\u00e1sicas de orientaci\u00f3n y autosuficiencia en el medio natural.<\/li><li aria-level=\"1\">Favorecer h\u00e1bitos saludables (deporte, alimentaci\u00f3n, hidrataci\u00f3n, descanso\u2026).<\/li><li aria-level=\"1\">Conocer, respetar y amar la monta\u00f1a.<\/li><li aria-level=\"1\">Educar en el esfuerzo y superaci\u00f3n personal.\u00a0\u00a0<\/li><li aria-level=\"1\">Fomentar el respeto y el trabajo en equipo con los compa\u00f1eros.<\/li><\/ul><\/div><\/div><div tabindex=\"0\" role=\"label\"><p style=\"text-align: left;\">\u00a0<\/p><\/div><\/div><\/div><\/div><\/div><\/div><\/div><\/div><\/div><\/div><\/div><\/div><h2><span style=\"color: #4654a3;\">D\u00f3nde lo hacemos\u00a0<\/span><\/h2><p>Nuestra zona de entreno principal es el Parque Natural de Collserola y el punto de salida y llegada habitual es la explanada situada en el Camino Riera de Pahissa de Sant Just.<\/p><p>\u00a0<\/p><div style=\"position: static !important;\">\u00a0<\/div>\t\t\t\t\t\t\t\t<\/div>\n\t\t\t\t<\/div>\n\t\t\t\t\t<\/div>\n\t\t<\/div>\n\t\t\t\t\t<\/div>\n\t\t<\/section>\n\t\t\t\t<section class=\"elementor-section elementor-top-section elementor-element elementor-element-7fd46d6 elementor-section-boxed elementor-section-height-default elementor-section-height-default\" data-id=\"7fd46d6\" data-element_type=\"section\" data-e-type=\"section\">\n\t\t\t\t\t\t<div class=\"elementor-container elementor-column-gap-default\">\n\t\t\t\t\t<div class=\"elementor-column elementor-col-100 elementor-top-column elementor-element elementor-element-35ee5f1\" data-id=\"35ee5f1\" data-element_type=\"column\" data-e-type=\"column\">\n\t\t\t<div class=\"elementor-widget-wrap elementor-element-populated\">\n\t\t\t\t\t\t<div class=\"elementor-element elementor-element-6831c62 elementor-widget elementor-widget-google_maps\" data-id=\"6831c62\" data-element_type=\"widget\" data-e-type=\"widget\" data-widget_type=\"google_maps.default\">\n\t\t\t\t<div class=\"elementor-widget-container\">\n\t\t\t\t\t\t\t<div class=\"elementor-custom-embed\">\n\t\t\t<iframe loading=\"lazy\"\n\t\t\t\t\tsrc=\"https:\/\/maps.google.com\/maps?q=41.39136922905828%2C%202.0764510396314284&#038;t=m&#038;z=17&#038;output=embed&#038;iwloc=near\"\n\t\t\t\t\ttitle=\"41.39136922905828, 2.0764510396314284\"\n\t\t\t\t\taria-label=\"41.39136922905828, 2.0764510396314284\"\n\t\t\t><\/iframe>\n\t\t<\/div>\n\t\t\t\t\t\t<\/div>\n\t\t\t\t<\/div>\n\t\t\t\t\t<\/div>\n\t\t<\/div>\n\t\t\t\t\t<\/div>\n\t\t<\/section>\n\t\t\t\t<\/div>\n\t\t","protected":false},"excerpt":{"rendered":"<p>Qui\u00e9nes somos Trail Barcelona es una escuela de trail dirigida por David Buenacasa, inform\u00e1tico, monitor de ocio, corredor, monta\u00f1ero desde los 14 a\u00f1os, y autor de cuatro libros sobre monta\u00f1a. Junto a su pareja Cristina, trabajadora del \u00e1mbito financiero, graduada en Educaci\u00f3n Infantil, con formaci\u00f3n en nutrici\u00f3n deportiva y entrenamiento personal, y aficionada al running, [&hellip;]<\/p>\n","protected":false},"author":1,"featured_media":0,"parent":0,"menu_order":0,"comment_status":"closed","ping_status":"closed","template":"","meta":{"_acf_changed":false,"site-sidebar-layout":"default","site-content-layout":"default","ast-site-content-layout":"default","site-content-style":"default","site-sidebar-style":"default","ast-global-header-display":"","ast-banner-title-visibility":"","ast-main-header-display":"","ast-hfb-above-header-display":"","ast-hfb-below-header-display":"","ast-hfb-mobile-header-display":"","site-post-title":"disabled","ast-breadcrumbs-content":"","ast-featured-img":"","footer-sml-layout":"","ast-disable-related-posts":"","theme-transparent-header-meta":"default","adv-header-id-meta":"","stick-header-meta":"","header-above-stick-meta":"","header-main-stick-meta":"","header-below-stick-meta":"","astra-migrate-meta-layouts":"default","ast-page-background-enabled":"default","ast-page-background-meta":{"desktop":{"background-color":"","background-image":"","background-repeat":"repeat","background-position":"center center","background-size":"auto","background-attachment":"scroll","background-type":"","background-media":"","overlay-type":"","overlay-color":"","overlay-opacity":"","overlay-gradient":""},"tablet":{"background-color":"","background-image":"","background-repeat":"repeat","background-position":"center center","background-size":"auto","background-attachment":"scroll","background-type":"","background-media":"","overlay-type":"","overlay-color":"","overlay-opacity":"","overlay-gradient":""},"mobile":{"background-color":"","background-image":"","background-repeat":"repeat","background-position":"center center","background-size":"auto","background-attachment":"scroll","background-type":"","background-media":"","overlay-type":"","overlay-color":"","overlay-opacity":"","overlay-gradient":""}},"ast-content-background-meta":{"desktop":{"background-color":"var(--ast-global-color-5)","background-image":"","background-repeat":"repeat","background-position":"center center","background-size":"auto","background-attachment":"scroll","background-type":"","background-media":"","overlay-type":"","overlay-color":"","overlay-opacity":"","overlay-gradient":""},"tablet":{"background-color":"var(--ast-global-color-5)","background-image":"","background-repeat":"repeat","background-position":"center center","background-size":"auto","background-attachment":"scroll","background-type":"","background-media":"","overlay-type":"","overlay-color":"","overlay-opacity":"","overlay-gradient":""},"mobile":{"background-color":"var(--ast-global-color-5)","background-image":"","background-repeat":"repeat","background-position":"center center","background-size":"auto","background-attachment":"scroll","background-type":"","background-media":"","overlay-type":"","overlay-color":"","overlay-opacity":"","overlay-gradient":""}},"footnotes":""},"class_list":["post-513","page","type-page","status-publish","hentry"],"acf":[],"_links":{"self":[{"href":"https:\/\/trailbarcelona.com\/es\/wp-json\/wp\/v2\/pages\/513","targetHints":{"allow":["GET"]}}],"collection":[{"href":"https:\/\/trailbarcelona.com\/es\/wp-json\/wp\/v2\/pages"}],"about":[{"href":"https:\/\/trailbarcelona.com\/es\/wp-json\/wp\/v2\/types\/page"}],"author":[{"embeddable":true,"href":"https:\/\/trailbarcelona.com\/es\/wp-json\/wp\/v2\/users\/1"}],"replies":[{"embeddable":true,"href":"https:\/\/trailbarcelona.com\/es\/wp-json\/wp\/v2\/comments?post=513"}],"version-history":[{"count":39,"href":"https:\/\/trailbarcelona.com\/es\/wp-json\/wp\/v2\/pages\/513\/revisions"}],"predecessor-version":[{"id":3775,"href":"https:\/\/trailbarcelona.com\/es\/wp-json\/wp\/v2\/pages\/513\/revisions\/3775"}],"wp:attachment":[{"href":"https:\/\/trailbarcelona.com\/es\/wp-json\/wp\/v2\/media?parent=513"}],"curies":[{"name":"wp","href":"https:\/\/api.w.org\/{rel}","templated":true}]}}