{"id":10087,"date":"2025-06-16T00:00:19","date_gmt":"2025-06-15T22:00:19","guid":{"rendered":"https:\/\/trailbarcelona.com\/?page_id=10087"},"modified":"2025-06-16T00:06:28","modified_gmt":"2025-06-15T22:06:28","slug":"inscripcio-2025-post-inscripcio","status":"publish","type":"page","link":"https:\/\/trailbarcelona.com\/es\/inscripcio-2025-post-inscripcio","title":{"rendered":"Inscripcio 2025 &#8211; Post inscripcio"},"content":{"rendered":"\t\t<div data-elementor-type=\"wp-post\" data-elementor-id=\"10087\" class=\"elementor elementor-10087\" data-elementor-post-type=\"page\">\n\t\t\t\t\t\t<section class=\"elementor-section elementor-top-section elementor-element elementor-element-0cf1e57 elementor-section-boxed elementor-section-height-default elementor-section-height-default\" data-id=\"0cf1e57\" data-element_type=\"section\" data-e-type=\"section\" data-settings=\"{&quot;background_background&quot;:&quot;classic&quot;}\">\n\t\t\t\t\t\t\t<div class=\"elementor-background-overlay\"><\/div>\n\t\t\t\t\t\t\t<div class=\"elementor-container elementor-column-gap-default\">\n\t\t\t\t\t<div class=\"elementor-column elementor-col-33 elementor-top-column elementor-element elementor-element-2930fd7\" data-id=\"2930fd7\" data-element_type=\"column\" data-e-type=\"column\">\n\t\t\t<div class=\"elementor-widget-wrap\">\n\t\t\t\t\t\t\t<\/div>\n\t\t<\/div>\n\t\t\t\t<div class=\"elementor-column elementor-col-33 elementor-top-column elementor-element elementor-element-6948bb3\" data-id=\"6948bb3\" data-element_type=\"column\" data-e-type=\"column\">\n\t\t\t<div class=\"elementor-widget-wrap elementor-element-populated\">\n\t\t\t\t\t\t<div class=\"elementor-element elementor-element-8eb381b elementor-widget__width-initial elementor-widget elementor-widget-heading\" data-id=\"8eb381b\" data-element_type=\"widget\" data-e-type=\"widget\" data-widget_type=\"heading.default\">\n\t\t\t\t<div class=\"elementor-widget-container\">\n\t\t\t\t\t<h1 class=\"elementor-heading-title elementor-size-default\">FORMULARIO DE INSCRIPCI\u00d3N RECIBIDO<\/h1>\t\t\t\t<\/div>\n\t\t\t\t<\/div>\n\t\t\t\t\t<\/div>\n\t\t<\/div>\n\t\t\t\t<div class=\"elementor-column elementor-col-33 elementor-top-column elementor-element elementor-element-8847cd3\" data-id=\"8847cd3\" data-element_type=\"column\" data-e-type=\"column\">\n\t\t\t<div class=\"elementor-widget-wrap\">\n\t\t\t\t\t\t\t<\/div>\n\t\t<\/div>\n\t\t\t\t\t<\/div>\n\t\t<\/section>\n\t\t\t\t<section class=\"elementor-section elementor-top-section elementor-element elementor-element-c5157c8 elementor-section-boxed elementor-section-height-default elementor-section-height-default\" data-id=\"c5157c8\" data-element_type=\"section\" data-e-type=\"section\">\n\t\t\t\t\t\t<div class=\"elementor-container elementor-column-gap-default\">\n\t\t\t\t\t<div class=\"elementor-column elementor-col-100 elementor-top-column elementor-element elementor-element-f90d464\" data-id=\"f90d464\" data-element_type=\"column\" data-e-type=\"column\">\n\t\t\t<div class=\"elementor-widget-wrap elementor-element-populated\">\n\t\t\t\t\t\t<div class=\"elementor-element elementor-element-f59ccfe elementor-widget elementor-widget-text-editor\" data-id=\"f59ccfe\" data-element_type=\"widget\" data-e-type=\"widget\" data-widget_type=\"text-editor.default\">\n\t\t\t\t<div class=\"elementor-widget-container\">\n\t\t\t\t\t\t\t\t\t<h3>Para acabar de formalizar la inscripci\u00f3n debe enviar por correo electr\u00f3nico la siguiente documentaci\u00f3n:<\/h3><h3>1) Documentaci\u00f3n<\/h3><p>Recuerda enviar a <a href=\"mailto:info@trailbarcelona.com\">info@trailbarcelona.com<\/a> copia del<\/p><p>&#8211; DNI (o libro de familia)<br \/>&#8211; Tarjeta sanitaria<\/p><h3>2) Autoritzaci\u00f3n<\/h3><p>Enviar per email uno de estos documentos rellenado y firmado:<\/p><h3><a href=\"https:\/\/trailbarcelona.com\/wp-content\/uploads\/2025\/06\/TRAIL_BARCELONA_AUTORITZACIO_ADULTS_25_26.pdf\" target=\"_blank\" rel=\"noopener\"><img decoding=\"async\" class=\"alignnone wp-image-5460 size-full\" src=\"https:\/\/trailbarcelona.com\/wp-content\/uploads\/2023\/08\/pdf.png\" alt=\"\" width=\"128\" height=\"128\" \/><\/a><a href=\"https:\/\/trailbarcelona.com\/wp-content\/uploads\/2025\/06\/TRAIL_BARCELONA_AUTORITZACIO_ADULTS_25_26.pdf\" target=\"_blank\" rel=\"noopener\"><strong>AUTORITZACI\u00d3N ADULTOS<\/strong><\/a><\/h3><h3><a href=\"https:\/\/trailbarcelona.com\/wp-content\/uploads\/2025\/06\/TRAIL_BARCELONA_AUTORITZACIO_MENORS_25_26.pdf\" target=\"_blank\" rel=\"noopener\"><img decoding=\"async\" class=\"alignnone wp-image-5460 size-full\" src=\"https:\/\/trailbarcelona.com\/wp-content\/uploads\/2023\/08\/pdf.png\" alt=\"\" width=\"128\" height=\"128\" \/><\/a><a href=\"https:\/\/trailbarcelona.com\/wp-content\/uploads\/2025\/06\/TRAIL_BARCELONA_AUTORITZACIO_MENORS_25_26.pdf\" target=\"_blank\" rel=\"noopener\"><strong>AUTORITZACI\u00d3N MENORES<\/strong><\/a><\/h3><h3>\u00a0<\/h3><h3>3) Pago<\/h3><p>Se pasar\u00e1 recibo de la matr\u00edcula + septiembre para garantizar la plaza.<br \/><br \/><\/p><p>Las cuotas se cobrar\u00e1n mediante domiciliaci\u00f3n bancaria trimestral (octubre-enero-abril).<br \/><br \/><\/p><p>En caso de darse de baja o cualquier modificaci\u00f3n, ser\u00e1 necesario avisar 15 d\u00edas antes del comienzo de cada trimestre por email.<br \/><br \/><\/p><p>Los gastos por el retorno de recibos ir\u00e1n a cargo del alumno.<\/p><div>\u00a0<\/div>\t\t\t\t\t\t\t\t<\/div>\n\t\t\t\t<\/div>\n\t\t\t\t\t<\/div>\n\t\t<\/div>\n\t\t\t\t\t<\/div>\n\t\t<\/section>\n\t\t\t\t<\/div>\n\t\t","protected":false},"excerpt":{"rendered":"<p>FORMULARIO DE INSCRIPCI\u00d3N RECIBIDO Para acabar de formalizar la inscripci\u00f3n debe enviar por correo electr\u00f3nico la siguiente documentaci\u00f3n: 1) Documentaci\u00f3n Recuerda enviar a info@trailbarcelona.com copia del &#8211; DNI (o libro de familia)&#8211; Tarjeta sanitaria 2) Autoritzaci\u00f3n Enviar per email uno de estos documentos rellenado y firmado: AUTORITZACI\u00d3N ADULTOS AUTORITZACI\u00d3N MENORES \u00a0 3) Pago Se pasar\u00e1 [&hellip;]<\/p>\n","protected":false},"author":1,"featured_media":0,"parent":0,"menu_order":0,"comment_status":"closed","ping_status":"closed","template":"","meta":{"_acf_changed":false,"site-sidebar-layout":"no-sidebar","site-content-layout":"page-builder","ast-site-content-layout":"default","site-content-style":"default","site-sidebar-style":"default","ast-global-header-display":"","ast-banner-title-visibility":"","ast-main-header-display":"","ast-hfb-above-header-display":"","ast-hfb-below-header-display":"","ast-hfb-mobile-header-display":"","site-post-title":"disabled","ast-breadcrumbs-content":"","ast-featured-img":"disabled","footer-sml-layout":"","ast-disable-related-posts":"","theme-transparent-header-meta":"enabled","adv-header-id-meta":"","stick-header-meta":"","header-above-stick-meta":"","header-main-stick-meta":"","header-below-stick-meta":"","astra-migrate-meta-layouts":"set","ast-page-background-enabled":"default","ast-page-background-meta":{"desktop":{"background-color":"","background-image":"","background-repeat":"repeat","background-position":"center center","background-size":"auto","background-attachment":"scroll","background-type":"","background-media":"","overlay-type":"","overlay-color":"","overlay-opacity":"","overlay-gradient":""},"tablet":{"background-color":"","background-image":"","background-repeat":"repeat","background-position":"center center","background-size":"auto","background-attachment":"scroll","background-type":"","background-media":"","overlay-type":"","overlay-color":"","overlay-opacity":"","overlay-gradient":""},"mobile":{"background-color":"","background-image":"","background-repeat":"repeat","background-position":"center center","background-size":"auto","background-attachment":"scroll","background-type":"","background-media":"","overlay-type":"","overlay-color":"","overlay-opacity":"","overlay-gradient":""}},"ast-content-background-meta":{"desktop":{"background-color":"var(--ast-global-color-5)","background-image":"","background-repeat":"repeat","background-position":"center center","background-size":"auto","background-attachment":"scroll","background-type":"","background-media":"","overlay-type":"","overlay-color":"","overlay-opacity":"","overlay-gradient":""},"tablet":{"background-color":"var(--ast-global-color-5)","background-image":"","background-repeat":"repeat","background-position":"center center","background-size":"auto","background-attachment":"scroll","background-type":"","background-media":"","overlay-type":"","overlay-color":"","overlay-opacity":"","overlay-gradient":""},"mobile":{"background-color":"var(--ast-global-color-5)","background-image":"","background-repeat":"repeat","background-position":"center center","background-size":"auto","background-attachment":"scroll","background-type":"","background-media":"","overlay-type":"","overlay-color":"","overlay-opacity":"","overlay-gradient":""}},"footnotes":""},"class_list":["post-10087","page","type-page","status-publish","hentry"],"acf":[],"_links":{"self":[{"href":"https:\/\/trailbarcelona.com\/es\/wp-json\/wp\/v2\/pages\/10087","targetHints":{"allow":["GET"]}}],"collection":[{"href":"https:\/\/trailbarcelona.com\/es\/wp-json\/wp\/v2\/pages"}],"about":[{"href":"https:\/\/trailbarcelona.com\/es\/wp-json\/wp\/v2\/types\/page"}],"author":[{"embeddable":true,"href":"https:\/\/trailbarcelona.com\/es\/wp-json\/wp\/v2\/users\/1"}],"replies":[{"embeddable":true,"href":"https:\/\/trailbarcelona.com\/es\/wp-json\/wp\/v2\/comments?post=10087"}],"version-history":[{"count":4,"href":"https:\/\/trailbarcelona.com\/es\/wp-json\/wp\/v2\/pages\/10087\/revisions"}],"predecessor-version":[{"id":10094,"href":"https:\/\/trailbarcelona.com\/es\/wp-json\/wp\/v2\/pages\/10087\/revisions\/10094"}],"wp:attachment":[{"href":"https:\/\/trailbarcelona.com\/es\/wp-json\/wp\/v2\/media?parent=10087"}],"curies":[{"name":"wp","href":"https:\/\/api.w.org\/{rel}","templated":true}]}}