{"id":9465,"date":"2025-02-21T09:54:34","date_gmt":"2025-02-21T08:54:34","guid":{"rendered":"https:\/\/trailbarcelona.com\/?page_id=9465"},"modified":"2025-02-21T09:54:36","modified_gmt":"2025-02-21T08:54:36","slug":"justrail-2025-nota-premsa","status":"publish","type":"page","link":"https:\/\/trailbarcelona.com\/ca\/justrail-2025-nota-premsa","title":{"rendered":"JUSTRAIL 2025 &#8211; Nota premsa"},"content":{"rendered":"<p><img fetchpriority=\"high\" decoding=\"async\" width=\"1600\" height=\"737\" src=\"https:\/\/trailbarcelona.com\/wp-content\/uploads\/2025\/01\/JUSTRAIL_2025_banner_CAT-1.jpg\" alt=\"\" srcset=\"https:\/\/trailbarcelona.com\/wp-content\/uploads\/2025\/01\/JUSTRAIL_2025_banner_CAT-1.jpg 1600w, https:\/\/trailbarcelona.com\/wp-content\/uploads\/2025\/01\/JUSTRAIL_2025_banner_CAT-1-300x138.jpg 300w, https:\/\/trailbarcelona.com\/wp-content\/uploads\/2025\/01\/JUSTRAIL_2025_banner_CAT-1-1024x472.jpg 1024w, https:\/\/trailbarcelona.com\/wp-content\/uploads\/2025\/01\/JUSTRAIL_2025_banner_CAT-1-768x354.jpg 768w, https:\/\/trailbarcelona.com\/wp-content\/uploads\/2025\/01\/JUSTRAIL_2025_banner_CAT-1-1536x708.jpg 1536w\" sizes=\"(max-width: 1600px) 100vw, 1600px\" \/><\/p>\n<h2 style=\"text-align: center;\"><strong>NOTA PREMSA<br \/>\n<\/strong><\/h2>\n<h3 style=\"text-align: center;\"><strong>JUSTRAIL &#8211; DIUMENGE 30 de MAR\u00c7 de 2025, <\/strong><strong>10:00 h<\/strong><\/h3>\n<h5 style=\"text-align: center;\"><strong>Pla\u00e7a Mireia (Sant Just Desvern &#8211; Collserola)<br \/>\n<\/strong><\/h5>\n<p><a href=\"https:\/\/trailbarcelona.com\/wp-content\/uploads\/2025\/02\/NP-JUSTRAIL-2025.pdf\" target=\"_blank\"><br \/>\n<img decoding=\"async\" width=\"128\" height=\"128\" src=\"https:\/\/trailbarcelona.com\/wp-content\/uploads\/2023\/08\/pdf.png\" alt=\"\" \/>\t\t\t\t\t\t\t\t<\/a><\/p>\n<p><a href=\"https:\/\/trailbarcelona.com\/wp-content\/uploads\/2025\/02\/NP-JUSTRAIL-2025.pdf\" target=\"_blank\" rel=\"noopener\"><strong>Nota de premsa de la JUSTRAIL 2025 &#8211; CATAL\u00c0<\/strong><\/a><\/p>\n<p><a href=\"https:\/\/trailbarcelona.com\/wp-content\/uploads\/2025\/02\/Nota-Prensa-JUSTRAIL-2025.pdf\" target=\"_blank\"><br \/>\n<img decoding=\"async\" width=\"128\" height=\"128\" src=\"https:\/\/trailbarcelona.com\/wp-content\/uploads\/2023\/08\/pdf.png\" alt=\"\" \/>\t\t\t\t\t\t\t\t<\/a><\/p>\n<p><a href=\"https:\/\/trailbarcelona.com\/wp-content\/uploads\/2025\/02\/Nota-Prensa-JUSTRAIL-2025.pdf\" target=\"_blank\" rel=\"noopener\"><strong>Nota de prensa de la JUSTRAIL 2025 &#8211; CASTELLANO<\/strong><\/a><\/p>\n<p><a href=\"https:\/\/drive.google.com\/drive\/folders\/1kLHSiZVhgL0D8cRTUjsw-lpCYh8WM_5U\" target=\"_blank\"><br \/>\n<img decoding=\"async\" width=\"819\" height=\"1024\" src=\"https:\/\/trailbarcelona.com\/wp-content\/uploads\/2025\/01\/Post_reducido-819x1024.jpg\" alt=\"\" srcset=\"https:\/\/trailbarcelona.com\/wp-content\/uploads\/2025\/01\/Post_reducido-819x1024.jpg 819w, https:\/\/trailbarcelona.com\/wp-content\/uploads\/2025\/01\/Post_reducido-240x300.jpg 240w, https:\/\/trailbarcelona.com\/wp-content\/uploads\/2025\/01\/Post_reducido-768x960.jpg 768w, https:\/\/trailbarcelona.com\/wp-content\/uploads\/2025\/01\/Post_reducido.jpg 960w\" sizes=\"(max-width: 819px) 100vw, 819px\" \/>\t\t\t\t\t\t\t\t<\/a><\/p>\n<p><a href=\"https:\/\/drive.google.com\/drive\/folders\/1kLHSiZVhgL0D8cRTUjsw-lpCYh8WM_5U\" target=\"_blank\" rel=\"noopener\"><strong>Material audiovisual<\/strong><\/a><\/p>\n","protected":false},"excerpt":{"rendered":"<p>NOTA PREMSA JUSTRAIL &#8211; DIUMENGE 30 de MAR\u00c7 de 2025, 10:00 h Pla\u00e7a Mireia (Sant Just Desvern &#8211; Collserola) Nota de premsa de la JUSTRAIL 2025 &#8211; CATAL\u00c0 Nota de prensa de la JUSTRAIL 2025 &#8211; CASTELLANO Material audiovisual<\/p>\n","protected":false},"author":1,"featured_media":7428,"parent":0,"menu_order":0,"comment_status":"closed","ping_status":"closed","template":"","meta":{"_acf_changed":false,"site-sidebar-layout":"no-sidebar","site-content-layout":"page-builder","ast-site-content-layout":"full-width-container","site-content-style":"unboxed","site-sidebar-style":"unboxed","ast-global-header-display":"","ast-banner-title-visibility":"","ast-main-header-display":"","ast-hfb-above-header-display":"","ast-hfb-below-header-display":"","ast-hfb-mobile-header-display":"","site-post-title":"disabled","ast-breadcrumbs-content":"","ast-featured-img":"disabled","footer-sml-layout":"","ast-disable-related-posts":"","theme-transparent-header-meta":"enabled","adv-header-id-meta":"","stick-header-meta":"","header-above-stick-meta":"","header-main-stick-meta":"","header-below-stick-meta":"","astra-migrate-meta-layouts":"set","ast-page-background-enabled":"default","ast-page-background-meta":{"desktop":{"background-color":"","background-image":"","background-repeat":"repeat","background-position":"center center","background-size":"auto","background-attachment":"scroll","background-type":"","background-media":"","overlay-type":"","overlay-color":"","overlay-opacity":"","overlay-gradient":""},"tablet":{"background-color":"","background-image":"","background-repeat":"repeat","background-position":"center center","background-size":"auto","background-attachment":"scroll","background-type":"","background-media":"","overlay-type":"","overlay-color":"","overlay-opacity":"","overlay-gradient":""},"mobile":{"background-color":"","background-image":"","background-repeat":"repeat","background-position":"center center","background-size":"auto","background-attachment":"scroll","background-type":"","background-media":"","overlay-type":"","overlay-color":"","overlay-opacity":"","overlay-gradient":""}},"ast-content-background-meta":{"desktop":{"background-color":"var(--ast-global-color-5)","background-image":"","background-repeat":"repeat","background-position":"center center","background-size":"auto","background-attachment":"scroll","background-type":"","background-media":"","overlay-type":"","overlay-color":"","overlay-opacity":"","overlay-gradient":""},"tablet":{"background-color":"var(--ast-global-color-5)","background-image":"","background-repeat":"repeat","background-position":"center center","background-size":"auto","background-attachment":"scroll","background-type":"","background-media":"","overlay-type":"","overlay-color":"","overlay-opacity":"","overlay-gradient":""},"mobile":{"background-color":"var(--ast-global-color-5)","background-image":"","background-repeat":"repeat","background-position":"center center","background-size":"auto","background-attachment":"scroll","background-type":"","background-media":"","overlay-type":"","overlay-color":"","overlay-opacity":"","overlay-gradient":""}},"footnotes":""},"class_list":["post-9465","page","type-page","status-publish","has-post-thumbnail","hentry"],"acf":[],"_links":{"self":[{"href":"https:\/\/trailbarcelona.com\/ca\/wp-json\/wp\/v2\/pages\/9465","targetHints":{"allow":["GET"]}}],"collection":[{"href":"https:\/\/trailbarcelona.com\/ca\/wp-json\/wp\/v2\/pages"}],"about":[{"href":"https:\/\/trailbarcelona.com\/ca\/wp-json\/wp\/v2\/types\/page"}],"author":[{"embeddable":true,"href":"https:\/\/trailbarcelona.com\/ca\/wp-json\/wp\/v2\/users\/1"}],"replies":[{"embeddable":true,"href":"https:\/\/trailbarcelona.com\/ca\/wp-json\/wp\/v2\/comments?post=9465"}],"version-history":[{"count":1,"href":"https:\/\/trailbarcelona.com\/ca\/wp-json\/wp\/v2\/pages\/9465\/revisions"}],"predecessor-version":[{"id":9467,"href":"https:\/\/trailbarcelona.com\/ca\/wp-json\/wp\/v2\/pages\/9465\/revisions\/9467"}],"wp:featuredmedia":[{"embeddable":true,"href":"https:\/\/trailbarcelona.com\/ca\/wp-json\/wp\/v2\/media\/7428"}],"wp:attachment":[{"href":"https:\/\/trailbarcelona.com\/ca\/wp-json\/wp\/v2\/media?parent=9465"}],"curies":[{"name":"wp","href":"https:\/\/api.w.org\/{rel}","templated":true}]}}