{"id":9142,"date":"2025-01-12T18:43:11","date_gmt":"2025-01-12T17:43:11","guid":{"rendered":"https:\/\/trailbarcelona.com\/?page_id=9142"},"modified":"2025-01-12T18:45:36","modified_gmt":"2025-01-12T17:45:36","slug":"justrail-consells","status":"publish","type":"page","link":"https:\/\/trailbarcelona.com\/ca\/justrail-consells","title":{"rendered":"JUSTRAIL &#8211; Consells"},"content":{"rendered":"\t\t<div data-elementor-type=\"wp-post\" data-elementor-id=\"9142\" class=\"elementor elementor-9142\" data-elementor-post-type=\"page\">\n\t\t\t\t\t\t<section class=\"elementor-section elementor-top-section elementor-element elementor-element-028e434 elementor-section-boxed elementor-section-height-default elementor-section-height-default\" data-id=\"028e434\" data-element_type=\"section\" data-e-type=\"section\" data-settings=\"{&quot;background_background&quot;:&quot;classic&quot;}\">\n\t\t\t\t\t\t<div class=\"elementor-container elementor-column-gap-default\">\n\t\t\t\t\t<div class=\"elementor-column elementor-col-100 elementor-top-column elementor-element elementor-element-7a7195e\" data-id=\"7a7195e\" data-element_type=\"column\" data-e-type=\"column\">\n\t\t\t<div class=\"elementor-widget-wrap elementor-element-populated\">\n\t\t\t\t\t\t<div class=\"elementor-element elementor-element-53c3ed2 elementor-widget elementor-widget-image\" data-id=\"53c3ed2\" data-element_type=\"widget\" data-e-type=\"widget\" data-widget_type=\"image.default\">\n\t\t\t\t<div class=\"elementor-widget-container\">\n\t\t\t\t\t\t\t\t\t\t\t\t\t\t\t<img fetchpriority=\"high\" decoding=\"async\" width=\"1600\" height=\"737\" src=\"https:\/\/trailbarcelona.com\/wp-content\/uploads\/2024\/01\/Banner-JUSTRAIL-cat.jpg\" class=\"attachment-full size-full wp-image-7338\" alt=\"\" srcset=\"https:\/\/trailbarcelona.com\/wp-content\/uploads\/2024\/01\/Banner-JUSTRAIL-cat.jpg 1600w, https:\/\/trailbarcelona.com\/wp-content\/uploads\/2024\/01\/Banner-JUSTRAIL-cat-300x138.jpg 300w, https:\/\/trailbarcelona.com\/wp-content\/uploads\/2024\/01\/Banner-JUSTRAIL-cat-1024x472.jpg 1024w, https:\/\/trailbarcelona.com\/wp-content\/uploads\/2024\/01\/Banner-JUSTRAIL-cat-768x354.jpg 768w, https:\/\/trailbarcelona.com\/wp-content\/uploads\/2024\/01\/Banner-JUSTRAIL-cat-1536x708.jpg 1536w\" sizes=\"(max-width: 1600px) 100vw, 1600px\" \/>\t\t\t\t\t\t\t\t\t\t\t\t\t\t\t<\/div>\n\t\t\t\t<\/div>\n\t\t\t\t\t<\/div>\n\t\t<\/div>\n\t\t\t\t\t<\/div>\n\t\t<\/section>\n\t\t\t\t<section class=\"elementor-section elementor-top-section elementor-element elementor-element-7c72bd3 elementor-section-boxed elementor-section-height-default elementor-section-height-default\" data-id=\"7c72bd3\" data-element_type=\"section\" data-e-type=\"section\" data-settings=\"{&quot;background_background&quot;:&quot;gradient&quot;,&quot;shape_divider_top&quot;:&quot;mountains&quot;}\">\n\t\t\t\t\t<div class=\"elementor-shape elementor-shape-top\" aria-hidden=\"true\" data-negative=\"false\">\n\t\t\t<svg xmlns=\"http:\/\/www.w3.org\/2000\/svg\" viewBox=\"0 0 1000 100\" preserveAspectRatio=\"none\">\n\t<path class=\"elementor-shape-fill\" opacity=\"0.33\" d=\"M473,67.3c-203.9,88.3-263.1-34-320.3,0C66,119.1,0,59.7,0,59.7V0h1000v59.7 c0,0-62.1,26.1-94.9,29.3c-32.8,3.3-62.8-12.3-75.8-22.1C806,49.6,745.3,8.7,694.9,4.7S492.4,59,473,67.3z\"\/>\n\t<path class=\"elementor-shape-fill\" opacity=\"0.66\" d=\"M734,67.3c-45.5,0-77.2-23.2-129.1-39.1c-28.6-8.7-150.3-10.1-254,39.1 s-91.7-34.4-149.2,0C115.7,118.3,0,39.8,0,39.8V0h1000v36.5c0,0-28.2-18.5-92.1-18.5C810.2,18.1,775.7,67.3,734,67.3z\"\/>\n\t<path class=\"elementor-shape-fill\" d=\"M766.1,28.9c-200-57.5-266,65.5-395.1,19.5C242,1.8,242,5.4,184.8,20.6C128,35.8,132.3,44.9,89.9,52.5C28.6,63.7,0,0,0,0 h1000c0,0-9.9,40.9-83.6,48.1S829.6,47,766.1,28.9z\"\/>\n<\/svg>\t\t<\/div>\n\t\t\t\t\t<div class=\"elementor-container elementor-column-gap-default\">\n\t\t\t\t\t<div class=\"elementor-column elementor-col-100 elementor-top-column elementor-element elementor-element-58cac60\" data-id=\"58cac60\" data-element_type=\"column\" data-e-type=\"column\">\n\t\t\t<div class=\"elementor-widget-wrap elementor-element-populated\">\n\t\t\t\t\t\t<div class=\"elementor-element elementor-element-6630f34 elementor-widget elementor-widget-text-editor\" data-id=\"6630f34\" data-element_type=\"widget\" data-e-type=\"widget\" data-widget_type=\"text-editor.default\">\n\t\t\t\t<div class=\"elementor-widget-container\">\n\t\t\t\t\t\t\t\t\t<h3 style=\"text-align: center;\"><strong>DIUMENGE 30 de mar\u00e7 de 2025, <\/strong><strong>10:00 h<\/strong><\/h3><h5 style=\"text-align: center;\"><strong>Pla\u00e7a Mireia (Sant Just Desvern &#8211; Collserola)\u00a0 <br \/><\/strong><\/h5>\t\t\t\t\t\t\t\t<\/div>\n\t\t\t\t<\/div>\n\t\t\t\t\t<\/div>\n\t\t<\/div>\n\t\t\t\t\t<\/div>\n\t\t<\/section>\n\t\t\t\t<section class=\"elementor-section elementor-top-section elementor-element elementor-element-ec747f0 elementor-section-boxed elementor-section-height-default elementor-section-height-default\" data-id=\"ec747f0\" data-element_type=\"section\" data-e-type=\"section\">\n\t\t\t\t\t\t<div class=\"elementor-container elementor-column-gap-default\">\n\t\t\t\t\t<div class=\"elementor-column elementor-col-100 elementor-top-column elementor-element elementor-element-0c3800e\" data-id=\"0c3800e\" data-element_type=\"column\" data-e-type=\"column\">\n\t\t\t<div class=\"elementor-widget-wrap elementor-element-populated\">\n\t\t\t\t\t\t<div class=\"elementor-element elementor-element-741b139 elementor-headline--style-highlight elementor-widget elementor-widget-animated-headline\" data-id=\"741b139\" data-element_type=\"widget\" data-e-type=\"widget\" data-settings=\"{&quot;marker&quot;:&quot;curly&quot;,&quot;highlighted_text&quot;:&quot;CONSELLS \\u00daTILS&quot;,&quot;headline_style&quot;:&quot;highlight&quot;,&quot;loop&quot;:&quot;yes&quot;,&quot;highlight_animation_duration&quot;:1200,&quot;highlight_iteration_delay&quot;:8000}\" data-widget_type=\"animated-headline.default\">\n\t\t\t\t<div class=\"elementor-widget-container\">\n\t\t\t\t\t\t\t<h2 class=\"elementor-headline\">\n\t\t\t\t<span class=\"elementor-headline-dynamic-wrapper elementor-headline-text-wrapper\">\n\t\t\t\t\t<span class=\"elementor-headline-dynamic-text elementor-headline-text-active\">CONSELLS \u00daTILS<\/span>\n\t\t\t\t<\/span>\n\t\t\t\t<\/h2>\n\t\t\t\t\t\t<\/div>\n\t\t\t\t<\/div>\n\t\t\t\t\t<\/div>\n\t\t<\/div>\n\t\t\t\t\t<\/div>\n\t\t<\/section>\n\t\t\t\t<section class=\"elementor-section elementor-top-section elementor-element elementor-element-ec702ab elementor-section-boxed elementor-section-height-default elementor-section-height-default\" data-id=\"ec702ab\" data-element_type=\"section\" data-e-type=\"section\">\n\t\t\t\t\t\t<div class=\"elementor-container elementor-column-gap-default\">\n\t\t\t\t\t<div class=\"elementor-column elementor-col-100 elementor-top-column elementor-element elementor-element-3e56776\" data-id=\"3e56776\" data-element_type=\"column\" data-e-type=\"column\">\n\t\t\t<div class=\"elementor-widget-wrap elementor-element-populated\">\n\t\t\t\t\t\t<div class=\"elementor-element elementor-element-93f68de elementor-widget elementor-widget-text-editor\" data-id=\"93f68de\" data-element_type=\"widget\" data-e-type=\"widget\" data-widget_type=\"text-editor.default\">\n\t\t\t\t<div class=\"elementor-widget-container\">\n\t\t\t\t\t\t\t\t\t<h3>CUIDA DE L\u2019ENTORN NATURAL<img decoding=\"async\" class=\"alignnone  wp-image-8067\" src=\"https:\/\/trailbarcelona.com\/wp-content\/uploads\/2024\/03\/consell1_JUSTRAIL.jpg\" alt=\"\" width=\"152\" height=\"152\" srcset=\"https:\/\/trailbarcelona.com\/wp-content\/uploads\/2024\/03\/consell1_JUSTRAIL.jpg 275w, https:\/\/trailbarcelona.com\/wp-content\/uploads\/2024\/03\/consell1_JUSTRAIL-150x150.jpg 150w\" sizes=\"(max-width: 152px) 100vw, 152px\" \/><\/h3><ul><li>Llen\u00e7a les deixalles als contenidors i mira de recollir les que trobis a terra.<\/li><li>Fes servir got reutilitzable per reduir residus.<\/li><li>Gaudeix de la natura en silenci per no espantar la fauna o molestar a la resta de visitants.<\/li><li>Si \u00e9s possible ves caminant. En cas que no, intenta compartir el vehicle amb gent, per tal de minimitzar la petjada ecol\u00f2gica.<\/li><li>Aparca correctament als llocs senyalitzats, sense obstaculitzar el pas de vehicles i persones. A m\u00e9s tingues en compte que a la muntanya hi viu i hi treballa gent.<\/li><li>Evita arrencar flors o plantes, trencar branques o moure pedres.<\/li><li>Porta el gos lligat, ja que pot alterar la fauna.<\/li><li>No llencis papers, tovalloletes humides o altres residus higi\u00e8nics.<\/li><li>Segueix els camins marcats i respecta les senyalitzacions per evitar l\u2019erosi\u00f3 del s\u00f2l, molestar la fauna i malmetre la flora.<\/li><\/ul><h3>PER UNA BONA CURSA<img decoding=\"async\" class=\"alignnone  wp-image-8070\" src=\"https:\/\/trailbarcelona.com\/wp-content\/uploads\/2024\/03\/consell2_JUSTRAIL-270x300.jpg\" alt=\"\" width=\"142\" height=\"158\" srcset=\"https:\/\/trailbarcelona.com\/wp-content\/uploads\/2024\/03\/consell2_JUSTRAIL-270x300.jpg 270w, https:\/\/trailbarcelona.com\/wp-content\/uploads\/2024\/03\/consell2_JUSTRAIL.jpg 402w\" sizes=\"(max-width: 142px) 100vw, 142px\" \/><\/h3><p><strong>Dies abans de la cursa<\/strong><\/p><ul><li>Alimenta&#8217;t b\u00e9 amb fruites, verdures, hidrats de carboni (pasta, llegums, arr\u00f2s o patata) i prote\u00efnes (carn, peix i ous).<\/li><li>Beu molta aigua al llarg del dia.<\/li><li>Evita menjar sucres, greixos i brioixeria industrial.<\/li><li>No facis activitats massa intenses i dorm prou per arribar descansat a la cursa.<\/li><li>Mira de fer estiraments.<\/li><\/ul><p><strong>Dia de la cursa<\/strong><\/p><ul><li>Fes un bon esmorzar ric en cereals o pa amb pernil dol\u00e7, pollastre, gall d\u2019indi o pernil salat, fruita i fruits secs. El pots acompanyar de iogurt.<\/li><li>Evita menjar just abans de la cursa. Si tens gana, millor un pl\u00e0tan que a m\u00e9s t\u2019aportar\u00e0 potassi per a la musculatura.<\/li><li>No tastis aliments nous, ja que et poden caure malament.<\/li><li>Cal hidratar-se molt durant el dia i en especial, mitja hora abans de la cursa.<\/li><li>No facis sevir roba o cal\u00e7at nou, et poden provocar rascades.<\/li><li>Arriba amb prou antelaci\u00f3, aix\u00ed tindr\u00e0s temps suficient per recollir el dorsal, escalfar, anar al lavabo, etc.<\/li><li>Evita estar al sol, millor busca l\u2019ombra i si no, posa\u2019t una gorra.<\/li><li>Fes un petit escalfament, per preparar la musculatura per l\u2019esfor\u00e7 que far\u00e0s.<\/li><li>Pots ajudar-te de begudes isot\u00f2niques, barretes i gels energ\u00e8tics per tenir m\u00e9s energia.<\/li><li>No comencis massa r\u00e0pid, ja que pots cansar-te de seguida, millor que vagis pujant el ritme a poc a poc per assegurar-te poder acabar b\u00e9 la cursa.<\/li><li>Mira de no obstaculitzar la resta de corredors i evitar caigudes.<\/li><\/ul><p><strong>Despr\u00e9s de la cursa<\/strong><\/p><ul><li>Continua hidratant-te amb (aigua, beguda isot\u00f2nica o sucs naturals).<\/li><li>Fes estiraments per evitar lesions i recuperar-te m\u00e9s r\u00e0pid.<\/li><li>Fes un bon dinar prioritzant aliments rics en prote\u00efnes.<\/li><\/ul><h3>MATERIAL RECOMANABLE<img loading=\"lazy\" decoding=\"async\" class=\"alignnone  wp-image-8072\" src=\"https:\/\/trailbarcelona.com\/wp-content\/uploads\/2024\/03\/consell3_JUSTRAIL.jpg\" alt=\"\" width=\"178\" height=\"178\" srcset=\"https:\/\/trailbarcelona.com\/wp-content\/uploads\/2024\/03\/consell3_JUSTRAIL.jpg 297w, https:\/\/trailbarcelona.com\/wp-content\/uploads\/2024\/03\/consell3_JUSTRAIL-150x150.jpg 150w\" sizes=\"(max-width: 178px) 100vw, 178px\" \/><\/h3><ul><li>Roba esportiva, t\u00e8cnica, c\u00f2mode i adequada a la temperatura. A la part de dalt samarreta oficial de la cursa i a sota un pantal\u00f3 o malla per c\u00f3rrer.<\/li><li>Sabatilles de c\u00f3rrer per muntanya per evitar caigudes i relliscades.<\/li><li>Mitjons ben adaptats per evitar butllofes i ferides.<\/li><li>Motxilla, armilla o cintur\u00f3 de trail running amb bid\u00f3 o Camelbak ple d\u2019aigua o beguda isot\u00f2nica.<\/li><li>Gorra, ulleres de sol i crema solar, ja que el sol de muntanya crema molt, encara que estigui ennuvolat.<\/li><li>Barretes i gels energ\u00e8tics per aconseguir energia instant\u00e0nia.<\/li><li>Got reutilitzable o bid\u00f3 per evitar l\u2019\u00fas de gots d\u2019un sol \u00fas a l\u2019avituallament.<\/li><\/ul>\t\t\t\t\t\t\t\t<\/div>\n\t\t\t\t<\/div>\n\t\t\t\t\t<\/div>\n\t\t<\/div>\n\t\t\t\t\t<\/div>\n\t\t<\/section>\n\t\t\t\t<section class=\"elementor-section elementor-top-section elementor-element elementor-element-bc3b385 elementor-section-boxed elementor-section-height-default elementor-section-height-default\" data-id=\"bc3b385\" data-element_type=\"section\" data-e-type=\"section\">\n\t\t\t\t\t\t<div class=\"elementor-container elementor-column-gap-default\">\n\t\t\t\t\t<div class=\"elementor-column elementor-col-100 elementor-top-column elementor-element elementor-element-d41c55f\" data-id=\"d41c55f\" data-element_type=\"column\" data-e-type=\"column\">\n\t\t\t<div class=\"elementor-widget-wrap elementor-element-populated\">\n\t\t\t\t\t\t<div class=\"elementor-element elementor-element-3ff1fd0 elementor-widget elementor-widget-google_maps\" data-id=\"3ff1fd0\" data-element_type=\"widget\" data-e-type=\"widget\" data-widget_type=\"google_maps.default\">\n\t\t\t\t<div class=\"elementor-widget-container\">\n\t\t\t\t\t\t\t<div class=\"elementor-custom-embed\">\n\t\t\t<iframe loading=\"lazy\"\n\t\t\t\t\tsrc=\"https:\/\/maps.google.com\/maps?q=41%C2%B023%2738.4%22N%202%C2%B005%2737.0%22E&#038;t=m&#038;z=15&#038;output=embed&#038;iwloc=near\"\n\t\t\t\t\ttitle=\"41\u00b023&#039;38.4&quot;N 2\u00b005&#039;37.0&quot;E\"\n\t\t\t\t\taria-label=\"41\u00b023&#039;38.4&quot;N 2\u00b005&#039;37.0&quot;E\"\n\t\t\t><\/iframe>\n\t\t<\/div>\n\t\t\t\t\t\t<\/div>\n\t\t\t\t<\/div>\n\t\t\t\t\t<\/div>\n\t\t<\/div>\n\t\t\t\t\t<\/div>\n\t\t<\/section>\n\t\t\t\t<\/div>\n\t\t","protected":false},"excerpt":{"rendered":"<p>DIUMENGE 30 de mar\u00e7 de 2025, 10:00 h Pla\u00e7a Mireia (Sant Just Desvern &#8211; Collserola)\u00a0 CONSELLS \u00daTILS CUIDA DE L\u2019ENTORN NATURAL Llen\u00e7a les deixalles als contenidors i mira de recollir les que trobis a terra. Fes servir got reutilitzable per reduir residus. Gaudeix de la natura en silenci per no espantar la fauna o molestar [&hellip;]<\/p>\n","protected":false},"author":1,"featured_media":7428,"parent":0,"menu_order":0,"comment_status":"closed","ping_status":"closed","template":"","meta":{"_acf_changed":false,"site-sidebar-layout":"no-sidebar","site-content-layout":"page-builder","ast-site-content-layout":"full-width-container","site-content-style":"unboxed","site-sidebar-style":"unboxed","ast-global-header-display":"","ast-banner-title-visibility":"","ast-main-header-display":"","ast-hfb-above-header-display":"","ast-hfb-below-header-display":"","ast-hfb-mobile-header-display":"","site-post-title":"disabled","ast-breadcrumbs-content":"","ast-featured-img":"disabled","footer-sml-layout":"","ast-disable-related-posts":"","theme-transparent-header-meta":"enabled","adv-header-id-meta":"","stick-header-meta":"","header-above-stick-meta":"","header-main-stick-meta":"","header-below-stick-meta":"","astra-migrate-meta-layouts":"set","ast-page-background-enabled":"default","ast-page-background-meta":{"desktop":{"background-color":"","background-image":"","background-repeat":"repeat","background-position":"center center","background-size":"auto","background-attachment":"scroll","background-type":"","background-media":"","overlay-type":"","overlay-color":"","overlay-opacity":"","overlay-gradient":""},"tablet":{"background-color":"","background-image":"","background-repeat":"repeat","background-position":"center center","background-size":"auto","background-attachment":"scroll","background-type":"","background-media":"","overlay-type":"","overlay-color":"","overlay-opacity":"","overlay-gradient":""},"mobile":{"background-color":"","background-image":"","background-repeat":"repeat","background-position":"center center","background-size":"auto","background-attachment":"scroll","background-type":"","background-media":"","overlay-type":"","overlay-color":"","overlay-opacity":"","overlay-gradient":""}},"ast-content-background-meta":{"desktop":{"background-color":"var(--ast-global-color-5)","background-image":"","background-repeat":"repeat","background-position":"center center","background-size":"auto","background-attachment":"scroll","background-type":"","background-media":"","overlay-type":"","overlay-color":"","overlay-opacity":"","overlay-gradient":""},"tablet":{"background-color":"var(--ast-global-color-5)","background-image":"","background-repeat":"repeat","background-position":"center center","background-size":"auto","background-attachment":"scroll","background-type":"","background-media":"","overlay-type":"","overlay-color":"","overlay-opacity":"","overlay-gradient":""},"mobile":{"background-color":"var(--ast-global-color-5)","background-image":"","background-repeat":"repeat","background-position":"center center","background-size":"auto","background-attachment":"scroll","background-type":"","background-media":"","overlay-type":"","overlay-color":"","overlay-opacity":"","overlay-gradient":""}},"footnotes":""},"class_list":["post-9142","page","type-page","status-publish","has-post-thumbnail","hentry"],"acf":[],"_links":{"self":[{"href":"https:\/\/trailbarcelona.com\/ca\/wp-json\/wp\/v2\/pages\/9142","targetHints":{"allow":["GET"]}}],"collection":[{"href":"https:\/\/trailbarcelona.com\/ca\/wp-json\/wp\/v2\/pages"}],"about":[{"href":"https:\/\/trailbarcelona.com\/ca\/wp-json\/wp\/v2\/types\/page"}],"author":[{"embeddable":true,"href":"https:\/\/trailbarcelona.com\/ca\/wp-json\/wp\/v2\/users\/1"}],"replies":[{"embeddable":true,"href":"https:\/\/trailbarcelona.com\/ca\/wp-json\/wp\/v2\/comments?post=9142"}],"version-history":[{"count":4,"href":"https:\/\/trailbarcelona.com\/ca\/wp-json\/wp\/v2\/pages\/9142\/revisions"}],"predecessor-version":[{"id":9147,"href":"https:\/\/trailbarcelona.com\/ca\/wp-json\/wp\/v2\/pages\/9142\/revisions\/9147"}],"wp:featuredmedia":[{"embeddable":true,"href":"https:\/\/trailbarcelona.com\/ca\/wp-json\/wp\/v2\/media\/7428"}],"wp:attachment":[{"href":"https:\/\/trailbarcelona.com\/ca\/wp-json\/wp\/v2\/media?parent=9142"}],"curies":[{"name":"wp","href":"https:\/\/api.w.org\/{rel}","templated":true}]}}