{"id":9094,"date":"2024-12-27T12:11:20","date_gmt":"2024-12-27T11:11:20","guid":{"rendered":"https:\/\/trailbarcelona.com\/?page_id=9094"},"modified":"2025-03-10T11:50:21","modified_gmt":"2025-03-10T10:50:21","slug":"justrail-2025-mitjans-comunicacio","status":"publish","type":"page","link":"https:\/\/trailbarcelona.com\/ca\/justrail-2025-mitjans-comunicacio","title":{"rendered":"JUSTRAIL 2025 &#8211; Mitjans Comunicacio"},"content":{"rendered":"\t\t<div data-elementor-type=\"wp-post\" data-elementor-id=\"9094\" class=\"elementor elementor-9094\" data-elementor-post-type=\"page\">\n\t\t\t\t\t\t<section class=\"elementor-section elementor-top-section elementor-element elementor-element-028e434 elementor-section-boxed elementor-section-height-default elementor-section-height-default\" data-id=\"028e434\" data-element_type=\"section\" data-e-type=\"section\" data-settings=\"{&quot;background_background&quot;:&quot;classic&quot;}\">\n\t\t\t\t\t\t<div class=\"elementor-container elementor-column-gap-default\">\n\t\t\t\t\t<div class=\"elementor-column elementor-col-100 elementor-top-column elementor-element elementor-element-7a7195e\" data-id=\"7a7195e\" data-element_type=\"column\" data-e-type=\"column\">\n\t\t\t<div class=\"elementor-widget-wrap elementor-element-populated\">\n\t\t\t\t\t\t<div class=\"elementor-element elementor-element-53c3ed2 elementor-widget elementor-widget-image\" data-id=\"53c3ed2\" data-element_type=\"widget\" data-e-type=\"widget\" data-widget_type=\"image.default\">\n\t\t\t\t<div class=\"elementor-widget-container\">\n\t\t\t\t\t\t\t\t\t\t\t\t\t\t\t<img fetchpriority=\"high\" decoding=\"async\" width=\"1600\" height=\"737\" src=\"https:\/\/trailbarcelona.com\/wp-content\/uploads\/2025\/01\/JUSTRAIL_2025_banner_CAT-1.jpg\" class=\"attachment-full size-full wp-image-9250\" alt=\"\" srcset=\"https:\/\/trailbarcelona.com\/wp-content\/uploads\/2025\/01\/JUSTRAIL_2025_banner_CAT-1.jpg 1600w, https:\/\/trailbarcelona.com\/wp-content\/uploads\/2025\/01\/JUSTRAIL_2025_banner_CAT-1-300x138.jpg 300w, https:\/\/trailbarcelona.com\/wp-content\/uploads\/2025\/01\/JUSTRAIL_2025_banner_CAT-1-1024x472.jpg 1024w, https:\/\/trailbarcelona.com\/wp-content\/uploads\/2025\/01\/JUSTRAIL_2025_banner_CAT-1-768x354.jpg 768w, https:\/\/trailbarcelona.com\/wp-content\/uploads\/2025\/01\/JUSTRAIL_2025_banner_CAT-1-1536x708.jpg 1536w\" sizes=\"(max-width: 1600px) 100vw, 1600px\" \/>\t\t\t\t\t\t\t\t\t\t\t\t\t\t\t<\/div>\n\t\t\t\t<\/div>\n\t\t\t\t\t<\/div>\n\t\t<\/div>\n\t\t\t\t\t<\/div>\n\t\t<\/section>\n\t\t\t\t<section class=\"elementor-section elementor-top-section elementor-element elementor-element-7c72bd3 elementor-section-boxed elementor-section-height-default elementor-section-height-default\" data-id=\"7c72bd3\" data-element_type=\"section\" data-e-type=\"section\" data-settings=\"{&quot;background_background&quot;:&quot;gradient&quot;,&quot;shape_divider_top&quot;:&quot;mountains&quot;}\">\n\t\t\t\t\t<div class=\"elementor-shape elementor-shape-top\" aria-hidden=\"true\" data-negative=\"false\">\n\t\t\t<svg xmlns=\"http:\/\/www.w3.org\/2000\/svg\" viewBox=\"0 0 1000 100\" preserveAspectRatio=\"none\">\n\t<path class=\"elementor-shape-fill\" opacity=\"0.33\" d=\"M473,67.3c-203.9,88.3-263.1-34-320.3,0C66,119.1,0,59.7,0,59.7V0h1000v59.7 c0,0-62.1,26.1-94.9,29.3c-32.8,3.3-62.8-12.3-75.8-22.1C806,49.6,745.3,8.7,694.9,4.7S492.4,59,473,67.3z\"\/>\n\t<path class=\"elementor-shape-fill\" opacity=\"0.66\" d=\"M734,67.3c-45.5,0-77.2-23.2-129.1-39.1c-28.6-8.7-150.3-10.1-254,39.1 s-91.7-34.4-149.2,0C115.7,118.3,0,39.8,0,39.8V0h1000v36.5c0,0-28.2-18.5-92.1-18.5C810.2,18.1,775.7,67.3,734,67.3z\"\/>\n\t<path class=\"elementor-shape-fill\" d=\"M766.1,28.9c-200-57.5-266,65.5-395.1,19.5C242,1.8,242,5.4,184.8,20.6C128,35.8,132.3,44.9,89.9,52.5C28.6,63.7,0,0,0,0 h1000c0,0-9.9,40.9-83.6,48.1S829.6,47,766.1,28.9z\"\/>\n<\/svg>\t\t<\/div>\n\t\t\t\t\t<div class=\"elementor-container elementor-column-gap-default\">\n\t\t\t\t\t<div class=\"elementor-column elementor-col-100 elementor-top-column elementor-element elementor-element-58cac60\" data-id=\"58cac60\" data-element_type=\"column\" data-e-type=\"column\">\n\t\t\t<div class=\"elementor-widget-wrap elementor-element-populated\">\n\t\t\t\t\t\t<div class=\"elementor-element elementor-element-6630f34 elementor-widget elementor-widget-text-editor\" data-id=\"6630f34\" data-element_type=\"widget\" data-e-type=\"widget\" data-widget_type=\"text-editor.default\">\n\t\t\t\t<div class=\"elementor-widget-container\">\n\t\t\t\t\t\t\t\t\t<h2 style=\"text-align: center;\"><strong>MITJANS DE COMUNICACI\u00d3<br \/><\/strong><\/h2><h3 style=\"text-align: center;\"><strong>JUSTRAIL &#8211; DIUMENGE 30 de MAR\u00c7 de 2025, <\/strong><strong>10:00 h<\/strong><\/h3><h5 style=\"text-align: center;\"><strong>Pla\u00e7a Mireia (Sant Just Desvern &#8211; Collserola)\u00a0 <br \/><\/strong><\/h5>\t\t\t\t\t\t\t\t<\/div>\n\t\t\t\t<\/div>\n\t\t\t\t\t<\/div>\n\t\t<\/div>\n\t\t\t\t\t<\/div>\n\t\t<\/section>\n\t\t\t\t<section class=\"elementor-section elementor-top-section elementor-element elementor-element-5b04acc elementor-section-boxed elementor-section-height-default elementor-section-height-default\" data-id=\"5b04acc\" data-element_type=\"section\" data-e-type=\"section\">\n\t\t\t\t\t\t<div class=\"elementor-container elementor-column-gap-default\">\n\t\t\t\t\t<div class=\"elementor-column elementor-col-100 elementor-top-column elementor-element elementor-element-9c5cbe0\" data-id=\"9c5cbe0\" data-element_type=\"column\" data-e-type=\"column\">\n\t\t\t<div class=\"elementor-widget-wrap elementor-element-populated\">\n\t\t\t\t\t\t<section class=\"elementor-section elementor-inner-section elementor-element elementor-element-05f5372 elementor-section-boxed elementor-section-height-default elementor-section-height-default\" data-id=\"05f5372\" data-element_type=\"section\" data-e-type=\"section\">\n\t\t\t\t\t\t<div class=\"elementor-container elementor-column-gap-default\">\n\t\t\t\t\t<div class=\"elementor-column elementor-col-50 elementor-inner-column elementor-element elementor-element-ddf5859\" data-id=\"ddf5859\" data-element_type=\"column\" data-e-type=\"column\">\n\t\t\t<div class=\"elementor-widget-wrap elementor-element-populated\">\n\t\t\t\t\t\t<div class=\"elementor-element elementor-element-5ac930f elementor-widget elementor-widget-image\" data-id=\"5ac930f\" data-element_type=\"widget\" data-e-type=\"widget\" data-widget_type=\"image.default\">\n\t\t\t\t<div class=\"elementor-widget-container\">\n\t\t\t\t\t\t\t\t\t\t\t\t\t\t\t\t<a href=\"https:\/\/www.radiodesvern.com\/programs\/entrevistes-de-la-rambla\/radiodesvern_podcast_35625?ref=wa\" target=\"_blank\">\n\t\t\t\t\t\t\t<img decoding=\"async\" width=\"890\" height=\"500\" src=\"https:\/\/trailbarcelona.com\/wp-content\/uploads\/2025\/02\/WhatsApp-Image-2025-02-12-at-16.54.36.jpeg\" class=\"attachment-large size-large wp-image-9420\" alt=\"\" srcset=\"https:\/\/trailbarcelona.com\/wp-content\/uploads\/2025\/02\/WhatsApp-Image-2025-02-12-at-16.54.36.jpeg 890w, https:\/\/trailbarcelona.com\/wp-content\/uploads\/2025\/02\/WhatsApp-Image-2025-02-12-at-16.54.36-300x169.jpeg 300w, https:\/\/trailbarcelona.com\/wp-content\/uploads\/2025\/02\/WhatsApp-Image-2025-02-12-at-16.54.36-768x431.jpeg 768w\" sizes=\"(max-width: 890px) 100vw, 890px\" \/>\t\t\t\t\t\t\t\t<\/a>\n\t\t\t\t\t\t\t\t\t\t\t\t\t\t\t<\/div>\n\t\t\t\t<\/div>\n\t\t\t\t\t<\/div>\n\t\t<\/div>\n\t\t\t\t<div class=\"elementor-column elementor-col-50 elementor-inner-column elementor-element elementor-element-d68f81b\" data-id=\"d68f81b\" data-element_type=\"column\" data-e-type=\"column\">\n\t\t\t<div class=\"elementor-widget-wrap elementor-element-populated\">\n\t\t\t\t\t\t<div class=\"elementor-element elementor-element-289db46 elementor-widget elementor-widget-text-editor\" data-id=\"289db46\" data-element_type=\"widget\" data-e-type=\"widget\" data-widget_type=\"text-editor.default\">\n\t\t\t\t<div class=\"elementor-widget-container\">\n\t\t\t\t\t\t\t\t\t<h4>Entrevista a Radio Desvern<\/h4><p><em>03\/02\/2025<\/em><\/p><p id=\"part4470843\" class=\"P11\"><a href=\"https:\/\/www.radiodesvern.com\/programs\/entrevistes-de-la-rambla\/radiodesvern_podcast_35625?ref=wa\">Entrevista JUSTRAIL a l\u2019Escola Trail Running Barcelona de Sant Just<\/a><\/p><p class=\"P11\">L\u2019entrevista del dia a l&#8217;emissora la fem als responsables de l\u2019Escola Trail Running Barcelona de Sant Just, al David Buenacasa i a la Cristina S\u00e0nchez-Sierra. Ens parlen de la segona edici\u00f3 de la \u2018JUSTRAIL\u2019, una cursa de muntanya que organitza l\u2019Escola de Trail per a infants i joves el 30 de mar\u00e7.<\/p>\t\t\t\t\t\t\t\t<\/div>\n\t\t\t\t<\/div>\n\t\t\t\t\t<\/div>\n\t\t<\/div>\n\t\t\t\t\t<\/div>\n\t\t<\/section>\n\t\t\t\t<div class=\"elementor-element elementor-element-f07908f elementor-widget-divider--view-line elementor-widget elementor-widget-divider\" data-id=\"f07908f\" data-element_type=\"widget\" data-e-type=\"widget\" data-widget_type=\"divider.default\">\n\t\t\t\t<div class=\"elementor-widget-container\">\n\t\t\t\t\t\t\t<div class=\"elementor-divider\">\n\t\t\t<span class=\"elementor-divider-separator\">\n\t\t\t\t\t\t<\/span>\n\t\t<\/div>\n\t\t\t\t\t\t<\/div>\n\t\t\t\t<\/div>\n\t\t\t\t\t<\/div>\n\t\t<\/div>\n\t\t\t\t\t<\/div>\n\t\t<\/section>\n\t\t\t\t<section class=\"elementor-section elementor-inner-section elementor-element elementor-element-000e919 elementor-section-boxed elementor-section-height-default elementor-section-height-default\" data-id=\"000e919\" data-element_type=\"section\" data-e-type=\"section\">\n\t\t\t\t\t\t<div class=\"elementor-container elementor-column-gap-default\">\n\t\t\t\t\t<div class=\"elementor-column elementor-col-100 elementor-inner-column elementor-element elementor-element-32e1ea1\" data-id=\"32e1ea1\" data-element_type=\"column\" data-e-type=\"column\">\n\t\t\t<div class=\"elementor-widget-wrap elementor-element-populated\">\n\t\t\t\t\t\t<div class=\"elementor-element elementor-element-ed8e8a1 elementor-widget elementor-widget-image\" data-id=\"ed8e8a1\" data-element_type=\"widget\" data-e-type=\"widget\" data-widget_type=\"image.default\">\n\t\t\t\t<div class=\"elementor-widget-container\">\n\t\t\t\t\t\t\t\t\t\t\t\t\t\t\t\t<a href=\"https:\/\/santjust.cat\/wp-content\/uploads\/butlleti_368.pdf\" target=\"_blank\">\n\t\t\t\t\t\t\t<img decoding=\"async\" src=\"https:\/\/trailbarcelona.com\/wp-content\/uploads\/elementor\/thumbs\/Captura-de-pantalla-2025-03-10-a-las-11.48.22-r2ng8ntkzdvr5qltjmdpan72z911x8m5bbdfosnmyo.png\" title=\"Captura de pantalla 2025-03-10 a las 11.48.22\" alt=\"Captura de pantalla 2025-03-10 a las 11.48.22\" loading=\"lazy\" \/>\t\t\t\t\t\t\t\t<\/a>\n\t\t\t\t\t\t\t\t\t\t\t\t\t\t\t<\/div>\n\t\t\t\t<\/div>\n\t\t\t\t<div class=\"elementor-element elementor-element-8d9041f elementor-widget elementor-widget-text-editor\" data-id=\"8d9041f\" data-element_type=\"widget\" data-e-type=\"widget\" data-widget_type=\"text-editor.default\">\n\t\t\t\t<div class=\"elementor-widget-container\">\n\t\t\t\t\t\t\t\t\t<p><a href=\"https:\/\/santjust.cat\/wp-content\/uploads\/butlleti_368.pdf\" target=\"_blank\" rel=\"noopener\">JUSTRAIL al Butllet\u00ed de Sant Just<\/a><\/p><p><em>\u00a0<\/em><\/p><p><em>01\/02\/2025<\/em><\/p><p>2\u00aa JUSTRAIL: m\u00e9s inclusiu i la Gent Gran com a col\u00b7lectiu destinatari dels beneficis<\/p>\t\t\t\t\t\t\t\t<\/div>\n\t\t\t\t<\/div>\n\t\t\t\t\t<\/div>\n\t\t<\/div>\n\t\t\t\t\t<\/div>\n\t\t<\/section>\n\t\t\t\t<section class=\"elementor-section elementor-inner-section elementor-element elementor-element-20034af elementor-section-boxed elementor-section-height-default elementor-section-height-default\" data-id=\"20034af\" data-element_type=\"section\" data-e-type=\"section\">\n\t\t\t\t\t\t<div class=\"elementor-container elementor-column-gap-default\">\n\t\t\t\t\t<div class=\"elementor-column elementor-col-100 elementor-inner-column elementor-element elementor-element-5add0b5\" data-id=\"5add0b5\" data-element_type=\"column\" data-e-type=\"column\">\n\t\t\t<div class=\"elementor-widget-wrap elementor-element-populated\">\n\t\t\t\t\t\t<div class=\"elementor-element elementor-element-ef7dd7c elementor-widget elementor-widget-image\" data-id=\"ef7dd7c\" data-element_type=\"widget\" data-e-type=\"widget\" data-widget_type=\"image.default\">\n\t\t\t\t<div class=\"elementor-widget-container\">\n\t\t\t\t\t\t\t\t\t\t\t\t\t\t\t\t<a href=\"https:\/\/www.mundodeportivo.com\/running\/carreras\/20250225\/1002414815\/justrail-2025-carrera-solidaria-une-deporte-inclusion-apoyo-mayores.html\" target=\"_blank\">\n\t\t\t\t\t\t\t<img decoding=\"async\" width=\"1024\" height=\"522\" src=\"https:\/\/trailbarcelona.com\/wp-content\/uploads\/2025\/02\/Captura-de-pantalla-2025-02-25-a-las-22.30.18-1-1024x522.png\" class=\"attachment-large size-large wp-image-9581\" alt=\"\" srcset=\"https:\/\/trailbarcelona.com\/wp-content\/uploads\/2025\/02\/Captura-de-pantalla-2025-02-25-a-las-22.30.18-1-1024x522.png 1024w, https:\/\/trailbarcelona.com\/wp-content\/uploads\/2025\/02\/Captura-de-pantalla-2025-02-25-a-las-22.30.18-1-300x153.png 300w, https:\/\/trailbarcelona.com\/wp-content\/uploads\/2025\/02\/Captura-de-pantalla-2025-02-25-a-las-22.30.18-1-768x392.png 768w, https:\/\/trailbarcelona.com\/wp-content\/uploads\/2025\/02\/Captura-de-pantalla-2025-02-25-a-las-22.30.18-1-1536x783.png 1536w, https:\/\/trailbarcelona.com\/wp-content\/uploads\/2025\/02\/Captura-de-pantalla-2025-02-25-a-las-22.30.18-1-2048x1044.png 2048w\" sizes=\"(max-width: 1024px) 100vw, 1024px\" \/>\t\t\t\t\t\t\t\t<\/a>\n\t\t\t\t\t\t\t\t\t\t\t\t\t\t\t<\/div>\n\t\t\t\t<\/div>\n\t\t\t\t<div class=\"elementor-element elementor-element-e593cee elementor-widget elementor-widget-text-editor\" data-id=\"e593cee\" data-element_type=\"widget\" data-e-type=\"widget\" data-widget_type=\"text-editor.default\">\n\t\t\t\t<div class=\"elementor-widget-container\">\n\t\t\t\t\t\t\t\t\t<p><a href=\"https:\/\/www.mundodeportivo.com\/running\/carreras\/20250225\/1002414815\/justrail-2025-carrera-solidaria-une-deporte-inclusion-apoyo-mayores.html\" target=\"_blank\" rel=\"noopener\">JUSTRAIL a El Mundo Deportivo<\/a><\/p><p><em>25\/02\/2025<\/em><\/p><p><br \/>La segunda edici\u00f3n de la <strong>JUSTRAIL<\/strong>, que se celebrar\u00e1 el pr\u00f3ximo 30 de marzo en el<strong> Parque Natural de Collserola<\/strong>, destaca por su car\u00e1cter solidario e inclusivo. Esta carrera de monta\u00f1a infantil y juvenil, organizada por Trail Barcelona, no solo promueve el deporte y el contacto con la naturaleza, sino que tambi\u00e9n se compromete con causas sociales.<\/p>\t\t\t\t\t\t\t\t<\/div>\n\t\t\t\t<\/div>\n\t\t\t\t\t<\/div>\n\t\t<\/div>\n\t\t\t\t\t<\/div>\n\t\t<\/section>\n\t\t\t\t<section class=\"elementor-section elementor-inner-section elementor-element elementor-element-2b3d15e elementor-section-boxed elementor-section-height-default elementor-section-height-default\" data-id=\"2b3d15e\" data-element_type=\"section\" data-e-type=\"section\">\n\t\t\t\t\t\t<div class=\"elementor-container elementor-column-gap-default\">\n\t\t\t\t\t<div class=\"elementor-column elementor-col-100 elementor-inner-column elementor-element elementor-element-1e01705\" data-id=\"1e01705\" data-element_type=\"column\" data-e-type=\"column\">\n\t\t\t<div class=\"elementor-widget-wrap elementor-element-populated\">\n\t\t\t\t\t\t<div class=\"elementor-element elementor-element-8c0868e elementor-widget elementor-widget-image\" data-id=\"8c0868e\" data-element_type=\"widget\" data-e-type=\"widget\" data-widget_type=\"image.default\">\n\t\t\t\t<div class=\"elementor-widget-container\">\n\t\t\t\t\t\t\t\t\t\t\t\t\t\t\t\t<a href=\"https:\/\/www.google.com\/url?sa=t&#038;source=web&#038;rct=j&#038;opi=89978449&#038;url=https:\/\/www.lapremsadelbaix.es\/seccions-del-baix\/esports\/la-segona-edicio%25CC%2581-de-la-justrail-sera%25CC%2580-inclusiva.html&#038;ved=2ahUKEwjl6-rWqv-LAxXeQ_EDHZQhJU4QFnoECCAQAQ&#038;usg=AOvVaw3rUy-n1vpKr37KrJSg5q1s\" target=\"_blank\">\n\t\t\t\t\t\t\t<img loading=\"lazy\" decoding=\"async\" width=\"1024\" height=\"543\" src=\"https:\/\/trailbarcelona.com\/wp-content\/uploads\/2025\/03\/Captura-de-pantalla-2025-03-06-a-las-20.43.59-1024x543.png\" class=\"attachment-large size-large wp-image-9601\" alt=\"\" srcset=\"https:\/\/trailbarcelona.com\/wp-content\/uploads\/2025\/03\/Captura-de-pantalla-2025-03-06-a-las-20.43.59-1024x543.png 1024w, https:\/\/trailbarcelona.com\/wp-content\/uploads\/2025\/03\/Captura-de-pantalla-2025-03-06-a-las-20.43.59-300x159.png 300w, https:\/\/trailbarcelona.com\/wp-content\/uploads\/2025\/03\/Captura-de-pantalla-2025-03-06-a-las-20.43.59-768x407.png 768w, https:\/\/trailbarcelona.com\/wp-content\/uploads\/2025\/03\/Captura-de-pantalla-2025-03-06-a-las-20.43.59-1536x815.png 1536w, https:\/\/trailbarcelona.com\/wp-content\/uploads\/2025\/03\/Captura-de-pantalla-2025-03-06-a-las-20.43.59-2048x1086.png 2048w\" sizes=\"(max-width: 1024px) 100vw, 1024px\" \/>\t\t\t\t\t\t\t\t<\/a>\n\t\t\t\t\t\t\t\t\t\t\t\t\t\t\t<\/div>\n\t\t\t\t<\/div>\n\t\t\t\t<div class=\"elementor-element elementor-element-44286ff elementor-widget elementor-widget-text-editor\" data-id=\"44286ff\" data-element_type=\"widget\" data-e-type=\"widget\" data-widget_type=\"text-editor.default\">\n\t\t\t\t<div class=\"elementor-widget-container\">\n\t\t\t\t\t\t\t\t\t<a href=\"https:\/\/www.google.com\/url?sa=t&#038;source=web&#038;rct=j&#038;opi=89978449&#038;url=https:\/\/www.lapremsadelbaix.es\/seccions-del-baix\/esports\/la-segona-edicio%25CC%2581-de-la-justrail-sera%25CC%2580-inclusiva.html&#038;ved=2ahUKEwjl6-rWqv-LAxXeQ_EDHZQhJU4QFnoECCAQAQ&#038;usg=AOvVaw3rUy-n1vpKr37KrJSg5q1s\" target=\"_blank\">JUSTRAIL a La Premsa del Baix<\/a>\n<br>\n<em>02\/03\/2025<\/em>\n<br><br>\nLa cursa infantil i juvenil es fara\u0300 el 30 de marc\u0327 al Parc Natural de Collserola i els beneficis es destinaran al projecte d&#8217;estimulacio\u0301 cognitiva del Parc Sanitari\t\t\t\t\t\t\t\t<\/div>\n\t\t\t\t<\/div>\n\t\t\t\t\t<\/div>\n\t\t<\/div>\n\t\t\t\t\t<\/div>\n\t\t<\/section>\n\t\t\t\t<section class=\"elementor-section elementor-inner-section elementor-element elementor-element-96d20ea elementor-section-boxed elementor-section-height-default elementor-section-height-default\" data-id=\"96d20ea\" data-element_type=\"section\" data-e-type=\"section\">\n\t\t\t\t\t\t<div class=\"elementor-container elementor-column-gap-default\">\n\t\t\t\t\t<div class=\"elementor-column elementor-col-100 elementor-inner-column elementor-element elementor-element-1febaed\" data-id=\"1febaed\" data-element_type=\"column\" data-e-type=\"column\">\n\t\t\t<div class=\"elementor-widget-wrap elementor-element-populated\">\n\t\t\t\t\t\t<div class=\"elementor-element elementor-element-1fb6fba elementor-widget elementor-widget-image\" data-id=\"1fb6fba\" data-element_type=\"widget\" data-e-type=\"widget\" data-widget_type=\"image.default\">\n\t\t\t\t<div class=\"elementor-widget-container\">\n\t\t\t\t\t\t\t\t\t\t\t\t\t\t\t\t<a href=\"https:\/\/santjust.cat\/wp-content\/uploads\/butlleti_369-1.pdf\" target=\"_blank\">\n\t\t\t\t\t\t\t<img decoding=\"async\" src=\"https:\/\/trailbarcelona.com\/wp-content\/uploads\/elementor\/thumbs\/JUSTRAIL-butlleti-r2exr4utrhtd2tf3lbhfxwzo7zvmlka10ffeyg6d4w.jpg\" title=\"Screenshot\" alt=\"Screenshot\" loading=\"lazy\" \/>\t\t\t\t\t\t\t\t<\/a>\n\t\t\t\t\t\t\t\t\t\t\t\t\t\t\t<\/div>\n\t\t\t\t<\/div>\n\t\t\t\t<div class=\"elementor-element elementor-element-3f6a051 elementor-widget elementor-widget-text-editor\" data-id=\"3f6a051\" data-element_type=\"widget\" data-e-type=\"widget\" data-widget_type=\"text-editor.default\">\n\t\t\t\t<div class=\"elementor-widget-container\">\n\t\t\t\t\t\t\t\t\t<p><a href=\"https:\/\/santjust.cat\/wp-content\/uploads\/butlleti_369-1.pdf\" target=\"_blank\" rel=\"noopener\">JUSTRAIL al Butllet\u00ed de Sant Just<\/a><\/p><p><em>04\/03\/2025<\/em><\/p><p>2\u00aa JUSTRAIL: m\u00e9s inclusiu i la Gent Gran com a col\u00b7lectiu destinatari dels beneficis<\/p>\t\t\t\t\t\t\t\t<\/div>\n\t\t\t\t<\/div>\n\t\t\t\t\t<\/div>\n\t\t<\/div>\n\t\t\t\t\t<\/div>\n\t\t<\/section>\n\t\t\t\t<\/div>\n\t\t","protected":false},"excerpt":{"rendered":"<p>MITJANS DE COMUNICACI\u00d3 JUSTRAIL &#8211; DIUMENGE 30 de MAR\u00c7 de 2025, 10:00 h Pla\u00e7a Mireia (Sant Just Desvern &#8211; Collserola)\u00a0 Entrevista a Radio Desvern 03\/02\/2025 Entrevista JUSTRAIL a l\u2019Escola Trail Running Barcelona de Sant Just L\u2019entrevista del dia a l&#8217;emissora la fem als responsables de l\u2019Escola Trail Running Barcelona de Sant Just, al David Buenacasa [&hellip;]<\/p>\n","protected":false},"author":1,"featured_media":7428,"parent":0,"menu_order":0,"comment_status":"closed","ping_status":"closed","template":"","meta":{"_acf_changed":false,"site-sidebar-layout":"no-sidebar","site-content-layout":"page-builder","ast-site-content-layout":"full-width-container","site-content-style":"unboxed","site-sidebar-style":"unboxed","ast-global-header-display":"","ast-banner-title-visibility":"","ast-main-header-display":"","ast-hfb-above-header-display":"","ast-hfb-below-header-display":"","ast-hfb-mobile-header-display":"","site-post-title":"disabled","ast-breadcrumbs-content":"","ast-featured-img":"disabled","footer-sml-layout":"","ast-disable-related-posts":"","theme-transparent-header-meta":"enabled","adv-header-id-meta":"","stick-header-meta":"","header-above-stick-meta":"","header-main-stick-meta":"","header-below-stick-meta":"","astra-migrate-meta-layouts":"set","ast-page-background-enabled":"default","ast-page-background-meta":{"desktop":{"background-color":"","background-image":"","background-repeat":"repeat","background-position":"center center","background-size":"auto","background-attachment":"scroll","background-type":"","background-media":"","overlay-type":"","overlay-color":"","overlay-opacity":"","overlay-gradient":""},"tablet":{"background-color":"","background-image":"","background-repeat":"repeat","background-position":"center center","background-size":"auto","background-attachment":"scroll","background-type":"","background-media":"","overlay-type":"","overlay-color":"","overlay-opacity":"","overlay-gradient":""},"mobile":{"background-color":"","background-image":"","background-repeat":"repeat","background-position":"center center","background-size":"auto","background-attachment":"scroll","background-type":"","background-media":"","overlay-type":"","overlay-color":"","overlay-opacity":"","overlay-gradient":""}},"ast-content-background-meta":{"desktop":{"background-color":"var(--ast-global-color-5)","background-image":"","background-repeat":"repeat","background-position":"center center","background-size":"auto","background-attachment":"scroll","background-type":"","background-media":"","overlay-type":"","overlay-color":"","overlay-opacity":"","overlay-gradient":""},"tablet":{"background-color":"var(--ast-global-color-5)","background-image":"","background-repeat":"repeat","background-position":"center center","background-size":"auto","background-attachment":"scroll","background-type":"","background-media":"","overlay-type":"","overlay-color":"","overlay-opacity":"","overlay-gradient":""},"mobile":{"background-color":"var(--ast-global-color-5)","background-image":"","background-repeat":"repeat","background-position":"center center","background-size":"auto","background-attachment":"scroll","background-type":"","background-media":"","overlay-type":"","overlay-color":"","overlay-opacity":"","overlay-gradient":""}},"footnotes":""},"class_list":["post-9094","page","type-page","status-publish","has-post-thumbnail","hentry"],"acf":[],"_links":{"self":[{"href":"https:\/\/trailbarcelona.com\/ca\/wp-json\/wp\/v2\/pages\/9094","targetHints":{"allow":["GET"]}}],"collection":[{"href":"https:\/\/trailbarcelona.com\/ca\/wp-json\/wp\/v2\/pages"}],"about":[{"href":"https:\/\/trailbarcelona.com\/ca\/wp-json\/wp\/v2\/types\/page"}],"author":[{"embeddable":true,"href":"https:\/\/trailbarcelona.com\/ca\/wp-json\/wp\/v2\/users\/1"}],"replies":[{"embeddable":true,"href":"https:\/\/trailbarcelona.com\/ca\/wp-json\/wp\/v2\/comments?post=9094"}],"version-history":[{"count":40,"href":"https:\/\/trailbarcelona.com\/ca\/wp-json\/wp\/v2\/pages\/9094\/revisions"}],"predecessor-version":[{"id":9637,"href":"https:\/\/trailbarcelona.com\/ca\/wp-json\/wp\/v2\/pages\/9094\/revisions\/9637"}],"wp:featuredmedia":[{"embeddable":true,"href":"https:\/\/trailbarcelona.com\/ca\/wp-json\/wp\/v2\/media\/7428"}],"wp:attachment":[{"href":"https:\/\/trailbarcelona.com\/ca\/wp-json\/wp\/v2\/media?parent=9094"}],"curies":[{"name":"wp","href":"https:\/\/api.w.org\/{rel}","templated":true}]}}