{"id":90,"date":"2021-06-11T17:08:21","date_gmt":"2021-06-11T16:08:21","guid":{"rendered":"https:\/\/trailbarcelona.com\/?page_id=90"},"modified":"2023-08-30T20:13:06","modified_gmt":"2023-08-30T18:13:06","slug":"qui-som","status":"publish","type":"page","link":"https:\/\/trailbarcelona.com\/ca\/qui-som","title":{"rendered":"Qui som"},"content":{"rendered":"\t\t<div data-elementor-type=\"wp-page\" data-elementor-id=\"90\" class=\"elementor elementor-90\" data-elementor-post-type=\"page\">\n\t\t\t\t\t\t<section class=\"elementor-section elementor-top-section elementor-element elementor-element-41b3c504 elementor-section-boxed elementor-section-height-default elementor-section-height-default\" data-id=\"41b3c504\" data-element_type=\"section\" data-e-type=\"section\">\n\t\t\t\t\t\t<div class=\"elementor-container elementor-column-gap-default\">\n\t\t\t\t\t<div class=\"elementor-column elementor-col-100 elementor-top-column elementor-element elementor-element-419ad04a\" data-id=\"419ad04a\" data-element_type=\"column\" data-e-type=\"column\">\n\t\t\t<div class=\"elementor-widget-wrap elementor-element-populated\">\n\t\t\t\t\t\t<div class=\"elementor-element elementor-element-4af07dfc elementor-widget elementor-widget-text-editor\" data-id=\"4af07dfc\" data-element_type=\"widget\" data-e-type=\"widget\" data-widget_type=\"text-editor.default\">\n\t\t\t\t<div class=\"elementor-widget-container\">\n\t\t\t\t\t\t\t\t\t<h2><span style=\"color: #4654a3;\">Qui som<\/span><\/h2><div><img fetchpriority=\"high\" decoding=\"async\" class=\"alignright wp-image-3286\" src=\"https:\/\/trailbarcelona.com\/wp-content\/uploads\/2022\/07\/image00003-1024x576.jpeg\" alt=\"\" width=\"600\" height=\"338\" srcset=\"https:\/\/trailbarcelona.com\/wp-content\/uploads\/2022\/07\/image00003-1024x576.jpeg 1024w, https:\/\/trailbarcelona.com\/wp-content\/uploads\/2022\/07\/image00003-300x169.jpeg 300w, https:\/\/trailbarcelona.com\/wp-content\/uploads\/2022\/07\/image00003-768x432.jpeg 768w, https:\/\/trailbarcelona.com\/wp-content\/uploads\/2022\/07\/image00003-1536x864.jpeg 1536w, https:\/\/trailbarcelona.com\/wp-content\/uploads\/2022\/07\/image00003-600x338.jpeg 600w, https:\/\/trailbarcelona.com\/wp-content\/uploads\/2022\/07\/image00003.jpeg 1920w\" sizes=\"(max-width: 600px) 100vw, 600px\" \/><\/div><p><span style=\"font-weight: 400;\">Trail Barcelona \u00e9s una escola de trail situada a Sant Just Desvern, dirigida pel David Buenacasa i la Cristina S\u00e1nchez-Sierra, ambd\u00f3s formats per la FEEC com a instructors de Curses per Muntanya.<\/span><\/p><p><span style=\"font-weight: 400;\">\u00a0<\/span><\/p><p>El David va comen\u00e7ar amb 12 anys a explorar Collserola i va acabar realitzant grans expedicions arreu del m\u00f3n. Es va aficionar a c\u00f3rrer per muntanya quan aquest esport encara no es coneixia com a trail running i ha corregut l&#8217;Spine Race, considerada una de les ultratrails m\u00e9s dures del planeta. Va fundar un dels webs m\u00e9s importants del m\u00f3n de Trail Running i \u00e9s autor de quatre llibres sobre muntanya i trail. <span style=\"font-weight: 400;\"><br \/><\/span><\/p><p><span style=\"font-weight: 400;\">\u00a0<\/span><\/p><p><span style=\"font-weight: 400;\">La Cristina \u00e9s Diplomada en Empresarials i Graduada en Educaci\u00f3 Infantil, amb formaci\u00f3 en nutrici\u00f3 esportiva i entrenament personal. Des de ben petita li agradaven molt els esports, en especial c\u00f3rrer i li encantava fer sortides de muntanya en superviv\u00e8ncia amb la fam\u00edlia. Amb nom\u00e9s 8 anys ella sola es va inscriure a una cursa que va acabar guanyant. Va comen\u00e7ar a c\u00f3rrer per asfalt, per\u00f2 de seguida es va passar al trail running.<\/span><\/p><p>En 2021 van crear Trail Barcelona al seu poble, Sant Just Desvern, situat als peus de Collserola, per transmetre la seva passi\u00f3 i valors de la muntanya.<span style=\"color: #4654a3;\"><br \/><\/span><\/p><p><span style=\"color: #4654a3;\">\u00a0<\/span><\/p><h2><span style=\"color: #4654a3;\">Qu\u00e8 fem<\/span><\/h2><p><span style=\"font-weight: 400;\">Trail Barcelona imparteix principalment cursos de Trail Running i Fast Hiking per a infants a partir de 4 anys, joves i adults.<\/span><\/p><p><span style=\"font-weight: 400;\">Durant el per\u00edode de vacances organitza casals d&#8217;estiu per infants i joves i training camps per adults.<br \/><\/span><\/p><p><span style=\"font-weight: 400;\">Tamb\u00e9 organitza esdeveniments esportius per a empreses, escoles, festes populars i aniversaris.<br \/><\/span><\/p><p><span style=\"font-weight: 400;\">Paral\u00b7lelament, organitza, curses, sortides, xerrades, tallers i dirigeix entrenaments personals.<\/span><\/p><p><span style=\"font-weight: 400;\">\u00a0<\/span><\/p><h2><span style=\"color: #4654a3;\">Com ho fem<\/span><\/h2><p>Trail Barcelona \u00e9s una alternativa als esports convencionals, una activitat no competitiva, on infants i adults fan exercici, gaudeixen de la natura i fan amics, sense la pressi\u00f3 i exig\u00e8ncia de la competici\u00f3.<\/p><p>Aix\u00ed gaudeixen m\u00e9s de l\u2019esport, avancen al seu propi ritme i s\u2019evita la frustraci\u00f3 i abandonament de l&#8217;activitat.<\/p><p>No obstant aix\u00f2, al llarg del curs s\u2019ofereix als\/les alumnes la possibilitat de participar de forma volunt\u00e0ria a determinades curses o reptes, amb l\u2019\u00fanic objectiu de competir amb un mateix, millorar i guanyar confian\u00e7a.<\/p><p>Sempre que podem apostem per agrupaments mixtos i flexibles pel que fa a sexe, edat i nivell, amb la finalitat d\u2019atendre a la diversitat de l\u2019alumnat i afavorir la cooperaci\u00f3, aconseguint aix\u00ed un ambient relaxat, respectu\u00f3s i molt familiar.<\/p><p>Sense oblidar mai el car\u00e0cter l\u00fadic de les activitats per afavorir la participaci\u00f3 i socialitzaci\u00f3, i pedag\u00f2gic, per aprendre valors i con\u00e8ixer l\u2019entorn.<\/p><p><span style=\"font-weight: 400;\"> <br \/><\/span><\/p><p><span style=\"font-weight: 400;\">Els nostres <strong>objectius<\/strong> s\u00f3n:<\/span><\/p><ul><li><span style=\"font-weight: 400;\">Gaudir de l\u2019esport i la natura a trav\u00e9s del joc i la preparaci\u00f3 f\u00edsica-mental.<\/span><\/li><li style=\"font-weight: 400;\" aria-level=\"1\"><span style=\"font-weight: 400;\">Adquirir nocions b\u00e0siques d\u2019orientaci\u00f3 i autosufici\u00e8ncia en el medi natural.<\/span><\/li><li style=\"font-weight: 400;\" aria-level=\"1\"><span style=\"font-weight: 400;\">Afavorir h\u00e0bits saludables (esport, alimentaci\u00f3, hidrataci\u00f3, descans\u2026).<\/span><\/li><li style=\"font-weight: 400;\" aria-level=\"1\"><span style=\"font-weight: 400;\">Con\u00e8ixer, respectar i estimar la muntanya.<\/span><\/li><li style=\"font-weight: 400;\" aria-level=\"1\"><span style=\"font-weight: 400;\">Educar en l\u2019esfor\u00e7 i superaci\u00f3 personal.\u00a0\u00a0<\/span><\/li><li style=\"font-weight: 400;\" aria-level=\"1\"><span style=\"font-weight: 400;\">Fomentar el respecte i el treball en equip amb els companys.<\/span><\/li><\/ul><h2><span style=\"color: #4654a3;\">On ho fem<\/span><\/h2><p><span style=\"font-weight: 400;\">La nostra zona d&#8217;entrenament principal \u00e9s el Parc Natural de Collserola i el punt de sortida i arribada habitual \u00e9s al costat del Mol\u00ed Fariner de Sant Just Desvern.<\/span><\/p><p>De manera excepcional i puntual es podria modificar el punt de trobada per alguna activitat en concret (es notificaria pr\u00e8viament).<\/p><p><span style=\"font-weight: 400;\">\u00a0<\/span><\/p><p><span style=\"font-weight: 400;\">\u00a0<\/span><\/p>\t\t\t\t\t\t\t\t<\/div>\n\t\t\t\t<\/div>\n\t\t\t\t\t<\/div>\n\t\t<\/div>\n\t\t\t\t\t<\/div>\n\t\t<\/section>\n\t\t\t\t<section class=\"elementor-section elementor-top-section elementor-element elementor-element-1c87ff9 elementor-section-boxed elementor-section-height-default elementor-section-height-default\" data-id=\"1c87ff9\" data-element_type=\"section\" data-e-type=\"section\">\n\t\t\t\t\t\t<div class=\"elementor-container elementor-column-gap-default\">\n\t\t\t\t\t<div class=\"elementor-column elementor-col-100 elementor-top-column elementor-element elementor-element-e8559cd\" data-id=\"e8559cd\" data-element_type=\"column\" data-e-type=\"column\">\n\t\t\t<div class=\"elementor-widget-wrap elementor-element-populated\">\n\t\t\t\t\t\t<div class=\"elementor-element elementor-element-88371ce elementor-widget elementor-widget-google_maps\" data-id=\"88371ce\" data-element_type=\"widget\" data-e-type=\"widget\" data-widget_type=\"google_maps.default\">\n\t\t\t\t<div class=\"elementor-widget-container\">\n\t\t\t\t\t\t\t<div class=\"elementor-custom-embed\">\n\t\t\t<iframe loading=\"lazy\"\n\t\t\t\t\tsrc=\"https:\/\/maps.google.com\/maps?q=41.39136922905828%2C%202.0764510396314284&#038;t=m&#038;z=17&#038;output=embed&#038;iwloc=near\"\n\t\t\t\t\ttitle=\"41.39136922905828, 2.0764510396314284\"\n\t\t\t\t\taria-label=\"41.39136922905828, 2.0764510396314284\"\n\t\t\t><\/iframe>\n\t\t<\/div>\n\t\t\t\t\t\t<\/div>\n\t\t\t\t<\/div>\n\t\t\t\t\t<\/div>\n\t\t<\/div>\n\t\t\t\t\t<\/div>\n\t\t<\/section>\n\t\t\t\t<\/div>\n\t\t","protected":false},"excerpt":{"rendered":"<p>Qui som Trail Barcelona \u00e9s una escola de trail situada a Sant Just Desvern, dirigida pel David Buenacasa i la Cristina S\u00e1nchez-Sierra, ambd\u00f3s formats per la FEEC com a instructors de Curses per Muntanya. \u00a0 El David va comen\u00e7ar amb 12 anys a explorar Collserola i va acabar realitzant grans expedicions arreu del m\u00f3n. Es [&hellip;]<\/p>\n","protected":false},"author":1,"featured_media":0,"parent":0,"menu_order":0,"comment_status":"closed","ping_status":"closed","template":"","meta":{"_acf_changed":false,"site-sidebar-layout":"default","site-content-layout":"default","ast-site-content-layout":"default","site-content-style":"default","site-sidebar-style":"default","ast-global-header-display":"","ast-banner-title-visibility":"","ast-main-header-display":"","ast-hfb-above-header-display":"","ast-hfb-below-header-display":"","ast-hfb-mobile-header-display":"","site-post-title":"disabled","ast-breadcrumbs-content":"","ast-featured-img":"","footer-sml-layout":"","ast-disable-related-posts":"","theme-transparent-header-meta":"default","adv-header-id-meta":"","stick-header-meta":"","header-above-stick-meta":"","header-main-stick-meta":"","header-below-stick-meta":"","astra-migrate-meta-layouts":"default","ast-page-background-enabled":"default","ast-page-background-meta":{"desktop":{"background-color":"","background-image":"","background-repeat":"repeat","background-position":"center center","background-size":"auto","background-attachment":"scroll","background-type":"","background-media":"","overlay-type":"","overlay-color":"","overlay-opacity":"","overlay-gradient":""},"tablet":{"background-color":"","background-image":"","background-repeat":"repeat","background-position":"center center","background-size":"auto","background-attachment":"scroll","background-type":"","background-media":"","overlay-type":"","overlay-color":"","overlay-opacity":"","overlay-gradient":""},"mobile":{"background-color":"","background-image":"","background-repeat":"repeat","background-position":"center center","background-size":"auto","background-attachment":"scroll","background-type":"","background-media":"","overlay-type":"","overlay-color":"","overlay-opacity":"","overlay-gradient":""}},"ast-content-background-meta":{"desktop":{"background-color":"var(--ast-global-color-5)","background-image":"","background-repeat":"repeat","background-position":"center center","background-size":"auto","background-attachment":"scroll","background-type":"","background-media":"","overlay-type":"","overlay-color":"","overlay-opacity":"","overlay-gradient":""},"tablet":{"background-color":"var(--ast-global-color-5)","background-image":"","background-repeat":"repeat","background-position":"center center","background-size":"auto","background-attachment":"scroll","background-type":"","background-media":"","overlay-type":"","overlay-color":"","overlay-opacity":"","overlay-gradient":""},"mobile":{"background-color":"var(--ast-global-color-5)","background-image":"","background-repeat":"repeat","background-position":"center center","background-size":"auto","background-attachment":"scroll","background-type":"","background-media":"","overlay-type":"","overlay-color":"","overlay-opacity":"","overlay-gradient":""}},"footnotes":""},"class_list":["post-90","page","type-page","status-publish","hentry"],"acf":[],"_links":{"self":[{"href":"https:\/\/trailbarcelona.com\/ca\/wp-json\/wp\/v2\/pages\/90","targetHints":{"allow":["GET"]}}],"collection":[{"href":"https:\/\/trailbarcelona.com\/ca\/wp-json\/wp\/v2\/pages"}],"about":[{"href":"https:\/\/trailbarcelona.com\/ca\/wp-json\/wp\/v2\/types\/page"}],"author":[{"embeddable":true,"href":"https:\/\/trailbarcelona.com\/ca\/wp-json\/wp\/v2\/users\/1"}],"replies":[{"embeddable":true,"href":"https:\/\/trailbarcelona.com\/ca\/wp-json\/wp\/v2\/comments?post=90"}],"version-history":[{"count":93,"href":"https:\/\/trailbarcelona.com\/ca\/wp-json\/wp\/v2\/pages\/90\/revisions"}],"predecessor-version":[{"id":5828,"href":"https:\/\/trailbarcelona.com\/ca\/wp-json\/wp\/v2\/pages\/90\/revisions\/5828"}],"wp:attachment":[{"href":"https:\/\/trailbarcelona.com\/ca\/wp-json\/wp\/v2\/media?parent=90"}],"curies":[{"name":"wp","href":"https:\/\/api.w.org\/{rel}","templated":true}]}}