{"id":8592,"date":"2024-06-05T13:23:15","date_gmt":"2024-06-05T11:23:15","guid":{"rendered":"https:\/\/trailbarcelona.com\/?page_id=8592"},"modified":"2025-01-11T19:19:11","modified_gmt":"2025-01-11T18:19:11","slug":"inscripcio-2024-post-inscripcio","status":"publish","type":"page","link":"https:\/\/trailbarcelona.com\/ca\/inscripcio-2024-post-inscripcio","title":{"rendered":"Inscripcio 2024 &#8211; Post inscripcio"},"content":{"rendered":"\t\t<div data-elementor-type=\"wp-post\" data-elementor-id=\"8592\" class=\"elementor elementor-8592\" data-elementor-post-type=\"page\">\n\t\t\t\t\t\t<section class=\"elementor-section elementor-top-section elementor-element elementor-element-6f4868d elementor-section-boxed elementor-section-height-default elementor-section-height-default\" data-id=\"6f4868d\" data-element_type=\"section\" data-e-type=\"section\" data-settings=\"{&quot;background_background&quot;:&quot;classic&quot;}\">\n\t\t\t\t\t\t\t<div class=\"elementor-background-overlay\"><\/div>\n\t\t\t\t\t\t\t<div class=\"elementor-container elementor-column-gap-default\">\n\t\t\t\t\t<div class=\"elementor-column elementor-col-33 elementor-top-column elementor-element elementor-element-9491375\" data-id=\"9491375\" data-element_type=\"column\" data-e-type=\"column\">\n\t\t\t<div class=\"elementor-widget-wrap\">\n\t\t\t\t\t\t\t<\/div>\n\t\t<\/div>\n\t\t\t\t<div class=\"elementor-column elementor-col-33 elementor-top-column elementor-element elementor-element-7845130\" data-id=\"7845130\" data-element_type=\"column\" data-e-type=\"column\">\n\t\t\t<div class=\"elementor-widget-wrap elementor-element-populated\">\n\t\t\t\t\t\t<div class=\"elementor-element elementor-element-899310c elementor-widget__width-initial elementor-widget elementor-widget-heading\" data-id=\"899310c\" data-element_type=\"widget\" data-e-type=\"widget\" data-widget_type=\"heading.default\">\n\t\t\t\t<div class=\"elementor-widget-container\">\n\t\t\t\t\t<h1 class=\"elementor-heading-title elementor-size-default\">FORMULARI D'INSCRIPCI\u00d3 REBUT<\/h1>\t\t\t\t<\/div>\n\t\t\t\t<\/div>\n\t\t\t\t\t<\/div>\n\t\t<\/div>\n\t\t\t\t<div class=\"elementor-column elementor-col-33 elementor-top-column elementor-element elementor-element-346beb8\" data-id=\"346beb8\" data-element_type=\"column\" data-e-type=\"column\">\n\t\t\t<div class=\"elementor-widget-wrap\">\n\t\t\t\t\t\t\t<\/div>\n\t\t<\/div>\n\t\t\t\t\t<\/div>\n\t\t<\/section>\n\t\t\t\t<section class=\"elementor-section elementor-top-section elementor-element elementor-element-b5cc62f elementor-section-boxed elementor-section-height-default elementor-section-height-default\" data-id=\"b5cc62f\" data-element_type=\"section\" data-e-type=\"section\">\n\t\t\t\t\t\t<div class=\"elementor-container elementor-column-gap-default\">\n\t\t\t\t\t<div class=\"elementor-column elementor-col-100 elementor-top-column elementor-element elementor-element-6c9f10a\" data-id=\"6c9f10a\" data-element_type=\"column\" data-e-type=\"column\">\n\t\t\t<div class=\"elementor-widget-wrap elementor-element-populated\">\n\t\t\t\t\t\t<div class=\"elementor-element elementor-element-ce47c3d elementor-widget elementor-widget-text-editor\" data-id=\"ce47c3d\" data-element_type=\"widget\" data-e-type=\"widget\" data-widget_type=\"text-editor.default\">\n\t\t\t\t<div class=\"elementor-widget-container\">\n\t\t\t\t\t\t\t\t\t<h3>Per acabar de formalitzar la inscripci\u00f3 cal que envieu per correu electr\u00f2nic la seg\u00fcent documentaci\u00f3:<\/h3><h3>1) Documentaci\u00f3<\/h3><p>Recorda enviar\u00a0a <a href=\"mailto:info@trailbarcelona.com\">info@trailbarcelona.com<\/a> c\u00f2pia del<\/p><p>&#8211; DNI<br \/>&#8211; Targeta sanit\u00e0ria<br \/>&#8211; Cartilla de vacunaci\u00f3\u00a0<\/p><h3>2) Autoritzaci\u00f3<\/h3><p>Retornar-nos per email un d&#8217;aquest document omplert i signat:<\/p><h3><strong><a href=\"https:\/\/trailbarcelona.com\/wp-content\/uploads\/2024\/10\/FULL-AUTORITZACIO-ADULTS-2024-2025.pdf\" target=\"_blank\" rel=\"noopener\"><img decoding=\"async\" class=\"alignnone wp-image-5460 size-full\" src=\"https:\/\/trailbarcelona.com\/wp-content\/uploads\/2023\/08\/pdf.png\" alt=\"\" width=\"128\" height=\"128\" \/><\/a>AUTORITZACI\u00d3 ADULTS<\/strong><\/h3><h3><a href=\"https:\/\/trailbarcelona.com\/wp-content\/uploads\/2024\/10\/FULL-AUTORITZACIO-MENORS-2024-2025.pdf\" target=\"_blank\" rel=\"noopener\"><img decoding=\"async\" class=\"alignnone wp-image-5460 size-full\" src=\"https:\/\/trailbarcelona.com\/wp-content\/uploads\/2023\/08\/pdf.png\" alt=\"\" width=\"128\" height=\"128\" \/><\/a><a href=\"https:\/\/trailbarcelona.com\/wp-content\/uploads\/2024\/10\/FULL-AUTORITZACIO-MENORS-2024-2025.pdf\" target=\"_blank\" rel=\"noopener\"><strong>AUTORITZACI\u00d3 MENORS<\/strong><\/a><\/h3><h3>\u00a0<\/h3><h3>3) Pagament<\/h3><p><strong><br \/><\/strong>Es passar\u00e0 rebut de la matr\u00edcula + primera quota de setembre a trav\u00e9s per garantir la pla\u00e7a.<\/p><p>La resta de quotes es cobraran mitjan\u00e7ant domiciliaci\u00f3 banc\u00e0ria trimestral (octubre-gener-abril).<br \/>En cas de donar-se de baixa o qualsevol modificaci\u00f3, caldr\u00e0 avisar 15 dies abans del comen\u00e7ament de cada trimestre. <br \/>Les despeses pel retorn de rebuts aniran a c\u00e0rrec de l&#8217;alumne.<\/p><div>\u00a0<\/div>\t\t\t\t\t\t\t\t<\/div>\n\t\t\t\t<\/div>\n\t\t\t\t\t<\/div>\n\t\t<\/div>\n\t\t\t\t\t<\/div>\n\t\t<\/section>\n\t\t\t\t<\/div>\n\t\t","protected":false},"excerpt":{"rendered":"<p>FORMULARI D&#8217;INSCRIPCI\u00d3 REBUT Per acabar de formalitzar la inscripci\u00f3 cal que envieu per correu electr\u00f2nic la seg\u00fcent documentaci\u00f3: 1) Documentaci\u00f3 Recorda enviar\u00a0a info@trailbarcelona.com c\u00f2pia del &#8211; DNI&#8211; Targeta sanit\u00e0ria&#8211; Cartilla de vacunaci\u00f3\u00a0 2) Autoritzaci\u00f3 Retornar-nos per email un d&#8217;aquest document omplert i signat: AUTORITZACI\u00d3 ADULTS AUTORITZACI\u00d3 MENORS \u00a0 3) Pagament Es passar\u00e0 rebut de la [&hellip;]<\/p>\n","protected":false},"author":1,"featured_media":0,"parent":0,"menu_order":0,"comment_status":"closed","ping_status":"closed","template":"","meta":{"_acf_changed":false,"site-sidebar-layout":"no-sidebar","site-content-layout":"page-builder","ast-site-content-layout":"default","site-content-style":"default","site-sidebar-style":"default","ast-global-header-display":"","ast-banner-title-visibility":"","ast-main-header-display":"","ast-hfb-above-header-display":"","ast-hfb-below-header-display":"","ast-hfb-mobile-header-display":"","site-post-title":"disabled","ast-breadcrumbs-content":"","ast-featured-img":"disabled","footer-sml-layout":"","ast-disable-related-posts":"","theme-transparent-header-meta":"enabled","adv-header-id-meta":"","stick-header-meta":"","header-above-stick-meta":"","header-main-stick-meta":"","header-below-stick-meta":"","astra-migrate-meta-layouts":"default","ast-page-background-enabled":"default","ast-page-background-meta":{"desktop":{"background-color":"","background-image":"","background-repeat":"repeat","background-position":"center center","background-size":"auto","background-attachment":"scroll","background-type":"","background-media":"","overlay-type":"","overlay-color":"","overlay-opacity":"","overlay-gradient":""},"tablet":{"background-color":"","background-image":"","background-repeat":"repeat","background-position":"center center","background-size":"auto","background-attachment":"scroll","background-type":"","background-media":"","overlay-type":"","overlay-color":"","overlay-opacity":"","overlay-gradient":""},"mobile":{"background-color":"","background-image":"","background-repeat":"repeat","background-position":"center center","background-size":"auto","background-attachment":"scroll","background-type":"","background-media":"","overlay-type":"","overlay-color":"","overlay-opacity":"","overlay-gradient":""}},"ast-content-background-meta":{"desktop":{"background-color":"var(--ast-global-color-5)","background-image":"","background-repeat":"repeat","background-position":"center center","background-size":"auto","background-attachment":"scroll","background-type":"","background-media":"","overlay-type":"","overlay-color":"","overlay-opacity":"","overlay-gradient":""},"tablet":{"background-color":"var(--ast-global-color-5)","background-image":"","background-repeat":"repeat","background-position":"center center","background-size":"auto","background-attachment":"scroll","background-type":"","background-media":"","overlay-type":"","overlay-color":"","overlay-opacity":"","overlay-gradient":""},"mobile":{"background-color":"var(--ast-global-color-5)","background-image":"","background-repeat":"repeat","background-position":"center center","background-size":"auto","background-attachment":"scroll","background-type":"","background-media":"","overlay-type":"","overlay-color":"","overlay-opacity":"","overlay-gradient":""}},"footnotes":""},"class_list":["post-8592","page","type-page","status-publish","hentry"],"acf":[],"_links":{"self":[{"href":"https:\/\/trailbarcelona.com\/ca\/wp-json\/wp\/v2\/pages\/8592","targetHints":{"allow":["GET"]}}],"collection":[{"href":"https:\/\/trailbarcelona.com\/ca\/wp-json\/wp\/v2\/pages"}],"about":[{"href":"https:\/\/trailbarcelona.com\/ca\/wp-json\/wp\/v2\/types\/page"}],"author":[{"embeddable":true,"href":"https:\/\/trailbarcelona.com\/ca\/wp-json\/wp\/v2\/users\/1"}],"replies":[{"embeddable":true,"href":"https:\/\/trailbarcelona.com\/ca\/wp-json\/wp\/v2\/comments?post=8592"}],"version-history":[{"count":16,"href":"https:\/\/trailbarcelona.com\/ca\/wp-json\/wp\/v2\/pages\/8592\/revisions"}],"predecessor-version":[{"id":9110,"href":"https:\/\/trailbarcelona.com\/ca\/wp-json\/wp\/v2\/pages\/8592\/revisions\/9110"}],"wp:attachment":[{"href":"https:\/\/trailbarcelona.com\/ca\/wp-json\/wp\/v2\/media?parent=8592"}],"curies":[{"name":"wp","href":"https:\/\/api.w.org\/{rel}","templated":true}]}}