{"id":8207,"date":"2024-04-06T16:27:21","date_gmt":"2024-04-06T14:27:21","guid":{"rendered":"https:\/\/trailbarcelona.com\/?page_id=8207"},"modified":"2026-04-11T20:23:07","modified_gmt":"2026-04-11T18:23:07","slug":"casal-estiu-2026-informacio-post-inscripcioo","status":"publish","type":"page","link":"https:\/\/trailbarcelona.com\/ca\/casal-estiu-2026-informacio-post-inscripcioo","title":{"rendered":"Casal Estiu 2026 &#8211; Informaci\u00f3 post inscripci\u00f3"},"content":{"rendered":"\t\t<div data-elementor-type=\"wp-post\" data-elementor-id=\"8207\" class=\"elementor elementor-8207\" data-elementor-post-type=\"page\">\n\t\t\t\t\t\t<section class=\"elementor-section elementor-top-section elementor-element elementor-element-6f4868d elementor-section-boxed elementor-section-height-default elementor-section-height-default\" data-id=\"6f4868d\" data-element_type=\"section\" data-e-type=\"section\" data-settings=\"{&quot;background_background&quot;:&quot;classic&quot;}\">\n\t\t\t\t\t\t\t<div class=\"elementor-background-overlay\"><\/div>\n\t\t\t\t\t\t\t<div class=\"elementor-container elementor-column-gap-default\">\n\t\t\t\t\t<div class=\"elementor-column elementor-col-33 elementor-top-column elementor-element elementor-element-9491375\" data-id=\"9491375\" data-element_type=\"column\" data-e-type=\"column\">\n\t\t\t<div class=\"elementor-widget-wrap\">\n\t\t\t\t\t\t\t<\/div>\n\t\t<\/div>\n\t\t\t\t<div class=\"elementor-column elementor-col-33 elementor-top-column elementor-element elementor-element-7845130\" data-id=\"7845130\" data-element_type=\"column\" data-e-type=\"column\">\n\t\t\t<div class=\"elementor-widget-wrap elementor-element-populated\">\n\t\t\t\t\t\t\t<\/div>\n\t\t<\/div>\n\t\t\t\t<div class=\"elementor-column elementor-col-33 elementor-top-column elementor-element elementor-element-346beb8\" data-id=\"346beb8\" data-element_type=\"column\" data-e-type=\"column\">\n\t\t\t<div class=\"elementor-widget-wrap\">\n\t\t\t\t\t\t\t<\/div>\n\t\t<\/div>\n\t\t\t\t\t<\/div>\n\t\t<\/section>\n\t\t\t\t<section class=\"elementor-section elementor-top-section elementor-element elementor-element-b5cc62f elementor-section-boxed elementor-section-height-default elementor-section-height-default\" data-id=\"b5cc62f\" data-element_type=\"section\" data-e-type=\"section\">\n\t\t\t\t\t\t<div class=\"elementor-container elementor-column-gap-default\">\n\t\t\t\t\t<div class=\"elementor-column elementor-col-100 elementor-top-column elementor-element elementor-element-6c9f10a\" data-id=\"6c9f10a\" data-element_type=\"column\" data-e-type=\"column\">\n\t\t\t<div class=\"elementor-widget-wrap elementor-element-populated\">\n\t\t\t\t\t\t<div class=\"elementor-element elementor-element-ce47c3d elementor-widget elementor-widget-text-editor\" data-id=\"ce47c3d\" data-element_type=\"widget\" data-e-type=\"widget\" data-widget_type=\"text-editor.default\">\n\t\t\t\t<div class=\"elementor-widget-container\">\n\t\t\t\t\t\t\t\t\t<p><strong>GR\u00c0CIES<\/strong>.<\/p><p><br \/>La inscripci\u00f3 s&#8217;ha rebut correctament.<\/p><p><br \/>Recorda que per fer efectiva la inscripci\u00f3 cal fer <strong>l&#8217;ingr\u00e9s de l&#8217;import corresponent durant els pr\u00f2xims 4 dies<\/strong> i enviar a <strong>info@trailbarcelona.com<\/strong> :<br \/><br \/><\/p><p>&#8211; DNI o llibre de fam\u00edlia<br \/>&#8211; targeta sanit\u00e0ria<br \/>&#8211; <a href=\"https:\/\/trailbarcelona.com\/wp-content\/uploads\/2026\/04\/Autoritzacio_casal_2026_Trail_Barcelona_CAT.pdf\" target=\"_blank\" rel=\"noopener\">Fulla d&#8217;autoritzaci\u00f3<\/a><\/p><p>\u00a0<\/p><p><strong>Transfer\u00e8ncia<\/strong>:<br \/><br \/><\/p><p><strong>Titular: <\/strong>David Buenacasa<br \/><strong>Compte bancari<\/strong>: ES0900493828692714029268<br \/><strong>Concepte<\/strong>: Inscripci\u00f3 Casal + Nom Alumne\/a<\/p><p>\u00a0<\/p><p><strong>Bizum<\/strong>:<\/p><p>David Buenacasa<\/p><p>646 34 46 57<\/p><div>\u00a0<\/div><div>\u00a0<\/div>\t\t\t\t\t\t\t\t<\/div>\n\t\t\t\t<\/div>\n\t\t\t\t\t<\/div>\n\t\t<\/div>\n\t\t\t\t\t<\/div>\n\t\t<\/section>\n\t\t\t\t<\/div>\n\t\t","protected":false},"excerpt":{"rendered":"<p>GR\u00c0CIES. La inscripci\u00f3 s&#8217;ha rebut correctament. Recorda que per fer efectiva la inscripci\u00f3 cal fer l&#8217;ingr\u00e9s de l&#8217;import corresponent durant els pr\u00f2xims 4 dies i enviar a info@trailbarcelona.com : &#8211; DNI o llibre de fam\u00edlia&#8211; targeta sanit\u00e0ria&#8211; Fulla d&#8217;autoritzaci\u00f3 \u00a0 Transfer\u00e8ncia: Titular: David BuenacasaCompte bancari: ES0900493828692714029268Concepte: Inscripci\u00f3 Casal + Nom Alumne\/a \u00a0 Bizum: David Buenacasa [&hellip;]<\/p>\n","protected":false},"author":1,"featured_media":0,"parent":0,"menu_order":0,"comment_status":"closed","ping_status":"closed","template":"","meta":{"_acf_changed":false,"site-sidebar-layout":"no-sidebar","site-content-layout":"page-builder","ast-site-content-layout":"full-width-container","site-content-style":"unboxed","site-sidebar-style":"unboxed","ast-global-header-display":"","ast-banner-title-visibility":"","ast-main-header-display":"","ast-hfb-above-header-display":"","ast-hfb-below-header-display":"","ast-hfb-mobile-header-display":"","site-post-title":"disabled","ast-breadcrumbs-content":"","ast-featured-img":"disabled","footer-sml-layout":"","ast-disable-related-posts":"","theme-transparent-header-meta":"enabled","adv-header-id-meta":"","stick-header-meta":"","header-above-stick-meta":"","header-main-stick-meta":"","header-below-stick-meta":"","astra-migrate-meta-layouts":"set","ast-page-background-enabled":"default","ast-page-background-meta":{"desktop":{"background-color":"","background-image":"","background-repeat":"repeat","background-position":"center center","background-size":"auto","background-attachment":"scroll","background-type":"","background-media":"","overlay-type":"","overlay-color":"","overlay-opacity":"","overlay-gradient":""},"tablet":{"background-color":"","background-image":"","background-repeat":"repeat","background-position":"center center","background-size":"auto","background-attachment":"scroll","background-type":"","background-media":"","overlay-type":"","overlay-color":"","overlay-opacity":"","overlay-gradient":""},"mobile":{"background-color":"","background-image":"","background-repeat":"repeat","background-position":"center center","background-size":"auto","background-attachment":"scroll","background-type":"","background-media":"","overlay-type":"","overlay-color":"","overlay-opacity":"","overlay-gradient":""}},"ast-content-background-meta":{"desktop":{"background-color":"var(--ast-global-color-5)","background-image":"","background-repeat":"repeat","background-position":"center center","background-size":"auto","background-attachment":"scroll","background-type":"","background-media":"","overlay-type":"","overlay-color":"","overlay-opacity":"","overlay-gradient":""},"tablet":{"background-color":"var(--ast-global-color-5)","background-image":"","background-repeat":"repeat","background-position":"center center","background-size":"auto","background-attachment":"scroll","background-type":"","background-media":"","overlay-type":"","overlay-color":"","overlay-opacity":"","overlay-gradient":""},"mobile":{"background-color":"var(--ast-global-color-5)","background-image":"","background-repeat":"repeat","background-position":"center center","background-size":"auto","background-attachment":"scroll","background-type":"","background-media":"","overlay-type":"","overlay-color":"","overlay-opacity":"","overlay-gradient":""}},"footnotes":""},"class_list":["post-8207","page","type-page","status-publish","hentry"],"acf":[],"_links":{"self":[{"href":"https:\/\/trailbarcelona.com\/ca\/wp-json\/wp\/v2\/pages\/8207","targetHints":{"allow":["GET"]}}],"collection":[{"href":"https:\/\/trailbarcelona.com\/ca\/wp-json\/wp\/v2\/pages"}],"about":[{"href":"https:\/\/trailbarcelona.com\/ca\/wp-json\/wp\/v2\/types\/page"}],"author":[{"embeddable":true,"href":"https:\/\/trailbarcelona.com\/ca\/wp-json\/wp\/v2\/users\/1"}],"replies":[{"embeddable":true,"href":"https:\/\/trailbarcelona.com\/ca\/wp-json\/wp\/v2\/comments?post=8207"}],"version-history":[{"count":31,"href":"https:\/\/trailbarcelona.com\/ca\/wp-json\/wp\/v2\/pages\/8207\/revisions"}],"predecessor-version":[{"id":12311,"href":"https:\/\/trailbarcelona.com\/ca\/wp-json\/wp\/v2\/pages\/8207\/revisions\/12311"}],"wp:attachment":[{"href":"https:\/\/trailbarcelona.com\/ca\/wp-json\/wp\/v2\/media?parent=8207"}],"curies":[{"name":"wp","href":"https:\/\/api.w.org\/{rel}","templated":true}]}}