{"id":8195,"date":"2024-04-06T16:11:49","date_gmt":"2024-04-06T14:11:49","guid":{"rendered":"https:\/\/trailbarcelona.com\/?page_id=8195"},"modified":"2026-04-20T15:32:17","modified_gmt":"2026-04-20T13:32:17","slug":"inscripcio-casal-2026","status":"publish","type":"page","link":"https:\/\/trailbarcelona.com\/ca\/inscripcio-casal-2026","title":{"rendered":"Inscripcio casal 2026"},"content":{"rendered":"\t\t<div data-elementor-type=\"wp-post\" data-elementor-id=\"8195\" class=\"elementor elementor-8195\" data-elementor-post-type=\"page\">\n\t\t\t\t\t\t<section class=\"elementor-section elementor-top-section elementor-element elementor-element-3906703 elementor-section-boxed elementor-section-height-default elementor-section-height-default\" data-id=\"3906703\" data-element_type=\"section\" data-e-type=\"section\" data-settings=\"{&quot;background_background&quot;:&quot;classic&quot;}\">\n\t\t\t\t\t\t\t<div class=\"elementor-background-overlay\"><\/div>\n\t\t\t\t\t\t\t<div class=\"elementor-container elementor-column-gap-default\">\n\t\t\t\t\t<div class=\"elementor-column elementor-col-33 elementor-top-column elementor-element elementor-element-5b80d24\" data-id=\"5b80d24\" data-element_type=\"column\" data-e-type=\"column\">\n\t\t\t<div class=\"elementor-widget-wrap\">\n\t\t\t\t\t\t\t<\/div>\n\t\t<\/div>\n\t\t\t\t<div class=\"elementor-column elementor-col-33 elementor-top-column elementor-element elementor-element-24c9f1f\" data-id=\"24c9f1f\" data-element_type=\"column\" data-e-type=\"column\">\n\t\t\t<div class=\"elementor-widget-wrap elementor-element-populated\">\n\t\t\t\t\t\t\t<\/div>\n\t\t<\/div>\n\t\t\t\t<div class=\"elementor-column elementor-col-33 elementor-top-column elementor-element elementor-element-9a08ab1\" data-id=\"9a08ab1\" data-element_type=\"column\" data-e-type=\"column\">\n\t\t\t<div class=\"elementor-widget-wrap\">\n\t\t\t\t\t\t\t<\/div>\n\t\t<\/div>\n\t\t\t\t\t<\/div>\n\t\t<\/section>\n\t\t\t\t<section class=\"elementor-section elementor-top-section elementor-element elementor-element-34cbd81 elementor-section-boxed elementor-section-height-default elementor-section-height-default\" data-id=\"34cbd81\" data-element_type=\"section\" data-e-type=\"section\" data-settings=\"{&quot;background_background&quot;:&quot;classic&quot;}\">\n\t\t\t\t\t\t<div class=\"elementor-container elementor-column-gap-default\">\n\t\t\t\t\t<div class=\"elementor-column elementor-col-100 elementor-top-column elementor-element elementor-element-1dfb88a\" data-id=\"1dfb88a\" data-element_type=\"column\" data-e-type=\"column\">\n\t\t\t<div class=\"elementor-widget-wrap elementor-element-populated\">\n\t\t\t\t\t\t<section class=\"elementor-section elementor-inner-section elementor-element elementor-element-8672813 elementor-section-boxed elementor-section-height-default elementor-section-height-default\" data-id=\"8672813\" data-element_type=\"section\" data-e-type=\"section\">\n\t\t\t\t\t\t<div class=\"elementor-container elementor-column-gap-default\">\n\t\t\t\t\t<div class=\"elementor-column elementor-col-100 elementor-inner-column elementor-element elementor-element-21ad806\" data-id=\"21ad806\" data-element_type=\"column\" data-e-type=\"column\" data-settings=\"{&quot;background_background&quot;:&quot;classic&quot;}\">\n\t\t\t<div class=\"elementor-widget-wrap elementor-element-populated\">\n\t\t\t\t\t<div class=\"elementor-background-overlay\"><\/div>\n\t\t\t\t\t\t<div class=\"elementor-element elementor-element-2396484 elementor-widget elementor-widget-text-editor\" data-id=\"2396484\" data-element_type=\"widget\" data-e-type=\"widget\" data-widget_type=\"text-editor.default\">\n\t\t\t\t<div class=\"elementor-widget-container\">\n\t\t\t\t\t\t\t\t\t<div><strong>Inscripcions per fases<\/strong><\/div><ul><li>13 i 14 d\u2019abril: alumnat de l\u2019escola Trail Barcelona<\/li><li>15 i 16 d\u2019abril: residents o escolaritzats a Sant Just<\/li><li>A partir del 17 d\u2019abril: obert a tothom<\/li><\/ul>\t\t\t\t\t\t\t\t<\/div>\n\t\t\t\t<\/div>\n\t\t\t\t<div class=\"elementor-element elementor-element-74c0dbc elementor-widget elementor-widget-heading\" data-id=\"74c0dbc\" data-element_type=\"widget\" data-e-type=\"widget\" data-widget_type=\"heading.default\">\n\t\t\t\t<div class=\"elementor-widget-container\">\n\t\t\t\t\t<h2 class=\"elementor-heading-title elementor-size-default\">Formulari d'inscripci\u00f3 Casal 2026<\/h2>\t\t\t\t<\/div>\n\t\t\t\t<\/div>\n\t\t\t\t<div class=\"elementor-element elementor-element-a8d13b1 elementor-widget-divider--view-line elementor-widget elementor-widget-divider\" data-id=\"a8d13b1\" data-element_type=\"widget\" data-e-type=\"widget\" data-widget_type=\"divider.default\">\n\t\t\t\t<div class=\"elementor-widget-container\">\n\t\t\t\t\t\t\t<div class=\"elementor-divider\">\n\t\t\t<span class=\"elementor-divider-separator\">\n\t\t\t\t\t\t<\/span>\n\t\t<\/div>\n\t\t\t\t\t\t<\/div>\n\t\t\t\t<\/div>\n\t\t\t\t<div class=\"elementor-element elementor-element-926bb7a elementor-widget elementor-widget-form\" data-id=\"926bb7a\" data-element_type=\"widget\" data-e-type=\"widget\" data-settings=\"{&quot;button_width&quot;:&quot;20&quot;,&quot;step_next_label&quot;:&quot;Next&quot;,&quot;step_previous_label&quot;:&quot;Previous&quot;,&quot;step_type&quot;:&quot;number_text&quot;,&quot;step_icon_shape&quot;:&quot;circle&quot;}\" data-widget_type=\"form.default\">\n\t\t\t\t<div class=\"elementor-widget-container\">\n\t\t\t\t\t\t\t<form class=\"elementor-form\" method=\"post\" name=\"Inscripcio casals\" aria-label=\"Inscripcio casals\">\n\t\t\t<input type=\"hidden\" name=\"post_id\" value=\"8195\"\/>\n\t\t\t<input type=\"hidden\" name=\"form_id\" value=\"926bb7a\"\/>\n\t\t\t<input type=\"hidden\" name=\"referer_title\" value=\"\" \/>\n\n\t\t\t\n\t\t\t<div class=\"elementor-form-fields-wrapper elementor-labels-above\">\n\t\t\t\t\t\t\t\t<div class=\"elementor-field-type-html elementor-field-group elementor-column elementor-field-group-name elementor-col-60\">\n\t\t\t\t\t<h4><b>1 . DADES DE L'INFANT<\/b><\/h4>\t\t\t\t<\/div>\n\t\t\t\t\t\t\t\t<div class=\"elementor-field-type-text elementor-field-group elementor-column elementor-field-group-field_90a5a62 elementor-col-60 elementor-field-required\">\n\t\t\t\t\t\t\t\t\t\t\t\t<label for=\"form-field-field_90a5a62\" class=\"elementor-field-label\">\n\t\t\t\t\t\t\t\tNom i cognoms\t\t\t\t\t\t\t<\/label>\n\t\t\t\t\t\t\t\t\t\t\t\t\t\t<input size=\"1\" type=\"text\" name=\"form_fields[field_90a5a62]\" id=\"form-field-field_90a5a62\" class=\"elementor-field elementor-size-sm  elementor-field-textual\" placeholder=\"Nom i cognoms\" required=\"required\">\n\t\t\t\t\t\t\t\t\t\t\t<\/div>\n\t\t\t\t\t\t\t\t<div class=\"elementor-field-type-text elementor-field-group elementor-column elementor-field-group-field_7d3005c elementor-col-20\">\n\t\t\t\t\t\t\t\t\t\t\t\t<label for=\"form-field-field_7d3005c\" class=\"elementor-field-label\">\n\t\t\t\t\t\t\t\tDNI \/NIE (si en t\u00e9)\t\t\t\t\t\t\t<\/label>\n\t\t\t\t\t\t\t\t\t\t\t\t\t\t<input size=\"1\" type=\"text\" name=\"form_fields[field_7d3005c]\" id=\"form-field-field_7d3005c\" class=\"elementor-field elementor-size-sm  elementor-field-textual\" placeholder=\"DNI \/ NIE\">\n\t\t\t\t\t\t\t\t\t\t\t<\/div>\n\t\t\t\t\t\t\t\t<div class=\"elementor-field-type-date elementor-field-group elementor-column elementor-field-group-field_2177049 elementor-col-20 elementor-field-required\">\n\t\t\t\t\t\t\t\t\t\t\t\t<label for=\"form-field-field_2177049\" class=\"elementor-field-label\">\n\t\t\t\t\t\t\t\tData naixement\t\t\t\t\t\t\t<\/label>\n\t\t\t\t\t\t\n\t\t<input type=\"date\" name=\"form_fields[field_2177049]\" id=\"form-field-field_2177049\" class=\"elementor-field elementor-size-sm  elementor-field-textual elementor-date-field\" placeholder=\"Data naixement\" required=\"required\" pattern=\"[0-9]{4}-[0-9]{2}-[0-9]{2}\">\n\t\t\t\t\t\t<\/div>\n\t\t\t\t\t\t\t\t<div class=\"elementor-field-type-text elementor-field-group elementor-column elementor-field-group-field_a94ee8d elementor-col-50 elementor-field-required\">\n\t\t\t\t\t\t\t\t\t\t\t\t<label for=\"form-field-field_a94ee8d\" class=\"elementor-field-label\">\n\t\t\t\t\t\t\t\tMunicipi de resid\u00e8ncia\t\t\t\t\t\t\t<\/label>\n\t\t\t\t\t\t\t\t\t\t\t\t\t\t<input size=\"1\" type=\"text\" name=\"form_fields[field_a94ee8d]\" id=\"form-field-field_a94ee8d\" class=\"elementor-field elementor-size-sm  elementor-field-textual\" placeholder=\"Municipi\" required=\"required\">\n\t\t\t\t\t\t\t\t\t\t\t<\/div>\n\t\t\t\t\t\t\t\t<div class=\"elementor-field-type-text elementor-field-group elementor-column elementor-field-group-field_1fb2074 elementor-col-40 elementor-field-required\">\n\t\t\t\t\t\t\t\t\t\t\t\t<label for=\"form-field-field_1fb2074\" class=\"elementor-field-label\">\n\t\t\t\t\t\t\t\tEscola\t\t\t\t\t\t\t<\/label>\n\t\t\t\t\t\t\t\t\t\t\t\t\t\t<input size=\"1\" type=\"text\" name=\"form_fields[field_1fb2074]\" id=\"form-field-field_1fb2074\" class=\"elementor-field elementor-size-sm  elementor-field-textual\" placeholder=\"Escola\" required=\"required\">\n\t\t\t\t\t\t\t\t\t\t\t<\/div>\n\t\t\t\t\t\t\t\t<div class=\"elementor-field-type-html elementor-field-group elementor-column elementor-field-group-field_b67f88d elementor-col-60\">\n\t\t\t\t\t<br>\n<h4><b>2 . DADES DEL PARE\/MARE\/TUTOR\/A<\/b><\/h4>\t\t\t\t<\/div>\n\t\t\t\t\t\t\t\t<div class=\"elementor-field-type-text elementor-field-group elementor-column elementor-field-group-field_75855cf elementor-col-60 elementor-field-required\">\n\t\t\t\t\t\t\t\t\t\t\t\t<label for=\"form-field-field_75855cf\" class=\"elementor-field-label\">\n\t\t\t\t\t\t\t\tNom i cognoms\t\t\t\t\t\t\t<\/label>\n\t\t\t\t\t\t\t\t\t\t\t\t\t\t<input size=\"1\" type=\"text\" name=\"form_fields[field_75855cf]\" id=\"form-field-field_75855cf\" class=\"elementor-field elementor-size-sm  elementor-field-textual\" placeholder=\"Nom i cognoms\" required=\"required\">\n\t\t\t\t\t\t\t\t\t\t\t<\/div>\n\t\t\t\t\t\t\t\t<div class=\"elementor-field-type-text elementor-field-group elementor-column elementor-field-group-field_a3aff0d elementor-col-40 elementor-field-required\">\n\t\t\t\t\t\t\t\t\t\t\t\t<label for=\"form-field-field_a3aff0d\" class=\"elementor-field-label\">\n\t\t\t\t\t\t\t\tDNI \/NIE\t\t\t\t\t\t\t<\/label>\n\t\t\t\t\t\t\t\t\t\t\t\t\t\t<input size=\"1\" type=\"text\" name=\"form_fields[field_a3aff0d]\" id=\"form-field-field_a3aff0d\" class=\"elementor-field elementor-size-sm  elementor-field-textual\" placeholder=\"DNI \/ NIE\" required=\"required\">\n\t\t\t\t\t\t\t\t\t\t\t<\/div>\n\t\t\t\t\t\t\t\t<div class=\"elementor-field-type-text elementor-field-group elementor-column elementor-field-group-field_e8d9789 elementor-col-40 elementor-field-required\">\n\t\t\t\t\t\t\t\t\t\t\t\t<label for=\"form-field-field_e8d9789\" class=\"elementor-field-label\">\n\t\t\t\t\t\t\t\tTel\u00e8fon de contacte\t\t\t\t\t\t\t<\/label>\n\t\t\t\t\t\t\t\t\t\t\t\t\t\t<input size=\"1\" type=\"text\" name=\"form_fields[field_e8d9789]\" id=\"form-field-field_e8d9789\" class=\"elementor-field elementor-size-sm  elementor-field-textual\" required=\"required\">\n\t\t\t\t\t\t\t\t\t\t\t<\/div>\n\t\t\t\t\t\t\t\t<div class=\"elementor-field-type-email elementor-field-group elementor-column elementor-field-group-email elementor-col-60 elementor-field-required\">\n\t\t\t\t\t\t\t\t\t\t\t\t<label for=\"form-field-email\" class=\"elementor-field-label\">\n\t\t\t\t\t\t\t\tCorreu electr\u00f2nic\t\t\t\t\t\t\t<\/label>\n\t\t\t\t\t\t\t\t\t\t\t\t\t\t<input size=\"1\" type=\"email\" name=\"form_fields[email]\" id=\"form-field-email\" class=\"elementor-field elementor-size-sm  elementor-field-textual\" placeholder=\"Correu electr\u00f2nic\" required=\"required\">\n\t\t\t\t\t\t\t\t\t\t\t<\/div>\n\t\t\t\t\t\t\t\t<div class=\"elementor-field-type-html elementor-field-group elementor-column elementor-field-group-field_bfd6698 elementor-col-100\">\n\t\t\t\t\t<br>\n<h4><b>3 . SETMANES I SERVEIS<\/b><\/h4>\t\t\t\t<\/div>\n\t\t\t\t\t\t\t\t<div class=\"elementor-field-type-html elementor-field-group elementor-column elementor-field-group-field_fe6c02f elementor-col-100\">\n\t\t\t\t\t<b>Setmanes:<\/b>\t\t\t\t<\/div>\n\t\t\t\t\t\t\t\t<div class=\"elementor-field-type-html elementor-field-group elementor-column elementor-field-group-field_39412c4 elementor-col-100\">\n\t\t\t\t\t\n<font color=\"red\"><b>Setmana 1 (29 juny al 3 juliol) \u2013 COMPLETA<\/b><br><\/font>\n<font color=\"red\"><b>Setmana 2 (6 julio al 10 julio) \u2013 COMPLETA<\/b><br><\/font>\n\t\t\t\t<\/div>\n\t\t\t\t\t\t\t\t<div class=\"elementor-field-type-checkbox elementor-field-group elementor-column elementor-field-group-field_50fbb84 elementor-col-100\">\n\t\t\t\t\t<div class=\"elementor-field-subgroup  \"><span class=\"elementor-field-option\"><input type=\"checkbox\" value=\"Setmana 3 (13 juliol al 17 juliol)\" id=\"form-field-field_50fbb84-0\" name=\"form_fields[field_50fbb84][]\"> <label for=\"form-field-field_50fbb84-0\">Setmana 3 (13 juliol al 17 juliol)<\/label><\/span><span class=\"elementor-field-option\"><input type=\"checkbox\" value=\"Setmana 4 (20 juliol al 24 juliol)\" id=\"form-field-field_50fbb84-1\" name=\"form_fields[field_50fbb84][]\"> <label for=\"form-field-field_50fbb84-1\">Setmana 4 (20 juliol al 24 juliol)<\/label><\/span><span class=\"elementor-field-option\"><input type=\"checkbox\" value=\"Setmana 5 (27 juliol al 31 juliol)\" id=\"form-field-field_50fbb84-2\" name=\"form_fields[field_50fbb84][]\"> <label for=\"form-field-field_50fbb84-2\">Setmana 5 (27 juliol al 31 juliol)<\/label><\/span><\/div>\t\t\t\t<\/div>\n\t\t\t\t\t\t\t\t<div class=\"elementor-field-type-radio elementor-field-group elementor-column elementor-field-group-field_d032fd9 elementor-col-100 elementor-field-required\">\n\t\t\t\t\t\t\t\t\t\t\t\t<label for=\"form-field-field_d032fd9\" class=\"elementor-field-label\">\n\t\t\t\t\t\t\t\t<b>Modalitat:<\/b>\t\t\t\t\t\t\t<\/label>\n\t\t\t\t\t\t<div class=\"elementor-field-subgroup  \"><span class=\"elementor-field-option\"><input type=\"radio\" value=\"Matins\" id=\"form-field-field_d032fd9-0\" name=\"form_fields[field_d032fd9]\" required=\"required\"> <label for=\"form-field-field_d032fd9-0\">Matins<\/label><\/span><span class=\"elementor-field-option\"><input type=\"radio\" value=\"Dia complet (dinar de carmanyola)\" id=\"form-field-field_d032fd9-1\" name=\"form_fields[field_d032fd9]\" required=\"required\"> <label for=\"form-field-field_d032fd9-1\">Dia complet (dinar de carmanyola)<\/label><\/span><\/div>\t\t\t\t<\/div>\n\t\t\t\t\t\t\t\t<div class=\"elementor-field-type-radio elementor-field-group elementor-column elementor-field-group-field_c3ccee3 elementor-col-100 elementor-field-required\">\n\t\t\t\t\t\t\t\t\t\t\t\t<label for=\"form-field-field_c3ccee3\" class=\"elementor-field-label\">\n\t\t\t\t\t\t\t\t<b>Servei d'acollida:<\/b>\t\t\t\t\t\t\t<\/label>\n\t\t\t\t\t\t<div class=\"elementor-field-subgroup  \"><span class=\"elementor-field-option\"><input type=\"radio\" value=\"Si\" id=\"form-field-field_c3ccee3-0\" name=\"form_fields[field_c3ccee3]\" required=\"required\"> <label for=\"form-field-field_c3ccee3-0\">Si<\/label><\/span><span class=\"elementor-field-option\"><input type=\"radio\" value=\"No\" id=\"form-field-field_c3ccee3-1\" name=\"form_fields[field_c3ccee3]\" required=\"required\"> <label for=\"form-field-field_c3ccee3-1\">No<\/label><\/span><\/div>\t\t\t\t<\/div>\n\t\t\t\t\t\t\t\t<div class=\"elementor-field-type-html elementor-field-group elementor-column elementor-field-group-field_fce929e elementor-col-100\">\n\t\t\t\t\t<br>\n<h4><b>4 . SALUT I INFORMACI\u00d3 RELLEVANT<\/b><\/h4>\t\t\t\t<\/div>\n\t\t\t\t\t\t\t\t<div class=\"elementor-field-type-textarea elementor-field-group elementor-column elementor-field-group-message elementor-col-100\">\n\t\t\t\t\t\t\t\t\t\t\t\t<label for=\"form-field-message\" class=\"elementor-field-label\">\n\t\t\t\t\t\t\t\tT\u00e9 alguna al\u00b7l\u00e8rgia, intoler\u00e0ncia, pren medicaci\u00f3 o hi ha alguna informaci\u00f3 m\u00e8dica\/emocional que haur\u00edem de con\u00e8ixer?\t\t\t\t\t\t\t<\/label>\n\t\t\t\t\t\t<textarea class=\"elementor-field-textual elementor-field  elementor-size-sm\" name=\"form_fields[message]\" id=\"form-field-message\" rows=\"4\"><\/textarea>\t\t\t\t<\/div>\n\t\t\t\t\t\t\t\t<div class=\"elementor-field-type-radio elementor-field-group elementor-column elementor-field-group-field_f5aee87 elementor-col-100 elementor-field-required\">\n\t\t\t\t\t\t\t\t\t\t\t\t<label for=\"form-field-field_f5aee87\" class=\"elementor-field-label\">\n\t\t\t\t\t\t\t\t<b>Sap nedar:<\/b>\t\t\t\t\t\t\t<\/label>\n\t\t\t\t\t\t<div class=\"elementor-field-subgroup  \"><span class=\"elementor-field-option\"><input type=\"radio\" value=\"S\u00ed\" id=\"form-field-field_f5aee87-0\" name=\"form_fields[field_f5aee87]\" required=\"required\"> <label for=\"form-field-field_f5aee87-0\">S\u00ed<\/label><\/span><span class=\"elementor-field-option\"><input type=\"radio\" value=\"Una mica\" id=\"form-field-field_f5aee87-1\" name=\"form_fields[field_f5aee87]\" required=\"required\"> <label for=\"form-field-field_f5aee87-1\">Una mica<\/label><\/span><span class=\"elementor-field-option\"><input type=\"radio\" value=\"No\" id=\"form-field-field_f5aee87-2\" name=\"form_fields[field_f5aee87]\" required=\"required\"> <label for=\"form-field-field_f5aee87-2\">No<\/label><\/span><\/div>\t\t\t\t<\/div>\n\t\t\t\t\t\t\t\t<div class=\"elementor-field-type-radio elementor-field-group elementor-column elementor-field-group-field_f64cd0d elementor-col-25 elementor-field-required\">\n\t\t\t\t\t\t\t\t\t\t\t\t<label for=\"form-field-field_f64cd0d\" class=\"elementor-field-label\">\n\t\t\t\t\t\t\t\t<b>Pot marxar sol\/a:<\/b>\t\t\t\t\t\t\t<\/label>\n\t\t\t\t\t\t<div class=\"elementor-field-subgroup  \"><span class=\"elementor-field-option\"><input type=\"radio\" value=\"S\u00ed\" id=\"form-field-field_f64cd0d-0\" name=\"form_fields[field_f64cd0d]\" required=\"required\"> <label for=\"form-field-field_f64cd0d-0\">S\u00ed<\/label><\/span><span class=\"elementor-field-option\"><input type=\"radio\" value=\"No\" id=\"form-field-field_f64cd0d-1\" name=\"form_fields[field_f64cd0d]\" required=\"required\"> <label for=\"form-field-field_f64cd0d-1\">No<\/label><\/span><\/div>\t\t\t\t<\/div>\n\t\t\t\t\t\t\t\t<div class=\"elementor-field-type-html elementor-field-group elementor-column elementor-field-group-field_6f0e709 elementor-col-100\">\n\t\t\t\t\t<br>\n<h4><b>5 . ACCEPTACI\u00d3 DE CONDICIONS<\/b><\/h4>\t\t\t\t<\/div>\n\t\t\t\t\t\t\t\t<div class=\"elementor-field-type-acceptance elementor-field-group elementor-column elementor-field-group-field_90c6d6b elementor-col-100 elementor-field-required\">\n\t\t\t\t\t\t\t<div class=\"elementor-field-subgroup\">\n\t\t\t<span class=\"elementor-field-option\">\n\t\t\t\t<input type=\"checkbox\" name=\"form_fields[field_90c6d6b]\" id=\"form-field-field_90c6d6b\" class=\"elementor-field elementor-size-sm  elementor-acceptance-field\" required=\"required\">\n\t\t\t\t<label for=\"form-field-field_90c6d6b\">Declaro que he llegit i accepto les condicions del casal i l\u2019autoritzaci\u00f3 corresponent<\/label>\t\t\t<\/span>\n\t\t<\/div>\n\t\t\t\t\t\t<\/div>\n\t\t\t\t\t\t\t\t<div class=\"elementor-field-type-acceptance elementor-field-group elementor-column elementor-field-group-field_7ecbaab elementor-col-100 elementor-field-required\">\n\t\t\t\t\t\t\t<div class=\"elementor-field-subgroup\">\n\t\t\t<span class=\"elementor-field-option\">\n\t\t\t\t<input type=\"checkbox\" name=\"form_fields[field_7ecbaab]\" id=\"form-field-field_7ecbaab\" class=\"elementor-field elementor-size-sm  elementor-acceptance-field\" required=\"required\">\n\t\t\t\t<label for=\"form-field-field_7ecbaab\">Entenc que el casal est\u00e0 condicionat a la possibilitat de realitzar l\u2019activitat a Collserola i que, en cas contrari, es retornar\u00e0 \u00edntegrament l\u2019import abonat<\/label>\t\t\t<\/span>\n\t\t<\/div>\n\t\t\t\t\t\t<\/div>\n\t\t\t\t\t\t\t\t<div class=\"elementor-field-type-html elementor-field-group elementor-column elementor-field-group-field_3e50e16 elementor-col-100\">\n\t\t\t\t\t<br>\n<h4><b>6 . OBSERVACIONS<\/b><\/h4>\t\t\t\t<\/div>\n\t\t\t\t\t\t\t\t<div class=\"elementor-field-type-textarea elementor-field-group elementor-column elementor-field-group-field_ff8fb23 elementor-col-100\">\n\t\t\t\t\t<textarea class=\"elementor-field-textual elementor-field  elementor-size-sm\" name=\"form_fields[field_ff8fb23]\" id=\"form-field-field_ff8fb23\" rows=\"4\"><\/textarea>\t\t\t\t<\/div>\n\t\t\t\t\t\t\t\t<div class=\"elementor-field-type-html elementor-field-group elementor-column elementor-field-group-field_07d7619 elementor-col-100\">\n\t\t\t\t\t<br><h4><b>Per fer efectiva la inscripci\u00f3:<\/h4><\/b><br>\n\nCal completar els seg\u00fcents passos en un termini m\u00e0xim de 48 hores:<br><br>\n\t<b>1.\tRealitzar el pagament<\/b><br>\n\t\u2022\tTransfer\u00e8ncia: ES09 0049 3828 6927 1402 9268<br>\nTitular: David Buenacasa<br>\n\ud83d\udc49 Concepte: Inscripci\u00f3 Casal + Nom de l\u2019infant<br><br>\n\t<b>2.\tEnviar la documentaci\u00f3<\/b> a: info@trailbarcelona.com <br>\n\t\u2022\tDNI de l'infant (si en disposa) per les dues cares  o llibre de fam\u00edlia<br>\n\t\u2022\tTargeta sanit\u00e0ria<br>\n\t\u2022\t<a href=\"https:\/\/trailbarcelona.com\/wp-content\/uploads\/2026\/04\/Autoritzacio_casal_2026_Trail_Barcelona_CAT.pdf\" target=\"_blank\">Full d'autoritzaci\u00f3 signat<\/a><br>\n\t\u2022\tJustificant de pagament<br>\n\n<br><br>\n\n<b>Important:<\/b><br>\n\t\u2022\tLa pla\u00e7a quedar\u00e0 confirmada un cop rebut el pagament i la documentaci\u00f3, i revisada per l\u2019organitzaci\u00f3.<br>\n\t\u2022\tEn cas de no completar el proc\u00e9s dins del termini indicat, la pla\u00e7a podr\u00e0 ser assignada a un altre infant.<br>\n\t\u2022\tEn cas de baixa o cancel\u00b7laci\u00f3, no es far\u00e0 la devoluci\u00f3 de l\u2019import abonat.<br>\n\t\u2022\tEn cas que el casal no es pugui realitzar per impossibilitat d\u2019acc\u00e9s a Collserola, es retornar\u00e0 \u00edntegrament l\u2019import.<br>\n\t\u2022\tEn cas d\u2019inscripci\u00f3 en fase priorit\u00e0ria, es podr\u00e0 sol\u00b7licitar documentaci\u00f3 acreditativa de resid\u00e8ncia o escolaritzaci\u00f3 a Sant Just.\t\t\t\t<\/div>\n\t\t\t\t\t\t\t\t<div class=\"elementor-field-type-html elementor-field-group elementor-column elementor-field-group-field_75fe529 elementor-col-100\">\n\t\t\t\t\t<br><hr><br>\t\t\t\t<\/div>\n\t\t\t\t\t\t\t\t<div class=\"elementor-field-group elementor-column elementor-field-type-submit elementor-col-20 e-form__buttons\">\n\t\t\t\t\t<button class=\"elementor-button elementor-size-sm\" type=\"submit\">\n\t\t\t\t\t\t<span class=\"elementor-button-content-wrapper\">\n\t\t\t\t\t\t\t\t\t\t\t\t\t\t\t\t\t\t\t\t\t\t<span class=\"elementor-button-text\">Enviar<\/span>\n\t\t\t\t\t\t\t\t\t\t\t\t\t<\/span>\n\t\t\t\t\t<\/button>\n\t\t\t\t<\/div>\n\t\t\t<\/div>\n\t\t<\/form>\n\t\t\t\t\t\t<\/div>\n\t\t\t\t<\/div>\n\t\t\t\t\t<\/div>\n\t\t<\/div>\n\t\t\t\t\t<\/div>\n\t\t<\/section>\n\t\t\t\t\t<\/div>\n\t\t<\/div>\n\t\t\t\t\t<\/div>\n\t\t<\/section>\n\t\t\t\t<\/div>\n\t\t","protected":false},"excerpt":{"rendered":"<p>Inscripcions per fases 13 i 14 d\u2019abril: alumnat de l\u2019escola Trail Barcelona 15 i 16 d\u2019abril: residents o escolaritzats a Sant Just A partir del 17 d\u2019abril: obert a tothom Formulari d&#8217;inscripci\u00f3 Casal 2026<\/p>\n","protected":false},"author":1,"featured_media":0,"parent":0,"menu_order":0,"comment_status":"closed","ping_status":"closed","template":"","meta":{"_acf_changed":false,"site-sidebar-layout":"no-sidebar","site-content-layout":"page-builder","ast-site-content-layout":"full-width-container","site-content-style":"unboxed","site-sidebar-style":"unboxed","ast-global-header-display":"","ast-banner-title-visibility":"","ast-main-header-display":"","ast-hfb-above-header-display":"","ast-hfb-below-header-display":"","ast-hfb-mobile-header-display":"","site-post-title":"disabled","ast-breadcrumbs-content":"","ast-featured-img":"disabled","footer-sml-layout":"","ast-disable-related-posts":"","theme-transparent-header-meta":"enabled","adv-header-id-meta":"","stick-header-meta":"","header-above-stick-meta":"","header-main-stick-meta":"","header-below-stick-meta":"","astra-migrate-meta-layouts":"set","ast-page-background-enabled":"default","ast-page-background-meta":{"desktop":{"background-color":"","background-image":"","background-repeat":"repeat","background-position":"center center","background-size":"auto","background-attachment":"scroll","background-type":"","background-media":"","overlay-type":"","overlay-color":"","overlay-opacity":"","overlay-gradient":""},"tablet":{"background-color":"","background-image":"","background-repeat":"repeat","background-position":"center center","background-size":"auto","background-attachment":"scroll","background-type":"","background-media":"","overlay-type":"","overlay-color":"","overlay-opacity":"","overlay-gradient":""},"mobile":{"background-color":"","background-image":"","background-repeat":"repeat","background-position":"center center","background-size":"auto","background-attachment":"scroll","background-type":"","background-media":"","overlay-type":"","overlay-color":"","overlay-opacity":"","overlay-gradient":""}},"ast-content-background-meta":{"desktop":{"background-color":"var(--ast-global-color-5)","background-image":"","background-repeat":"repeat","background-position":"center center","background-size":"auto","background-attachment":"scroll","background-type":"","background-media":"","overlay-type":"","overlay-color":"","overlay-opacity":"","overlay-gradient":""},"tablet":{"background-color":"var(--ast-global-color-5)","background-image":"","background-repeat":"repeat","background-position":"center center","background-size":"auto","background-attachment":"scroll","background-type":"","background-media":"","overlay-type":"","overlay-color":"","overlay-opacity":"","overlay-gradient":""},"mobile":{"background-color":"var(--ast-global-color-5)","background-image":"","background-repeat":"repeat","background-position":"center center","background-size":"auto","background-attachment":"scroll","background-type":"","background-media":"","overlay-type":"","overlay-color":"","overlay-opacity":"","overlay-gradient":""}},"footnotes":""},"class_list":["post-8195","page","type-page","status-publish","hentry"],"acf":[],"_links":{"self":[{"href":"https:\/\/trailbarcelona.com\/ca\/wp-json\/wp\/v2\/pages\/8195","targetHints":{"allow":["GET"]}}],"collection":[{"href":"https:\/\/trailbarcelona.com\/ca\/wp-json\/wp\/v2\/pages"}],"about":[{"href":"https:\/\/trailbarcelona.com\/ca\/wp-json\/wp\/v2\/types\/page"}],"author":[{"embeddable":true,"href":"https:\/\/trailbarcelona.com\/ca\/wp-json\/wp\/v2\/users\/1"}],"replies":[{"embeddable":true,"href":"https:\/\/trailbarcelona.com\/ca\/wp-json\/wp\/v2\/comments?post=8195"}],"version-history":[{"count":178,"href":"https:\/\/trailbarcelona.com\/ca\/wp-json\/wp\/v2\/pages\/8195\/revisions"}],"predecessor-version":[{"id":12533,"href":"https:\/\/trailbarcelona.com\/ca\/wp-json\/wp\/v2\/pages\/8195\/revisions\/12533"}],"wp:attachment":[{"href":"https:\/\/trailbarcelona.com\/ca\/wp-json\/wp\/v2\/media?parent=8195"}],"curies":[{"name":"wp","href":"https:\/\/api.w.org\/{rel}","templated":true}]}}