{"id":6870,"date":"2023-12-13T13:36:21","date_gmt":"2023-12-13T12:36:21","guid":{"rendered":"https:\/\/trailbarcelona.com\/?page_id=6870"},"modified":"2023-12-13T13:37:26","modified_gmt":"2023-12-13T12:37:26","slug":"politica-cookies","status":"publish","type":"page","link":"https:\/\/trailbarcelona.com\/ca\/politica-cookies","title":{"rendered":"Politica Cookies"},"content":{"rendered":"\t\t<div data-elementor-type=\"wp-page\" data-elementor-id=\"6870\" class=\"elementor elementor-6870\" data-elementor-post-type=\"page\">\n\t\t\t\t\t\t<section class=\"elementor-section elementor-top-section elementor-element elementor-element-be34559 elementor-section-boxed elementor-section-height-default elementor-section-height-default\" data-id=\"be34559\" data-element_type=\"section\" data-e-type=\"section\">\n\t\t\t\t\t\t<div class=\"elementor-container elementor-column-gap-default\">\n\t\t\t\t\t<div class=\"elementor-column elementor-col-100 elementor-top-column elementor-element elementor-element-7a48fb28\" data-id=\"7a48fb28\" data-element_type=\"column\" data-e-type=\"column\">\n\t\t\t<div class=\"elementor-widget-wrap elementor-element-populated\">\n\t\t\t\t\t\t<div class=\"elementor-element elementor-element-3af7574 elementor-widget elementor-widget-text-editor\" data-id=\"3af7574\" data-element_type=\"widget\" data-e-type=\"widget\" data-widget_type=\"text-editor.default\">\n\t\t\t\t<div class=\"elementor-widget-container\">\n\t\t\t\t\t\t\t\t\t<h2>POL\u00cdTICA DE COOKIES<\/h2><p>\u00a0<\/p><p>QU\u00c8 S\u00d3N LES COOKIES?<br \/>Aquest lloc web https:\/\/www.trailbarcelona.com\/ propietat del CLUB ESPORTIU DE TRAIL &#8211;<br \/>RUNNING TRAIL BARCELONA SANT JUST utilitza cookies i\/o tecnologies similars que<br \/>emmagatzemen i recuperen informaci\u00f3 quan navega. En general, aquestes tecnologies poden servir<br \/>per a finalitats molt diverses, com, per exemple, recon\u00e8ixer-lo com a usuari, obtenir informaci\u00f3 sobre<br \/>els seus h\u00e0bits de navegaci\u00f3, o personalitzar la forma en qu\u00e8 es mostra el contingut. Els usos<br \/>concrets que fem d&amp;#39;aquestes tecnologies es descriuen a continuaci\u00f3.<br \/>Informaci\u00f3 sobre els tipus de cookies, la seva finalitat, identificaci\u00f3 de qui les utilitza i<br \/>temps de perman\u00e8ncia<br \/>1. Tipus de cookies, segons l&amp;#39;entitat que les gestioni:<br \/>a) Cookies Pr\u00f2pies: S\u00f3n aquelles que s&amp;#39;envien a l&amp;#39;equip terminal de l&amp;#39;usuari des d&amp;#39;un equip<br \/>o domini gestionat pel propi editor i des del qual es presta el servei sol\u00b7licitat per l&amp;#39;usuari.<br \/>b) Cookies de tercers: S\u00f3n aquelles que s&amp;#39;envien a l&amp;#39;equip terminal de l&amp;#39;usuari des d&amp;#39;un<br \/>equip o domini que no \u00e9s gestionat per l&amp;#39;editor, sin\u00f3 per una altra entitat que tracta les<br \/>dades obtingudes a trav\u00e9s de les cookies.<br \/>2. Tipus de cookies, segons la seva finalitat:<br \/>a) Cookies T\u00e8cniques: S\u00f3n aquelles que permeten a l&amp;#39;usuari la navegaci\u00f3 a trav\u00e9s d&amp;#39;una<br \/>p\u00e0gina web, plataforma o aplicaci\u00f3 i la utilitzaci\u00f3 de les diferents opcions o serveis que<br \/>en ella existeixin.<br \/>b) Cookies estrictament necess\u00e0ries: Aquestes cookies estan actives sempre i s\u00f3n<br \/>necess\u00e0ries perqu\u00e8 el lloc web funcioni i no es poden desactivar en els nostres sistemes.<br \/>Usualment, estan configurades per a respondre a accions fetes per vost\u00e8 per a rebre<br \/>serveis, com ara ajustar les seves prefer\u00e8ncies de privacitat, iniciar sessi\u00f3 en el lloc, o<br \/>omplir formularis. Vost\u00e8 pot configurar el seu navegador per a bloquejar o alertar la<br \/>pres\u00e8ncia d&amp;#39;aquestes cookies, per\u00f2 algunes parts del lloc web no funcionaran. Aquestes<br \/>cookies no guarden cap informaci\u00f3 personal identificable.<br \/>c) Cookies de prefer\u00e8ncies o personalitzaci\u00f3: S\u00f3n aquelles que permeten recordar<br \/>informaci\u00f3 perqu\u00e8 l&amp;#39;usuari accedeixi al servei amb determinades caracter\u00edstiques que<br \/>poden diferenciar la seva experi\u00e8ncia de la d&amp;#39;altres usuaris.<br \/>d) Cookies d&amp;#39;an\u00e0lisis o mesurament: S\u00f3n aquelles que tractades per nosaltres o per<br \/>tercers, ens permeten quantificar el nombre d&amp;#39;usuaris i aix\u00ed realitzar el mesurament i<br \/>an\u00e0lisi estad\u00edstic de la utilitzaci\u00f3 que fan els usuaris del servei ofert. Per a aix\u00f2 s&amp;#39;analitza<br \/>la seva navegaci\u00f3 en la nostra p\u00e0gina web amb la finalitat de millorar l&amp;#39;oferta de<br \/>productes o serveis que li oferim.<br \/>e) Cookies de publicitat comportamental: S\u00f3n aquelles que, tractades per nosaltres o<br \/>per tercers, ens permeten analitzar els seus h\u00e0bits de navegaci\u00f3 en Internet perqu\u00e8<br \/>puguem mostrar-li publicitat relacionada amb el seu perfil de navegaci\u00f3.<\/p><p>3. Tipus de cookies, segons el termini de temps que romanen activades:<br \/>a) Cookies de Sessi\u00f3: S\u00f3n les dissenyades per a recaptar i emmagatzemar dades mentre<br \/>l&amp;#39;usuari accedeix a una p\u00e0gina web. Se solen emprar per a la prestaci\u00f3 del servei<br \/>sol\u00b7licitat per l&amp;#39;usuari en una sola ocasi\u00f3.<br \/>b) Cookies Persistents: S\u00f3n les dissenyades perqu\u00e8 les dades continu\u00efn<br \/>emmagatzemades en el terminal i poden ser accedits i tractats durant un per\u00edode definit<br \/>pel responsable de la cookie, i que pot anar d&amp;#39;uns minuts a diversos anys.<br \/>4. Tipus de cookies que utilitza la web:<\/p><p>COOKIE PROPIETARI FINALITAT CADUCITA<br \/>T<\/p><p>TIPUS<\/p><p>_Secure-3PSIDCC .youtube.com<\/p><p>Aquestes cookies s&amp;#39;utilitzen<br \/>per a lliurar anuncis m\u00e9s<br \/>rellevants per a vost\u00e8 i els<br \/>seus interessos.<\/p><p>11 mesos i 27<br \/>dies Publicit\u00e0ria<\/p><p>YSC .youtube.com<\/p><p>Youtube configura aquesta<br \/>cookie per a rastrejar les<br \/>vistes de v\u00eddeos incrustats<br \/>en les p\u00e0gines de Youtube.<\/p><p>Sessi\u00f3 T\u00e8cnica<\/p><p>_Secure-1PSIDCC .youtube.com<\/p><p>Aquestes cookies s&amp;#39;utilitzen<br \/>per a lliurar anuncis m\u00e9s<br \/>rellevants per a vost\u00e8 i els<br \/>seus interessos.<\/p><p>11 mesos i 21<br \/>dies Publicit\u00e0ria<\/p><p>_Secure-3PSIDTS .youtube.com<\/p><p>Aquestes cookies s&amp;#39;utilitzen<br \/>per a lliurar anuncis m\u00e9s<br \/>rellevants per a vost\u00e8 i els<br \/>seus interessos.<\/p><p>11 mesos i 21<br \/>dies Publicit\u00e0ria<\/p><p>VISITOR_PRIVACY_<br \/>METADATA .youtube.com<\/p><p>Cookie de metadades de<br \/>privacitat de visitants de<br \/>Youtube.<\/p><p>4 mesos i 12<br \/>dies<\/p><p>SID .youtube.com<\/p><p>Descarregar unes certes<br \/>eines de Google i guardar<br \/>unes certes prefer\u00e8ncies,<br \/>per exemple, el nombre de<br \/>resultats de la cerca per<br \/>fulla o l\u2019activaci\u00f3 del filtre<br \/>SafeSearch. Ajusta els<br \/>anuncis que apareixen en la<br \/>cerca de Google.<\/p><p>1 any i 25<br \/>dies Anal\u00edtica<\/p><p>SIDCC .youtube.com<\/p><p>Descarregar unes certes<br \/>eines de Google i guardar<br \/>unes certes prefer\u00e8ncies,<br \/>per exemple, el nombre de<br \/>resultats de la cerca per<br \/>fulla o l\u2019activaci\u00f3 del filtre<br \/>SafeSearch. Ajusta els<br \/>anuncis que apareixen en la<br \/>cerca de Google.<\/p><p>11 mesos i 21<br \/>dies Anal\u00edtica<\/p><p>PREF .youtube.com<\/p><p>Youtube estableix aquesta<br \/>cookie. S\u2019utilitza per<br \/>emmagatzemar les<br \/>prefer\u00e8ncies de l\u2019usuari com<br \/>l\u2019idioma o qualsevol altra<br \/>personalitzaci\u00f3 dels v\u00eddeos<br \/>de YouTube incrustats en<br \/>diferents llocs.<\/p><p>1 any i 25<br \/>dies Funcional<\/p><p>LOGIN_INFO .youtube.com Per reproducci\u00f3 de<br \/>contingut.<\/p><p>9 mesos i 25<br \/>dies T\u00e8cnica<\/p><p>_Secure-3PAPISID .youtube.com<\/p><p>S&amp;#39;utilitzen per a lliurar<br \/>anuncis m\u00e9s rellevants per<br \/>a vost\u00e8 i els seus<br \/>interessos.<\/p><p>1 any i 25<br \/>dies Publicit\u00e0ria<\/p><p>_Secure-1PAPISID .youtube.com<\/p><p>S&amp;#39;utilitzen per a lliurar<br \/>anuncis m\u00e9s rellevants per<br \/>a vost\u00e8 i els seus<br \/>interessos.<\/p><p>1 any i 25<br \/>dies Publicit\u00e0ria<\/p><p>_Secure-1PSID .youtube.com<\/p><p>S&amp;#39;utilitzen per a lliurar<br \/>anuncis m\u00e9s rellevants per<br \/>a vost\u00e8 i els seus<br \/>interessos.<\/p><p>1 any i 25<br \/>dies Publicit\u00e0ria<\/p><p>_Secure-1PSIDTS .youtube.com<\/p><p>S&amp;#39;utilitzen per a lliurar<br \/>anuncis m\u00e9s rellevants per<br \/>a vost\u00e8 i els seus<br \/>interessos.<\/p><p>1 any i 25<br \/>dies Publicit\u00e0ria<\/p><p>SSID<br \/>HSID<br \/>APISID<br \/>SAPISID<\/p><p>.youtube.com<\/p><p>Descarregar unes certes<br \/>eines de Google i guardar<br \/>unes certes prefer\u00e8ncies,<br \/>per exemple, el nombre de<br \/>resultats de la cerca per<br \/>fulla o l&amp;#39;activaci\u00f3 del filtre<br \/>SafeSearch. Ajusta els<br \/>anuncis que apareixen en la<br \/>cerca de Google.<\/p><p>1 any i 25<br \/>dies Anal\u00edtica<\/p><p>_Secure-3PSID .youtube.com<\/p><p>S&amp;#39;utilitzen per a lliurar<br \/>anuncis m\u00e9s rellevants per<br \/>a vost\u00e8 i els seus<br \/>interessos.<\/p><p>1 any i 25<br \/>dies Publicit\u00e0ria<\/p><p>VISITOR_INFO1_UVE .youtube.com<\/p><p>YouTube configura aquesta<br \/>cookie per a mesurar<br \/>l\u2019amplada de banda,<br \/>determinant si l\u2019usuari obt\u00e9<br \/>la interf\u00edcie del reproductor<br \/>nova o antiga.<\/p><p>5 mesos i 27<br \/>dies Anal\u00edtica<\/p><p>DSID .doubleclick.net Per emmagatzemar les<\/p><p>prefer\u00e8ncies de l\u2019usuari. 8 dies Publicit\u00e0ria<\/p><p>IDE .doubleclick.net S\u2019Utilitzen per a millorar la<br \/>publicitat. Solen utilitzar-se<br \/>per a orientar la publicitat<br \/>segons el contingut que \u00e9s<br \/>rellevant per a un usuari,<br \/>millorar els informes de<br \/>rendiment de la campanya i<\/p><p>11 mesos i 24<br \/>dies<\/p><p>Publicit\u00e0ria<\/p><p>evitar mostrar anuncis que<br \/>l\u2019usuari ja hagi vist.<\/p><p>ar_debug .doubleclick.net Emmagatzema i fa<\/p><p>seguiment de conversions 27 dies Publicit\u00e0ria<\/p><p>_Secure-1PSID .google.com<\/p><p>Aquestes cookies s&amp;#39;utilitzen<br \/>per a lliurar anuncis m\u00e9s<br \/>rellevants per a vost\u00e8 i els<br \/>seus interessos.<\/p><p>1 any i 24<br \/>dies Publicit\u00e0ria<\/p><p>_Secure-3PSIDTS .google.com<\/p><p>Per a la utilitzaci\u00f3 de les<br \/>opcions i serveis del lloc<br \/>web.<\/p><p>11 mesos i 27<br \/>dies T\u00e8cnica<\/p><p>_Secure-1PSIDTS .google.com<\/p><p>Per a la utilitzaci\u00f3 de les<br \/>opcions i serveis del lloc<br \/>web.<\/p><p>11 mesos i 27<br \/>dies T\u00e8cnica<\/p><p>_Secure-3PAPISID .google.com<\/p><p>Aquestes cookies s&amp;#39;utilitzen<br \/>per a lliurar anuncis m\u00e9s<br \/>rellevants per a vost\u00e8 i els<br \/>seus interessos.<\/p><p>1 any i 24<br \/>dies Publicit\u00e0ria<\/p><p>_Secure-1PAPISID .google.com<\/p><p>Aquestes cookies s&amp;#39;utilitzen<br \/>per a lliurar anuncis m\u00e9s<br \/>rellevants per a vost\u00e8 i els<br \/>seus interessos.<\/p><p>1 any i 24<br \/>dies Publicit\u00e0ria<\/p><p>_Secure-3PSID .google.com<\/p><p>Aquestes cookies s&amp;#39;utilitzen<br \/>per a lliurar anuncis m\u00e9s<br \/>rellevants per a vost\u00e8 i els<br \/>seus interessos.<\/p><p>1 any i 24<br \/>dies Publicit\u00e0ria<\/p><p>SOCS .google.com<\/p><p>Per a emmagatzemar l\u2019estat<br \/>d\u2019un usuari respecte a les<br \/>seves opcions de cookies.<\/p><p>8 mesos i 13<br \/>dies Anal\u00edtica<\/p><p>SAPISID<br \/>SSID<br \/>APISID<br \/>HSID<br \/>SID<\/p><p>.google.com<\/p><p>Descarregar unes certes<br \/>eines de Google i guardar<br \/>unes certes prefer\u00e8ncies,<br \/>per exemple, el nombre de<br \/>resultats de la cerca per<br \/>fulla o l&amp;#39;activaci\u00f3 del filtre<br \/>SafeSearch. Ajusta els<br \/>anuncis que apareixen en la<br \/>cerca de Google.<\/p><p>1 any i 24<br \/>dies Anal\u00edtica<\/p><p>SEARCH_SAMESITE .google.com<\/p><p>Proporcionar garanties<br \/>sobre quan s\u2019envien cookies<br \/>entre llocs perqu\u00e8 els<br \/>usuaris estiguin protegits.<\/p><p>3 mesos i 7<br \/>dies Anal\u00edtica<\/p><p>CONSENT .google.com Funci\u00f3 d\u2019acceptaci\u00f3 de<br \/>cookies en el lloc web<\/p><p>8 mesos i 18<br \/>dies Necess\u00e0ria<\/p><p>_Secure-3PSIDCC .google.com<\/p><p>Aquestes cookies s&amp;#39;utilitzen<br \/>per a lliurar anuncis m\u00e9s<br \/>rellevants per a vost\u00e8 i els<br \/>seus interessos.<\/p><p>11 mesos i 27<br \/>dies Publicit\u00e0ria<\/p><p>ANID .google.com<\/p><p>Google utilitza aquestes<br \/>cookies per a fer publicitat<br \/>m\u00e9s atractiva per als<br \/>usuaris i m\u00e9s valuosa per<br \/>als editors i anunciants.<\/p><p>1 any i 3 dies Publicit\u00e0ria<\/p><p>COM DESHABILITAR O ELIMINAR LES COOKIES EN ELS NAVEGADORS M\u00c9S USATS<br \/>Aix\u00ed mateix, el CLUB ESPORTIU DE TRAIL &#8211; RUNNING TRAIL BARCELONA SANT JUST l&amp;#39;informa<br \/>que t\u00e9 la possibilitat de configurar el seu navegador de manera que, en qualsevol moment, pugui<br \/>gestionar les seves prefer\u00e8ncies sobre l&amp;#39;\u00fas de les cookies. Pot ajustar el seu navegador perqu\u00e8<br \/>rebutgi o elimini determinades cookies segons el seu criteri.<br \/>A continuaci\u00f3, li proporcionem els enlla\u00e7os de diversos navegadors, a trav\u00e9s dels quals podr\u00e0 realitzar<br \/>aquesta configuraci\u00f3:<br \/>\uf0b7 Google Chrome<br \/>\uf0b7 Mozilla Firefox<br \/>\uf0b7 Internet Explorer<br \/>\uf0b7 Microsoft Edge<br \/>\uf0b7 Safari<br \/>Ha de tenir en compte que algunes caracter\u00edstiques dels continguts del lloc web<br \/>https:\/\/www.trailbarcelona.com\/ nom\u00e9s estan disponibles si es permet la instal\u00b7laci\u00f3 de cookies en el<br \/>seu navegador. Si decideix no acceptar o bloquejar determinades cookies, en funci\u00f3 de la seva<br \/>finalitat, pot ser que aix\u00f2 afecti, totalment o parcialment, al funcionament normal del lloc web o que<br \/>impedeixi l&amp;#39;acc\u00e9s a alguns serveis d&amp;#39;aquest.<br \/>ACTUALITZACI\u00d3 DE LA NOSTRA POL\u00cdTICA DE COOKIES<br \/>\u00c9s possible que actualitzem la Pol\u00edtica de Cookies del nostre Lloc Web, per aix\u00f2 li recomanem revisar<br \/>aquesta pol\u00edtica cada vegada que accedeixi al nostre Lloc Web amb l&amp;#39;objectiu d&amp;#39;estar adequadament<br \/>informat sobre com i per qu\u00e8 utilitzem les cookies.<br \/>ENLLA\u00c7OS A LLOCS WEB DE TERCERS<br \/>El portal, titularitat del CLUB ESPORTIU DE TRAIL &#8211; RUNNING TRAIL BARCELONA SANT JUST<br \/>cont\u00e9 enlla\u00e7os a llocs web de tercers, les pol\u00edtiques de privacitat dels quals s\u00f3n alienes a la del CLUB<br \/>ESPORTIU DE TRAIL &#8211; RUNNING TRAIL BARCELONA SANT JUST. En accedir a tals llocs web pot<br \/>decidir si accepta les seves pol\u00edtiques de privacitat i de cookies. Amb car\u00e0cter general, si navega per<br \/>internet pot acceptar o rebutjar les cookies de tercers des de les opcions de configuraci\u00f3 del seu<br \/>navegador.<\/p>\t\t\t\t\t\t\t\t<\/div>\n\t\t\t\t<\/div>\n\t\t\t\t\t<\/div>\n\t\t<\/div>\n\t\t\t\t\t<\/div>\n\t\t<\/section>\n\t\t\t\t<\/div>\n\t\t","protected":false},"excerpt":{"rendered":"<p>POL\u00cdTICA DE COOKIES \u00a0 QU\u00c8 S\u00d3N LES COOKIES?Aquest lloc web https:\/\/www.trailbarcelona.com\/ propietat del CLUB ESPORTIU DE TRAIL &#8211;RUNNING TRAIL BARCELONA SANT JUST utilitza cookies i\/o tecnologies similars queemmagatzemen i recuperen informaci\u00f3 quan navega. En general, aquestes tecnologies poden servirper a finalitats molt diverses, com, per exemple, recon\u00e8ixer-lo com a usuari, obtenir informaci\u00f3 sobreels seus h\u00e0bits [&hellip;]<\/p>\n","protected":false},"author":1,"featured_media":0,"parent":0,"menu_order":0,"comment_status":"closed","ping_status":"closed","template":"","meta":{"_acf_changed":false,"site-sidebar-layout":"default","site-content-layout":"default","ast-site-content-layout":"default","site-content-style":"default","site-sidebar-style":"default","ast-global-header-display":"","ast-banner-title-visibility":"","ast-main-header-display":"","ast-hfb-above-header-display":"","ast-hfb-below-header-display":"","ast-hfb-mobile-header-display":"","site-post-title":"disabled","ast-breadcrumbs-content":"","ast-featured-img":"","footer-sml-layout":"","ast-disable-related-posts":"","theme-transparent-header-meta":"default","adv-header-id-meta":"","stick-header-meta":"","header-above-stick-meta":"","header-main-stick-meta":"","header-below-stick-meta":"","astra-migrate-meta-layouts":"set","ast-page-background-enabled":"default","ast-page-background-meta":{"desktop":{"background-color":"","background-image":"","background-repeat":"repeat","background-position":"center center","background-size":"auto","background-attachment":"scroll","background-type":"","background-media":"","overlay-type":"","overlay-color":"","overlay-opacity":"","overlay-gradient":""},"tablet":{"background-color":"","background-image":"","background-repeat":"repeat","background-position":"center center","background-size":"auto","background-attachment":"scroll","background-type":"","background-media":"","overlay-type":"","overlay-color":"","overlay-opacity":"","overlay-gradient":""},"mobile":{"background-color":"","background-image":"","background-repeat":"repeat","background-position":"center center","background-size":"auto","background-attachment":"scroll","background-type":"","background-media":"","overlay-type":"","overlay-color":"","overlay-opacity":"","overlay-gradient":""}},"ast-content-background-meta":{"desktop":{"background-color":"var(--ast-global-color-5)","background-image":"","background-repeat":"repeat","background-position":"center center","background-size":"auto","background-attachment":"scroll","background-type":"","background-media":"","overlay-type":"","overlay-color":"","overlay-opacity":"","overlay-gradient":""},"tablet":{"background-color":"var(--ast-global-color-5)","background-image":"","background-repeat":"repeat","background-position":"center center","background-size":"auto","background-attachment":"scroll","background-type":"","background-media":"","overlay-type":"","overlay-color":"","overlay-opacity":"","overlay-gradient":""},"mobile":{"background-color":"var(--ast-global-color-5)","background-image":"","background-repeat":"repeat","background-position":"center center","background-size":"auto","background-attachment":"scroll","background-type":"","background-media":"","overlay-type":"","overlay-color":"","overlay-opacity":"","overlay-gradient":""}},"footnotes":""},"class_list":["post-6870","page","type-page","status-publish","hentry"],"acf":[],"_links":{"self":[{"href":"https:\/\/trailbarcelona.com\/ca\/wp-json\/wp\/v2\/pages\/6870","targetHints":{"allow":["GET"]}}],"collection":[{"href":"https:\/\/trailbarcelona.com\/ca\/wp-json\/wp\/v2\/pages"}],"about":[{"href":"https:\/\/trailbarcelona.com\/ca\/wp-json\/wp\/v2\/types\/page"}],"author":[{"embeddable":true,"href":"https:\/\/trailbarcelona.com\/ca\/wp-json\/wp\/v2\/users\/1"}],"replies":[{"embeddable":true,"href":"https:\/\/trailbarcelona.com\/ca\/wp-json\/wp\/v2\/comments?post=6870"}],"version-history":[{"count":4,"href":"https:\/\/trailbarcelona.com\/ca\/wp-json\/wp\/v2\/pages\/6870\/revisions"}],"predecessor-version":[{"id":6875,"href":"https:\/\/trailbarcelona.com\/ca\/wp-json\/wp\/v2\/pages\/6870\/revisions\/6875"}],"wp:attachment":[{"href":"https:\/\/trailbarcelona.com\/ca\/wp-json\/wp\/v2\/media?parent=6870"}],"curies":[{"name":"wp","href":"https:\/\/api.w.org\/{rel}","templated":true}]}}