{"id":6857,"date":"2023-12-13T13:22:37","date_gmt":"2023-12-13T12:22:37","guid":{"rendered":"https:\/\/trailbarcelona.com\/?page_id=6857"},"modified":"2023-12-13T13:25:46","modified_gmt":"2023-12-13T12:25:46","slug":"avis-legal","status":"publish","type":"page","link":"https:\/\/trailbarcelona.com\/ca\/avis-legal","title":{"rendered":"Av\u00eds legal"},"content":{"rendered":"\t\t<div data-elementor-type=\"wp-page\" data-elementor-id=\"6857\" class=\"elementor elementor-6857\" data-elementor-post-type=\"page\">\n\t\t\t\t\t\t<section class=\"elementor-section elementor-top-section elementor-element elementor-element-be34559 elementor-section-boxed elementor-section-height-default elementor-section-height-default\" data-id=\"be34559\" data-element_type=\"section\" data-e-type=\"section\">\n\t\t\t\t\t\t<div class=\"elementor-container elementor-column-gap-default\">\n\t\t\t\t\t<div class=\"elementor-column elementor-col-100 elementor-top-column elementor-element elementor-element-7a48fb28\" data-id=\"7a48fb28\" data-element_type=\"column\" data-e-type=\"column\">\n\t\t\t<div class=\"elementor-widget-wrap elementor-element-populated\">\n\t\t\t\t\t\t<div class=\"elementor-element elementor-element-3af7574 elementor-widget elementor-widget-text-editor\" data-id=\"3af7574\" data-element_type=\"widget\" data-e-type=\"widget\" data-widget_type=\"text-editor.default\">\n\t\t\t\t<div class=\"elementor-widget-container\">\n\t\t\t\t\t\t\t\t\t<h2>AV\u00cdS LEGAL<\/h2><p>\u00a0<\/p><p>INFORMACI\u00d3 GENERAL<br \/>En compliment de l&amp;#39;Article 10 de la Llei 34\/2002, d&#8217;11 de juliol, de Serveis de la Societat de la<br \/>Informaci\u00f3 i de Comer\u00e7 Electr\u00f2nic (LSSI-CE), s&#8217;informa que el titular del lloc web<br \/>https:\/\/www.trailbarcelona.com\/ \u00e9s:<br \/>El CLUB ESPORTIU DE TRAIL &#8211; RUNNING TRAIL BARCELONA SANT JUST, amb NIF G56198138 i<br \/>domicili social al C\/ Creu 100, 2-2 (08960) Sant Just Desvern, inscrita al Registre de Clubs,<br \/>Associacions i Entitats Esportives de la Direcci\u00f3 General de l\u2019Esport de la Generalitat de Catalunya<br \/>amb el n\u00famero (en tr\u00e0mit). L&#8217;adre\u00e7a de correu electr\u00f2nic de contacte amb l&#8217;empresa \u00e9s:<br \/>info@trailbarcelona.com.<\/p><p>\u00a0<\/p><p>OBJECTE<br \/>La present p\u00e0gina web https:\/\/www.trailbarcelona.com\/, propietat del CLUB ESPORTIU DE TRAIL &#8211;<br \/>RUNNING TRAIL BARCELONA SANT JUST ha estat creada i dissenyada per donar a con\u00e8ixer i<br \/>permetre l&amp;#39;acc\u00e9s general de tots els usuaris d&amp;#39;internet, a la informaci\u00f3, activitats, productes i serveis<br \/>oferts per aquesta entitat.<br \/>El present av\u00eds legal t\u00e9 com a objecte establir les Condicions Generals que regulin l&amp;#39;acc\u00e9s i \u00fas general<br \/>de la citada p\u00e0gina web per part de tots els usuaris, de manera que l&amp;#39;acc\u00e9s i \u00fas d&amp;#39;aquesta implica<br \/>necess\u00e0riament, la submissi\u00f3 i acceptaci\u00f3 de les Condicions Generals citades incloses en aquest<br \/>Av\u00eds Legal.<\/p><p>\u00a0<\/p><p>USUARI<br \/>La utilitzaci\u00f3 d&amp;#39;aquesta p\u00e0gina Web li atribueix la condici\u00f3 d&amp;#39;usuari d\u2019aquesta.<br \/>Es recomana a l&amp;#39;usuari que llegeixi atentament i detingudament les condicions i instruccions<br \/>publicades cada vegada que accedeixi a aquesta p\u00e0gina web, at\u00e8s que l&amp;#39;acc\u00e9s implica la seva lectura<br \/>i acceptaci\u00f3. Mitjan\u00e7ant l&amp;#39;acc\u00e9s i \u00fas a https:\/\/www.trailbarcelona.com\/ o qualsevol de les seves<br \/>p\u00e0gines i subdominis, l&amp;#39;usuari manifesta el seu acord de forma expressa, plena i sense reserves a les<br \/>condicions i instruccions publicades en l&amp;#39;av\u00eds legal en el moment de l&amp;#39;acc\u00e9s sense perjudici de<br \/>l&amp;#39;aplicaci\u00f3 de la corresponent normativa d&amp;#39;obligat compliment legal segons el cas.<br \/>Qualsevol utilitzaci\u00f3 diferent de l&amp;#39;autoritzada est\u00e0 expressament prohibida, quedant el CLUB<br \/>ESPORTIU DE TRAIL &#8211; RUNNING TRAIL BARCELONA SANT JUST facultat per denegar o retirar<br \/>l&amp;#39;acc\u00e9s i \u00fas de la Web, a qualsevol moment, i sense previ av\u00eds, a aquells usuaris que incompleixin<br \/>aquestes condicions generals.<br \/>L&amp;#39;usuari assumeix la seva responsabilitat en l&amp;#39;\u00fas correcte del lloc web.<br \/>Aquesta responsabilitat s&amp;#39;estendr\u00e0 a:<br \/>&#8211; La veracitat i licitud de les informacions aportades per l&amp;#39;usuari en els formularis estesos pel<br \/>CLUB ESPORTIU DE TRAIL &#8211; RUNNING TRAIL BARCELONA SANT JUST per a l&amp;#39;acc\u00e9s a<br \/>certs continguts o serveis oferts pel web.<br \/>&#8211; L&amp;#39;\u00fas de la informaci\u00f3, serveis i dades ofertes pel CLUB ESPORTIU DE TRAIL &#8211; RUNNING<br \/>TRAIL BARCELONA SANT JUST contr\u00e0riament al que es disposa per les presents condicions,<br \/>la Llei, la moral, els bons costums o l&amp;#39;ordre p\u00fablic, o que de qualsevol altra manera puguin<br \/>suposar lesi\u00f3 dels drets de tercers o del mateix funcionament del lloc web.<\/p><p>\u00a0<\/p><p>\u00a0<\/p><p>\u00daS NO AUTORITZAT<br \/>L&amp;#39;usuari d&amp;#39;aquest lloc web es compromet a no fer \u00fas del mateix per a finalitats o activitats il\u00b7legals o<br \/>il\u00b7l\u00edcites; en conseq\u00fc\u00e8ncia, no podr\u00e0 variar cap dels elements incorporats a la nostra web, copiar,<br \/>distribuir, transmetre, presentar, realitzar, o en general, reproduir de qualsevol manera, publicar,<br \/>autoritzar o crear qualsevol treball sobre la base de la informaci\u00f3 o el contingut incorporat en el nostre<br \/>lloc web pel CLUB ESPORTIU DE TRAIL &#8211; RUNNING TRAIL BARCELONA SANT JUST, els seus<br \/>agents, directius, filials i\/o empleats.<\/p><p>\u00a0<\/p><p>POL\u00cdTICA D&amp;#39;ENLLA\u00c7OS I EXEMPCIONS DE RESPONSABILITAT<br \/>El CLUB ESPORTIU DE TRAIL &#8211; RUNNING TRAIL BARCELONA SANT JUST no es fa responsable<br \/>del contingut dels llocs web als quals l&amp;#39;usuari pugui accedir a trav\u00e9s dels enlla\u00e7os establerts en el seu<br \/>lloc web i declara que en cap cas procedir\u00e0 a examinar o exercitar cap tipus de control sobre el<br \/>contingut d&amp;#39;altres llocs de la xarxa. Aix\u00ed mateix, tampoc garantir\u00e0 la disponibilitat t\u00e8cnica, exactitud,<br \/>veracitat, validesa o legalitat de llocs aliens a la seva propietat als quals es pugui accedir per mitj\u00e0<br \/>dels enlla\u00e7os.<\/p><p>\u00a0<\/p><p>El CLUB ESPORTIU DE TRAIL &#8211; RUNNING TRAIL BARCELONA SANT JUST declara haver adoptat<br \/>totes les mesures necess\u00e0ries per evitar qualssevol que fossin els danys als usuaris del seu lloc web,<br \/>que poguessin derivar-se de la navegaci\u00f3 pel seu lloc web. En conseq\u00fc\u00e8ncia, el CLUB ESPORTIU<br \/>DE TRAIL &#8211; RUNNING TRAIL BARCELONA SANT JUST no es fa responsable, en cap cas, dels<br \/>eventuals danys que per la navegaci\u00f3 per Internet pogu\u00e9s sofrir l&amp;#39;usuari.<\/p><p>\u00a0<\/p><p>MODIFICACIONS<br \/>El CLUB ESPORTIU DE TRAIL &#8211; RUNNING TRAIL BARCELONA SANT JUST es reserva el dret a<br \/>realitzar les modificacions que consideri oportunes, sense av\u00eds previ, en el contingut del seu lloc web.<br \/>Tant referent als continguts del lloc web, com en les condicions d&amp;#39;\u00fas d\u2019aquest, o en les condicions<br \/>generals de contractaci\u00f3. Aquestes modificacions podran realitzar-se a trav\u00e9s del seu lloc web per<br \/>qualsevol forma admissible en dret i seran d&amp;#39;obligat compliment durant el temps en qu\u00e8 es trobin<br \/>publicades al web i fins que no siguin modificades v\u00e0lidament per altres de posteriors.<\/p><p>\u00a0<\/p><p>SERVEIS DE CONTRACTACI\u00d3 PER INTERNET<br \/>Certs continguts de la website del CLUB ESPORTIU DE TRAIL &#8211; RUNNING TRAIL BARCELONA<br \/>SANT JUST contenen la possibilitat de contractaci\u00f3 per Internet. L&amp;#39;\u00fas dels mateixos requerir\u00e0 la<br \/>lectura i acceptaci\u00f3 obligat\u00f2ria de les condicions generals de contractaci\u00f3 establertes a aquest efecte<br \/>pel CLUB ESPORTIU DE TRAIL &#8211; RUNNING TRAIL BARCELONA SANT JUST.<br \/>PROPIETAT INTEL\u00b7LECTUAL I INDUSTRIAL<br \/>El CLUB ESPORTIU DE TRAIL &#8211; RUNNING TRAIL BARCELONA SANT JUST per si mateix o com a<br \/>cessionari, \u00e9s titular de tots els drets de propietat intel\u00b7lectual i industrial de la seva p\u00e0gina web, aix\u00ed<br \/>com dels elements continguts en la mateixa (a t\u00edtol enunciatiu, imatges, so, \u00e0udio, v\u00eddeo, programari o<br \/>textos; marques o logotips, combinacions de colors, estructura i disseny, selecci\u00f3 de materials usats,<br \/>programes d&amp;#39;ordinador necessaris per al seu funcionament, acc\u00e9s i \u00fas, etc.), titularitat del CLUB<br \/>ESPORTIU DE TRAIL &#8211; RUNNING TRAIL BARCELONA SANT JUST. Seran, per tant, obres<br \/>protegides com a propietat intel\u00b7lectual per l&amp;#39;ordenament jur\u00eddic espanyol, sent-los aplicables tant la<br \/>normativa espanyola i comunit\u00e0ria en aquest camp, com els tractats internacionals relatius a la<br \/>mat\u00e8ria i subscrits per Espanya.<\/p><p>Tots els drets reservats. En cap cas s&amp;#39;entendr\u00e0 que es concedeix cap llic\u00e8ncia o s&amp;#39;efectua ren\u00fancia,<br \/>transmissi\u00f3, cessi\u00f3 total o parcial dels esmentats drets. En virtut del que es disposa en els articles 8 i<br \/>32.1, par\u00e0graf segon, de la Llei de Propietat Intel\u00b7lectual, queden expressament prohibides la<br \/>reproducci\u00f3, la distribuci\u00f3 i la comunicaci\u00f3 p\u00fablica, inclosa la seva modalitat de posada a disposici\u00f3,<br \/>de la totalitat o part dels continguts d&amp;#39;aquesta p\u00e0gina web, amb finalitats comercials, en qualsevol<br \/>suport i per qualsevol mitj\u00e0 t\u00e8cnic, sense l&amp;#39;autoritzaci\u00f3 del CLUB ESPORTIU DE TRAIL &#8211; RUNNING<br \/>TRAIL BARCELONA SANT JUST.<br \/>L&#8217;usuari es compromet a respectar els drets de Propietat Intel\u00b7lectual i Industrial titularitat del CLUB<br \/>ESPORTIU DE TRAIL &#8211; RUNNING TRAIL BARCELONA SANT JUST. Podr\u00e0 visualitzar els elements<br \/>del portal i fins i tot imprimir-los, copiar-los i emmagatzemar-los en el disc dur del seu ordinador o en<br \/>qualsevol altre suport f\u00edsic sempre que sigui, \u00fanicament i exclusivament, per al seu \u00fas personal i<br \/>privat. Les al\u00b7ludides marques comercials s\u00f3n d&amp;#39;\u00fas no autoritzat, per la qual cosa no podran usar-se<br \/>per cap tercer sense el consentiment expr\u00e9s per escrit i signat pels seus propietaris. Igualment,<br \/>l&amp;#39;usuari no est\u00e0 autoritzat a utilitzar, en qualsevol altre lloc web, les marques comercials del CLUB<br \/>ESPORTIU DE TRAIL &#8211; RUNNING TRAIL BARCELONA SANT JUST com a vincles sense el seu<br \/>previ consentiment per escrit.<br \/>Encara en el cas que l&amp;#39;usuari descarregui a la nostra web qualsevol de les aplicacions disponibles per<br \/>a tal fi, aix\u00f2 no li atorgar\u00e0 cap dret sobre aquestes, at\u00e8s que el CLUB ESPORTIU DE TRAIL &#8211;<br \/>RUNNING TRAIL BARCELONA SANT JUST nom\u00e9s li autoritza el seu \u00fas i conserva tots els drets<br \/>d\u2019aquestes.<br \/>L&amp;#39;usuari haur\u00e0 d&amp;#39;abstenir-se de suprimir, alterar, eludir o manipular qualsevol dispositiu de protecci\u00f3 o<br \/>sistema de seguretat que estigu\u00e9s instal\u00b7lat a les p\u00e0gines del CLUB ESPORTIU DE TRAIL &#8211;<br \/>RUNNING TRAIL BARCELONA SANT JUST.<\/p><p>\u00a0<\/p><p>ACCIONS LEGALS, LEGISLACI\u00d3 APLICABLE I JURISDICCI\u00d3<br \/>El CLUB ESPORTIU DE TRAIL &#8211; RUNNING TRAIL BARCELONA SANT JUST es reserva, aix\u00ed<br \/>mateix, la facultat de presentar les accions civils o penals que consideri oportunes per la utilitzaci\u00f3<br \/>indeguda del seu lloc web i continguts, o per l&amp;#39;incompliment de les presents condicions.<br \/>La relaci\u00f3 entre l&amp;#39;usuari i el prestador es regir\u00e0 per la normativa vigent i d&amp;#39;aplicaci\u00f3 al territori espanyol.<br \/>De sorgir qualsevol controv\u00e8rsia es sotmetr\u00e0 als Jutjats i Tribunals de la ciutat de Sant Just Desvern,<br \/>Espanya.<\/p>\t\t\t\t\t\t\t\t<\/div>\n\t\t\t\t<\/div>\n\t\t\t\t\t<\/div>\n\t\t<\/div>\n\t\t\t\t\t<\/div>\n\t\t<\/section>\n\t\t\t\t<\/div>\n\t\t","protected":false},"excerpt":{"rendered":"<p>AV\u00cdS LEGAL \u00a0 INFORMACI\u00d3 GENERALEn compliment de l&amp;#39;Article 10 de la Llei 34\/2002, d&#8217;11 de juliol, de Serveis de la Societat de laInformaci\u00f3 i de Comer\u00e7 Electr\u00f2nic (LSSI-CE), s&#8217;informa que el titular del lloc webhttps:\/\/www.trailbarcelona.com\/ \u00e9s:El CLUB ESPORTIU DE TRAIL &#8211; RUNNING TRAIL BARCELONA SANT JUST, amb NIF G56198138 idomicili social al C\/ Creu 100, [&hellip;]<\/p>\n","protected":false},"author":1,"featured_media":0,"parent":0,"menu_order":0,"comment_status":"closed","ping_status":"closed","template":"","meta":{"_acf_changed":false,"site-sidebar-layout":"default","site-content-layout":"default","ast-site-content-layout":"default","site-content-style":"default","site-sidebar-style":"default","ast-global-header-display":"","ast-banner-title-visibility":"","ast-main-header-display":"","ast-hfb-above-header-display":"","ast-hfb-below-header-display":"","ast-hfb-mobile-header-display":"","site-post-title":"disabled","ast-breadcrumbs-content":"","ast-featured-img":"","footer-sml-layout":"","ast-disable-related-posts":"","theme-transparent-header-meta":"default","adv-header-id-meta":"","stick-header-meta":"","header-above-stick-meta":"","header-main-stick-meta":"","header-below-stick-meta":"","astra-migrate-meta-layouts":"set","ast-page-background-enabled":"default","ast-page-background-meta":{"desktop":{"background-color":"","background-image":"","background-repeat":"repeat","background-position":"center center","background-size":"auto","background-attachment":"scroll","background-type":"","background-media":"","overlay-type":"","overlay-color":"","overlay-opacity":"","overlay-gradient":""},"tablet":{"background-color":"","background-image":"","background-repeat":"repeat","background-position":"center center","background-size":"auto","background-attachment":"scroll","background-type":"","background-media":"","overlay-type":"","overlay-color":"","overlay-opacity":"","overlay-gradient":""},"mobile":{"background-color":"","background-image":"","background-repeat":"repeat","background-position":"center center","background-size":"auto","background-attachment":"scroll","background-type":"","background-media":"","overlay-type":"","overlay-color":"","overlay-opacity":"","overlay-gradient":""}},"ast-content-background-meta":{"desktop":{"background-color":"var(--ast-global-color-5)","background-image":"","background-repeat":"repeat","background-position":"center center","background-size":"auto","background-attachment":"scroll","background-type":"","background-media":"","overlay-type":"","overlay-color":"","overlay-opacity":"","overlay-gradient":""},"tablet":{"background-color":"var(--ast-global-color-5)","background-image":"","background-repeat":"repeat","background-position":"center center","background-size":"auto","background-attachment":"scroll","background-type":"","background-media":"","overlay-type":"","overlay-color":"","overlay-opacity":"","overlay-gradient":""},"mobile":{"background-color":"var(--ast-global-color-5)","background-image":"","background-repeat":"repeat","background-position":"center center","background-size":"auto","background-attachment":"scroll","background-type":"","background-media":"","overlay-type":"","overlay-color":"","overlay-opacity":"","overlay-gradient":""}},"footnotes":""},"class_list":["post-6857","page","type-page","status-publish","hentry"],"acf":[],"_links":{"self":[{"href":"https:\/\/trailbarcelona.com\/ca\/wp-json\/wp\/v2\/pages\/6857","targetHints":{"allow":["GET"]}}],"collection":[{"href":"https:\/\/trailbarcelona.com\/ca\/wp-json\/wp\/v2\/pages"}],"about":[{"href":"https:\/\/trailbarcelona.com\/ca\/wp-json\/wp\/v2\/types\/page"}],"author":[{"embeddable":true,"href":"https:\/\/trailbarcelona.com\/ca\/wp-json\/wp\/v2\/users\/1"}],"replies":[{"embeddable":true,"href":"https:\/\/trailbarcelona.com\/ca\/wp-json\/wp\/v2\/comments?post=6857"}],"version-history":[{"count":10,"href":"https:\/\/trailbarcelona.com\/ca\/wp-json\/wp\/v2\/pages\/6857\/revisions"}],"predecessor-version":[{"id":6868,"href":"https:\/\/trailbarcelona.com\/ca\/wp-json\/wp\/v2\/pages\/6857\/revisions\/6868"}],"wp:attachment":[{"href":"https:\/\/trailbarcelona.com\/ca\/wp-json\/wp\/v2\/media?parent=6857"}],"curies":[{"name":"wp","href":"https:\/\/api.w.org\/{rel}","templated":true}]}}