{"id":6636,"date":"2023-11-23T09:03:39","date_gmt":"2023-11-23T08:03:39","guid":{"rendered":"https:\/\/trailbarcelona.com\/?page_id=6636"},"modified":"2023-11-23T10:33:27","modified_gmt":"2023-11-23T09:33:27","slug":"gimcana-cercations-marato-tv3-post","status":"publish","type":"page","link":"https:\/\/trailbarcelona.com\/ca\/gimcana-cercations-marato-tv3-post","title":{"rendered":"Gimcana Cercations Post Inscripci\u00f3"},"content":{"rendered":"\t\t<div data-elementor-type=\"wp-post\" data-elementor-id=\"6636\" class=\"elementor elementor-6636\" data-elementor-post-type=\"page\">\n\t\t\t\t\t\t<section class=\"elementor-section elementor-top-section elementor-element elementor-element-6f4868d elementor-section-boxed elementor-section-height-default elementor-section-height-default\" data-id=\"6f4868d\" data-element_type=\"section\" data-e-type=\"section\" data-settings=\"{&quot;background_background&quot;:&quot;classic&quot;}\">\n\t\t\t\t\t\t\t<div class=\"elementor-background-overlay\"><\/div>\n\t\t\t\t\t\t\t<div class=\"elementor-container elementor-column-gap-default\">\n\t\t\t\t\t<div class=\"elementor-column elementor-col-33 elementor-top-column elementor-element elementor-element-9491375\" data-id=\"9491375\" data-element_type=\"column\" data-e-type=\"column\">\n\t\t\t<div class=\"elementor-widget-wrap\">\n\t\t\t\t\t\t\t<\/div>\n\t\t<\/div>\n\t\t\t\t<div class=\"elementor-column elementor-col-33 elementor-top-column elementor-element elementor-element-7845130\" data-id=\"7845130\" data-element_type=\"column\" data-e-type=\"column\">\n\t\t\t<div class=\"elementor-widget-wrap elementor-element-populated\">\n\t\t\t\t\t\t<div class=\"elementor-element elementor-element-899310c elementor-widget__width-initial elementor-widget elementor-widget-heading\" data-id=\"899310c\" data-element_type=\"widget\" data-e-type=\"widget\" data-widget_type=\"heading.default\">\n\t\t\t\t<div class=\"elementor-widget-container\">\n\t\t\t\t\t<h1 class=\"elementor-heading-title elementor-size-default\">GIMCANA CERCATIONS<\/h1>\t\t\t\t<\/div>\n\t\t\t\t<\/div>\n\t\t\t\t\t<\/div>\n\t\t<\/div>\n\t\t\t\t<div class=\"elementor-column elementor-col-33 elementor-top-column elementor-element elementor-element-346beb8\" data-id=\"346beb8\" data-element_type=\"column\" data-e-type=\"column\">\n\t\t\t<div class=\"elementor-widget-wrap\">\n\t\t\t\t\t\t\t<\/div>\n\t\t<\/div>\n\t\t\t\t\t<\/div>\n\t\t<\/section>\n\t\t\t\t<section class=\"elementor-section elementor-top-section elementor-element elementor-element-b5cc62f elementor-section-boxed elementor-section-height-default elementor-section-height-default\" data-id=\"b5cc62f\" data-element_type=\"section\" data-e-type=\"section\">\n\t\t\t\t\t\t<div class=\"elementor-container elementor-column-gap-default\">\n\t\t\t\t\t<div class=\"elementor-column elementor-col-100 elementor-top-column elementor-element elementor-element-6c9f10a\" data-id=\"6c9f10a\" data-element_type=\"column\" data-e-type=\"column\">\n\t\t\t<div class=\"elementor-widget-wrap elementor-element-populated\">\n\t\t\t\t\t\t<div class=\"elementor-element elementor-element-ce47c3d elementor-widget elementor-widget-text-editor\" data-id=\"ce47c3d\" data-element_type=\"widget\" data-e-type=\"widget\" data-widget_type=\"text-editor.default\">\n\t\t\t\t<div class=\"elementor-widget-container\">\n\t\t\t\t\t\t\t\t\t<h3>T&#8217;has inscrit correctament a la Gimcana Cercations.<\/h3><p>Per confirmar la inscripci\u00f3 a l&#8217;activitat caldr\u00e0 fer l&#8217;ingr\u00e9s de l&#8217;import corresponent a:<\/p><ul><li>TITULAR: Club Trail Barcelona Sant Just<\/li><li>IBAN: ES49 2100 0277 6702 0066 9354<\/li><li>CONCEPTE: Cercations + Nom de la fam\u00edlia<\/li><\/ul><p>* L&#8217;aportaci\u00f3 \u00e9s de 10 \u20ac per fam\u00edlia (si porteu el vostre Ti\u00f3) i de 30 \u20ac (si voleu adquirir un de nou).<br \/><br \/>Dies abans rebreu un correu electr\u00f2nic amb les instruccions i l&#8217;horari assignat.<br \/><br \/><br \/>En cas que aporteu el vostre propi Ti\u00f3, pr\u00e8viament haureu de fer l&#8217;entrega en el lloc i horari que us indicarem.<br \/><br \/><br \/><\/p><p>Es prega puntualitat. Si finalment no podeu assistir, agrair\u00edem que ens ho f\u00e9ssiu saber, per tal que una altra fam\u00edlia pugui aprofitar la vostra pla\u00e7a.<br \/><br \/><br \/>Ens viem aviat!<\/p><div>\u00a0<\/div>\t\t\t\t\t\t\t\t<\/div>\n\t\t\t\t<\/div>\n\t\t\t\t\t<\/div>\n\t\t<\/div>\n\t\t\t\t\t<\/div>\n\t\t<\/section>\n\t\t\t\t<\/div>\n\t\t","protected":false},"excerpt":{"rendered":"<p>GIMCANA CERCATIONS T&#8217;has inscrit correctament a la Gimcana Cercations. Per confirmar la inscripci\u00f3 a l&#8217;activitat caldr\u00e0 fer l&#8217;ingr\u00e9s de l&#8217;import corresponent a: TITULAR: Club Trail Barcelona Sant Just IBAN: ES49 2100 0277 6702 0066 9354 CONCEPTE: Cercations + Nom de la fam\u00edlia * L&#8217;aportaci\u00f3 \u00e9s de 10 \u20ac per fam\u00edlia (si porteu el vostre Ti\u00f3) [&hellip;]<\/p>\n","protected":false},"author":1,"featured_media":0,"parent":0,"menu_order":0,"comment_status":"closed","ping_status":"closed","template":"","meta":{"_acf_changed":false,"site-sidebar-layout":"no-sidebar","site-content-layout":"page-builder","ast-site-content-layout":"full-width-container","site-content-style":"unboxed","site-sidebar-style":"unboxed","ast-global-header-display":"","ast-banner-title-visibility":"","ast-main-header-display":"","ast-hfb-above-header-display":"","ast-hfb-below-header-display":"","ast-hfb-mobile-header-display":"","site-post-title":"disabled","ast-breadcrumbs-content":"","ast-featured-img":"disabled","footer-sml-layout":"","ast-disable-related-posts":"","theme-transparent-header-meta":"enabled","adv-header-id-meta":"","stick-header-meta":"","header-above-stick-meta":"","header-main-stick-meta":"","header-below-stick-meta":"","astra-migrate-meta-layouts":"set","ast-page-background-enabled":"default","ast-page-background-meta":{"desktop":{"background-color":"","background-image":"","background-repeat":"repeat","background-position":"center center","background-size":"auto","background-attachment":"scroll","background-type":"","background-media":"","overlay-type":"","overlay-color":"","overlay-opacity":"","overlay-gradient":""},"tablet":{"background-color":"","background-image":"","background-repeat":"repeat","background-position":"center center","background-size":"auto","background-attachment":"scroll","background-type":"","background-media":"","overlay-type":"","overlay-color":"","overlay-opacity":"","overlay-gradient":""},"mobile":{"background-color":"","background-image":"","background-repeat":"repeat","background-position":"center center","background-size":"auto","background-attachment":"scroll","background-type":"","background-media":"","overlay-type":"","overlay-color":"","overlay-opacity":"","overlay-gradient":""}},"ast-content-background-meta":{"desktop":{"background-color":"var(--ast-global-color-5)","background-image":"","background-repeat":"repeat","background-position":"center center","background-size":"auto","background-attachment":"scroll","background-type":"","background-media":"","overlay-type":"","overlay-color":"","overlay-opacity":"","overlay-gradient":""},"tablet":{"background-color":"var(--ast-global-color-5)","background-image":"","background-repeat":"repeat","background-position":"center center","background-size":"auto","background-attachment":"scroll","background-type":"","background-media":"","overlay-type":"","overlay-color":"","overlay-opacity":"","overlay-gradient":""},"mobile":{"background-color":"var(--ast-global-color-5)","background-image":"","background-repeat":"repeat","background-position":"center center","background-size":"auto","background-attachment":"scroll","background-type":"","background-media":"","overlay-type":"","overlay-color":"","overlay-opacity":"","overlay-gradient":""}},"footnotes":""},"class_list":["post-6636","page","type-page","status-publish","hentry"],"acf":[],"_links":{"self":[{"href":"https:\/\/trailbarcelona.com\/ca\/wp-json\/wp\/v2\/pages\/6636","targetHints":{"allow":["GET"]}}],"collection":[{"href":"https:\/\/trailbarcelona.com\/ca\/wp-json\/wp\/v2\/pages"}],"about":[{"href":"https:\/\/trailbarcelona.com\/ca\/wp-json\/wp\/v2\/types\/page"}],"author":[{"embeddable":true,"href":"https:\/\/trailbarcelona.com\/ca\/wp-json\/wp\/v2\/users\/1"}],"replies":[{"embeddable":true,"href":"https:\/\/trailbarcelona.com\/ca\/wp-json\/wp\/v2\/comments?post=6636"}],"version-history":[{"count":19,"href":"https:\/\/trailbarcelona.com\/ca\/wp-json\/wp\/v2\/pages\/6636\/revisions"}],"predecessor-version":[{"id":6694,"href":"https:\/\/trailbarcelona.com\/ca\/wp-json\/wp\/v2\/pages\/6636\/revisions\/6694"}],"wp:attachment":[{"href":"https:\/\/trailbarcelona.com\/ca\/wp-json\/wp\/v2\/media?parent=6636"}],"curies":[{"name":"wp","href":"https:\/\/api.w.org\/{rel}","templated":true}]}}