{"id":3810,"date":"2022-11-29T14:52:05","date_gmt":"2022-11-29T13:52:05","guid":{"rendered":"https:\/\/trailbarcelona.com\/?page_id=3810"},"modified":"2022-12-06T16:49:38","modified_gmt":"2022-12-06T15:49:38","slug":"cercations","status":"publish","type":"page","link":"https:\/\/trailbarcelona.com\/ca\/cercations","title":{"rendered":"CercaTions"},"content":{"rendered":"\t\t<div data-elementor-type=\"wp-post\" data-elementor-id=\"3810\" class=\"elementor elementor-3810\" data-elementor-post-type=\"page\">\n\t\t\t\t\t\t<section class=\"elementor-section elementor-top-section elementor-element elementor-element-7ac9ca5 elementor-section-boxed elementor-section-height-default elementor-section-height-default\" data-id=\"7ac9ca5\" data-element_type=\"section\" data-e-type=\"section\" data-settings=\"{&quot;background_background&quot;:&quot;classic&quot;}\">\n\t\t\t\t\t\t\t<div class=\"elementor-background-overlay\"><\/div>\n\t\t\t\t\t\t\t<div class=\"elementor-container elementor-column-gap-default\">\n\t\t\t\t\t<div class=\"elementor-column elementor-col-33 elementor-top-column elementor-element elementor-element-fc40e94\" data-id=\"fc40e94\" data-element_type=\"column\" data-e-type=\"column\">\n\t\t\t<div class=\"elementor-widget-wrap\">\n\t\t\t\t\t\t\t<\/div>\n\t\t<\/div>\n\t\t\t\t<div class=\"elementor-column elementor-col-33 elementor-top-column elementor-element elementor-element-90988fe\" data-id=\"90988fe\" data-element_type=\"column\" data-e-type=\"column\">\n\t\t\t<div class=\"elementor-widget-wrap elementor-element-populated\">\n\t\t\t\t\t\t<div class=\"elementor-element elementor-element-4a1c612 elementor-widget elementor-widget-heading\" data-id=\"4a1c612\" data-element_type=\"widget\" data-e-type=\"widget\" data-widget_type=\"heading.default\">\n\t\t\t\t<div class=\"elementor-widget-container\">\n\t\t\t\t\t<h1 class=\"elementor-heading-title elementor-size-default\">CeRCATIONS<\/h1>\t\t\t\t<\/div>\n\t\t\t\t<\/div>\n\t\t\t\t\t<\/div>\n\t\t<\/div>\n\t\t\t\t<div class=\"elementor-column elementor-col-33 elementor-top-column elementor-element elementor-element-919f5c1\" data-id=\"919f5c1\" data-element_type=\"column\" data-e-type=\"column\">\n\t\t\t<div class=\"elementor-widget-wrap\">\n\t\t\t\t\t\t\t<\/div>\n\t\t<\/div>\n\t\t\t\t\t<\/div>\n\t\t<\/section>\n\t\t\t\t<section class=\"elementor-section elementor-top-section elementor-element elementor-element-ba04fc1 elementor-section-boxed elementor-section-height-default elementor-section-height-default\" data-id=\"ba04fc1\" data-element_type=\"section\" data-e-type=\"section\">\n\t\t\t\t\t\t<div class=\"elementor-container elementor-column-gap-default\">\n\t\t\t\t\t<div class=\"elementor-column elementor-col-100 elementor-top-column elementor-element elementor-element-6947a18\" data-id=\"6947a18\" data-element_type=\"column\" data-e-type=\"column\">\n\t\t\t<div class=\"elementor-widget-wrap elementor-element-populated\">\n\t\t\t\t\t\t<div class=\"elementor-element elementor-element-384a5ec elementor-widget elementor-widget-image\" data-id=\"384a5ec\" data-element_type=\"widget\" data-e-type=\"widget\" data-widget_type=\"image.default\">\n\t\t\t\t<div class=\"elementor-widget-container\">\n\t\t\t\t\t\t\t\t\t\t\t\t\t\t\t<img fetchpriority=\"high\" decoding=\"async\" width=\"1024\" height=\"243\" src=\"https:\/\/trailbarcelona.com\/wp-content\/uploads\/2022\/12\/CERCATIONS_TITOL-1024x243.png\" class=\"attachment-large size-large wp-image-3972\" alt=\"\" srcset=\"https:\/\/trailbarcelona.com\/wp-content\/uploads\/2022\/12\/CERCATIONS_TITOL-1024x243.png 1024w, https:\/\/trailbarcelona.com\/wp-content\/uploads\/2022\/12\/CERCATIONS_TITOL-300x71.png 300w, https:\/\/trailbarcelona.com\/wp-content\/uploads\/2022\/12\/CERCATIONS_TITOL-768x182.png 768w, https:\/\/trailbarcelona.com\/wp-content\/uploads\/2022\/12\/CERCATIONS_TITOL-1536x364.png 1536w, https:\/\/trailbarcelona.com\/wp-content\/uploads\/2022\/12\/CERCATIONS_TITOL.png 1984w\" sizes=\"(max-width: 1024px) 100vw, 1024px\" \/>\t\t\t\t\t\t\t\t\t\t\t\t\t\t\t<\/div>\n\t\t\t\t<\/div>\n\t\t\t\t<div class=\"elementor-element elementor-element-17f53eb elementor-widget elementor-widget-text-editor\" data-id=\"17f53eb\" data-element_type=\"widget\" data-e-type=\"widget\" data-widget_type=\"text-editor.default\">\n\t\t\t\t<div class=\"elementor-widget-container\">\n\t\t\t\t\t\t\t\t\t<h3 style=\"text-align: center;\">\u00a0ELS BOSCOS DE COLLSEROLA ESTAN PLENS DE TIONS DE NADAL!<\/h3><p>Aqu\u00ed teniu el mapa per poder trobar els tions. La ubicaci\u00f3 no \u00e9s exacta, sin\u00f3 aproximada i no es troben amagats a simple vista.\u00a0 Busqueu sota les pedres, entremig de les fulles, penjats als arbres&#8230; Poden estar a qualsevol lloc.<\/p><p>Cada Ti\u00f3 t\u00e9 un nom i un missatge molt especial.<\/p><p>Us el podreu endur a casa per cuidar-lo i alimentar-lo, perqu\u00e8 pugui cagar molts regals la Nit de Nadal.<\/p><p>Si alg\u00fa no el necessita o no el far\u00e0 servir, preguem que es deixi al mateix lloc per tal que en pugui fer \u00fas una altra persona.<\/p><p>Caldr\u00e0 escanejar el codi QR que porta adjunt per <a href=\"#REGISTRAR\">registrar que s&#8217;ha trobat<\/a>.<\/p><p>No oblideu enviar-nos fotos a info@trailbarcelona o etiquetar-nos a l&#8217;Instagram <a href=\"https:\/\/www.instagram.com\/trail_barcelona\/\">@trail_barcelona<\/a>, ens far\u00e0 molta il\u00b7lusi\u00f3 veure que l&#8217;heu trobat i est\u00e0 en bones mans!<\/p><p>Tots i cadascun dels Tions estan fets de manera artesanal per nosaltres, amb troncs trobats als boscos de Collserola i pintats a m\u00e0.<\/p><p>El nostre objectiu \u00e9s donar a con\u00e8ixer el patrimoni natural que tenim a prop, mitjan\u00e7ant una activitat l\u00fadica i esportiva que es pot realitzar amb amics o fam\u00edlia. <\/p><p>\u00a0<\/p><p>\u00a0<\/p><h4><span style=\"text-decoration: underline;\">IMPORTANT:<\/span> SI NO EN FAR\u00c0S \u00daS, T&#8217;AGRAIR\u00cdEM QUE DEIXESSIS EL TI\u00d3 AL MATEIX LLOC ON L&#8217;HAS TROBAT. SEGUR QUE VINDR\u00c0 ALGUN INFANT QUE LI FAR\u00c0 MOLTA IL\u00b7LUSI\u00d3 TROBAR-LO I PODER ENDUR-SE&#8217;L A CASA. TANMATEIX POTS FER-TE UNA FOTO I ENVIAR-NOS-LA. MOLTES GR\u00c0CIES!<\/h4><p>\u00a0<\/p><h3>\u00a0<\/h3><h4>\u00a0\u00a0\u00a0\u00a0\u00a0\u00a0\u00a0\u00a0\u00a0\u00a0\u00a0\u00a0\u00a0\u00a0\u00a0\u00a0\u00a0\u00a0\u00a0\u00a0\u00a0\u00a0\u00a0\u00a0\u00a0\u00a0\u00a0\u00a0\u00a0\u00a0\u00a0\u00a0\u00a0\u00a0\u00a0\u00a0\u00a0\u00a0\u00a0\u00a0\u00a0\u00a0\u00a0\u00a0\u00a0\u00a0\u00a0\u00a0\u00a0\u00a0\u00a0\u00a0\u00a0\u00a0\u00a0\u00a0\u00a0\u00a0\u00a0\u00a0 \u00a0 \u00a0 \u00a0\u00a0 <img decoding=\"async\" class=\"alignnone wp-image-3858\" src=\"https:\/\/trailbarcelona.com\/wp-content\/uploads\/2022\/12\/cara-tio-contorneado2-227x300.png\" alt=\"\" width=\"26\" height=\"34\" srcset=\"https:\/\/trailbarcelona.com\/wp-content\/uploads\/2022\/12\/cara-tio-contorneado2-227x300.png 227w, https:\/\/trailbarcelona.com\/wp-content\/uploads\/2022\/12\/cara-tio-contorneado2.png 348w\" sizes=\"(max-width: 26px) 100vw, 26px\" \/> Disponible \u00a0\u00a0 \u00a0\u00a0\u00a0 <img decoding=\"async\" class=\"alignnone wp-image-3860\" src=\"https:\/\/trailbarcelona.com\/wp-content\/uploads\/2022\/12\/cara_tio_contorneado2_blanco_negro-227x300.png\" alt=\"\" width=\"27\" height=\"36\" srcset=\"https:\/\/trailbarcelona.com\/wp-content\/uploads\/2022\/12\/cara_tio_contorneado2_blanco_negro-227x300.png 227w, https:\/\/trailbarcelona.com\/wp-content\/uploads\/2022\/12\/cara_tio_contorneado2_blanco_negro.png 348w\" sizes=\"(max-width: 27px) 100vw, 27px\" \/> No disponible<\/h4>\t\t\t\t\t\t\t\t<\/div>\n\t\t\t\t<\/div>\n\t\t\t\t\t<\/div>\n\t\t<\/div>\n\t\t\t\t\t<\/div>\n\t\t<\/section>\n\t\t\t\t<section class=\"elementor-section elementor-top-section elementor-element elementor-element-bfd2bb1 elementor-section-boxed elementor-section-height-default elementor-section-height-default\" data-id=\"bfd2bb1\" data-element_type=\"section\" data-e-type=\"section\">\n\t\t\t\t\t\t<div class=\"elementor-container elementor-column-gap-default\">\n\t\t\t\t\t<div class=\"elementor-column elementor-col-100 elementor-top-column elementor-element elementor-element-d093335\" data-id=\"d093335\" data-element_type=\"column\" data-e-type=\"column\">\n\t\t\t<div class=\"elementor-widget-wrap elementor-element-populated\">\n\t\t\t\t\t\t<div class=\"elementor-element elementor-element-a835605 elementor-widget elementor-widget-html\" data-id=\"a835605\" data-element_type=\"widget\" data-e-type=\"widget\" data-widget_type=\"html.default\">\n\t\t\t\t<div class=\"elementor-widget-container\">\n\t\t\t\t\t<iframe src=\"https:\/\/www.google.com\/maps\/d\/u\/0\/embed?mid=1TNgUgJp6kKSxbCyNYfjyipwXr-LIH1M&ehbc=2E312F\" width=\"640\" height=\"480\"><\/iframe>\t\t\t\t<\/div>\n\t\t\t\t<\/div>\n\t\t\t\t<div class=\"elementor-element elementor-element-d7f6587 elementor-widget-divider--view-line elementor-widget elementor-widget-divider\" data-id=\"d7f6587\" data-element_type=\"widget\" data-e-type=\"widget\" data-widget_type=\"divider.default\">\n\t\t\t\t<div class=\"elementor-widget-container\">\n\t\t\t\t\t\t\t<div class=\"elementor-divider\">\n\t\t\t<span class=\"elementor-divider-separator\">\n\t\t\t\t\t\t<\/span>\n\t\t<\/div>\n\t\t\t\t\t\t<\/div>\n\t\t\t\t<\/div>\n\t\t\t\t<div class=\"elementor-element elementor-element-6029aa8 elementor-widget elementor-widget-menu-anchor\" data-id=\"6029aa8\" data-element_type=\"widget\" data-e-type=\"widget\" data-widget_type=\"menu-anchor.default\">\n\t\t\t\t<div class=\"elementor-widget-container\">\n\t\t\t\t\t\t\t<div class=\"elementor-menu-anchor\" id=\"REGISTRAR\"><\/div>\n\t\t\t\t\t\t<\/div>\n\t\t\t\t<\/div>\n\t\t\t\t<div class=\"elementor-element elementor-element-e759a86 elementor-widget elementor-widget-text-editor\" data-id=\"e759a86\" data-element_type=\"widget\" data-e-type=\"widget\" data-widget_type=\"text-editor.default\">\n\t\t\t\t<div class=\"elementor-widget-container\">\n\t\t\t\t\t\t\t\t\t<h2 style=\"text-align: center;\">Registre Ti\u00f3 trobat<\/h2>\t\t\t\t\t\t\t\t<\/div>\n\t\t\t\t<\/div>\n\t\t\t\t\t<\/div>\n\t\t<\/div>\n\t\t\t\t\t<\/div>\n\t\t<\/section>\n\t\t\t\t<section class=\"elementor-section elementor-top-section elementor-element elementor-element-babd972 elementor-section-boxed elementor-section-height-default elementor-section-height-default\" data-id=\"babd972\" data-element_type=\"section\" data-e-type=\"section\">\n\t\t\t\t\t\t<div class=\"elementor-container elementor-column-gap-default\">\n\t\t\t\t\t<div class=\"elementor-column elementor-col-100 elementor-top-column elementor-element elementor-element-e2617b6\" data-id=\"e2617b6\" data-element_type=\"column\" data-e-type=\"column\">\n\t\t\t<div class=\"elementor-widget-wrap elementor-element-populated\">\n\t\t\t\t\t\t<div class=\"elementor-element elementor-element-63a006f elementor-button-align-center elementor-widget elementor-widget-form\" data-id=\"63a006f\" data-element_type=\"widget\" data-e-type=\"widget\" data-settings=\"{&quot;button_width&quot;:&quot;20&quot;,&quot;step_next_label&quot;:&quot;Next&quot;,&quot;step_previous_label&quot;:&quot;Previous&quot;,&quot;step_type&quot;:&quot;number_text&quot;,&quot;step_icon_shape&quot;:&quot;circle&quot;}\" data-widget_type=\"form.default\">\n\t\t\t\t<div class=\"elementor-widget-container\">\n\t\t\t\t\t\t\t<form class=\"elementor-form\" method=\"post\" name=\"Nou formulari\" aria-label=\"Nou formulari\">\n\t\t\t<input type=\"hidden\" name=\"post_id\" value=\"3810\"\/>\n\t\t\t<input type=\"hidden\" name=\"form_id\" value=\"63a006f\"\/>\n\t\t\t<input type=\"hidden\" name=\"referer_title\" value=\"CercaTions\" \/>\n\n\t\t\t\t\t\t\t<input type=\"hidden\" name=\"queried_id\" value=\"3810\"\/>\n\t\t\t\n\t\t\t<div class=\"elementor-form-fields-wrapper elementor-labels-above\">\n\t\t\t\t\t\t\t\t<div class=\"elementor-field-type-text elementor-field-group elementor-column elementor-field-group-field_0ddce83 elementor-col-100 elementor-field-required\">\n\t\t\t\t\t\t\t\t\t\t\t\t<label for=\"form-field-field_0ddce83\" class=\"elementor-field-label\">\n\t\t\t\t\t\t\t\tNom del Ti\u00f3\t\t\t\t\t\t\t<\/label>\n\t\t\t\t\t\t\t\t\t\t\t\t\t\t<input size=\"1\" type=\"text\" name=\"form_fields[field_0ddce83]\" id=\"form-field-field_0ddce83\" class=\"elementor-field elementor-size-xs  elementor-field-textual\" required=\"required\">\n\t\t\t\t\t\t\t\t\t\t\t<\/div>\n\t\t\t\t\t\t\t\t<div class=\"elementor-field-type-text elementor-field-group elementor-column elementor-field-group-name elementor-col-100\">\n\t\t\t\t\t\t\t\t\t\t\t\t<label for=\"form-field-name\" class=\"elementor-field-label\">\n\t\t\t\t\t\t\t\tNom i Cognoms\t\t\t\t\t\t\t<\/label>\n\t\t\t\t\t\t\t\t\t\t\t\t\t\t<input size=\"1\" type=\"text\" name=\"form_fields[name]\" id=\"form-field-name\" class=\"elementor-field elementor-size-xs  elementor-field-textual\" placeholder=\"Nom i Cognoms\">\n\t\t\t\t\t\t\t\t\t\t\t<\/div>\n\t\t\t\t\t\t\t\t<div class=\"elementor-field-type-text elementor-field-group elementor-column elementor-field-group-field_81e931f elementor-col-50\">\n\t\t\t\t\t\t\t\t\t\t\t\t<label for=\"form-field-field_81e931f\" class=\"elementor-field-label\">\n\t\t\t\t\t\t\t\tTel\u00e8fon:\t\t\t\t\t\t\t<\/label>\n\t\t\t\t\t\t\t\t\t\t\t\t\t\t<input size=\"1\" type=\"text\" name=\"form_fields[field_81e931f]\" id=\"form-field-field_81e931f\" class=\"elementor-field elementor-size-xs  elementor-field-textual\" placeholder=\"Tel\u00e8fon\">\n\t\t\t\t\t\t\t\t\t\t\t<\/div>\n\t\t\t\t\t\t\t\t<div class=\"elementor-field-type-email elementor-field-group elementor-column elementor-field-group-email elementor-col-50 elementor-field-required\">\n\t\t\t\t\t\t\t\t\t\t\t\t<label for=\"form-field-email\" class=\"elementor-field-label\">\n\t\t\t\t\t\t\t\tEmail\t\t\t\t\t\t\t<\/label>\n\t\t\t\t\t\t\t\t\t\t\t\t\t\t<input size=\"1\" type=\"email\" name=\"form_fields[email]\" id=\"form-field-email\" class=\"elementor-field elementor-size-xs  elementor-field-textual\" placeholder=\"Email\" required=\"required\">\n\t\t\t\t\t\t\t\t\t\t\t<\/div>\n\t\t\t\t\t\t\t\t<div class=\"elementor-field-type-checkbox elementor-field-group elementor-column elementor-field-group-field_0f42431 elementor-col-100\">\n\t\t\t\t\t\t\t\t\t\t\t\t<label for=\"form-field-field_0f42431\" class=\"elementor-field-label\">\n\t\t\t\t\t\t\t\tT'has endut el ti\u00f3?\t\t\t\t\t\t\t<\/label>\n\t\t\t\t\t\t<div class=\"elementor-field-subgroup  \"><span class=\"elementor-field-option\"><input type=\"checkbox\" value=\"S\u00ed, me l&#039;he endut\" id=\"form-field-field_0f42431-0\" name=\"form_fields[field_0f42431][]\"> <label for=\"form-field-field_0f42431-0\">S\u00ed, me l'he endut<\/label><\/span><span class=\"elementor-field-option\"><input type=\"checkbox\" value=\"No, l&#039;he tornat a deixar al mateix lloc\" id=\"form-field-field_0f42431-1\" name=\"form_fields[field_0f42431][]\"> <label for=\"form-field-field_0f42431-1\">No, l'he tornat a deixar al mateix lloc<\/label><\/span><\/div>\t\t\t\t<\/div>\n\t\t\t\t\t\t\t\t<div class=\"elementor-field-type-checkbox elementor-field-group elementor-column elementor-field-group-field_1120074 elementor-col-100\">\n\t\t\t\t\t\t\t\t\t\t\t\t<label for=\"form-field-field_1120074\" class=\"elementor-field-label\">\n\t\t\t\t\t\t\t\tCom t'has assabentat de l'activitat CercatTions?\t\t\t\t\t\t\t<\/label>\n\t\t\t\t\t\t<div class=\"elementor-field-subgroup  \"><span class=\"elementor-field-option\"><input type=\"checkbox\" value=\"R\u00e0dio\" id=\"form-field-field_1120074-0\" name=\"form_fields[field_1120074][]\"> <label for=\"form-field-field_1120074-0\">R\u00e0dio<\/label><\/span><span class=\"elementor-field-option\"><input type=\"checkbox\" value=\"Instagram\" id=\"form-field-field_1120074-1\" name=\"form_fields[field_1120074][]\"> <label for=\"form-field-field_1120074-1\">Instagram<\/label><\/span><span class=\"elementor-field-option\"><input type=\"checkbox\" value=\"Web\" id=\"form-field-field_1120074-2\" name=\"form_fields[field_1120074][]\"> <label for=\"form-field-field_1120074-2\">Web<\/label><\/span><span class=\"elementor-field-option\"><input type=\"checkbox\" value=\"WhatsApp\" id=\"form-field-field_1120074-3\" name=\"form_fields[field_1120074][]\"> <label for=\"form-field-field_1120074-3\">WhatsApp<\/label><\/span><span class=\"elementor-field-option\"><input type=\"checkbox\" value=\"Caminant per la zona\" id=\"form-field-field_1120074-4\" name=\"form_fields[field_1120074][]\"> <label for=\"form-field-field_1120074-4\">Caminant per la zona<\/label><\/span><span class=\"elementor-field-option\"><input type=\"checkbox\" value=\"Altres\" id=\"form-field-field_1120074-5\" name=\"form_fields[field_1120074][]\"> <label for=\"form-field-field_1120074-5\">Altres<\/label><\/span><\/div>\t\t\t\t<\/div>\n\t\t\t\t\t\t\t\t<div class=\"elementor-field-type-textarea elementor-field-group elementor-column elementor-field-group-message elementor-col-100\">\n\t\t\t\t\t\t\t\t\t\t\t\t<label for=\"form-field-message\" class=\"elementor-field-label\">\n\t\t\t\t\t\t\t\tObservacions\t\t\t\t\t\t\t<\/label>\n\t\t\t\t\t\t<textarea class=\"elementor-field-textual elementor-field  elementor-size-xs\" name=\"form_fields[message]\" id=\"form-field-message\" rows=\"4\" placeholder=\"Observacions\"><\/textarea>\t\t\t\t<\/div>\n\t\t\t\t\t\t\t\t<div class=\"elementor-field-type-upload elementor-field-group elementor-column elementor-field-group-field_3324a0f elementor-col-100\">\n\t\t\t\t\t\t\t\t\t\t\t\t<label for=\"form-field-field_3324a0f\" class=\"elementor-field-label\">\n\t\t\t\t\t\t\t\tAdjuntar fotos\t\t\t\t\t\t\t<\/label>\n\t\t\t\t\t\t\t\t<input type=\"file\" name=\"form_fields[field_3324a0f]\" id=\"form-field-field_3324a0f\" class=\"elementor-field elementor-size-xs  elementor-upload-field\">\n\n\t\t\t\t\t\t<\/div>\n\t\t\t\t\t\t\t\t<div class=\"elementor-field-type-checkbox elementor-field-group elementor-column elementor-field-group-field_e09a52a elementor-col-100\">\n\t\t\t\t\t\t\t\t\t\t\t\t<label for=\"form-field-field_e09a52a\" class=\"elementor-field-label\">\n\t\t\t\t\t\t\t\tPodem publicar les teves fotos?\t\t\t\t\t\t\t<\/label>\n\t\t\t\t\t\t<div class=\"elementor-field-subgroup  \"><span class=\"elementor-field-option\"><input type=\"checkbox\" value=\"S\u00ed\" id=\"form-field-field_e09a52a-0\" name=\"form_fields[field_e09a52a][]\"> <label for=\"form-field-field_e09a52a-0\">S\u00ed<\/label><\/span><span class=\"elementor-field-option\"><input type=\"checkbox\" value=\"No\" id=\"form-field-field_e09a52a-1\" name=\"form_fields[field_e09a52a][]\"> <label for=\"form-field-field_e09a52a-1\">No<\/label><\/span><\/div>\t\t\t\t<\/div>\n\t\t\t\t\t\t\t\t<div class=\"elementor-field-group elementor-column elementor-field-type-submit elementor-col-20 e-form__buttons\">\n\t\t\t\t\t<button class=\"elementor-button elementor-size-xs\" type=\"submit\">\n\t\t\t\t\t\t<span class=\"elementor-button-content-wrapper\">\n\t\t\t\t\t\t\t\t\t\t\t\t\t\t\t\t\t\t\t\t\t\t<span class=\"elementor-button-text\">Registrar<\/span>\n\t\t\t\t\t\t\t\t\t\t\t\t\t<\/span>\n\t\t\t\t\t<\/button>\n\t\t\t\t<\/div>\n\t\t\t<\/div>\n\t\t<\/form>\n\t\t\t\t\t\t<\/div>\n\t\t\t\t<\/div>\n\t\t\t\t\t<\/div>\n\t\t<\/div>\n\t\t\t\t\t<\/div>\n\t\t<\/section>\n\t\t\t\t<\/div>\n\t\t","protected":false},"excerpt":{"rendered":"<p>CeRCATIONS \u00a0ELS BOSCOS DE COLLSEROLA ESTAN PLENS DE TIONS DE NADAL! Aqu\u00ed teniu el mapa per poder trobar els tions. La ubicaci\u00f3 no \u00e9s exacta, sin\u00f3 aproximada i no es troben amagats a simple vista.\u00a0 Busqueu sota les pedres, entremig de les fulles, penjats als arbres&#8230; Poden estar a qualsevol lloc. Cada Ti\u00f3 t\u00e9 un [&hellip;]<\/p>\n","protected":false},"author":1,"featured_media":0,"parent":0,"menu_order":0,"comment_status":"closed","ping_status":"closed","template":"","meta":{"_acf_changed":false,"site-sidebar-layout":"no-sidebar","site-content-layout":"page-builder","ast-site-content-layout":"default","site-content-style":"default","site-sidebar-style":"default","ast-global-header-display":"","ast-banner-title-visibility":"","ast-main-header-display":"","ast-hfb-above-header-display":"","ast-hfb-below-header-display":"","ast-hfb-mobile-header-display":"","site-post-title":"disabled","ast-breadcrumbs-content":"","ast-featured-img":"disabled","footer-sml-layout":"","ast-disable-related-posts":"","theme-transparent-header-meta":"enabled","adv-header-id-meta":"","stick-header-meta":"","header-above-stick-meta":"","header-main-stick-meta":"","header-below-stick-meta":"","astra-migrate-meta-layouts":"default","ast-page-background-enabled":"default","ast-page-background-meta":{"desktop":{"background-color":"","background-image":"","background-repeat":"repeat","background-position":"center center","background-size":"auto","background-attachment":"scroll","background-type":"","background-media":"","overlay-type":"","overlay-color":"","overlay-opacity":"","overlay-gradient":""},"tablet":{"background-color":"","background-image":"","background-repeat":"repeat","background-position":"center center","background-size":"auto","background-attachment":"scroll","background-type":"","background-media":"","overlay-type":"","overlay-color":"","overlay-opacity":"","overlay-gradient":""},"mobile":{"background-color":"","background-image":"","background-repeat":"repeat","background-position":"center center","background-size":"auto","background-attachment":"scroll","background-type":"","background-media":"","overlay-type":"","overlay-color":"","overlay-opacity":"","overlay-gradient":""}},"ast-content-background-meta":{"desktop":{"background-color":"var(--ast-global-color-5)","background-image":"","background-repeat":"repeat","background-position":"center center","background-size":"auto","background-attachment":"scroll","background-type":"","background-media":"","overlay-type":"","overlay-color":"","overlay-opacity":"","overlay-gradient":""},"tablet":{"background-color":"var(--ast-global-color-5)","background-image":"","background-repeat":"repeat","background-position":"center center","background-size":"auto","background-attachment":"scroll","background-type":"","background-media":"","overlay-type":"","overlay-color":"","overlay-opacity":"","overlay-gradient":""},"mobile":{"background-color":"var(--ast-global-color-5)","background-image":"","background-repeat":"repeat","background-position":"center center","background-size":"auto","background-attachment":"scroll","background-type":"","background-media":"","overlay-type":"","overlay-color":"","overlay-opacity":"","overlay-gradient":""}},"footnotes":""},"class_list":["post-3810","page","type-page","status-publish","hentry"],"acf":[],"_links":{"self":[{"href":"https:\/\/trailbarcelona.com\/ca\/wp-json\/wp\/v2\/pages\/3810","targetHints":{"allow":["GET"]}}],"collection":[{"href":"https:\/\/trailbarcelona.com\/ca\/wp-json\/wp\/v2\/pages"}],"about":[{"href":"https:\/\/trailbarcelona.com\/ca\/wp-json\/wp\/v2\/types\/page"}],"author":[{"embeddable":true,"href":"https:\/\/trailbarcelona.com\/ca\/wp-json\/wp\/v2\/users\/1"}],"replies":[{"embeddable":true,"href":"https:\/\/trailbarcelona.com\/ca\/wp-json\/wp\/v2\/comments?post=3810"}],"version-history":[{"count":169,"href":"https:\/\/trailbarcelona.com\/ca\/wp-json\/wp\/v2\/pages\/3810\/revisions"}],"predecessor-version":[{"id":4043,"href":"https:\/\/trailbarcelona.com\/ca\/wp-json\/wp\/v2\/pages\/3810\/revisions\/4043"}],"wp:attachment":[{"href":"https:\/\/trailbarcelona.com\/ca\/wp-json\/wp\/v2\/media?parent=3810"}],"curies":[{"name":"wp","href":"https:\/\/api.w.org\/{rel}","templated":true}]}}