{"id":3255,"date":"2022-07-27T18:25:49","date_gmt":"2022-07-27T16:25:49","guid":{"rendered":"https:\/\/trailbarcelona.com\/?page_id=3255"},"modified":"2022-07-27T18:27:02","modified_gmt":"2022-07-27T16:27:02","slug":"equipacio","status":"publish","type":"page","link":"https:\/\/trailbarcelona.com\/ca\/equipacio","title":{"rendered":"Equipacio"},"content":{"rendered":"\t\t<div data-elementor-type=\"wp-post\" data-elementor-id=\"3255\" class=\"elementor elementor-3255\" data-elementor-post-type=\"page\">\n\t\t\t\t\t\t<section class=\"elementor-section elementor-top-section elementor-element elementor-element-7ac9ca5 elementor-section-boxed elementor-section-height-default elementor-section-height-default\" data-id=\"7ac9ca5\" data-element_type=\"section\" data-e-type=\"section\" data-settings=\"{&quot;background_background&quot;:&quot;classic&quot;}\">\n\t\t\t\t\t\t\t<div class=\"elementor-background-overlay\"><\/div>\n\t\t\t\t\t\t\t<div class=\"elementor-container elementor-column-gap-default\">\n\t\t\t\t\t<div class=\"elementor-column elementor-col-33 elementor-top-column elementor-element elementor-element-fc40e94\" data-id=\"fc40e94\" data-element_type=\"column\" data-e-type=\"column\">\n\t\t\t<div class=\"elementor-widget-wrap\">\n\t\t\t\t\t\t\t<\/div>\n\t\t<\/div>\n\t\t\t\t<div class=\"elementor-column elementor-col-33 elementor-top-column elementor-element elementor-element-90988fe\" data-id=\"90988fe\" data-element_type=\"column\" data-e-type=\"column\">\n\t\t\t<div class=\"elementor-widget-wrap elementor-element-populated\">\n\t\t\t\t\t\t<div class=\"elementor-element elementor-element-4a1c612 elementor-widget elementor-widget-heading\" data-id=\"4a1c612\" data-element_type=\"widget\" data-e-type=\"widget\" data-widget_type=\"heading.default\">\n\t\t\t\t<div class=\"elementor-widget-container\">\n\t\t\t\t\t<h1 class=\"elementor-heading-title elementor-size-default\">EQUIPACI\u00d3<\/h1>\t\t\t\t<\/div>\n\t\t\t\t<\/div>\n\t\t\t\t\t<\/div>\n\t\t<\/div>\n\t\t\t\t<div class=\"elementor-column elementor-col-33 elementor-top-column elementor-element elementor-element-919f5c1\" data-id=\"919f5c1\" data-element_type=\"column\" data-e-type=\"column\">\n\t\t\t<div class=\"elementor-widget-wrap\">\n\t\t\t\t\t\t\t<\/div>\n\t\t<\/div>\n\t\t\t\t\t<\/div>\n\t\t<\/section>\n\t\t\t\t<section class=\"elementor-section elementor-top-section elementor-element elementor-element-4f2f570 elementor-section-boxed elementor-section-height-default elementor-section-height-default\" data-id=\"4f2f570\" data-element_type=\"section\" data-e-type=\"section\" data-settings=\"{&quot;background_background&quot;:&quot;classic&quot;}\">\n\t\t\t\t\t\t\t<div class=\"elementor-background-overlay\"><\/div>\n\t\t\t\t\t\t\t<div class=\"elementor-container elementor-column-gap-default\">\n\t\t\t\t\t<div class=\"elementor-column elementor-col-50 elementor-top-column elementor-element elementor-element-6451ae9\" data-id=\"6451ae9\" data-element_type=\"column\" data-e-type=\"column\">\n\t\t\t<div class=\"elementor-widget-wrap\">\n\t\t\t\t\t\t\t<\/div>\n\t\t<\/div>\n\t\t\t\t<div class=\"elementor-column elementor-col-50 elementor-top-column elementor-element elementor-element-9492327\" data-id=\"9492327\" data-element_type=\"column\" data-e-type=\"column\">\n\t\t\t<div class=\"elementor-widget-wrap elementor-element-populated\">\n\t\t\t\t\t\t<div class=\"elementor-element elementor-element-ea46f32 elementor-widget elementor-widget-heading\" data-id=\"ea46f32\" data-element_type=\"widget\" data-e-type=\"widget\" data-settings=\"{&quot;motion_fx_motion_fx_scrolling&quot;:&quot;yes&quot;,&quot;motion_fx_devices&quot;:[&quot;desktop&quot;,&quot;tablet&quot;,&quot;mobile&quot;]}\" data-widget_type=\"heading.default\">\n\t\t\t\t<div class=\"elementor-widget-container\">\n\t\t\t\t\t<h2 class=\"elementor-heading-title elementor-size-default\">EQUIPACI\u00d3<\/h2>\t\t\t\t<\/div>\n\t\t\t\t<\/div>\n\t\t\t\t<div class=\"elementor-element elementor-element-12f6e62 elementor-widget-divider--view-line elementor-widget elementor-widget-divider\" data-id=\"12f6e62\" data-element_type=\"widget\" data-e-type=\"widget\" data-widget_type=\"divider.default\">\n\t\t\t\t<div class=\"elementor-widget-container\">\n\t\t\t\t\t\t\t<div class=\"elementor-divider\">\n\t\t\t<span class=\"elementor-divider-separator\">\n\t\t\t\t\t\t<\/span>\n\t\t<\/div>\n\t\t\t\t\t\t<\/div>\n\t\t\t\t<\/div>\n\t\t\t\t<div class=\"elementor-element elementor-element-b602306 elementor-invisible elementor-widget elementor-widget-text-editor\" data-id=\"b602306\" data-element_type=\"widget\" data-e-type=\"widget\" data-settings=\"{&quot;_animation&quot;:&quot;fadeInRight&quot;}\" data-widget_type=\"text-editor.default\">\n\t\t\t\t<div class=\"elementor-widget-container\">\n\t\t\t\t\t\t\t\t\t<p>Pels entrenaments cal dur:<\/p>\n<ul>\n<li>Samarreta transpirable t\u00e8cnica (de fibra sint\u00e8tica).<\/li>\n<li>Malles o pantalons per c\u00f3rrer.<\/li>\n<li>Sabatilles per c\u00f3rrer per muntanya (amb bona adher\u00e8ncia).<\/li>\n<li>Bid\u00f3 d&#8217;aigua.<\/li>\n<li>Frontal i jaqueta (a l&#8217;hivern).<\/li>\n<\/ul>\t\t\t\t\t\t\t\t<\/div>\n\t\t\t\t<\/div>\n\t\t\t\t\t<\/div>\n\t\t<\/div>\n\t\t\t\t\t<\/div>\n\t\t<\/section>\n\t\t\t\t<section class=\"elementor-section elementor-top-section elementor-element elementor-element-cdb6085 elementor-section-boxed elementor-section-height-default elementor-section-height-default\" data-id=\"cdb6085\" data-element_type=\"section\" data-e-type=\"section\">\n\t\t\t\t\t\t<div class=\"elementor-container elementor-column-gap-default\">\n\t\t\t\t\t<div class=\"elementor-column elementor-col-100 elementor-top-column elementor-element elementor-element-a0d3276\" data-id=\"a0d3276\" data-element_type=\"column\" data-e-type=\"column\">\n\t\t\t<div class=\"elementor-widget-wrap elementor-element-populated\">\n\t\t\t\t\t\t<div class=\"elementor-element elementor-element-aca4978 elementor-widget elementor-widget-text-editor\" data-id=\"aca4978\" data-element_type=\"widget\" data-e-type=\"widget\" data-widget_type=\"text-editor.default\">\n\t\t\t\t<div class=\"elementor-widget-container\">\n\t\t\t\t\t\t\t\t\t<p>A Trail Barcelona disposem d&#8217;equipaci\u00f3 oficial de l&#8217;escola, que consta de samarreta, motxilla i cintur\u00f3.<br>La marca catalana ARCh MAX ha confeccionat les peces, aprofitant models de la seva col\u00b7lecci\u00f3, amb la qualitat \u00f3ptima que li caracteritza.<br>La nostra samarreta es proporciona gratu\u00eftament amb la inscripci\u00f3.<\/p>\n<p>Aqu\u00ed podeu adquirir unitats addicionals de la samarreta altres productes a preus assequibles.<\/p>\n<p>Per fer una comanda de material esportiu caldr\u00e0:<\/p>\n<ul>\n<li style=\"list-style-type: none;\">\n<ul>\n<li>Fer la petici\u00f3 online del material desitjat.<\/li>\n<li>Realitzar ingr\u00e9s per l&#8217;import a:<\/li>\n<\/ul>\n<\/li>\n<\/ul>\n<p style=\"padding-left: 80px;\">&#8211; <span style=\"text-decoration: underline;\">Titular<\/span>:&nbsp; NIKA TRAIL, S.L<\/p>\n<p style=\"padding-left: 80px;\">&#8211; <span style=\"text-decoration: underline;\">Compte bancari<\/span>: ES61 2100 0277 6602 0057 2478<\/p>\n<p style=\"padding-left: 80px;\">&#8211; <span style=\"text-decoration: underline;\">Concepte<\/span>: Comanda t\u00e8xtil + Nom de l&#8217;alumne\/a<\/p><p style=\"padding-left: 80px;\"><br><\/p>\n<p>Quan estigui disponible la comanda es far\u00e0 arribar directament a l&#8217;alumne\/a.<\/p>\t\t\t\t\t\t\t\t<\/div>\n\t\t\t\t<\/div>\n\t\t\t\t\t<\/div>\n\t\t<\/div>\n\t\t\t\t\t<\/div>\n\t\t<\/section>\n\t\t\t\t<section class=\"elementor-section elementor-top-section elementor-element elementor-element-88928dc elementor-section-boxed elementor-section-height-default elementor-section-height-default\" data-id=\"88928dc\" data-element_type=\"section\" data-e-type=\"section\">\n\t\t\t\t\t\t<div class=\"elementor-container elementor-column-gap-default\">\n\t\t\t\t\t<div class=\"elementor-column elementor-col-33 elementor-top-column elementor-element elementor-element-cae544b\" data-id=\"cae544b\" data-element_type=\"column\" data-e-type=\"column\">\n\t\t\t<div class=\"elementor-widget-wrap elementor-element-populated\">\n\t\t\t\t\t\t<div class=\"elementor-element elementor-element-7bfdeac elementor-invisible elementor-widget elementor-widget-image\" data-id=\"7bfdeac\" data-element_type=\"widget\" data-e-type=\"widget\" data-settings=\"{&quot;_animation&quot;:&quot;fadeInLeft&quot;}\" data-widget_type=\"image.default\">\n\t\t\t\t<div class=\"elementor-widget-container\">\n\t\t\t\t\t\t\t\t\t\t\t\t\t\t\t<img fetchpriority=\"high\" decoding=\"async\" width=\"1020\" height=\"1024\" src=\"https:\/\/trailbarcelona.com\/wp-content\/uploads\/2021\/08\/camiseta_Trail_Barcelona-1-1020x1024.jpg\" class=\"attachment-large size-large wp-image-1579\" alt=\"\" srcset=\"https:\/\/trailbarcelona.com\/wp-content\/uploads\/2021\/08\/camiseta_Trail_Barcelona-1-1020x1024.jpg 1020w, https:\/\/trailbarcelona.com\/wp-content\/uploads\/2021\/08\/camiseta_Trail_Barcelona-1-300x300.jpg 300w, https:\/\/trailbarcelona.com\/wp-content\/uploads\/2021\/08\/camiseta_Trail_Barcelona-1-100x100.jpg 100w, https:\/\/trailbarcelona.com\/wp-content\/uploads\/2021\/08\/camiseta_Trail_Barcelona-1-600x602.jpg 600w, https:\/\/trailbarcelona.com\/wp-content\/uploads\/2021\/08\/camiseta_Trail_Barcelona-1-150x150.jpg 150w, https:\/\/trailbarcelona.com\/wp-content\/uploads\/2021\/08\/camiseta_Trail_Barcelona-1-768x771.jpg 768w, https:\/\/trailbarcelona.com\/wp-content\/uploads\/2021\/08\/camiseta_Trail_Barcelona-1.jpg 1076w\" sizes=\"(max-width: 1020px) 100vw, 1020px\" \/>\t\t\t\t\t\t\t\t\t\t\t\t\t\t\t<\/div>\n\t\t\t\t<\/div>\n\t\t\t\t\t<\/div>\n\t\t<\/div>\n\t\t\t\t<div class=\"elementor-column elementor-col-66 elementor-top-column elementor-element elementor-element-1ca2b6b\" data-id=\"1ca2b6b\" data-element_type=\"column\" data-e-type=\"column\">\n\t\t\t<div class=\"elementor-widget-wrap elementor-element-populated\">\n\t\t\t\t\t\t<div class=\"elementor-element elementor-element-e5833ef elementor-widget elementor-widget-text-editor\" data-id=\"e5833ef\" data-element_type=\"widget\" data-e-type=\"widget\" data-widget_type=\"text-editor.default\">\n\t\t\t\t<div class=\"elementor-widget-container\">\n\t\t\t\t\t\t\t\t\t<h3>ARCh MAX Tech Dry UltraLigera<\/h3><p><span style=\"font-style: inherit; font-weight: inherit;\">Samarreta ideal per practicar trail running. \u00c9s\u00a0<\/span><span style=\"font-style: inherit; font-weight: inherit;\">ultralleugera i transpirable gr\u00e0cies al seu teixit, que porta el tractament\u00a0<\/span><span style=\"font-style: inherit; font-weight: inherit;\">Cool Comfort per un assecat ultrar\u00e0pid garantitzat.<\/span><\/p><p>Talles disponibles:\u00a0<\/p><ul><li>Infants: 4, 6, 8 , 10, 12 i 14.<\/li><li>Dona: XS, S, M i L<\/li><li>Home: S, M, L i XL<br \/><br \/><\/li><\/ul>\t\t\t\t\t\t\t\t<\/div>\n\t\t\t\t<\/div>\n\t\t\t\t<div class=\"elementor-element elementor-element-0070df0 elementor-widget elementor-widget-button\" data-id=\"0070df0\" data-element_type=\"widget\" data-e-type=\"widget\" data-widget_type=\"button.default\">\n\t\t\t\t<div class=\"elementor-widget-container\">\n\t\t\t\t\t\t\t\t\t<div class=\"elementor-button-wrapper\">\n\t\t\t\t\t<a class=\"elementor-button elementor-button-link elementor-size-sm\" href=\"https:\/\/trailbarcelona.com\/ca\/producte\/samarreta-home-trail-barcelona\">\n\t\t\t\t\t\t<span class=\"elementor-button-content-wrapper\">\n\t\t\t\t\t\t\t\t\t<span class=\"elementor-button-text\">Comprar<\/span>\n\t\t\t\t\t<\/span>\n\t\t\t\t\t<\/a>\n\t\t\t\t<\/div>\n\t\t\t\t\t\t\t\t<\/div>\n\t\t\t\t<\/div>\n\t\t\t\t\t<\/div>\n\t\t<\/div>\n\t\t\t\t\t<\/div>\n\t\t<\/section>\n\t\t\t\t<section class=\"elementor-section elementor-top-section elementor-element elementor-element-b2945db elementor-section-boxed elementor-section-height-default elementor-section-height-default\" data-id=\"b2945db\" data-element_type=\"section\" data-e-type=\"section\">\n\t\t\t\t\t\t<div class=\"elementor-container elementor-column-gap-default\">\n\t\t\t\t\t<div class=\"elementor-column elementor-col-33 elementor-top-column elementor-element elementor-element-fdbdeed\" data-id=\"fdbdeed\" data-element_type=\"column\" data-e-type=\"column\">\n\t\t\t<div class=\"elementor-widget-wrap elementor-element-populated\">\n\t\t\t\t\t\t<div class=\"elementor-element elementor-element-6d275cf elementor-invisible elementor-widget elementor-widget-image\" data-id=\"6d275cf\" data-element_type=\"widget\" data-e-type=\"widget\" data-settings=\"{&quot;_animation&quot;:&quot;fadeInLeft&quot;}\" data-widget_type=\"image.default\">\n\t\t\t\t<div class=\"elementor-widget-container\">\n\t\t\t\t\t\t\t\t\t\t\t\t\t\t\t<img decoding=\"async\" width=\"901\" height=\"1024\" src=\"https:\/\/trailbarcelona.com\/wp-content\/uploads\/2021\/08\/mochila_Trail_Barcelona-901x1024.jpg\" class=\"attachment-large size-large wp-image-1594\" alt=\"\" srcset=\"https:\/\/trailbarcelona.com\/wp-content\/uploads\/2021\/08\/mochila_Trail_Barcelona-901x1024.jpg 901w, https:\/\/trailbarcelona.com\/wp-content\/uploads\/2021\/08\/mochila_Trail_Barcelona-600x682.jpg 600w, https:\/\/trailbarcelona.com\/wp-content\/uploads\/2021\/08\/mochila_Trail_Barcelona-264x300.jpg 264w, https:\/\/trailbarcelona.com\/wp-content\/uploads\/2021\/08\/mochila_Trail_Barcelona-768x873.jpg 768w, https:\/\/trailbarcelona.com\/wp-content\/uploads\/2021\/08\/mochila_Trail_Barcelona.jpg 950w\" sizes=\"(max-width: 901px) 100vw, 901px\" \/>\t\t\t\t\t\t\t\t\t\t\t\t\t\t\t<\/div>\n\t\t\t\t<\/div>\n\t\t\t\t\t<\/div>\n\t\t<\/div>\n\t\t\t\t<div class=\"elementor-column elementor-col-66 elementor-top-column elementor-element elementor-element-e09fa6c\" data-id=\"e09fa6c\" data-element_type=\"column\" data-e-type=\"column\">\n\t\t\t<div class=\"elementor-widget-wrap elementor-element-populated\">\n\t\t\t\t\t\t<div class=\"elementor-element elementor-element-f953700 elementor-widget elementor-widget-text-editor\" data-id=\"f953700\" data-element_type=\"widget\" data-e-type=\"widget\" data-widget_type=\"text-editor.default\">\n\t\t\t\t<div class=\"elementor-widget-container\">\n\t\t\t\t\t\t\t\t\t<h3>ARCh MAX HV-6 Vest<\/h3><p>Motxilla transpirable i superlleugera amb capacitat per portar 6 litres.\u00a0 S&#8217;adapta perfectament a l&#8217;anatomia i disposa de\u00a0butxaques ergon\u00f2miques amb tiradors.<\/p><p>Est\u00e0 feta en lycra t\u00e8cnica sostenible de alt rendiment, fabricada amb poli\u00e8ster 100% reciclat.<\/p><p>Talles disponibles:<\/p><ul><li>Talla S-M<\/li><li>Talla L-XL<br \/><br \/><\/li><\/ul>\t\t\t\t\t\t\t\t<\/div>\n\t\t\t\t<\/div>\n\t\t\t\t<div class=\"elementor-element elementor-element-978089d elementor-widget elementor-widget-button\" data-id=\"978089d\" data-element_type=\"widget\" data-e-type=\"widget\" data-widget_type=\"button.default\">\n\t\t\t\t<div class=\"elementor-widget-container\">\n\t\t\t\t\t\t\t\t\t<div class=\"elementor-button-wrapper\">\n\t\t\t\t\t<a class=\"elementor-button elementor-button-link elementor-size-sm\" href=\"https:\/\/trailbarcelona.com\/ca\/producte\/motxilla-trail-barcelona\">\n\t\t\t\t\t\t<span class=\"elementor-button-content-wrapper\">\n\t\t\t\t\t\t\t\t\t<span class=\"elementor-button-text\">Comprar<\/span>\n\t\t\t\t\t<\/span>\n\t\t\t\t\t<\/a>\n\t\t\t\t<\/div>\n\t\t\t\t\t\t\t\t<\/div>\n\t\t\t\t<\/div>\n\t\t\t\t\t<\/div>\n\t\t<\/div>\n\t\t\t\t\t<\/div>\n\t\t<\/section>\n\t\t\t\t<section class=\"elementor-section elementor-top-section elementor-element elementor-element-dd88631 elementor-section-boxed elementor-section-height-default elementor-section-height-default\" data-id=\"dd88631\" data-element_type=\"section\" data-e-type=\"section\">\n\t\t\t\t\t\t<div class=\"elementor-container elementor-column-gap-default\">\n\t\t\t\t\t<div class=\"elementor-column elementor-col-33 elementor-top-column elementor-element elementor-element-2d546af\" data-id=\"2d546af\" data-element_type=\"column\" data-e-type=\"column\">\n\t\t\t<div class=\"elementor-widget-wrap elementor-element-populated\">\n\t\t\t\t\t\t<div class=\"elementor-element elementor-element-df77636 elementor-invisible elementor-widget elementor-widget-image\" data-id=\"df77636\" data-element_type=\"widget\" data-e-type=\"widget\" data-settings=\"{&quot;_animation&quot;:&quot;fadeInLeft&quot;}\" data-widget_type=\"image.default\">\n\t\t\t\t<div class=\"elementor-widget-container\">\n\t\t\t\t\t\t\t\t\t\t\t\t\t\t\t<img decoding=\"async\" width=\"1024\" height=\"970\" src=\"https:\/\/trailbarcelona.com\/wp-content\/uploads\/2021\/08\/cinturon_Trail_Barcelona-1024x970.jpg\" class=\"attachment-large size-large wp-image-1592\" alt=\"\" srcset=\"https:\/\/trailbarcelona.com\/wp-content\/uploads\/2021\/08\/cinturon_Trail_Barcelona-1024x970.jpg 1024w, https:\/\/trailbarcelona.com\/wp-content\/uploads\/2021\/08\/cinturon_Trail_Barcelona-600x568.jpg 600w, https:\/\/trailbarcelona.com\/wp-content\/uploads\/2021\/08\/cinturon_Trail_Barcelona-300x284.jpg 300w, https:\/\/trailbarcelona.com\/wp-content\/uploads\/2021\/08\/cinturon_Trail_Barcelona-768x728.jpg 768w, https:\/\/trailbarcelona.com\/wp-content\/uploads\/2021\/08\/cinturon_Trail_Barcelona.jpg 1140w\" sizes=\"(max-width: 1024px) 100vw, 1024px\" \/>\t\t\t\t\t\t\t\t\t\t\t\t\t\t\t<\/div>\n\t\t\t\t<\/div>\n\t\t\t\t\t<\/div>\n\t\t<\/div>\n\t\t\t\t<div class=\"elementor-column elementor-col-66 elementor-top-column elementor-element elementor-element-320212f\" data-id=\"320212f\" data-element_type=\"column\" data-e-type=\"column\">\n\t\t\t<div class=\"elementor-widget-wrap elementor-element-populated\">\n\t\t\t\t\t\t<div class=\"elementor-element elementor-element-33b60c5 elementor-widget elementor-widget-text-editor\" data-id=\"33b60c5\" data-element_type=\"widget\" data-e-type=\"widget\" data-widget_type=\"text-editor.default\">\n\t\t\t\t<div class=\"elementor-widget-container\">\n\t\t\t\t\t\t\t\t\t<h3>ARCh MAX Belt Pro Trail<\/h3><p>Fabricat amb lycra ultralleugera, disposa d&#8217;una butxaca frontal amb cremallera per carregar dispositius m\u00f2bils.<\/p><p>Compta amb 5 butxaques per guardar coses a l&#8217;hora de c\u00f3rrer. T\u00e9 dues gomes degudament pensades amb una silicona al mig perqu\u00e8 els pals no es moguin horitzontalment, ni rebotin.<\/p><p>Talles disponibles:<\/p><ul><li>Talla S (adequat per talla S-M)<\/li><li>Talla L (adequat per talla L-XL)<br \/><br \/><br \/><\/li><\/ul>\t\t\t\t\t\t\t\t<\/div>\n\t\t\t\t<\/div>\n\t\t\t\t<div class=\"elementor-element elementor-element-6912552 elementor-widget elementor-widget-button\" data-id=\"6912552\" data-element_type=\"widget\" data-e-type=\"widget\" data-widget_type=\"button.default\">\n\t\t\t\t<div class=\"elementor-widget-container\">\n\t\t\t\t\t\t\t\t\t<div class=\"elementor-button-wrapper\">\n\t\t\t\t\t<a class=\"elementor-button elementor-button-link elementor-size-sm\" href=\"https:\/\/trailbarcelona.com\/ca\/producte\/cinturo-trail-barcelona-adults\">\n\t\t\t\t\t\t<span class=\"elementor-button-content-wrapper\">\n\t\t\t\t\t\t\t\t\t<span class=\"elementor-button-text\">Comprar<\/span>\n\t\t\t\t\t<\/span>\n\t\t\t\t\t<\/a>\n\t\t\t\t<\/div>\n\t\t\t\t\t\t\t\t<\/div>\n\t\t\t\t<\/div>\n\t\t\t\t\t<\/div>\n\t\t<\/div>\n\t\t\t\t\t<\/div>\n\t\t<\/section>\n\t\t\t\t<\/div>\n\t\t","protected":false},"excerpt":{"rendered":"<p>EQUIPACI\u00d3 EQUIPACI\u00d3 Pels entrenaments cal dur: Samarreta transpirable t\u00e8cnica (de fibra sint\u00e8tica). Malles o pantalons per c\u00f3rrer. Sabatilles per c\u00f3rrer per muntanya (amb bona adher\u00e8ncia). Bid\u00f3 d&#8217;aigua. Frontal i jaqueta (a l&#8217;hivern). A Trail Barcelona disposem d&#8217;equipaci\u00f3 oficial de l&#8217;escola, que consta de samarreta, motxilla i cintur\u00f3.La marca catalana ARCh MAX ha confeccionat les peces, [&hellip;]<\/p>\n","protected":false},"author":1,"featured_media":0,"parent":0,"menu_order":0,"comment_status":"closed","ping_status":"closed","template":"","meta":{"_acf_changed":false,"site-sidebar-layout":"no-sidebar","site-content-layout":"page-builder","ast-site-content-layout":"default","site-content-style":"default","site-sidebar-style":"default","ast-global-header-display":"","ast-banner-title-visibility":"","ast-main-header-display":"","ast-hfb-above-header-display":"","ast-hfb-below-header-display":"","ast-hfb-mobile-header-display":"","site-post-title":"disabled","ast-breadcrumbs-content":"","ast-featured-img":"disabled","footer-sml-layout":"","ast-disable-related-posts":"","theme-transparent-header-meta":"enabled","adv-header-id-meta":"","stick-header-meta":"","header-above-stick-meta":"","header-main-stick-meta":"","header-below-stick-meta":"","astra-migrate-meta-layouts":"default","ast-page-background-enabled":"default","ast-page-background-meta":{"desktop":{"background-color":"","background-image":"","background-repeat":"repeat","background-position":"center center","background-size":"auto","background-attachment":"scroll","background-type":"","background-media":"","overlay-type":"","overlay-color":"","overlay-opacity":"","overlay-gradient":""},"tablet":{"background-color":"","background-image":"","background-repeat":"repeat","background-position":"center center","background-size":"auto","background-attachment":"scroll","background-type":"","background-media":"","overlay-type":"","overlay-color":"","overlay-opacity":"","overlay-gradient":""},"mobile":{"background-color":"","background-image":"","background-repeat":"repeat","background-position":"center center","background-size":"auto","background-attachment":"scroll","background-type":"","background-media":"","overlay-type":"","overlay-color":"","overlay-opacity":"","overlay-gradient":""}},"ast-content-background-meta":{"desktop":{"background-color":"var(--ast-global-color-5)","background-image":"","background-repeat":"repeat","background-position":"center center","background-size":"auto","background-attachment":"scroll","background-type":"","background-media":"","overlay-type":"","overlay-color":"","overlay-opacity":"","overlay-gradient":""},"tablet":{"background-color":"var(--ast-global-color-5)","background-image":"","background-repeat":"repeat","background-position":"center center","background-size":"auto","background-attachment":"scroll","background-type":"","background-media":"","overlay-type":"","overlay-color":"","overlay-opacity":"","overlay-gradient":""},"mobile":{"background-color":"var(--ast-global-color-5)","background-image":"","background-repeat":"repeat","background-position":"center center","background-size":"auto","background-attachment":"scroll","background-type":"","background-media":"","overlay-type":"","overlay-color":"","overlay-opacity":"","overlay-gradient":""}},"footnotes":""},"class_list":["post-3255","page","type-page","status-publish","hentry"],"acf":[],"_links":{"self":[{"href":"https:\/\/trailbarcelona.com\/ca\/wp-json\/wp\/v2\/pages\/3255","targetHints":{"allow":["GET"]}}],"collection":[{"href":"https:\/\/trailbarcelona.com\/ca\/wp-json\/wp\/v2\/pages"}],"about":[{"href":"https:\/\/trailbarcelona.com\/ca\/wp-json\/wp\/v2\/types\/page"}],"author":[{"embeddable":true,"href":"https:\/\/trailbarcelona.com\/ca\/wp-json\/wp\/v2\/users\/1"}],"replies":[{"embeddable":true,"href":"https:\/\/trailbarcelona.com\/ca\/wp-json\/wp\/v2\/comments?post=3255"}],"version-history":[{"count":5,"href":"https:\/\/trailbarcelona.com\/ca\/wp-json\/wp\/v2\/pages\/3255\/revisions"}],"predecessor-version":[{"id":3727,"href":"https:\/\/trailbarcelona.com\/ca\/wp-json\/wp\/v2\/pages\/3255\/revisions\/3727"}],"wp:attachment":[{"href":"https:\/\/trailbarcelona.com\/ca\/wp-json\/wp\/v2\/media?parent=3255"}],"curies":[{"name":"wp","href":"https:\/\/api.w.org\/{rel}","templated":true}]}}