{"id":239,"date":"2021-06-15T23:59:00","date_gmt":"2021-06-15T21:59:00","guid":{"rendered":"https:\/\/trailbarcelona.com\/?page_id=239"},"modified":"2023-12-13T13:08:22","modified_gmt":"2023-12-13T12:08:22","slug":"politica-de-privadesa","status":"publish","type":"page","link":"https:\/\/trailbarcelona.com\/ca\/politica-de-privadesa","title":{"rendered":"Pol\u00edtica de privacitat"},"content":{"rendered":"\t\t<div data-elementor-type=\"wp-page\" data-elementor-id=\"239\" class=\"elementor elementor-239\" data-elementor-post-type=\"page\">\n\t\t\t\t\t\t<section class=\"elementor-section elementor-top-section elementor-element elementor-element-be34559 elementor-section-boxed elementor-section-height-default elementor-section-height-default\" data-id=\"be34559\" data-element_type=\"section\" data-e-type=\"section\">\n\t\t\t\t\t\t<div class=\"elementor-container elementor-column-gap-default\">\n\t\t\t\t\t<div class=\"elementor-column elementor-col-100 elementor-top-column elementor-element elementor-element-7a48fb28\" data-id=\"7a48fb28\" data-element_type=\"column\" data-e-type=\"column\">\n\t\t\t<div class=\"elementor-widget-wrap elementor-element-populated\">\n\t\t\t\t\t\t<div class=\"elementor-element elementor-element-3af7574 elementor-widget elementor-widget-text-editor\" data-id=\"3af7574\" data-element_type=\"widget\" data-e-type=\"widget\" data-widget_type=\"text-editor.default\">\n\t\t\t\t<div class=\"elementor-widget-container\">\n\t\t\t\t\t\t\t\t\t<h2>POL\u00cdTICA DE PRIVACITAT<\/h2>\n<p>DADES DEL RESPONSABLE DEL TRACTAMENT DE LES SEVES DADES<br>Identitat: CLUB ESPORTIU DE TRAIL &#8211; RUNNING TRAIL BARCELONA SANT JUST<br>NIF: G56198138<br>Adre\u00e7a postal: C\/ Creu 100, 2-2 (08960) Sant Just Desvern<br>Correu electr\u00f2nic: info@trailbarcelona.com<\/p><p><br><\/p>\n<p>FINALITAT AMB LA QUAL ES TRACTEN LES SEVES DADES<br>Tractem les seves dades de car\u00e0cter personal per les seg\u00fcents finalitats:<br>&#8211; Tramitaci\u00f3 de les llic\u00e8ncies federatives<br>&#8211; Organitzaci\u00f3 i informaci\u00f3 d\u2019activitats esportives i de lleure<br>&#8211; Organitzaci\u00f3 de competicions esportives<br>&#8211; Gesti\u00f3 de la informaci\u00f3 i continguts de la nostra p\u00e0gina web https:\/\/www.trailbarcelona.com\/ i de<br>les nostres xarxes socials.<br>&#8211; Gesti\u00f3 de RRHH dels nostres treballadors i candidats.<br>&#8211; Gesti\u00f3 i comunicaci\u00f3 de les consultes a la web.<\/p><p><br><\/p>\n<p>LEGITIMACI\u00d3 DEL TRACTAMENT<br>&#8211; El tractament es realitza d\u2019acord amb una relaci\u00f3 contractual.<br>&#8211; El tractament es realitza d\u2019acord amb el consentiment de l\u2019interessat.<br>&#8211; En el cas de dades dels candidats, el fonament per a tractar les seves dades ser\u00e0 el consentiment<br>informat.<\/p><p><br><\/p>\n<p>PER\u00cdODE DE CONSERVACI\u00d3 DE LES SEVES DADES<\/p>\n<p>Les seves dades es conservaran:<br>&#8211; Mentre es mantingui la relaci\u00f3 comercial.<br>&#8211; Es podran conservar les seves dades una vegada finalitzada tota relaci\u00f3 contractual amb els<br>intervinents durant un termini de cinc (5) anys a complir obligacions legals, sense perjudici<br>d\u2019aquelles dades que hagin de conservar-se durant m\u00e9s temps per imposici\u00f3 legal i prescripci\u00f3 de<br>les responsabilitats.<br>&#8211; En el cas dels C.V. es conservaran durant un per\u00edode m\u00e0xim d\u2019un any des de la recepci\u00f3 d\u2019aquest.<br>En el cas que el candidat passi a formar part del personal de l\u2019entitat, el C.V. s\u2019incorporar\u00e0 al seu<br>expedient laboral.<br>&#8211; Les dades personals proporcionades es conservaran fins que se sol\u00b7liciti la supressi\u00f3 per<br>l\u2019interessat, sempre que procedeixi l\u2019esmentada supressi\u00f3.<br>&#8211; Durant el per\u00edode de conservaci\u00f3 per obligaci\u00f3 legal i prescripci\u00f3 de responsabilitats, les dades es<br>conservaran bloquejades.<\/p>\n<p>&#8211; En el moment que expirin els terminis de conservaci\u00f3, les dades seran destru\u00efdes.<\/p><p><br><\/p><p>DESTINATARIS DE CESSIONS O TRANSFER\u00c8NCIES<\/p>\n<p>Les dades se cediran, en cas de ser necessari a: bancs i caixes, administracions p\u00fabliques, als<br>encarregats del tractament que donen diferent suport al CLUB ESPORTIU DE TRAIL &#8211; RUNNING<br>TRAIL BARCELONA SANT JUST, aix\u00ed com als tercers necessaris amb qui sigui necess\u00e0ria i obligada<br>per llei la comunicaci\u00f3, amb la finalitat de complir amb la prestaci\u00f3 del servei anteriorment esmentat<\/p><p><br><\/p>\n<p>DRETS DELS INTERESSATS<\/p>\n<p>Quins s\u00f3n els seus drets?<br>&#8211; Qualsevol persona t\u00e9 dret a obtenir confirmaci\u00f3 sobre si el CLUB ESPORTIU DE TRAIL &#8211;<br>RUNNING TRAIL BARCELONA SANT JUST l\u2019est\u00e0 tractant dades personals que l\u2019interessin, o no.<br>&#8211; Les persones interessades tenen dret a accedir a les seves dades personals, aix\u00ed com a sol\u00b7licitar<br>la rectificaci\u00f3 de les seves dades inexactes o, si escau, sol\u00b7licitar la seva supressi\u00f3 quan, entre<br>altres motius, les dades ja no siguin necess\u00e0ries per a les finalitats per a les quals van ser<br>recavades.<br>&#8211; Els interessats tenen dret a oposar-se al tractament de les seves dades personals.<br>&#8211; En determinades circumst\u00e0ncies previstes en l&#8217;article 18 del RGPD, els interessats podran<br>sol\u00b7licitar la limitaci\u00f3 del tractament de les seves dades, en aquest cas \u00fanicament les conservaran<br>per a l&#8217;exercici o la defensa de reclamacions.<br>&#8211; En virtut del dret a la portabilitat, els interessats tenen dret a obtenir les dades personals, que li<br>incumbeixin, en un format estructurat d&#8217;\u00fas com\u00fa i lectura mec\u00e0nica i a transmetre-les a un altre<br>responsable.<\/p><p><br><\/p><p>Com pot exercir els drets?<br>L\u2019exercici dels drets els podr\u00e0 realitzar de forma gratu\u00efta.<br>&#8211; Mitjan\u00e7ant un escrit dirigit al CLUB ESPORTIU DE TRAIL &#8211; RUNNING TRAIL BARCELONA<br>SANT JUST, C\/ Creu 100, 2-2 (08960) Sant Just Desvern<br>&#8211; Mitjan\u00e7ant un escrit dirigit al CLUB ESPORTIU DE TRAIL &#8211; RUNNING TRAIL BARCELONA<br>SANT JUST a l\u2019adre\u00e7a de correu electr\u00f2nic info@trailbarcelona.com.<br>Quines vies de reclamaci\u00f3 existeixen?<br>Si considera que els seus drets no s\u2019han at\u00e8s degudament, t\u00e9 dret a presentar una reclamaci\u00f3 davant<br>l\u2019Ag\u00e8ncia Espanyola de Protecci\u00f3 de Dades (www.aepd.es).<\/p><p><br><\/p><p>VERACITAT DE LES DADES<\/p>\n<p>La informaci\u00f3 que faciliti l&amp;#39;interessat haur\u00e0 de ser vera\u00e7, en cas contrari ser\u00e0 responsable del mal que<br>pugui causar a l\u2019entitat o a tercers per no facilitar dades aut\u00e8ntiques.<\/p><p><br><\/p>\n<p>INFORMACI\u00d3 ADDICIONAL<\/p>\n<p>Tractarem les dades de manera l\u00edcita, lleial, transparent, adequada, pertinent, limitada, exacta i<br>actualitzada. \u00c9s per aix\u00f2 que ens comprometem a adoptar totes les mesures raonables perqu\u00e8<br>aquestes se suprimeixin o rectifiquin sense dilaci\u00f3 quan siguin inexactes.<br>Mentre els interessats no ens comuniquin el contrari, entendrem que les seves dades no han estat<br>modificades i seran responsables de notificar-nos qualsevol variaci\u00f3.<\/p><p><br><\/p><p>TRACTAMENT DE DADES DE MENORS D\u2019EDAT<\/p>\n<p>Est\u00e0 prohibit facilitar dades a trav\u00e9s d&amp;#39;aquest portal de persones menors de catorze (14) anys. Si<br>alguna persona menor d&amp;#39;aquesta edat facilita dades, seran els seus pares o tutors els \u00fanics<br>responsables d&amp;#39;aquesta situaci\u00f3.<\/p><p><br><\/p><p>VIG\u00c8NCIA I MODIFICACI\u00d3 DE LA PRESENT POL\u00cdTICA DE PROTECCI\u00d3 DE DADES<br>El titular del lloc https:\/\/www.trailbarcelona.com\/ es reserva el dret de modificar la seva pol\u00edtica de<br>privacitat en el cas que existeixi un canvi de la legislaci\u00f3 vigent, doctrina jurisprudencial o per criteris<br>propis empresarials. Si s&#8217;introdu\u00eds algun canvi en aquesta pol\u00edtica, el nou text es publicar\u00e0 en aquesta<br>mateixa adre\u00e7a.<\/p><p><br><\/p>\n<p>XARXES SOCIALS<\/p>\n<p>El CLUB ESPORTIU DE TRAIL &#8211; RUNNING TRAIL BARCELONA SANT JUST informa els usuaris,<br>que ha procedit a crear un perfil en les Xarxes Socials; Facebook, Instagram i YouTube, amb la<br>finalitat principal de publicitar els seus productes i serveis.<br>L\u2019usuari pot accedir en tot moment a les pol\u00edtiques de privacitat de la pr\u00f2pia Xarxa Social, aix\u00ed com<br>configurar el seu perfil per garantir la seva privacitat.<\/p><p><br><\/p><p>El CLUB ESPORTIU DE TRAIL &#8211; RUNNING TRAIL BARCELONA SANT JUST t\u00e9 acc\u00e9s i tracta<br>aquella informaci\u00f3 p\u00fablica de l\u2019usuari, en especial, el seu nom de contacte. Aquestes dades, nom\u00e9s<br>seran utilitzades dins de la pr\u00f2pia Xarxa Social. No s\u00f3n incorporades a cap sistema de tractament.<br>D\u2019acord amb els drets que li confereix la normativa vigent en Protecci\u00f3 de Dades de Car\u00e0cter<br>Personal podr\u00e0 exercir els drets d\u2019acc\u00e9s, rectificaci\u00f3, supressi\u00f3 i oposici\u00f3, exercitar-los davant el<br>CLUB ESPORTIU DE TRAIL &#8211; RUNNING TRAIL BARCELONA SANT JUST, dirigint la seva petici\u00f3 a<br>l\u2019adre\u00e7a postal indicada m\u00e9s amunt o b\u00e9 a trav\u00e9s de correu electr\u00f2nic info@trailbarcelona.com<br>d\u2019acord amb el RGPD, ha de tenir en compte els seg\u00fcents matisos:<br>\uf0b7 Acc\u00e9s: Vindr\u00e0 definit per la funcionalitat de la Xarxa Social i la capacitat d\u2019acc\u00e9s a la<br>informaci\u00f3 dels perfils dels usuaris.<br>\uf0b7 Rectificaci\u00f3: Nom\u00e9s podr\u00e0 satisfer-se amb relaci\u00f3 amb aquella informaci\u00f3 que es trobi sota el<br>control del CLUB ESPORTIU DE TRAIL &#8211; RUNNING TRAIL BARCELONA SANT JUST, per<br>exemple, eliminar comentaris publicats en la pr\u00f2pia p\u00e0gina.<br>Normalment, aquest dret haur\u00e0 d\u2019exercir-lo la Xarxa Social.<br>\uf0b7 Supressi\u00f3 i\/o Oposici\u00f3: Com en el cas anterior, nom\u00e9s podr\u00e0 satisfer-se en relaci\u00f3 amb<br>aquella informaci\u00f3 que es trobi sota el control del CLUB ESPORTIU DE TRAIL &#8211; RUNNING<br>TRAIL BARCELONA SANT JUST, per exemple, deixar d\u2019estar unit al perfil.<\/p><p><br><\/p><p>El CLUB ESPORTIU DE TRAIL &#8211; RUNNING TRAIL BARCELONA SANT JUST realitzar\u00e0 les seg\u00fcents<br>actuacions:<br>\uf0b7 Acc\u00e9s a la informaci\u00f3 p\u00fablica del perfil.<\/p>\n<p>\uf0b7 Publicaci\u00f3 en el perfil de l\u2019usuari de tota aquella informaci\u00f3 i continguts exclusivament<br>relacionats amb les activitats del CLUB ESPORTIU DE TRAIL &#8211; RUNNING TRAIL<br>BARCELONA SANT JUST.<br>\uf0b7 Enviar missatges personals i individuals a trav\u00e9s dels canals de la Xarxa Social.<br>\uf0b7 Actualitzacions de l\u2019estat de la p\u00e0gina que es van publicar en el perfil de l\u2019usuari.<br>L\u2019usuari sempre pot controlar les seves connexions, eliminar els continguts que deixin d\u2019interessar-li i<br>restringir amb qui comparteix les seves connexions, per aix\u00f2 haur\u00e0 d\u2019accedir a la seva configuraci\u00f3 de<br>privacitat.<\/p><p><br><\/p><p>Publicacions<br>L\u2019usuari, una vegada unit a la p\u00e0gina del CLUB ESPORTIU DE TRAIL &#8211; RUNNING TRAIL<br>BARCELONA SANT JUST, podr\u00e0 publicar en aquesta \u00faltima comentaris, enlla\u00e7os, imatges o<br>fotografies o qualsevol altre tipus de contingut multim\u00e8dia suportat per la Xarxa Social. L\u2019usuari, en<br>tots els casos, ha de ser el titular d\u2019aquests, gaudir dels drets d\u2019autor i de propietat intel\u00b7lectual o<br>comptar amb el consentiment dels tercers afectats. Es prohibeix expressament qualsevol publicaci\u00f3 a<br>la p\u00e0gina, ja siguin textos, gr\u00e0fics, fotografies, v\u00eddeos, etc. que atemptin o siguin susceptibles<br>d\u2019atemptar contra la moral, l\u2019\u00e8tica, el bon gust o el dec\u00f2rum, i\/o que infringeixin o violin els drets de<br>propietat intel\u00b7lectual o industrial, el dret a la imatge o la Llei. En aquests casos, el CLUB ESPORTIU<br>DE TRAIL &#8211; RUNNING TRAIL BARCELONA SANT JUST es reserva el dret a retirar immediatament el<br>contingut, podent sol\u00b7licitar el bloqueig permanent de l\u2019usuari.<br>El CLUB ESPORTIU DE TRAIL &#8211; RUNNING TRAIL BARCELONA SANT JUST no es far\u00e0 responsable<br>del contingut que lliurement ha publicat un usuari.<br>L\u2019usuari ha de tenir present que les seves publicacions seran conegudes pels altres usuaris, per la<br>qual cosa ell mateix \u00e9s el principal responsable de la seva privacitat.<br>Les imatges que puguin publicar-se en la p\u00e0gina no seran emmagatzemades en cap fitxer per part del<br>CLUB ESPORTIU DE TRAIL &#8211; RUNNING TRAIL BARCELONA SANT JUST, per\u00f2 s\u00ed que romandran a<br>la Xarxa Social.<\/p><p><br><\/p><p>Concursos i promocions<br>El CLUB ESPORTIU DE TRAIL &#8211; RUNNING TRAIL BARCELONA SANT JUST es reserva el dret a<br>realitzar concursos i promocions, en els quals podr\u00e0 participar l\u2019usuari unit a la seva p\u00e0gina. Les<br>bases de cadascun d\u2019ells, quan s&amp;#39;utilitzi per a aix\u00f2 la plataforma de la Xarxa Social, seran publicades<br>en aquesta. Complint sempre amb la LSSI-CE i amb qualsevol altra norma que li sigui aplicable.<br>La Xarxa Social no patrocina, avala ni administra, de cap manera, ni les nostres promocions, ni est\u00e0<br>associada a cap d\u2019elles.<\/p><p><br><\/p><p>Publicitat<br>El CLUB ESPORTIU DE TRAIL &#8211; RUNNING TRAIL BARCELONA SANT JUST utilitzar\u00e0 la Xarxa<br>Social per publicitar els seus productes i serveis, en tot cas, si decideix tractar les seves dades de<br>contacte per realitzar accions directes de prospecci\u00f3 comercial, ser\u00e0 sempre, complint amb les<br>exig\u00e8ncies legals de la normativa vigent de protecci\u00f3 de dades i de la LSSI-CE.<br>No es considerar\u00e0 publicitat el fet de recomanar a altres usuaris la p\u00e0gina del CLUB ESPORTIU DE<br>TRAIL &#8211; RUNNING TRAIL BARCELONA SANT JUST perqu\u00e8 tamb\u00e9 ells puguin gaudir de les<br>promocions o estar informats de la seva activitat.<\/p><p><br><\/p>\n<p>A continuaci\u00f3 detallem l\u2019enlla\u00e7 a la pol\u00edtica de privadesa de la\/les Xarxa\/es Social\/s:<\/p><p><br><\/p><p>Facebook: https:\/\/www.facebook.com\/help\/323540651073243\/<br>Instagram: http:\/\/instagram.com\/about\/legal\/privacy\/#<br>YouTube: https:\/\/www.youtube.com\/yt\/policyandsafety\/es\/<\/p>\t\t\t\t\t\t\t\t<\/div>\n\t\t\t\t<\/div>\n\t\t\t\t\t<\/div>\n\t\t<\/div>\n\t\t\t\t\t<\/div>\n\t\t<\/section>\n\t\t\t\t<\/div>\n\t\t","protected":false},"excerpt":{"rendered":"<p>POL\u00cdTICA DE PRIVACITAT DADES DEL RESPONSABLE DEL TRACTAMENT DE LES SEVES DADESIdentitat: CLUB ESPORTIU DE TRAIL &#8211; RUNNING TRAIL BARCELONA SANT JUSTNIF: G56198138Adre\u00e7a postal: C\/ Creu 100, 2-2 (08960) Sant Just DesvernCorreu electr\u00f2nic: info@trailbarcelona.com FINALITAT AMB LA QUAL ES TRACTEN LES SEVES DADESTractem les seves dades de car\u00e0cter personal per les seg\u00fcents finalitats:&#8211; Tramitaci\u00f3 de [&hellip;]<\/p>\n","protected":false},"author":1,"featured_media":0,"parent":0,"menu_order":0,"comment_status":"closed","ping_status":"closed","template":"","meta":{"_acf_changed":false,"site-sidebar-layout":"default","site-content-layout":"default","ast-site-content-layout":"default","site-content-style":"default","site-sidebar-style":"default","ast-global-header-display":"","ast-banner-title-visibility":"","ast-main-header-display":"","ast-hfb-above-header-display":"","ast-hfb-below-header-display":"","ast-hfb-mobile-header-display":"","site-post-title":"disabled","ast-breadcrumbs-content":"","ast-featured-img":"","footer-sml-layout":"","ast-disable-related-posts":"","theme-transparent-header-meta":"default","adv-header-id-meta":"","stick-header-meta":"","header-above-stick-meta":"","header-main-stick-meta":"","header-below-stick-meta":"","astra-migrate-meta-layouts":"set","ast-page-background-enabled":"default","ast-page-background-meta":{"desktop":{"background-color":"","background-image":"","background-repeat":"repeat","background-position":"center center","background-size":"auto","background-attachment":"scroll","background-type":"","background-media":"","overlay-type":"","overlay-color":"","overlay-opacity":"","overlay-gradient":""},"tablet":{"background-color":"","background-image":"","background-repeat":"repeat","background-position":"center center","background-size":"auto","background-attachment":"scroll","background-type":"","background-media":"","overlay-type":"","overlay-color":"","overlay-opacity":"","overlay-gradient":""},"mobile":{"background-color":"","background-image":"","background-repeat":"repeat","background-position":"center center","background-size":"auto","background-attachment":"scroll","background-type":"","background-media":"","overlay-type":"","overlay-color":"","overlay-opacity":"","overlay-gradient":""}},"ast-content-background-meta":{"desktop":{"background-color":"var(--ast-global-color-5)","background-image":"","background-repeat":"repeat","background-position":"center center","background-size":"auto","background-attachment":"scroll","background-type":"","background-media":"","overlay-type":"","overlay-color":"","overlay-opacity":"","overlay-gradient":""},"tablet":{"background-color":"var(--ast-global-color-5)","background-image":"","background-repeat":"repeat","background-position":"center center","background-size":"auto","background-attachment":"scroll","background-type":"","background-media":"","overlay-type":"","overlay-color":"","overlay-opacity":"","overlay-gradient":""},"mobile":{"background-color":"var(--ast-global-color-5)","background-image":"","background-repeat":"repeat","background-position":"center center","background-size":"auto","background-attachment":"scroll","background-type":"","background-media":"","overlay-type":"","overlay-color":"","overlay-opacity":"","overlay-gradient":""}},"footnotes":""},"class_list":["post-239","page","type-page","status-publish","hentry"],"acf":[],"_links":{"self":[{"href":"https:\/\/trailbarcelona.com\/ca\/wp-json\/wp\/v2\/pages\/239","targetHints":{"allow":["GET"]}}],"collection":[{"href":"https:\/\/trailbarcelona.com\/ca\/wp-json\/wp\/v2\/pages"}],"about":[{"href":"https:\/\/trailbarcelona.com\/ca\/wp-json\/wp\/v2\/types\/page"}],"author":[{"embeddable":true,"href":"https:\/\/trailbarcelona.com\/ca\/wp-json\/wp\/v2\/users\/1"}],"replies":[{"embeddable":true,"href":"https:\/\/trailbarcelona.com\/ca\/wp-json\/wp\/v2\/comments?post=239"}],"version-history":[{"count":22,"href":"https:\/\/trailbarcelona.com\/ca\/wp-json\/wp\/v2\/pages\/239\/revisions"}],"predecessor-version":[{"id":6852,"href":"https:\/\/trailbarcelona.com\/ca\/wp-json\/wp\/v2\/pages\/239\/revisions\/6852"}],"wp:attachment":[{"href":"https:\/\/trailbarcelona.com\/ca\/wp-json\/wp\/v2\/media?parent=239"}],"curies":[{"name":"wp","href":"https:\/\/api.w.org\/{rel}","templated":true}]}}