{"id":114,"date":"2021-06-11T18:29:14","date_gmt":"2021-06-11T16:29:14","guid":{"rendered":"https:\/\/trailbarcelona.com\/?page_id=114"},"modified":"2021-06-20T12:20:37","modified_gmt":"2021-06-20T10:20:37","slug":"patrocini-colaboracio","status":"publish","type":"page","link":"https:\/\/trailbarcelona.com\/ca\/patrocini-colaboracio","title":{"rendered":"Patrocini i col\u00b7laboraci\u00f3"},"content":{"rendered":"<h2><span style=\"color: #4654a3;\">Patrocini i col\u00b7laboraci\u00f3<\/span><\/h2>\n<p>Trail Barcelona ofereix diferents tipus de col\u00b7laboracions:<\/p>\n<ul>\n<li>Publicitat a trav\u00e9s de Xarxes Socials.<\/li>\n<li>Publicitat a trav\u00e9s de les equipacions.<\/li>\n<\/ul>\n<p>Si esteu interessats en rebre m\u00e9s informaci\u00f3 contacteu a 646 34 46 57 o <em>info@trailbarcelona.com<\/em><\/p>\n","protected":false},"excerpt":{"rendered":"<p>Patrocini i col\u00b7laboraci\u00f3 Trail Barcelona ofereix diferents tipus de col\u00b7laboracions: Publicitat a trav\u00e9s de Xarxes Socials. Publicitat a trav\u00e9s de les equipacions. Si esteu interessats en rebre m\u00e9s informaci\u00f3 contacteu a 646 34 46 57 o info@trailbarcelona.com<\/p>\n","protected":false},"author":1,"featured_media":0,"parent":0,"menu_order":0,"comment_status":"closed","ping_status":"closed","template":"","meta":{"_acf_changed":false,"site-sidebar-layout":"default","site-content-layout":"default","ast-site-content-layout":"default","site-content-style":"default","site-sidebar-style":"default","ast-global-header-display":"","ast-banner-title-visibility":"","ast-main-header-display":"","ast-hfb-above-header-display":"","ast-hfb-below-header-display":"","ast-hfb-mobile-header-display":"","site-post-title":"disabled","ast-breadcrumbs-content":"","ast-featured-img":"","footer-sml-layout":"","ast-disable-related-posts":"","theme-transparent-header-meta":"default","adv-header-id-meta":"","stick-header-meta":"","header-above-stick-meta":"","header-main-stick-meta":"","header-below-stick-meta":"","astra-migrate-meta-layouts":"default","ast-page-background-enabled":"default","ast-page-background-meta":{"desktop":{"background-color":"","background-image":"","background-repeat":"repeat","background-position":"center center","background-size":"auto","background-attachment":"scroll","background-type":"","background-media":"","overlay-type":"","overlay-color":"","overlay-opacity":"","overlay-gradient":""},"tablet":{"background-color":"","background-image":"","background-repeat":"repeat","background-position":"center center","background-size":"auto","background-attachment":"scroll","background-type":"","background-media":"","overlay-type":"","overlay-color":"","overlay-opacity":"","overlay-gradient":""},"mobile":{"background-color":"","background-image":"","background-repeat":"repeat","background-position":"center center","background-size":"auto","background-attachment":"scroll","background-type":"","background-media":"","overlay-type":"","overlay-color":"","overlay-opacity":"","overlay-gradient":""}},"ast-content-background-meta":{"desktop":{"background-color":"var(--ast-global-color-5)","background-image":"","background-repeat":"repeat","background-position":"center center","background-size":"auto","background-attachment":"scroll","background-type":"","background-media":"","overlay-type":"","overlay-color":"","overlay-opacity":"","overlay-gradient":""},"tablet":{"background-color":"var(--ast-global-color-5)","background-image":"","background-repeat":"repeat","background-position":"center center","background-size":"auto","background-attachment":"scroll","background-type":"","background-media":"","overlay-type":"","overlay-color":"","overlay-opacity":"","overlay-gradient":""},"mobile":{"background-color":"var(--ast-global-color-5)","background-image":"","background-repeat":"repeat","background-position":"center center","background-size":"auto","background-attachment":"scroll","background-type":"","background-media":"","overlay-type":"","overlay-color":"","overlay-opacity":"","overlay-gradient":""}},"footnotes":""},"class_list":["post-114","page","type-page","status-publish","hentry"],"acf":[],"_links":{"self":[{"href":"https:\/\/trailbarcelona.com\/ca\/wp-json\/wp\/v2\/pages\/114","targetHints":{"allow":["GET"]}}],"collection":[{"href":"https:\/\/trailbarcelona.com\/ca\/wp-json\/wp\/v2\/pages"}],"about":[{"href":"https:\/\/trailbarcelona.com\/ca\/wp-json\/wp\/v2\/types\/page"}],"author":[{"embeddable":true,"href":"https:\/\/trailbarcelona.com\/ca\/wp-json\/wp\/v2\/users\/1"}],"replies":[{"embeddable":true,"href":"https:\/\/trailbarcelona.com\/ca\/wp-json\/wp\/v2\/comments?post=114"}],"version-history":[{"count":5,"href":"https:\/\/trailbarcelona.com\/ca\/wp-json\/wp\/v2\/pages\/114\/revisions"}],"predecessor-version":[{"id":580,"href":"https:\/\/trailbarcelona.com\/ca\/wp-json\/wp\/v2\/pages\/114\/revisions\/580"}],"wp:attachment":[{"href":"https:\/\/trailbarcelona.com\/ca\/wp-json\/wp\/v2\/media?parent=114"}],"curies":[{"name":"wp","href":"https:\/\/api.w.org\/{rel}","templated":true}]}}