{"id":10220,"date":"2025-07-22T20:57:34","date_gmt":"2025-07-22T18:57:34","guid":{"rendered":"https:\/\/trailbarcelona.com\/?page_id=10220"},"modified":"2025-12-17T14:25:37","modified_gmt":"2025-12-17T13:25:37","slug":"prova-5-gran-joc-sant-just","status":"publish","type":"page","link":"https:\/\/trailbarcelona.com\/ca\/prova-5-gran-joc-sant-just","title":{"rendered":"Prova 5 &#8211; Gran Joc de Sant Just"},"content":{"rendered":"\t\t<div data-elementor-type=\"wp-post\" data-elementor-id=\"10220\" class=\"elementor elementor-10220\" data-elementor-post-type=\"page\">\n\t\t\t\t\t\t<section class=\"elementor-section elementor-top-section elementor-element elementor-element-6f4868d elementor-section-boxed elementor-section-height-default elementor-section-height-default\" data-id=\"6f4868d\" data-element_type=\"section\" data-e-type=\"section\" data-settings=\"{&quot;background_background&quot;:&quot;classic&quot;}\">\n\t\t\t\t\t\t\t<div class=\"elementor-background-overlay\"><\/div>\n\t\t\t\t\t\t\t<div class=\"elementor-container elementor-column-gap-default\">\n\t\t\t\t\t<div class=\"elementor-column elementor-col-33 elementor-top-column elementor-element elementor-element-9491375\" data-id=\"9491375\" data-element_type=\"column\" data-e-type=\"column\">\n\t\t\t<div class=\"elementor-widget-wrap\">\n\t\t\t\t\t\t\t<\/div>\n\t\t<\/div>\n\t\t\t\t<div class=\"elementor-column elementor-col-33 elementor-top-column elementor-element elementor-element-7845130\" data-id=\"7845130\" data-element_type=\"column\" data-e-type=\"column\">\n\t\t\t<div class=\"elementor-widget-wrap elementor-element-populated\">\n\t\t\t\t\t\t\t<\/div>\n\t\t<\/div>\n\t\t\t\t<div class=\"elementor-column elementor-col-33 elementor-top-column elementor-element elementor-element-346beb8\" data-id=\"346beb8\" data-element_type=\"column\" data-e-type=\"column\">\n\t\t\t<div class=\"elementor-widget-wrap\">\n\t\t\t\t\t\t\t<\/div>\n\t\t<\/div>\n\t\t\t\t\t<\/div>\n\t\t<\/section>\n\t\t\t\t<section class=\"elementor-section elementor-top-section elementor-element elementor-element-d0bb713 elementor-section-boxed elementor-section-height-default elementor-section-height-default\" data-id=\"d0bb713\" data-element_type=\"section\" data-e-type=\"section\">\n\t\t\t\t\t\t<div class=\"elementor-container elementor-column-gap-default\">\n\t\t\t\t\t<div class=\"elementor-column elementor-col-100 elementor-top-column elementor-element elementor-element-3bd254c\" data-id=\"3bd254c\" data-element_type=\"column\" data-e-type=\"column\">\n\t\t\t<div class=\"elementor-widget-wrap elementor-element-populated\">\n\t\t\t\t\t\t<div class=\"elementor-element elementor-element-3642f1a elementor-widget elementor-widget-text-editor\" data-id=\"3642f1a\" data-element_type=\"widget\" data-e-type=\"widget\" data-widget_type=\"text-editor.default\">\n\t\t\t\t<div class=\"elementor-widget-container\">\n\t\t\t\t\t\t\t\t\t<h1 style=\"font-weight: 400;\"><strong>5 \ud83c\udf4e<\/strong><strong> SUPERMERCAT<\/strong><\/h1><p style=\"font-weight: 400;\">El primer establiment dedicat a la venda d\u2019aliments a Sant Just Desvern va ser el Mercat Municipal, inaugurat l\u2019any 1924. Tamb\u00e9 hi havia botigues de barri familiars (carnisseries, peixateries, fleques\u2026) que eren part essencial de la vida del poble. A m\u00e9s de comprar-hi productes, s\u2019hi intercanviava informaci\u00f3 i es mantenia una relaci\u00f3 de confian\u00e7a amb els clients.<\/p><p style=\"font-weight: 400;\">Amb el creixement de la poblaci\u00f3 i els canvis en els h\u00e0bits de consum, als anys 90 van apar\u00e8ixer grans supermercats com Caprabo. Aquests oferien una gran varietat de productes en un mateix espai, preus m\u00e9s competitius i el sistema d\u2019autoservei.<br \/><br \/><\/p><h2 style=\"font-weight: 400;\">\ud83e\udde9<strong> Repte:<\/strong><\/h2><p style=\"font-weight: 400;\">Antigament, amb 0,5\u202f\u20ac es podien comprar moltes coses. Avui dia no gaire. Us proposem un repte. Amb 0,5\u20ac haureu de comprar alguna cosa dins d\u2019aquest import. No oblideu guardar el tiquet! Podeu intentar negociar el preu, buscar ofertes o fer servir la imaginaci\u00f3!<\/p>\t\t\t\t\t\t\t\t<\/div>\n\t\t\t\t<\/div>\n\t\t\t\t\t<\/div>\n\t\t<\/div>\n\t\t\t\t\t<\/div>\n\t\t<\/section>\n\t\t\t\t<\/div>\n\t\t","protected":false},"excerpt":{"rendered":"<p>5 \ud83c\udf4e SUPERMERCAT El primer establiment dedicat a la venda d\u2019aliments a Sant Just Desvern va ser el Mercat Municipal, inaugurat l\u2019any 1924. Tamb\u00e9 hi havia botigues de barri familiars (carnisseries, peixateries, fleques\u2026) que eren part essencial de la vida del poble. A m\u00e9s de comprar-hi productes, s\u2019hi intercanviava informaci\u00f3 i es mantenia una relaci\u00f3 [&hellip;]<\/p>\n","protected":false},"author":1,"featured_media":0,"parent":0,"menu_order":0,"comment_status":"closed","ping_status":"closed","template":"","meta":{"_acf_changed":false,"site-sidebar-layout":"no-sidebar","site-content-layout":"page-builder","ast-site-content-layout":"full-width-container","site-content-style":"unboxed","site-sidebar-style":"unboxed","ast-global-header-display":"","ast-banner-title-visibility":"","ast-main-header-display":"","ast-hfb-above-header-display":"","ast-hfb-below-header-display":"","ast-hfb-mobile-header-display":"","site-post-title":"disabled","ast-breadcrumbs-content":"","ast-featured-img":"disabled","footer-sml-layout":"","ast-disable-related-posts":"","theme-transparent-header-meta":"enabled","adv-header-id-meta":"","stick-header-meta":"","header-above-stick-meta":"","header-main-stick-meta":"","header-below-stick-meta":"","astra-migrate-meta-layouts":"set","ast-page-background-enabled":"default","ast-page-background-meta":{"desktop":{"background-color":"","background-image":"","background-repeat":"repeat","background-position":"center center","background-size":"auto","background-attachment":"scroll","background-type":"","background-media":"","overlay-type":"","overlay-color":"","overlay-opacity":"","overlay-gradient":""},"tablet":{"background-color":"","background-image":"","background-repeat":"repeat","background-position":"center center","background-size":"auto","background-attachment":"scroll","background-type":"","background-media":"","overlay-type":"","overlay-color":"","overlay-opacity":"","overlay-gradient":""},"mobile":{"background-color":"","background-image":"","background-repeat":"repeat","background-position":"center center","background-size":"auto","background-attachment":"scroll","background-type":"","background-media":"","overlay-type":"","overlay-color":"","overlay-opacity":"","overlay-gradient":""}},"ast-content-background-meta":{"desktop":{"background-color":"var(--ast-global-color-5)","background-image":"","background-repeat":"repeat","background-position":"center center","background-size":"auto","background-attachment":"scroll","background-type":"","background-media":"","overlay-type":"","overlay-color":"","overlay-opacity":"","overlay-gradient":""},"tablet":{"background-color":"var(--ast-global-color-5)","background-image":"","background-repeat":"repeat","background-position":"center center","background-size":"auto","background-attachment":"scroll","background-type":"","background-media":"","overlay-type":"","overlay-color":"","overlay-opacity":"","overlay-gradient":""},"mobile":{"background-color":"var(--ast-global-color-5)","background-image":"","background-repeat":"repeat","background-position":"center center","background-size":"auto","background-attachment":"scroll","background-type":"","background-media":"","overlay-type":"","overlay-color":"","overlay-opacity":"","overlay-gradient":""}},"footnotes":""},"class_list":["post-10220","page","type-page","status-publish","hentry"],"acf":[],"_links":{"self":[{"href":"https:\/\/trailbarcelona.com\/ca\/wp-json\/wp\/v2\/pages\/10220","targetHints":{"allow":["GET"]}}],"collection":[{"href":"https:\/\/trailbarcelona.com\/ca\/wp-json\/wp\/v2\/pages"}],"about":[{"href":"https:\/\/trailbarcelona.com\/ca\/wp-json\/wp\/v2\/types\/page"}],"author":[{"embeddable":true,"href":"https:\/\/trailbarcelona.com\/ca\/wp-json\/wp\/v2\/users\/1"}],"replies":[{"embeddable":true,"href":"https:\/\/trailbarcelona.com\/ca\/wp-json\/wp\/v2\/comments?post=10220"}],"version-history":[{"count":11,"href":"https:\/\/trailbarcelona.com\/ca\/wp-json\/wp\/v2\/pages\/10220\/revisions"}],"predecessor-version":[{"id":11847,"href":"https:\/\/trailbarcelona.com\/ca\/wp-json\/wp\/v2\/pages\/10220\/revisions\/11847"}],"wp:attachment":[{"href":"https:\/\/trailbarcelona.com\/ca\/wp-json\/wp\/v2\/media?parent=10220"}],"curies":[{"name":"wp","href":"https:\/\/api.w.org\/{rel}","templated":true}]}}