{"id":10216,"date":"2025-07-22T20:56:08","date_gmt":"2025-07-22T18:56:08","guid":{"rendered":"https:\/\/trailbarcelona.com\/?page_id=10216"},"modified":"2025-12-17T14:22:26","modified_gmt":"2025-12-17T13:22:26","slug":"prova-3-gran-joc-sant-just","status":"publish","type":"page","link":"https:\/\/trailbarcelona.com\/ca\/prova-3-gran-joc-sant-just","title":{"rendered":"Prova 3 &#8211; Gran Joc de Sant Just"},"content":{"rendered":"\t\t<div data-elementor-type=\"wp-post\" data-elementor-id=\"10216\" class=\"elementor elementor-10216\" data-elementor-post-type=\"page\">\n\t\t\t\t\t\t<section class=\"elementor-section elementor-top-section elementor-element elementor-element-6f4868d elementor-section-boxed elementor-section-height-default elementor-section-height-default\" data-id=\"6f4868d\" data-element_type=\"section\" data-e-type=\"section\" data-settings=\"{&quot;background_background&quot;:&quot;classic&quot;}\">\n\t\t\t\t\t\t\t<div class=\"elementor-background-overlay\"><\/div>\n\t\t\t\t\t\t\t<div class=\"elementor-container elementor-column-gap-default\">\n\t\t\t\t\t<div class=\"elementor-column elementor-col-33 elementor-top-column elementor-element elementor-element-9491375\" data-id=\"9491375\" data-element_type=\"column\" data-e-type=\"column\">\n\t\t\t<div class=\"elementor-widget-wrap\">\n\t\t\t\t\t\t\t<\/div>\n\t\t<\/div>\n\t\t\t\t<div class=\"elementor-column elementor-col-33 elementor-top-column elementor-element elementor-element-7845130\" data-id=\"7845130\" data-element_type=\"column\" data-e-type=\"column\">\n\t\t\t<div class=\"elementor-widget-wrap elementor-element-populated\">\n\t\t\t\t\t\t\t<\/div>\n\t\t<\/div>\n\t\t\t\t<div class=\"elementor-column elementor-col-33 elementor-top-column elementor-element elementor-element-346beb8\" data-id=\"346beb8\" data-element_type=\"column\" data-e-type=\"column\">\n\t\t\t<div class=\"elementor-widget-wrap\">\n\t\t\t\t\t\t\t<\/div>\n\t\t<\/div>\n\t\t\t\t\t<\/div>\n\t\t<\/section>\n\t\t\t\t<section class=\"elementor-section elementor-top-section elementor-element elementor-element-d0bb713 elementor-section-boxed elementor-section-height-default elementor-section-height-default\" data-id=\"d0bb713\" data-element_type=\"section\" data-e-type=\"section\">\n\t\t\t\t\t\t<div class=\"elementor-container elementor-column-gap-default\">\n\t\t\t\t\t<div class=\"elementor-column elementor-col-100 elementor-top-column elementor-element elementor-element-3bd254c\" data-id=\"3bd254c\" data-element_type=\"column\" data-e-type=\"column\">\n\t\t\t<div class=\"elementor-widget-wrap elementor-element-populated\">\n\t\t\t\t\t\t<div class=\"elementor-element elementor-element-3642f1a elementor-widget elementor-widget-text-editor\" data-id=\"3642f1a\" data-element_type=\"widget\" data-e-type=\"widget\" data-widget_type=\"text-editor.default\">\n\t\t\t\t<div class=\"elementor-widget-container\">\n\t\t\t\t\t\t\t\t\t<h1 style=\"font-weight: 400;\"><strong>3 &#8211; \ud83c\udfed EL POL\u00cdGON<\/strong><\/h1><div><p class=\"p1\"><span lang=\"CA\">Un pol\u00edgon industrial \u00e9s una zona on es concentren f\u00e0briques i empreses.<\/span><\/p><\/div><div><p class=\"p2\"><span lang=\"CA\">Tot i que el <\/span><span class=\"s1\"><span lang=\"CA\">pol\u00edgon industrial de Sant Just<\/span><\/span><span lang=\"CA\"> no \u00e9s dels m\u00e9s grans de la zona, <\/span><span class=\"s1\"><span lang=\"CA\">t\u00e9 una ubicaci\u00f3 privilegiada<\/span><\/span><span lang=\"CA\">: est\u00e0 molt a prop de Barcelona i compta amb bones connexions de transport.<\/span><\/p><\/div><div><p class=\"p2\"><span lang=\"CA\">En aquest espai hi trobareu tot tipus d\u2019empreses: <\/span><span class=\"s1\"><span lang=\"CA\">editorials, farmac\u00e8utiques, tecnol\u00f2giques, aliment\u00e0ries<\/span><\/span><span lang=\"CA\">, entre d\u2019altres.<\/span><\/p><\/div><div><p class=\"p1\"><span class=\"s2\"><span lang=\"CA\">Una de les m\u00e9s conegudes \u00e9s <\/span><\/span><b><span lang=\"CA\">Vent\u00f3s<\/span><\/b><span class=\"s2\"><span lang=\"CA\">, una empresa centen\u00e0ria especialitzada en la <\/span><\/span><span lang=\"CA\">distribuci\u00f3 de productes qu\u00edmics arom\u00e0tics i olis essencials<\/span><span class=\"s2\"><span lang=\"CA\"> per a la ind\u00fastria <\/span><\/span><span lang=\"CA\">aliment\u00e0ria, cosm\u00e8tica i perfumista<\/span><span class=\"s2\"><span lang=\"CA\">. Tant \u00e9s aix\u00ed, que <\/span><\/span><span lang=\"CA\">les seves olors es poden sentir sovint pels carrers de Sant Just!<\/span><\/p><p>\u00a0<\/p><\/div><div><h2 class=\"p1\"><span class=\"s2\"><span lang=\"CA\">\ud83e\udde9<\/span><\/span> <b><span lang=\"CA\">Repte:<\/span><\/b><\/h2><p class=\"p1\"><span lang=\"CA\">Haureu d\u2019esbrinar a quines olors corresponen<b> <\/b>aquests pots. Feu servir l\u2019olfacte i\u2026 molta intu\u00efci\u00f3!<b><\/b><\/span><\/p><\/div>\t\t\t\t\t\t\t\t<\/div>\n\t\t\t\t<\/div>\n\t\t\t\t\t<\/div>\n\t\t<\/div>\n\t\t\t\t\t<\/div>\n\t\t<\/section>\n\t\t\t\t<\/div>\n\t\t","protected":false},"excerpt":{"rendered":"<p>3 &#8211; \ud83c\udfed EL POL\u00cdGON Un pol\u00edgon industrial \u00e9s una zona on es concentren f\u00e0briques i empreses. Tot i que el pol\u00edgon industrial de Sant Just no \u00e9s dels m\u00e9s grans de la zona, t\u00e9 una ubicaci\u00f3 privilegiada: est\u00e0 molt a prop de Barcelona i compta amb bones connexions de transport. En aquest espai hi [&hellip;]<\/p>\n","protected":false},"author":1,"featured_media":0,"parent":0,"menu_order":0,"comment_status":"closed","ping_status":"closed","template":"","meta":{"_acf_changed":false,"site-sidebar-layout":"no-sidebar","site-content-layout":"page-builder","ast-site-content-layout":"full-width-container","site-content-style":"unboxed","site-sidebar-style":"unboxed","ast-global-header-display":"","ast-banner-title-visibility":"","ast-main-header-display":"","ast-hfb-above-header-display":"","ast-hfb-below-header-display":"","ast-hfb-mobile-header-display":"","site-post-title":"disabled","ast-breadcrumbs-content":"","ast-featured-img":"disabled","footer-sml-layout":"","ast-disable-related-posts":"","theme-transparent-header-meta":"enabled","adv-header-id-meta":"","stick-header-meta":"","header-above-stick-meta":"","header-main-stick-meta":"","header-below-stick-meta":"","astra-migrate-meta-layouts":"set","ast-page-background-enabled":"default","ast-page-background-meta":{"desktop":{"background-color":"","background-image":"","background-repeat":"repeat","background-position":"center center","background-size":"auto","background-attachment":"scroll","background-type":"","background-media":"","overlay-type":"","overlay-color":"","overlay-opacity":"","overlay-gradient":""},"tablet":{"background-color":"","background-image":"","background-repeat":"repeat","background-position":"center center","background-size":"auto","background-attachment":"scroll","background-type":"","background-media":"","overlay-type":"","overlay-color":"","overlay-opacity":"","overlay-gradient":""},"mobile":{"background-color":"","background-image":"","background-repeat":"repeat","background-position":"center center","background-size":"auto","background-attachment":"scroll","background-type":"","background-media":"","overlay-type":"","overlay-color":"","overlay-opacity":"","overlay-gradient":""}},"ast-content-background-meta":{"desktop":{"background-color":"var(--ast-global-color-5)","background-image":"","background-repeat":"repeat","background-position":"center center","background-size":"auto","background-attachment":"scroll","background-type":"","background-media":"","overlay-type":"","overlay-color":"","overlay-opacity":"","overlay-gradient":""},"tablet":{"background-color":"var(--ast-global-color-5)","background-image":"","background-repeat":"repeat","background-position":"center center","background-size":"auto","background-attachment":"scroll","background-type":"","background-media":"","overlay-type":"","overlay-color":"","overlay-opacity":"","overlay-gradient":""},"mobile":{"background-color":"var(--ast-global-color-5)","background-image":"","background-repeat":"repeat","background-position":"center center","background-size":"auto","background-attachment":"scroll","background-type":"","background-media":"","overlay-type":"","overlay-color":"","overlay-opacity":"","overlay-gradient":""}},"footnotes":""},"class_list":["post-10216","page","type-page","status-publish","hentry"],"acf":[],"_links":{"self":[{"href":"https:\/\/trailbarcelona.com\/ca\/wp-json\/wp\/v2\/pages\/10216","targetHints":{"allow":["GET"]}}],"collection":[{"href":"https:\/\/trailbarcelona.com\/ca\/wp-json\/wp\/v2\/pages"}],"about":[{"href":"https:\/\/trailbarcelona.com\/ca\/wp-json\/wp\/v2\/types\/page"}],"author":[{"embeddable":true,"href":"https:\/\/trailbarcelona.com\/ca\/wp-json\/wp\/v2\/users\/1"}],"replies":[{"embeddable":true,"href":"https:\/\/trailbarcelona.com\/ca\/wp-json\/wp\/v2\/comments?post=10216"}],"version-history":[{"count":11,"href":"https:\/\/trailbarcelona.com\/ca\/wp-json\/wp\/v2\/pages\/10216\/revisions"}],"predecessor-version":[{"id":11841,"href":"https:\/\/trailbarcelona.com\/ca\/wp-json\/wp\/v2\/pages\/10216\/revisions\/11841"}],"wp:attachment":[{"href":"https:\/\/trailbarcelona.com\/ca\/wp-json\/wp\/v2\/media?parent=10216"}],"curies":[{"name":"wp","href":"https:\/\/api.w.org\/{rel}","templated":true}]}}