{"id":10026,"date":"2025-05-24T11:01:59","date_gmt":"2025-05-24T09:01:59","guid":{"rendered":"https:\/\/trailbarcelona.com\/?page_id=10026"},"modified":"2025-06-15T23:26:39","modified_gmt":"2025-06-15T21:26:39","slug":"inscripcio-2025-post-inscripcio","status":"publish","type":"page","link":"https:\/\/trailbarcelona.com\/ca\/inscripcio-2025-post-inscripcio","title":{"rendered":"Inscripcio 2025 &#8211; Post inscripcio"},"content":{"rendered":"\t\t<div data-elementor-type=\"wp-post\" data-elementor-id=\"10026\" class=\"elementor elementor-10026\" data-elementor-post-type=\"page\">\n\t\t\t\t\t\t<section class=\"elementor-section elementor-top-section elementor-element elementor-element-6f4868d elementor-section-boxed elementor-section-height-default elementor-section-height-default\" data-id=\"6f4868d\" data-element_type=\"section\" data-e-type=\"section\" data-settings=\"{&quot;background_background&quot;:&quot;classic&quot;}\">\n\t\t\t\t\t\t\t<div class=\"elementor-background-overlay\"><\/div>\n\t\t\t\t\t\t\t<div class=\"elementor-container elementor-column-gap-default\">\n\t\t\t\t\t<div class=\"elementor-column elementor-col-33 elementor-top-column elementor-element elementor-element-9491375\" data-id=\"9491375\" data-element_type=\"column\" data-e-type=\"column\">\n\t\t\t<div class=\"elementor-widget-wrap\">\n\t\t\t\t\t\t\t<\/div>\n\t\t<\/div>\n\t\t\t\t<div class=\"elementor-column elementor-col-33 elementor-top-column elementor-element elementor-element-7845130\" data-id=\"7845130\" data-element_type=\"column\" data-e-type=\"column\">\n\t\t\t<div class=\"elementor-widget-wrap elementor-element-populated\">\n\t\t\t\t\t\t<div class=\"elementor-element elementor-element-899310c elementor-widget__width-initial elementor-widget elementor-widget-heading\" data-id=\"899310c\" data-element_type=\"widget\" data-e-type=\"widget\" data-widget_type=\"heading.default\">\n\t\t\t\t<div class=\"elementor-widget-container\">\n\t\t\t\t\t<h1 class=\"elementor-heading-title elementor-size-default\">FORMULARI D'INSCRIPCI\u00d3 REBUT<\/h1>\t\t\t\t<\/div>\n\t\t\t\t<\/div>\n\t\t\t\t\t<\/div>\n\t\t<\/div>\n\t\t\t\t<div class=\"elementor-column elementor-col-33 elementor-top-column elementor-element elementor-element-346beb8\" data-id=\"346beb8\" data-element_type=\"column\" data-e-type=\"column\">\n\t\t\t<div class=\"elementor-widget-wrap\">\n\t\t\t\t\t\t\t<\/div>\n\t\t<\/div>\n\t\t\t\t\t<\/div>\n\t\t<\/section>\n\t\t\t\t<section class=\"elementor-section elementor-top-section elementor-element elementor-element-b5cc62f elementor-section-boxed elementor-section-height-default elementor-section-height-default\" data-id=\"b5cc62f\" data-element_type=\"section\" data-e-type=\"section\">\n\t\t\t\t\t\t<div class=\"elementor-container elementor-column-gap-default\">\n\t\t\t\t\t<div class=\"elementor-column elementor-col-100 elementor-top-column elementor-element elementor-element-6c9f10a\" data-id=\"6c9f10a\" data-element_type=\"column\" data-e-type=\"column\">\n\t\t\t<div class=\"elementor-widget-wrap elementor-element-populated\">\n\t\t\t\t\t\t<div class=\"elementor-element elementor-element-ce47c3d elementor-widget elementor-widget-text-editor\" data-id=\"ce47c3d\" data-element_type=\"widget\" data-e-type=\"widget\" data-widget_type=\"text-editor.default\">\n\t\t\t\t<div class=\"elementor-widget-container\">\n\t\t\t\t\t\t\t\t\t<h3>Per acabar de formalitzar la inscripci\u00f3 cal que envieu per correu electr\u00f2nic la seg\u00fcent documentaci\u00f3:<\/h3>\n<h3>1) Documentaci\u00f3<\/h3>\nRecorda enviar\u00a0a <a href=\"mailto:info@trailbarcelona.com\">info@trailbarcelona.com<\/a> c\u00f2pia del\n\n&#8211; DNI (o llibre de familia)\n&#8211; Targeta sanit\u00e0ria\n<h3>2) Autoritzaci\u00f3<\/h3>\nRetornar-nos per email un d&#8217;aquest document omplert i signat:\n\n\n<h3><a href=\"https:\/\/trailbarcelona.com\/wp-content\/uploads\/2025\/06\/TRAIL_BARCELONA_AUTORITZACIO_ADULTS_25_26.pdf\" target=\"_blank\" rel=\"noopener\"><img decoding=\"async\" class=\"alignnone wp-image-5460 size-full\" src=\"https:\/\/trailbarcelona.com\/wp-content\/uploads\/2023\/08\/pdf.png\" alt=\"\" width=\"128\" height=\"128\" \/><\/a><a href=\"https:\/\/trailbarcelona.com\/wp-content\/uploads\/2025\/06\/TRAIL_BARCELONA_AUTORITZACIO_ADULTS_25_26.pdf\" target=\"_blank\" rel=\"noopener\"><strong>AUTORITZACI\u00d3 ADULTS<\/strong><\/a><\/h3>\n\n<h3><a href=\"https:\/\/trailbarcelona.com\/wp-content\/uploads\/2025\/06\/TRAIL_BARCELONA_AUTORITZACIO_MENORS_25_26.pdf\" target=\"_blank\" rel=\"noopener\"><img decoding=\"async\" class=\"alignnone wp-image-5460 size-full\" src=\"https:\/\/trailbarcelona.com\/wp-content\/uploads\/2023\/08\/pdf.png\" alt=\"\" width=\"128\" height=\"128\" \/><\/a><a href=\"https:\/\/trailbarcelona.com\/wp-content\/uploads\/2025\/06\/TRAIL_BARCELONA_AUTORITZACIO_MENORS_25_26.pdf\" target=\"_blank\" rel=\"noopener\"><strong>AUTORITZACI\u00d3 MENORS<\/strong><\/a><\/h3>\n\n\n<h3><\/h3>\n<h3>3) Pagament<\/h3>\n<strong>\n<\/strong>Es passar\u00e0 rebut de la matr\u00edcula + setembre per garantir la pla\u00e7a.\n\nLes quotes es cobraran mitjan\u00e7ant domiciliaci\u00f3 banc\u00e0ria trimestral (octubre-gener-abril).\nEn cas de donar-se de baixa o qualsevol modificaci\u00f3, caldr\u00e0 avisar 15 dies abans del comen\u00e7ament de cada trimestre.\nLes despeses pel retorn de rebuts aniran a c\u00e0rrec de l&#8217;alumne.\n<div><\/div>\t\t\t\t\t\t\t\t<\/div>\n\t\t\t\t<\/div>\n\t\t\t\t\t<\/div>\n\t\t<\/div>\n\t\t\t\t\t<\/div>\n\t\t<\/section>\n\t\t\t\t<\/div>\n\t\t","protected":false},"excerpt":{"rendered":"<p>FORMULARI D&#8217;INSCRIPCI\u00d3 REBUT Per acabar de formalitzar la inscripci\u00f3 cal que envieu per correu electr\u00f2nic la seg\u00fcent documentaci\u00f3: 1) Documentaci\u00f3 Recorda enviar\u00a0a info@trailbarcelona.com c\u00f2pia del &#8211; DNI (o llibre de familia) &#8211; Targeta sanit\u00e0ria 2) Autoritzaci\u00f3 Retornar-nos per email un d&#8217;aquest document omplert i signat: AUTORITZACI\u00d3 ADULTS AUTORITZACI\u00d3 MENORS 3) Pagament Es passar\u00e0 rebut de [&hellip;]<\/p>\n","protected":false},"author":1,"featured_media":0,"parent":0,"menu_order":0,"comment_status":"closed","ping_status":"closed","template":"","meta":{"_acf_changed":false,"site-sidebar-layout":"no-sidebar","site-content-layout":"page-builder","ast-site-content-layout":"default","site-content-style":"default","site-sidebar-style":"default","ast-global-header-display":"","ast-banner-title-visibility":"","ast-main-header-display":"","ast-hfb-above-header-display":"","ast-hfb-below-header-display":"","ast-hfb-mobile-header-display":"","site-post-title":"disabled","ast-breadcrumbs-content":"","ast-featured-img":"disabled","footer-sml-layout":"","ast-disable-related-posts":"","theme-transparent-header-meta":"enabled","adv-header-id-meta":"","stick-header-meta":"","header-above-stick-meta":"","header-main-stick-meta":"","header-below-stick-meta":"","astra-migrate-meta-layouts":"default","ast-page-background-enabled":"default","ast-page-background-meta":{"desktop":{"background-color":"","background-image":"","background-repeat":"repeat","background-position":"center center","background-size":"auto","background-attachment":"scroll","background-type":"","background-media":"","overlay-type":"","overlay-color":"","overlay-opacity":"","overlay-gradient":""},"tablet":{"background-color":"","background-image":"","background-repeat":"repeat","background-position":"center center","background-size":"auto","background-attachment":"scroll","background-type":"","background-media":"","overlay-type":"","overlay-color":"","overlay-opacity":"","overlay-gradient":""},"mobile":{"background-color":"","background-image":"","background-repeat":"repeat","background-position":"center center","background-size":"auto","background-attachment":"scroll","background-type":"","background-media":"","overlay-type":"","overlay-color":"","overlay-opacity":"","overlay-gradient":""}},"ast-content-background-meta":{"desktop":{"background-color":"var(--ast-global-color-5)","background-image":"","background-repeat":"repeat","background-position":"center center","background-size":"auto","background-attachment":"scroll","background-type":"","background-media":"","overlay-type":"","overlay-color":"","overlay-opacity":"","overlay-gradient":""},"tablet":{"background-color":"var(--ast-global-color-5)","background-image":"","background-repeat":"repeat","background-position":"center center","background-size":"auto","background-attachment":"scroll","background-type":"","background-media":"","overlay-type":"","overlay-color":"","overlay-opacity":"","overlay-gradient":""},"mobile":{"background-color":"var(--ast-global-color-5)","background-image":"","background-repeat":"repeat","background-position":"center center","background-size":"auto","background-attachment":"scroll","background-type":"","background-media":"","overlay-type":"","overlay-color":"","overlay-opacity":"","overlay-gradient":""}},"footnotes":""},"class_list":["post-10026","page","type-page","status-publish","hentry"],"acf":[],"_links":{"self":[{"href":"https:\/\/trailbarcelona.com\/ca\/wp-json\/wp\/v2\/pages\/10026","targetHints":{"allow":["GET"]}}],"collection":[{"href":"https:\/\/trailbarcelona.com\/ca\/wp-json\/wp\/v2\/pages"}],"about":[{"href":"https:\/\/trailbarcelona.com\/ca\/wp-json\/wp\/v2\/types\/page"}],"author":[{"embeddable":true,"href":"https:\/\/trailbarcelona.com\/ca\/wp-json\/wp\/v2\/users\/1"}],"replies":[{"embeddable":true,"href":"https:\/\/trailbarcelona.com\/ca\/wp-json\/wp\/v2\/comments?post=10026"}],"version-history":[{"count":10,"href":"https:\/\/trailbarcelona.com\/ca\/wp-json\/wp\/v2\/pages\/10026\/revisions"}],"predecessor-version":[{"id":10065,"href":"https:\/\/trailbarcelona.com\/ca\/wp-json\/wp\/v2\/pages\/10026\/revisions\/10065"}],"wp:attachment":[{"href":"https:\/\/trailbarcelona.com\/ca\/wp-json\/wp\/v2\/media?parent=10026"}],"curies":[{"name":"wp","href":"https:\/\/api.w.org\/{rel}","templated":true}]}}